{"id":2584,"date":"2025-09-22T11:15:01","date_gmt":"2025-09-22T04:15:01","guid":{"rendered":"https:\/\/sieuthivan.vn\/?post_type=product&#038;p=2584"},"modified":"2025-09-22T11:26:33","modified_gmt":"2025-09-22T04:26:33","slug":"khop-co-gian","status":"publish","type":"product","link":"https:\/\/sieuthivan.vn\/en\/product\/khop-co-gian\/","title":{"rendered":"Kh\u1edbp co gi\u00e3n"},"content":{"rendered":"<p>KH\u1edaP CO GI\u00c3N (X-PRESSED)<br \/>\nModel: DBKF (S\u1ea3n ph\u1ea9m sx theo y\u00eau c\u1ea7u kh\u00e1ch)<br \/>\nV\u1eadt li\u1ec7u bellows: AISI 321<br \/>\nV\u1eadt li\u1ec7u b\u00edch: Th\u00e9p carbon St. 37.2<br \/>\n\u00c1p su\u1ea5t: 16bar; \u0111\u1ed9 co gi\u00e3n theo y\u00eau c\u1ea7u.<br \/>\nNhi\u1ec7t \u0111\u1ed9: -10\/+300oC<br \/>\nK\u1ebft n\u1ed1i: 1 b\u00edch s\u1ed1ng + 1 b\u00edch c\u1ed1 \u0111\u1ecbnh<br \/>\nXu\u1ea5t x\u1ee9: Ayvaz\/Turkey<\/p>","protected":false},"excerpt":{"rendered":"<p>KH\u1edaP CO GI\u00c3N (X-PRESSED) Model: DBKF (S\u1ea3n ph\u1ea9m sx theo y\u00eau c\u1ea7u kh\u00e1ch) V\u1eadt li\u1ec7u bellows: AISI 321 V\u1eadt li\u1ec7u b\u00edch: Th\u00e9p carbon St. 37.2 \u00c1p su\u1ea5t: 16bar; \u0111\u1ed9 co gi\u00e3n theo y\u00eau c\u1ea7u. Nhi\u1ec7t \u0111\u1ed9: -10\/+300oC K\u1ebft n\u1ed1i: 1 b\u00edch s\u1ed1ng + 1 b\u00edch c\u1ed1 \u0111\u1ecbnh Xu\u1ea5t x\u1ee9: Ayvaz\/Turkey<\/p>","protected":false},"featured_media":2585,"comment_status":"open","ping_status":"closed","template":"","meta":{"_acf_changed":false,"inline_featured_image":false},"thuong-hieu":[81],"product_brand":[],"product_cat":[65],"product_tag":[],"class_list":{"0":"post-2584","1":"product","2":"type-product","3":"status-publish","4":"has-post-thumbnail","6":"thuong-hieu-ayvaz","7":"product_cat-khop-gian-no","9":"first","10":"instock","11":"shipping-taxable","12":"product-type-simple"},"acf":[],"_links":{"self":[{"href":"https:\/\/sieuthivan.vn\/en\/wp-json\/wp\/v2\/product\/2584","targetHints":{"allow":["GET"]}}],"collection":[{"href":"https:\/\/sieuthivan.vn\/en\/wp-json\/wp\/v2\/product"}],"about":[{"href":"https:\/\/sieuthivan.vn\/en\/wp-json\/wp\/v2\/types\/product"}],"replies":[{"embeddable":true,"href":"https:\/\/sieuthivan.vn\/en\/wp-json\/wp\/v2\/comments?post=2584"}],"wp:featuredmedia":[{"embeddable":true,"href":"https:\/\/sieuthivan.vn\/en\/wp-json\/wp\/v2\/media\/2585"}],"wp:attachment":[{"href":"https:\/\/sieuthivan.vn\/en\/wp-json\/wp\/v2\/media?parent=2584"}],"wp:term":[{"taxonomy":"thuong-hieu","embeddable":true,"href":"https:\/\/sieuthivan.vn\/en\/wp-json\/wp\/v2\/thuong-hieu?post=2584"},{"taxonomy":"product_brand","embeddable":true,"href":"https:\/\/sieuthivan.vn\/en\/wp-json\/wp\/v2\/product_brand?post=2584"},{"taxonomy":"product_cat","embeddable":true,"href":"https:\/\/sieuthivan.vn\/en\/wp-json\/wp\/v2\/product_cat?post=2584"},{"taxonomy":"product_tag","embeddable":true,"href":"https:\/\/sieuthivan.vn\/en\/wp-json\/wp\/v2\/product_tag?post=2584"}],"curies":[{"name":"wp","href":"https:\/\/api.w.org\/{rel}","templated":true}]}}