{"id":2297,"date":"2025-05-26T16:56:41","date_gmt":"2025-05-26T09:56:41","guid":{"rendered":"https:\/\/sieuthivan.vn\/?post_type=product&#038;p=2297"},"modified":"2025-05-30T16:29:00","modified_gmt":"2025-05-30T09:29:00","slug":"van-cau-ecoline-glf-800","status":"publish","type":"product","link":"https:\/\/sieuthivan.vn\/en\/product\/van-cau-ecoline-glf-800\/","title":{"rendered":"Van c\u1ea7u ECOLINE GLF 800"},"content":{"rendered":"<p>Van c\u1ea7u theo ti\u00eau chu\u1ea9n ANSI\/ASME c\u00f3 \u1ed5 c\u1eafm ren (NPT), \u0111\u1ea7u h\u00e0n \u0111\u1ed1i \u0111\u1ea7u (BW) ho\u1eb7c \u0111\u1ea7u h\u00e0n \u1ed5 c\u1eafm (SW), Trim 8 (Stellite\/th\u00e9p crom 13%), c\u00f3 n\u1eafp bu l\u00f4ng, v\u00edt v\u00e0 c\u00e0ng b\u00ean ngo\u00e0i, \u0111\u1ec7m tuy\u1ebfn than ch\u00ec, gio\u0103ng th\u00e9p kh\u00f4ng g\u1ec9\/than ch\u00ec, c\u00f3 s\u1eb5n b\u1eb1ng th\u00e9p cacbon v\u00e0 th\u00e9p h\u1ee3p kim.<\/p>\n<p data-start=\"73\" data-end=\"95\"><strong data-start=\"73\" data-end=\"93\">D\u1eef li\u1ec7u k\u1ef9 thu\u1eadt<\/strong><\/p>\n<ul data-start=\"96\" data-end=\"810\">\n<li data-start=\"96\" data-end=\"160\">\n<p data-start=\"98\" data-end=\"160\"><strong data-start=\"98\" data-end=\"124\">Ch\u1ee9c n\u0103ng c\u1ee7a b\u1ed9 ph\u1eadn:<\/strong> Ng\u1eaft\/m\u1edf ho\u1eb7c \u0111i\u1ec1u khi\u1ec3n d\u00f2ng ch\u1ea3y<\/p>\n<\/li>\n<li data-start=\"161\" data-end=\"290\">\n<p data-start=\"163\" data-end=\"190\"><strong data-start=\"163\" data-end=\"188\">Lo\u1ea1i k\u1ebft n\u1ed1i \u0111\u1ea7u v\u00e0o:<\/strong><\/p>\n<ul data-start=\"193\" data-end=\"290\">\n<li data-start=\"193\" data-end=\"214\">\n<p data-start=\"195\" data-end=\"214\">K\u1ebft n\u1ed1i ren trong<\/p>\n<\/li>\n<li data-start=\"217\" data-end=\"252\">\n<p data-start=\"219\" data-end=\"252\">\u0110\u1ea7u h\u00e0n \u0111\u1ed1i \u0111\u1ea7u (butt weld end)<\/p>\n<\/li>\n<li data-start=\"255\" data-end=\"290\">\n<p data-start=\"257\" data-end=\"290\">\u0110\u1ea7u h\u00e0n \u1ed5 c\u1eafm (socket weld end)<\/p>\n<\/li>\n<\/ul>\n<\/li>\n<li data-start=\"291\" data-end=\"402\">\n<p data-start=\"293\" data-end=\"320\"><strong data-start=\"293\" data-end=\"318\">Thi\u1ebft k\u1ebf truy\u1ec1n \u0111\u1ed9ng:<\/strong><\/p>\n<ul data-start=\"323\" data-end=\"402\">\n<li data-start=\"323\" data-end=\"350\">\n<p data-start=\"325\" data-end=\"350\">V\u1edbi b\u1ed9 truy\u1ec1n \u0111\u1ed9ng \u0111i\u1ec7n<\/p>\n<\/li>\n<li data-start=\"353\" data-end=\"369\">\n<p data-start=\"355\" data-end=\"369\">V\u1edbi tay quay<\/p>\n<\/li>\n<li data-start=\"372\" data-end=\"402\">\n<p data-start=\"374\" data-end=\"402\">V\u1edbi b\u1ed9 truy\u1ec1n \u0111\u1ed9ng kh\u00ed n\u00e9n<\/p>\n<\/li>\n<\/ul>\n<\/li>\n<li data-start=\"403\" data-end=\"524\">\n<p data-start=\"405\" data-end=\"434\"><strong data-start=\"405\" data-end=\"432\">V\u1eadt li\u1ec7u th\u00e2n th\u1ee7y l\u1ef1c:<\/strong><\/p>\n<ul data-start=\"437\" data-end=\"524\">\n<li data-start=\"437\" data-end=\"445\">\n<p data-start=\"439\" data-end=\"445\">A105<\/p>\n<\/li>\n<li data-start=\"448\" data-end=\"468\">\n<p data-start=\"450\" data-end=\"468\">A182 GR F11 CL 2<\/p>\n<\/li>\n<li data-start=\"471\" data-end=\"486\">\n<p data-start=\"473\" data-end=\"486\">A182 GR F22<\/p>\n<\/li>\n<li data-start=\"489\" data-end=\"505\">\n<p data-start=\"491\" data-end=\"505\">A182 GR F304<\/p>\n<\/li>\n<li data-start=\"508\" data-end=\"524\">\n<p data-start=\"510\" data-end=\"524\">A182 GR F316<\/p>\n<\/li>\n<\/ul>\n<\/li>\n<li data-start=\"525\" data-end=\"577\">\n<p data-start=\"527\" data-end=\"577\"><strong data-start=\"527\" data-end=\"568\">\u00c1p su\u1ea5t danh ngh\u0129a c\u1ee7a th\u00e2n th\u1ee7y l\u1ef1c:<\/strong> CL 800<\/p>\n<\/li>\n<li data-start=\"578\" data-end=\"632\">\n<p data-start=\"580\" data-end=\"632\"><strong data-start=\"580\" data-end=\"624\">K\u00edch th\u01b0\u1edbc danh ngh\u0129a l\u1edbn nh\u1ea5t theo TSG:<\/strong> NPS 2<\/p>\n<\/li>\n<li data-start=\"633\" data-end=\"689\">\n<p data-start=\"635\" data-end=\"689\"><strong data-start=\"635\" data-end=\"679\">K\u00edch th\u01b0\u1edbc danh ngh\u0129a nh\u1ecf nh\u1ea5t theo TSG:<\/strong> NPS 1\/2<\/p>\n<\/li>\n<li data-start=\"690\" data-end=\"749\">\n<p data-start=\"692\" data-end=\"749\"><strong data-start=\"692\" data-end=\"740\">Nhi\u1ec7t \u0111\u1ed9 ch\u1ea5t l\u1ecfng cho ph\u00e9p t\u1ed1i \u0111a theo TSG:<\/strong> 593 \u00b0C<\/p>\n<\/li>\n<li data-start=\"750\" data-end=\"810\">\n<p data-start=\"752\" data-end=\"810\"><strong data-start=\"752\" data-end=\"803\">Nhi\u1ec7t \u0111\u1ed9 ch\u1ea5t l\u1ecfng cho ph\u00e9p t\u1ed1i thi\u1ec3u theo TSG:<\/strong> 0 \u00b0C<\/p>\n<\/li>\n<\/ul>","protected":false},"excerpt":{"rendered":"<p data-start=\"64\" data-end=\"84\"><strong data-start=\"64\" data-end=\"82\">\u1ee8ng d\u1ee5ng ch\u00ednh<\/strong><\/p>\n<ul data-start=\"85\" data-end=\"223\">\n<li data-start=\"85\" data-end=\"117\">\n<p data-start=\"87\" data-end=\"117\">\u1ee8ng d\u1ee5ng c\u1ea5p n\u01b0\u1edbc cho l\u00f2 h\u01a1i<\/p>\n<\/li>\n<li data-start=\"118\" data-end=\"163\">\n<p data-start=\"120\" data-end=\"163\">Nh\u00e0 m\u00e1y \u0111i\u1ec7n s\u1eed d\u1ee5ng nhi\u00ean li\u1ec7u h\u00f3a th\u1ea1ch<\/p>\n<\/li>\n<li data-start=\"164\" data-end=\"193\">\n<p data-start=\"166\" data-end=\"193\">Ng\u00e0nh c\u00f4ng nghi\u1ec7p h\u00f3a d\u1ea7u<\/p>\n<\/li>\n<li data-start=\"194\" data-end=\"223\">\n<p data-start=\"196\" data-end=\"223\">\u0110\u01b0\u1eddng \u1ed1ng v\u00e0 kho b\u1ed3n ch\u1ee9a<\/p>\n<\/li>\n<\/ul>\n<p data-start=\"255\" data-end=\"277\"><strong data-start=\"255\" data-end=\"275\">D\u1eef li\u1ec7u k\u1ef9 thu\u1eadt<\/strong><\/p>\n<ul data-start=\"278\" data-end=\"433\">\n<li data-start=\"278\" data-end=\"326\">\n<p data-start=\"280\" data-end=\"326\">\u00c1p su\u1ea5t danh ngh\u0129a c\u1ee7a th\u00e2n th\u1ee7y l\u1ef1c: CL 800<\/p>\n<\/li>\n<li data-start=\"327\" data-end=\"377\">\n<p data-start=\"329\" data-end=\"377\">K\u00edch th\u01b0\u1edbc danh ngh\u0129a l\u1edbn nh\u1ea5t theo TSG: NPS 2<\/p>\n<\/li>\n<li data-start=\"378\" data-end=\"433\">\n<p data-start=\"380\" data-end=\"433\">Nhi\u1ec7t \u0111\u1ed9 ch\u1ea5t l\u1ecfng cho ph\u00e9p t\u1ed1i \u0111a theo TSG: 593 \u00b0C<\/p>\n<\/li>\n<\/ul>","protected":false},"featured_media":2298,"comment_status":"open","ping_status":"closed","template":"","meta":{"_acf_changed":false,"inline_featured_image":false},"thuong-hieu":[93],"product_brand":[],"product_cat":[16,18],"product_tag":[477],"class_list":{"0":"post-2297","1":"product","2":"type-product","3":"status-publish","4":"has-post-thumbnail","6":"thuong-hieu-ksb","7":"product_cat-van-cong-nghiep","8":"product_cat-van-cau","9":"product_tag-van-cau-ecoline-glf-800","11":"first","12":"instock","13":"shipping-taxable","14":"product-type-simple"},"acf":[],"_links":{"self":[{"href":"https:\/\/sieuthivan.vn\/en\/wp-json\/wp\/v2\/product\/2297","targetHints":{"allow":["GET"]}}],"collection":[{"href":"https:\/\/sieuthivan.vn\/en\/wp-json\/wp\/v2\/product"}],"about":[{"href":"https:\/\/sieuthivan.vn\/en\/wp-json\/wp\/v2\/types\/product"}],"replies":[{"embeddable":true,"href":"https:\/\/sieuthivan.vn\/en\/wp-json\/wp\/v2\/comments?post=2297"}],"wp:featuredmedia":[{"embeddable":true,"href":"https:\/\/sieuthivan.vn\/en\/wp-json\/wp\/v2\/media\/2298"}],"wp:attachment":[{"href":"https:\/\/sieuthivan.vn\/en\/wp-json\/wp\/v2\/media?parent=2297"}],"wp:term":[{"taxonomy":"thuong-hieu","embeddable":true,"href":"https:\/\/sieuthivan.vn\/en\/wp-json\/wp\/v2\/thuong-hieu?post=2297"},{"taxonomy":"product_brand","embeddable":true,"href":"https:\/\/sieuthivan.vn\/en\/wp-json\/wp\/v2\/product_brand?post=2297"},{"taxonomy":"product_cat","embeddable":true,"href":"https:\/\/sieuthivan.vn\/en\/wp-json\/wp\/v2\/product_cat?post=2297"},{"taxonomy":"product_tag","embeddable":true,"href":"https:\/\/sieuthivan.vn\/en\/wp-json\/wp\/v2\/product_tag?post=2297"}],"curies":[{"name":"wp","href":"https:\/\/api.w.org\/{rel}","templated":true}]}}