{"id":2295,"date":"2025-05-26T16:47:00","date_gmt":"2025-05-26T09:47:00","guid":{"rendered":"https:\/\/sieuthivan.vn\/?post_type=product&#038;p=2295"},"modified":"2025-05-30T16:25:34","modified_gmt":"2025-05-30T09:25:34","slug":"van-cau-ecoline-glf-150-600","status":"publish","type":"product","link":"https:\/\/sieuthivan.vn\/en\/product\/van-cau-ecoline-glf-150-600\/","title":{"rendered":"Van c\u1ea7u ECOLINE GLF 150-600"},"content":{"rendered":"<p>Van c\u1ea7u theo ti\u00eau chu\u1ea9n ANSI\/ASME v\u1edbi \u0111\u1ea7u b\u00edch, th\u00e9p r\u00e8n A105, Trim 8 (Stellite\/th\u00e9p crom 13%), c\u00f3 n\u1eafp bu l\u00f4ng, v\u00edt v\u00e0 c\u00e0ng b\u00ean ngo\u00e0i, \u0111\u1ec7m tuy\u1ebfn than ch\u00ec, gio\u0103ng th\u00e9p kh\u00f4ng g\u1ec9\/than ch\u00ec, l\u1ed7 khoan nh\u1ecf h\u01a1n.<\/p>\n<p data-start=\"73\" data-end=\"95\"><strong data-start=\"73\" data-end=\"93\">D\u1eef li\u1ec7u k\u1ef9 thu\u1eadt<\/strong><\/p>\n<ul data-start=\"96\" data-end=\"751\">\n<li data-start=\"96\" data-end=\"160\">\n<p data-start=\"98\" data-end=\"160\"><strong data-start=\"98\" data-end=\"124\">Ch\u1ee9c n\u0103ng c\u1ee7a b\u1ed9 ph\u1eadn:<\/strong> Ng\u1eaft\/m\u1edf ho\u1eb7c \u0111i\u1ec1u khi\u1ec3n d\u00f2ng ch\u1ea3y<\/p>\n<\/li>\n<li data-start=\"161\" data-end=\"199\">\n<p data-start=\"163\" data-end=\"199\"><strong data-start=\"163\" data-end=\"188\">Lo\u1ea1i k\u1ebft n\u1ed1i \u0111\u1ea7u v\u00e0o:<\/strong> M\u1eb7t b\u00edch<\/p>\n<\/li>\n<li data-start=\"200\" data-end=\"311\">\n<p data-start=\"202\" data-end=\"229\"><strong data-start=\"202\" data-end=\"227\">Thi\u1ebft k\u1ebf truy\u1ec1n \u0111\u1ed9ng:<\/strong><\/p>\n<ul data-start=\"232\" data-end=\"311\">\n<li data-start=\"232\" data-end=\"259\">\n<p data-start=\"234\" data-end=\"259\">V\u1edbi b\u1ed9 truy\u1ec1n \u0111\u1ed9ng \u0111i\u1ec7n<\/p>\n<\/li>\n<li data-start=\"262\" data-end=\"278\">\n<p data-start=\"264\" data-end=\"278\">V\u1edbi tay quay<\/p>\n<\/li>\n<li data-start=\"281\" data-end=\"311\">\n<p data-start=\"283\" data-end=\"311\">V\u1edbi b\u1ed9 truy\u1ec1n \u0111\u1ed9ng kh\u00ed n\u00e9n<\/p>\n<\/li>\n<\/ul>\n<\/li>\n<li data-start=\"312\" data-end=\"433\">\n<p data-start=\"314\" data-end=\"343\"><strong data-start=\"314\" data-end=\"341\">V\u1eadt li\u1ec7u th\u00e2n th\u1ee7y l\u1ef1c:<\/strong><\/p>\n<ul data-start=\"346\" data-end=\"433\">\n<li data-start=\"346\" data-end=\"354\">\n<p data-start=\"348\" data-end=\"354\">A105<\/p>\n<\/li>\n<li data-start=\"357\" data-end=\"377\">\n<p data-start=\"359\" data-end=\"377\">A182 GR F11 CL 2<\/p>\n<\/li>\n<li data-start=\"380\" data-end=\"395\">\n<p data-start=\"382\" data-end=\"395\">A182 GR F22<\/p>\n<\/li>\n<li data-start=\"398\" data-end=\"414\">\n<p data-start=\"400\" data-end=\"414\">A182 GR F304<\/p>\n<\/li>\n<li data-start=\"417\" data-end=\"433\">\n<p data-start=\"419\" data-end=\"433\">A182 GR F316<\/p>\n<\/li>\n<\/ul>\n<\/li>\n<li data-start=\"434\" data-end=\"518\">\n<p data-start=\"436\" data-end=\"479\"><strong data-start=\"436\" data-end=\"477\">\u00c1p su\u1ea5t danh ngh\u0129a c\u1ee7a th\u00e2n th\u1ee7y l\u1ef1c:<\/strong><\/p>\n<ul data-start=\"482\" data-end=\"518\">\n<li data-start=\"482\" data-end=\"492\">\n<p data-start=\"484\" data-end=\"492\">CL 150<\/p>\n<\/li>\n<li data-start=\"495\" data-end=\"505\">\n<p data-start=\"497\" data-end=\"505\">CL 300<\/p>\n<\/li>\n<li data-start=\"508\" data-end=\"518\">\n<p data-start=\"510\" data-end=\"518\">CL 600<\/p>\n<\/li>\n<\/ul>\n<\/li>\n<li data-start=\"519\" data-end=\"573\">\n<p data-start=\"521\" data-end=\"573\"><strong data-start=\"521\" data-end=\"565\">K\u00edch th\u01b0\u1edbc danh ngh\u0129a l\u1edbn nh\u1ea5t theo TSG:<\/strong> NPS 2<\/p>\n<\/li>\n<li data-start=\"574\" data-end=\"630\">\n<p data-start=\"576\" data-end=\"630\"><strong data-start=\"576\" data-end=\"620\">K\u00edch th\u01b0\u1edbc danh ngh\u0129a nh\u1ecf nh\u1ea5t theo TSG:<\/strong> NPS 1\/2<\/p>\n<\/li>\n<li data-start=\"631\" data-end=\"690\">\n<p data-start=\"633\" data-end=\"690\"><strong data-start=\"633\" data-end=\"681\">Nhi\u1ec7t \u0111\u1ed9 ch\u1ea5t l\u1ecfng cho ph\u00e9p t\u1ed1i \u0111a theo TSG:<\/strong> 593 \u00b0C<\/p>\n<\/li>\n<li data-start=\"691\" data-end=\"751\">\n<p data-start=\"693\" data-end=\"751\"><strong data-start=\"693\" data-end=\"744\">Nhi\u1ec7t \u0111\u1ed9 ch\u1ea5t l\u1ecfng cho ph\u00e9p t\u1ed1i thi\u1ec3u theo TSG:<\/strong> 0 \u00b0C<\/p>\n<\/li>\n<\/ul>","protected":false},"excerpt":{"rendered":"<p data-start=\"64\" data-end=\"84\"><strong data-start=\"64\" data-end=\"82\">\u1ee8ng d\u1ee5ng ch\u00ednh<\/strong><\/p>\n<ul data-start=\"85\" data-end=\"223\">\n<li data-start=\"85\" data-end=\"117\">\n<p data-start=\"87\" data-end=\"117\">\u1ee8ng d\u1ee5ng c\u1ea5p n\u01b0\u1edbc cho l\u00f2 h\u01a1i<\/p>\n<\/li>\n<li data-start=\"118\" data-end=\"163\">\n<p data-start=\"120\" data-end=\"163\">Nh\u00e0 m\u00e1y \u0111i\u1ec7n s\u1eed d\u1ee5ng nhi\u00ean li\u1ec7u h\u00f3a th\u1ea1ch<\/p>\n<\/li>\n<li data-start=\"164\" data-end=\"193\">\n<p data-start=\"166\" data-end=\"193\">Ng\u00e0nh c\u00f4ng nghi\u1ec7p h\u00f3a d\u1ea7u<\/p>\n<\/li>\n<li data-start=\"194\" data-end=\"223\">\n<p data-start=\"196\" data-end=\"223\">\u0110\u01b0\u1eddng \u1ed1ng v\u00e0 kho b\u1ed3n ch\u1ee9a<\/p>\n<\/li>\n<\/ul>\n<p data-start=\"255\" data-end=\"277\"><strong data-start=\"255\" data-end=\"275\">D\u1eef li\u1ec7u k\u1ef9 thu\u1eadt<\/strong><\/p>\n<ul data-start=\"278\" data-end=\"444\">\n<li data-start=\"278\" data-end=\"337\">\n<p data-start=\"280\" data-end=\"337\">\u00c1p su\u1ea5t danh ngh\u0129a c\u1ee7a th\u00e2n van: CL 150, CL 300, CL 600<\/p>\n<\/li>\n<li data-start=\"338\" data-end=\"388\">\n<p data-start=\"340\" data-end=\"388\">K\u00edch th\u01b0\u1edbc danh ngh\u0129a l\u1edbn nh\u1ea5t theo TSG: NPS 2<\/p>\n<\/li>\n<li data-start=\"389\" data-end=\"444\">\n<p data-start=\"391\" data-end=\"444\">Nhi\u1ec7t \u0111\u1ed9 ch\u1ea5t l\u1ecfng cho ph\u00e9p t\u1ed1i \u0111a theo TSG: 593 \u00b0C<\/p>\n<\/li>\n<\/ul>","protected":false},"featured_media":2296,"comment_status":"open","ping_status":"closed","template":"","meta":{"_acf_changed":false,"inline_featured_image":false},"thuong-hieu":[93],"product_brand":[],"product_cat":[16,18],"product_tag":[476],"class_list":{"0":"post-2295","1":"product","2":"type-product","3":"status-publish","4":"has-post-thumbnail","6":"thuong-hieu-ksb","7":"product_cat-van-cong-nghiep","8":"product_cat-van-cau","9":"product_tag-van-cau-ecoline-glf-150-600","11":"first","12":"instock","13":"shipping-taxable","14":"product-type-simple"},"acf":[],"_links":{"self":[{"href":"https:\/\/sieuthivan.vn\/en\/wp-json\/wp\/v2\/product\/2295","targetHints":{"allow":["GET"]}}],"collection":[{"href":"https:\/\/sieuthivan.vn\/en\/wp-json\/wp\/v2\/product"}],"about":[{"href":"https:\/\/sieuthivan.vn\/en\/wp-json\/wp\/v2\/types\/product"}],"replies":[{"embeddable":true,"href":"https:\/\/sieuthivan.vn\/en\/wp-json\/wp\/v2\/comments?post=2295"}],"wp:featuredmedia":[{"embeddable":true,"href":"https:\/\/sieuthivan.vn\/en\/wp-json\/wp\/v2\/media\/2296"}],"wp:attachment":[{"href":"https:\/\/sieuthivan.vn\/en\/wp-json\/wp\/v2\/media?parent=2295"}],"wp:term":[{"taxonomy":"thuong-hieu","embeddable":true,"href":"https:\/\/sieuthivan.vn\/en\/wp-json\/wp\/v2\/thuong-hieu?post=2295"},{"taxonomy":"product_brand","embeddable":true,"href":"https:\/\/sieuthivan.vn\/en\/wp-json\/wp\/v2\/product_brand?post=2295"},{"taxonomy":"product_cat","embeddable":true,"href":"https:\/\/sieuthivan.vn\/en\/wp-json\/wp\/v2\/product_cat?post=2295"},{"taxonomy":"product_tag","embeddable":true,"href":"https:\/\/sieuthivan.vn\/en\/wp-json\/wp\/v2\/product_tag?post=2295"}],"curies":[{"name":"wp","href":"https:\/\/api.w.org\/{rel}","templated":true}]}}