{"id":2292,"date":"2025-05-26T15:35:31","date_gmt":"2025-05-26T08:35:31","guid":{"rendered":"https:\/\/sieuthivan.vn\/?post_type=product&#038;p=2292"},"modified":"2025-05-30T16:17:35","modified_gmt":"2025-05-30T09:17:35","slug":"van-cau-ecoline-glc-150-600","status":"publish","type":"product","link":"https:\/\/sieuthivan.vn\/en\/product\/van-cau-ecoline-glc-150-600\/","title":{"rendered":"Van c\u1ea7u ECOLINE GLC 150-600"},"content":{"rendered":"<p>Van c\u1ea7u theo ti\u00eau chu\u1ea9n ANSI\/ASME c\u00f3 \u0111\u1ea7u b\u00edch, th\u00e9p \u0111\u00fac A216 WCB, Trim 8 (Stellite\/th\u00e9p crom 13%) cho Lo\u1ea1i 150\/300\/600, Trim 5 (Stellite\/Stellite) cho Lo\u1ea1i 600, c\u00f3 n\u1eafp bu l\u00f4ng, v\u00edt v\u00e0 c\u00e0ng b\u00ean ngo\u00e0i, \u0111\u1ec7m tuy\u1ebfn than ch\u00ec, gio\u0103ng th\u00e9p kh\u00f4ng g\u1ec9\/than ch\u00ec.<\/p>\n<h3 data-start=\"79\" data-end=\"104\"><strong data-start=\"83\" data-end=\"104\">Th\u00f4ng s\u1ed1 k\u1ef9 thu\u1eadt<\/strong><\/h3>\n<ul data-start=\"106\" data-end=\"837\">\n<li data-start=\"106\" data-end=\"171\">\n<p data-start=\"108\" data-end=\"171\"><strong data-start=\"108\" data-end=\"133\">Ch\u1ee9c n\u0103ng th\u00e0nh ph\u1ea7n:<\/strong> \u0110\u00f3ng\/ng\u1eaft ho\u1eb7c \u0111i\u1ec1u khi\u1ec3n d\u00f2ng ch\u1ea3y<\/p>\n<\/li>\n<li data-start=\"172\" data-end=\"256\">\n<p data-start=\"174\" data-end=\"203\"><strong data-start=\"174\" data-end=\"201\">Lo\u1ea1i k\u1ebft n\u1ed1i (\u0111\u1ea7u v\u00e0o):<\/strong><\/p>\n<ul data-start=\"206\" data-end=\"256\">\n<li data-start=\"206\" data-end=\"218\">\n<p data-start=\"208\" data-end=\"218\">M\u1eb7t b\u00edch<\/p>\n<\/li>\n<li data-start=\"221\" data-end=\"256\">\n<p data-start=\"223\" data-end=\"256\">\u0110\u1ea7u h\u00e0n \u0111\u1ed1i \u0111\u1ea7u (Butt weld end)<\/p>\n<\/li>\n<\/ul>\n<\/li>\n<li data-start=\"257\" data-end=\"384\">\n<p data-start=\"259\" data-end=\"305\"><strong data-start=\"259\" data-end=\"303\">Nguy\u00ean l\u00fd thi\u1ebft k\u1ebf \u2013 C\u01a1 c\u1ea5u truy\u1ec1n \u0111\u1ed9ng:<\/strong><\/p>\n<ul data-start=\"308\" data-end=\"384\">\n<li data-start=\"308\" data-end=\"334\">\n<p data-start=\"310\" data-end=\"334\">C\u00f3 b\u1ed9 truy\u1ec1n \u0111\u1ed9ng \u0111i\u1ec7n<\/p>\n<\/li>\n<li data-start=\"337\" data-end=\"352\">\n<p data-start=\"339\" data-end=\"352\">C\u00f3 tay quay<\/p>\n<\/li>\n<li data-start=\"355\" data-end=\"384\">\n<p data-start=\"357\" data-end=\"384\">C\u00f3 b\u1ed9 truy\u1ec1n \u0111\u1ed9ng kh\u00ed n\u00e9n<\/p>\n<\/li>\n<\/ul>\n<\/li>\n<li data-start=\"385\" data-end=\"541\">\n<p data-start=\"387\" data-end=\"414\"><strong data-start=\"387\" data-end=\"412\">V\u1eadt li\u1ec7u v\u1ecf th\u1ee7y l\u1ef1c:<\/strong><\/p>\n<ul data-start=\"417\" data-end=\"541\">\n<li data-start=\"417\" data-end=\"433\">\n<p data-start=\"419\" data-end=\"433\">A351 GR CF8M<\/p>\n<\/li>\n<li data-start=\"436\" data-end=\"451\">\n<p data-start=\"438\" data-end=\"451\">A351 GR CF8<\/p>\n<\/li>\n<li data-start=\"454\" data-end=\"469\">\n<p data-start=\"456\" data-end=\"469\">A216 GR WCB<\/p>\n<\/li>\n<li data-start=\"472\" data-end=\"487\">\n<p data-start=\"474\" data-end=\"487\">A217 GR WC6<\/p>\n<\/li>\n<li data-start=\"490\" data-end=\"505\">\n<p data-start=\"492\" data-end=\"505\">A217 GR WC9<\/p>\n<\/li>\n<li data-start=\"508\" data-end=\"523\">\n<p data-start=\"510\" data-end=\"523\">A352 GR LCC<\/p>\n<\/li>\n<li data-start=\"526\" data-end=\"541\">\n<p data-start=\"528\" data-end=\"541\">A352 GR LCB<\/p>\n<\/li>\n<\/ul>\n<\/li>\n<li data-start=\"542\" data-end=\"607\">\n<p data-start=\"544\" data-end=\"607\"><strong data-start=\"544\" data-end=\"582\">\u00c1p su\u1ea5t danh \u0111\u1ecbnh c\u1ee7a v\u1ecf th\u1ee7y l\u1ef1c:<\/strong> CL 150, CL 300, CL 600<\/p>\n<\/li>\n<li data-start=\"608\" data-end=\"663\">\n<p data-start=\"610\" data-end=\"663\"><strong data-start=\"610\" data-end=\"654\">K\u00edch th\u01b0\u1edbc danh ngh\u0129a l\u1edbn nh\u1ea5t theo TSG:<\/strong> NPS 12<\/p>\n<\/li>\n<li data-start=\"664\" data-end=\"718\">\n<p data-start=\"666\" data-end=\"718\"><strong data-start=\"666\" data-end=\"710\">K\u00edch th\u01b0\u1edbc danh ngh\u0129a nh\u1ecf nh\u1ea5t theo TSG:<\/strong> NPS 2<\/p>\n<\/li>\n<li data-start=\"719\" data-end=\"778\">\n<p data-start=\"721\" data-end=\"778\"><strong data-start=\"721\" data-end=\"769\">Nhi\u1ec7t \u0111\u1ed9 ch\u1ea5t l\u1ecfng cho ph\u00e9p t\u1ed1i \u0111a theo TSG:<\/strong> 593 \u00b0C<\/p>\n<\/li>\n<li data-start=\"779\" data-end=\"837\">\n<p data-start=\"781\" data-end=\"837\"><strong data-start=\"781\" data-end=\"832\">Nhi\u1ec7t \u0111\u1ed9 ch\u1ea5t l\u1ecfng cho ph\u00e9p t\u1ed1i thi\u1ec3u theo TSG:<\/strong> 0 \u00b0C<\/p>\n<\/li>\n<\/ul>\n<p data-start=\"424\" data-end=\"479\">","protected":false},"excerpt":{"rendered":"<h3 data-start=\"64\" data-end=\"86\"><strong data-start=\"68\" data-end=\"86\">\u1ee8ng d\u1ee5ng ch\u00ednh<\/strong><\/h3>\n<ul data-start=\"88\" data-end=\"236\">\n<li data-start=\"88\" data-end=\"120\">\n<p data-start=\"90\" data-end=\"120\">\u1ee8ng d\u1ee5ng c\u1ea5p n\u01b0\u1edbc cho l\u00f2 h\u01a1i<\/p>\n<\/li>\n<li data-start=\"121\" data-end=\"176\">\n<p data-start=\"123\" data-end=\"176\">C\u00e1c nh\u00e0 m\u00e1y nhi\u1ec7t \u0111i\u1ec7n s\u1eed d\u1ee5ng nhi\u00ean li\u1ec7u h\u00f3a th\u1ea1ch<\/p>\n<\/li>\n<li data-start=\"177\" data-end=\"206\">\n<p data-start=\"179\" data-end=\"206\">Ng\u00e0nh c\u00f4ng nghi\u1ec7p h\u00f3a d\u1ea7u<\/p>\n<\/li>\n<li data-start=\"207\" data-end=\"236\">\n<p data-start=\"209\" data-end=\"236\">\u0110\u01b0\u1eddng \u1ed1ng v\u00e0 kho b\u1ed3n ch\u1ee9a<\/p>\n<\/li>\n<\/ul>\n<h3 data-start=\"273\" data-end=\"298\"><strong data-start=\"277\" data-end=\"298\">Th\u00f4ng s\u1ed1 k\u1ef9 thu\u1eadt<\/strong><\/h3>\n<ul data-start=\"300\" data-end=\"479\">\n<li data-start=\"300\" data-end=\"365\">\n<p data-start=\"302\" data-end=\"365\"><strong data-start=\"302\" data-end=\"340\">\u00c1p su\u1ea5t danh \u0111\u1ecbnh c\u1ee7a v\u1ecf th\u1ee7y l\u1ef1c:<\/strong> CL 150, CL 300, CL 600<\/p>\n<\/li>\n<li data-start=\"366\" data-end=\"421\">\n<p data-start=\"368\" data-end=\"421\"><strong data-start=\"368\" data-end=\"412\">K\u00edch th\u01b0\u1edbc danh ngh\u0129a l\u1edbn nh\u1ea5t theo TSG:<\/strong> NPS 12<\/p>\n<\/li>\n<li data-start=\"422\" data-end=\"479\">\n<p data-start=\"424\" data-end=\"479\"><strong data-start=\"424\" data-end=\"472\">Nhi\u1ec7t \u0111\u1ed9 ch\u1ea5t l\u1ecfng cho ph\u00e9p t\u1ed1i \u0111a theo TSG:<\/strong> 593 \u00b0C<\/p>\n<\/li>\n<\/ul>","protected":false},"featured_media":2293,"comment_status":"open","ping_status":"closed","template":"","meta":{"_acf_changed":false,"inline_featured_image":false},"thuong-hieu":[93],"product_brand":[],"product_cat":[16,18],"product_tag":[475],"class_list":{"0":"post-2292","1":"product","2":"type-product","3":"status-publish","4":"has-post-thumbnail","6":"thuong-hieu-ksb","7":"product_cat-van-cong-nghiep","8":"product_cat-van-cau","9":"product_tag-van-cau-ecoline-glc-150-600","11":"first","12":"instock","13":"shipping-taxable","14":"product-type-simple"},"acf":[],"_links":{"self":[{"href":"https:\/\/sieuthivan.vn\/en\/wp-json\/wp\/v2\/product\/2292","targetHints":{"allow":["GET"]}}],"collection":[{"href":"https:\/\/sieuthivan.vn\/en\/wp-json\/wp\/v2\/product"}],"about":[{"href":"https:\/\/sieuthivan.vn\/en\/wp-json\/wp\/v2\/types\/product"}],"replies":[{"embeddable":true,"href":"https:\/\/sieuthivan.vn\/en\/wp-json\/wp\/v2\/comments?post=2292"}],"wp:featuredmedia":[{"embeddable":true,"href":"https:\/\/sieuthivan.vn\/en\/wp-json\/wp\/v2\/media\/2293"}],"wp:attachment":[{"href":"https:\/\/sieuthivan.vn\/en\/wp-json\/wp\/v2\/media?parent=2292"}],"wp:term":[{"taxonomy":"thuong-hieu","embeddable":true,"href":"https:\/\/sieuthivan.vn\/en\/wp-json\/wp\/v2\/thuong-hieu?post=2292"},{"taxonomy":"product_brand","embeddable":true,"href":"https:\/\/sieuthivan.vn\/en\/wp-json\/wp\/v2\/product_brand?post=2292"},{"taxonomy":"product_cat","embeddable":true,"href":"https:\/\/sieuthivan.vn\/en\/wp-json\/wp\/v2\/product_cat?post=2292"},{"taxonomy":"product_tag","embeddable":true,"href":"https:\/\/sieuthivan.vn\/en\/wp-json\/wp\/v2\/product_tag?post=2292"}],"curies":[{"name":"wp","href":"https:\/\/api.w.org\/{rel}","templated":true}]}}