{"id":2288,"date":"2025-05-26T15:04:16","date_gmt":"2025-05-26T08:04:16","guid":{"rendered":"https:\/\/sieuthivan.vn\/?post_type=product&#038;p=2288"},"modified":"2025-05-30T16:02:53","modified_gmt":"2025-05-30T09:02:53","slug":"van-cau-ecoline-glb-150-600","status":"publish","type":"product","link":"https:\/\/sieuthivan.vn\/en\/product\/van-cau-ecoline-glb-150-600\/","title":{"rendered":"Van c\u1ea7u ECOLINE GLB 150-600"},"content":{"rendered":"<p>Van c\u1ea7u theo ti\u00eau chu\u1ea9n ANSI\/ASME v\u1edbi \u0111\u1ea7u b\u00edch, th\u00e2n b\u1eb1ng th\u00e9p \u0111\u00fac\/th\u00e9p kh\u00f4ng g\u1ec9, vi\u1ec1n v\u00e0 \u1ed1ng th\u1ed5i b\u1eb1ng th\u00e9p kh\u00f4ng g\u1ec9, c\u00f3 n\u1eafp bu l\u00f4ng, v\u00edt v\u00e0 c\u00e0ng b\u00ean ngo\u00e0i, \u0111\u01b0\u1ee3c b\u1ecbt k\u00edn b\u1eb1ng gio\u0103ng graphite v\u00e0 \u1ed1ng th\u1ed5i kim lo\u1ea1i, gio\u0103ng th\u00e9p kh\u00f4ng g\u1ec9\/graphite.<\/p>\n<h3 data-start=\"79\" data-end=\"104\"><strong data-start=\"83\" data-end=\"104\">Th\u00f4ng s\u1ed1 k\u1ef9 thu\u1eadt<\/strong><\/h3>\n<ul data-start=\"106\" data-end=\"833\">\n<li data-start=\"106\" data-end=\"171\">\n<p data-start=\"108\" data-end=\"171\"><strong data-start=\"108\" data-end=\"133\">Ch\u1ee9c n\u0103ng th\u00e0nh ph\u1ea7n:<\/strong> \u0110\u00f3ng\/ng\u1eaft ho\u1eb7c \u0111i\u1ec1u khi\u1ec3n d\u00f2ng ch\u1ea3y<\/p>\n<\/li>\n<li data-start=\"172\" data-end=\"256\">\n<p data-start=\"174\" data-end=\"203\"><strong data-start=\"174\" data-end=\"201\">Lo\u1ea1i k\u1ebft n\u1ed1i (\u0111\u1ea7u v\u00e0o):<\/strong><\/p>\n<ul data-start=\"206\" data-end=\"256\">\n<li data-start=\"206\" data-end=\"218\">\n<p data-start=\"208\" data-end=\"218\">M\u1eb7t b\u00edch<\/p>\n<\/li>\n<li data-start=\"221\" data-end=\"256\">\n<p data-start=\"223\" data-end=\"256\">\u0110\u1ea7u h\u00e0n \u0111\u1ed1i \u0111\u1ea7u (Butt weld end)<\/p>\n<\/li>\n<\/ul>\n<\/li>\n<li data-start=\"257\" data-end=\"384\">\n<p data-start=\"259\" data-end=\"305\"><strong data-start=\"259\" data-end=\"303\">Nguy\u00ean l\u00fd thi\u1ebft k\u1ebf \u2013 C\u01a1 c\u1ea5u truy\u1ec1n \u0111\u1ed9ng:<\/strong><\/p>\n<ul data-start=\"308\" data-end=\"384\">\n<li data-start=\"308\" data-end=\"334\">\n<p data-start=\"310\" data-end=\"334\">C\u00f3 b\u1ed9 truy\u1ec1n \u0111\u1ed9ng \u0111i\u1ec7n<\/p>\n<\/li>\n<li data-start=\"337\" data-end=\"352\">\n<p data-start=\"339\" data-end=\"352\">C\u00f3 tay quay<\/p>\n<\/li>\n<li data-start=\"355\" data-end=\"384\">\n<p data-start=\"357\" data-end=\"384\">C\u00f3 b\u1ed9 truy\u1ec1n \u0111\u1ed9ng kh\u00ed n\u00e9n<\/p>\n<\/li>\n<\/ul>\n<\/li>\n<li data-start=\"385\" data-end=\"469\">\n<p data-start=\"387\" data-end=\"414\"><strong data-start=\"387\" data-end=\"412\">V\u1eadt li\u1ec7u v\u1ecf th\u1ee7y l\u1ef1c:<\/strong><\/p>\n<ul data-start=\"417\" data-end=\"469\">\n<li data-start=\"417\" data-end=\"433\">\n<p data-start=\"419\" data-end=\"433\">A351 GR CF8M<\/p>\n<\/li>\n<li data-start=\"436\" data-end=\"451\">\n<p data-start=\"438\" data-end=\"451\">A351 GR CF8<\/p>\n<\/li>\n<li data-start=\"454\" data-end=\"469\">\n<p data-start=\"456\" data-end=\"469\">A216 GR WCB<\/p>\n<\/li>\n<\/ul>\n<\/li>\n<li data-start=\"470\" data-end=\"535\">\n<p data-start=\"472\" data-end=\"535\"><strong data-start=\"472\" data-end=\"510\">\u00c1p su\u1ea5t danh \u0111\u1ecbnh c\u1ee7a v\u1ecf th\u1ee7y l\u1ef1c:<\/strong> CL 300, CL 600, PN 106<\/p>\n<\/li>\n<li data-start=\"536\" data-end=\"591\">\n<p data-start=\"538\" data-end=\"591\"><strong data-start=\"538\" data-end=\"582\">K\u00edch th\u01b0\u1edbc danh ngh\u0129a l\u1edbn nh\u1ea5t theo TSG:<\/strong> NPS 12<\/p>\n<\/li>\n<li data-start=\"592\" data-end=\"646\">\n<p data-start=\"594\" data-end=\"646\"><strong data-start=\"594\" data-end=\"638\">K\u00edch th\u01b0\u1edbc danh ngh\u0129a nh\u1ecf nh\u1ea5t theo TSG:<\/strong> NPS 2<\/p>\n<\/li>\n<li data-start=\"647\" data-end=\"706\">\n<p data-start=\"649\" data-end=\"706\"><strong data-start=\"649\" data-end=\"697\">Nhi\u1ec7t \u0111\u1ed9 ch\u1ea5t l\u1ecfng cho ph\u00e9p t\u1ed1i \u0111a theo TSG:<\/strong> 427 \u00b0C<\/p>\n<\/li>\n<li data-start=\"707\" data-end=\"767\">\n<p data-start=\"709\" data-end=\"767\"><strong data-start=\"709\" data-end=\"760\">Nhi\u1ec7t \u0111\u1ed9 ch\u1ea5t l\u1ecfng cho ph\u00e9p t\u1ed1i thi\u1ec3u theo TSG:<\/strong> 0 \u00b0C<\/p>\n<\/li>\n<li data-start=\"768\" data-end=\"833\">\n<p data-start=\"770\" data-end=\"833\"><strong data-start=\"770\" data-end=\"788\">Ki\u1ec3u th\u00e2n van:<\/strong> Van 1 chi\u1ec1u d\u1ea1ng th\u1eb3ng c\u00f3 \u0111\u1ea7u n\u1ed1i m\u1eb7t b\u00edch<\/p>\n<\/li>\n<\/ul>","protected":false},"excerpt":{"rendered":"<h3 data-start=\"64\" data-end=\"86\"><strong data-start=\"68\" data-end=\"86\">\u1ee8ng d\u1ee5ng ch\u00ednh<\/strong><\/h3>\n<ul data-start=\"88\" data-end=\"215\">\n<li data-start=\"88\" data-end=\"117\">\n<p data-start=\"90\" data-end=\"117\">Ng\u00e0nh c\u00f4ng nghi\u1ec7p h\u00f3a d\u1ea7u<\/p>\n<\/li>\n<li data-start=\"118\" data-end=\"140\">\n<p data-start=\"120\" data-end=\"140\">K\u1ef9 thu\u1eadt quy tr\u00ecnh<\/p>\n<\/li>\n<li data-start=\"141\" data-end=\"172\">\n<p data-start=\"143\" data-end=\"172\">Ng\u00e0nh c\u00f4ng nghi\u1ec7p n\u00f3i chung<\/p>\n<\/li>\n<li data-start=\"173\" data-end=\"215\">\n<p data-start=\"175\" data-end=\"215\">Ng\u00e0nh c\u00f4ng nghi\u1ec7p \u0111\u1ed3 u\u1ed1ng v\u00e0 th\u1ef1c ph\u1ea9m<\/p>\n<\/li>\n<\/ul>\n<h3 data-start=\"222\" data-end=\"247\"><strong data-start=\"226\" data-end=\"247\">Th\u00f4ng s\u1ed1 k\u1ef9 thu\u1eadt<\/strong><\/h3>\n<ul data-start=\"249\" data-end=\"428\">\n<li data-start=\"249\" data-end=\"314\">\n<p data-start=\"251\" data-end=\"314\"><strong data-start=\"251\" data-end=\"289\">\u00c1p su\u1ea5t danh \u0111\u1ecbnh c\u1ee7a v\u1ecf th\u1ee7y l\u1ef1c:<\/strong> CL 300, CL 600, PN 106<\/p>\n<\/li>\n<li data-start=\"315\" data-end=\"370\">\n<p data-start=\"317\" data-end=\"370\"><strong data-start=\"317\" data-end=\"361\">K\u00edch th\u01b0\u1edbc danh ngh\u0129a l\u1edbn nh\u1ea5t theo TSG:<\/strong> NPS 12<\/p>\n<\/li>\n<li data-start=\"371\" data-end=\"428\">\n<p data-start=\"373\" data-end=\"428\"><strong data-start=\"373\" data-end=\"421\">Nhi\u1ec7t \u0111\u1ed9 ch\u1ea5t l\u1ecfng cho ph\u00e9p t\u1ed1i \u0111a theo TSG:<\/strong> 427 \u00b0C<\/p>\n<\/li>\n<\/ul>","protected":false},"featured_media":2289,"comment_status":"open","ping_status":"closed","template":"","meta":{"_acf_changed":false,"inline_featured_image":false},"thuong-hieu":[93],"product_brand":[],"product_cat":[16,18],"product_tag":[473],"class_list":{"0":"post-2288","1":"product","2":"type-product","3":"status-publish","4":"has-post-thumbnail","6":"thuong-hieu-ksb","7":"product_cat-van-cong-nghiep","8":"product_cat-van-cau","9":"product_tag-van-cau-ecoline-glb-150-600","11":"first","12":"instock","13":"shipping-taxable","14":"product-type-simple"},"acf":[],"_links":{"self":[{"href":"https:\/\/sieuthivan.vn\/en\/wp-json\/wp\/v2\/product\/2288","targetHints":{"allow":["GET"]}}],"collection":[{"href":"https:\/\/sieuthivan.vn\/en\/wp-json\/wp\/v2\/product"}],"about":[{"href":"https:\/\/sieuthivan.vn\/en\/wp-json\/wp\/v2\/types\/product"}],"replies":[{"embeddable":true,"href":"https:\/\/sieuthivan.vn\/en\/wp-json\/wp\/v2\/comments?post=2288"}],"wp:featuredmedia":[{"embeddable":true,"href":"https:\/\/sieuthivan.vn\/en\/wp-json\/wp\/v2\/media\/2289"}],"wp:attachment":[{"href":"https:\/\/sieuthivan.vn\/en\/wp-json\/wp\/v2\/media?parent=2288"}],"wp:term":[{"taxonomy":"thuong-hieu","embeddable":true,"href":"https:\/\/sieuthivan.vn\/en\/wp-json\/wp\/v2\/thuong-hieu?post=2288"},{"taxonomy":"product_brand","embeddable":true,"href":"https:\/\/sieuthivan.vn\/en\/wp-json\/wp\/v2\/product_brand?post=2288"},{"taxonomy":"product_cat","embeddable":true,"href":"https:\/\/sieuthivan.vn\/en\/wp-json\/wp\/v2\/product_cat?post=2288"},{"taxonomy":"product_tag","embeddable":true,"href":"https:\/\/sieuthivan.vn\/en\/wp-json\/wp\/v2\/product_tag?post=2288"}],"curies":[{"name":"wp","href":"https:\/\/api.w.org\/{rel}","templated":true}]}}