{"id":2286,"date":"2025-05-26T14:58:47","date_gmt":"2025-05-26T07:58:47","guid":{"rendered":"https:\/\/sieuthivan.vn\/?post_type=product&#038;p=2286"},"modified":"2025-05-27T15:39:45","modified_gmt":"2025-05-27T08:39:45","slug":"may-loc-ecoline-fyf-800","status":"publish","type":"product","link":"https:\/\/sieuthivan.vn\/en\/product\/may-loc-ecoline-fyf-800\/","title":{"rendered":"M\u00e1y l\u1ecdc ECOLINE FYF 800"},"content":{"rendered":"<p>B\u1ed9 l\u1ecdc theo ti\u00eau chu\u1ea9n ANSI\/ASME c\u00f3 \u1ed5 c\u1eafm ren (NPT) ho\u1eb7c \u0111\u1ea7u h\u00e0n \u1ed5 c\u1eafm (SW), ki\u1ec3u ch\u1eef Y, c\u00f3 n\u1eafp bu l\u00f4ng, th\u00e9p r\u00e8n A105, l\u01b0\u1edbi l\u1ecdc l\u00e0m b\u1eb1ng th\u00e9p kh\u00f4ng g\u1ec9 304. Chi\u1ec1u r\u1ed9ng l\u01b0\u1edbi 0,8 \u0111\u1ebfn 0,9 mm.<\/p>\n<h3 data-start=\"79\" data-end=\"104\"><strong data-start=\"83\" data-end=\"104\">Th\u00f4ng s\u1ed1 k\u1ef9 thu\u1eadt<\/strong><\/h3>\n<ul data-start=\"106\" data-end=\"595\">\n<li data-start=\"106\" data-end=\"142\">\n<p data-start=\"108\" data-end=\"142\"><strong data-start=\"108\" data-end=\"133\">Ch\u1ee9c n\u0103ng th\u00e0nh ph\u1ea7n:<\/strong> B\u1ed9 l\u1ecdc<\/p>\n<\/li>\n<li data-start=\"143\" data-end=\"235\">\n<p data-start=\"145\" data-end=\"174\"><strong data-start=\"145\" data-end=\"172\">Lo\u1ea1i k\u1ebft n\u1ed1i (\u0111\u1ea7u v\u00e0o):<\/strong><\/p>\n<ul data-start=\"177\" data-end=\"235\">\n<li data-start=\"177\" data-end=\"198\">\n<p data-start=\"179\" data-end=\"198\">K\u1ebft n\u1ed1i ren trong<\/p>\n<\/li>\n<li data-start=\"201\" data-end=\"235\">\n<p data-start=\"203\" data-end=\"235\">\u0110\u1ea7u h\u00e0n l\u1ed3ng (Socket weld end)<\/p>\n<\/li>\n<\/ul>\n<\/li>\n<li data-start=\"236\" data-end=\"314\">\n<p data-start=\"238\" data-end=\"265\"><strong data-start=\"238\" data-end=\"263\">V\u1eadt li\u1ec7u v\u1ecf th\u1ee7y l\u1ef1c:<\/strong><\/p>\n<ul data-start=\"268\" data-end=\"314\">\n<li data-start=\"268\" data-end=\"276\">\n<p data-start=\"270\" data-end=\"276\">A105<\/p>\n<\/li>\n<li data-start=\"279\" data-end=\"295\">\n<p data-start=\"281\" data-end=\"295\">A182 GR F304<\/p>\n<\/li>\n<li data-start=\"298\" data-end=\"314\">\n<p data-start=\"300\" data-end=\"314\">A182 GR F316<\/p>\n<\/li>\n<\/ul>\n<\/li>\n<li data-start=\"315\" data-end=\"364\">\n<p data-start=\"317\" data-end=\"364\"><strong data-start=\"317\" data-end=\"355\">\u00c1p su\u1ea5t danh \u0111\u1ecbnh c\u1ee7a v\u1ecf th\u1ee7y l\u1ef1c:<\/strong> CL 800<\/p>\n<\/li>\n<li data-start=\"365\" data-end=\"419\">\n<p data-start=\"367\" data-end=\"419\"><strong data-start=\"367\" data-end=\"411\">K\u00edch th\u01b0\u1edbc danh ngh\u0129a l\u1edbn nh\u1ea5t theo TSG:<\/strong> NPS 2<\/p>\n<\/li>\n<li data-start=\"420\" data-end=\"476\">\n<p data-start=\"422\" data-end=\"476\"><strong data-start=\"422\" data-end=\"466\">K\u00edch th\u01b0\u1edbc danh ngh\u0129a nh\u1ecf nh\u1ea5t theo TSG:<\/strong> NPS 1\/2<\/p>\n<\/li>\n<li data-start=\"477\" data-end=\"536\">\n<p data-start=\"479\" data-end=\"536\"><strong data-start=\"479\" data-end=\"527\">Nhi\u1ec7t \u0111\u1ed9 ch\u1ea5t l\u1ecfng cho ph\u00e9p t\u1ed1i \u0111a theo TSG:<\/strong> 427 \u00b0C<\/p>\n<\/li>\n<li data-start=\"537\" data-end=\"595\">\n<p data-start=\"539\" data-end=\"595\"><strong data-start=\"539\" data-end=\"590\">Nhi\u1ec7t \u0111\u1ed9 ch\u1ea5t l\u1ecfng cho ph\u00e9p t\u1ed1i thi\u1ec3u theo TSG:<\/strong> 0 \u00b0C<\/p>\n<\/li>\n<\/ul>","protected":false},"excerpt":{"rendered":"<h3 data-start=\"61\" data-end=\"85\"><strong data-start=\"65\" data-end=\"83\">\u1ee8ng d\u1ee5ng ch\u00ednh<\/strong><\/h3>\n<ul data-start=\"86\" data-end=\"234\">\n<li data-start=\"86\" data-end=\"118\">\n<p data-start=\"88\" data-end=\"118\">\u1ee8ng d\u1ee5ng c\u1ea5p n\u01b0\u1edbc cho l\u00f2 h\u01a1i<\/p>\n<\/li>\n<li data-start=\"119\" data-end=\"174\">\n<p data-start=\"121\" data-end=\"174\">C\u00e1c nh\u00e0 m\u00e1y nhi\u1ec7t \u0111i\u1ec7n s\u1eed d\u1ee5ng nhi\u00ean li\u1ec7u h\u00f3a th\u1ea1ch<\/p>\n<\/li>\n<li data-start=\"175\" data-end=\"204\">\n<p data-start=\"177\" data-end=\"204\">Ng\u00e0nh c\u00f4ng nghi\u1ec7p h\u00f3a d\u1ea7u<\/p>\n<\/li>\n<li data-start=\"205\" data-end=\"234\">\n<p data-start=\"207\" data-end=\"234\">\u0110\u01b0\u1eddng \u1ed1ng v\u00e0 kho b\u1ed3n ch\u1ee9a<\/p>\n<\/li>\n<\/ul>\n<h3 data-start=\"271\" data-end=\"298\"><strong data-start=\"275\" data-end=\"296\">Th\u00f4ng s\u1ed1 k\u1ef9 thu\u1eadt<\/strong><\/h3>\n<ul data-start=\"299\" data-end=\"464\">\n<li data-start=\"299\" data-end=\"353\">\n<p data-start=\"301\" data-end=\"353\">\u00c1p su\u1ea5t danh \u0111\u1ecbnh c\u1ee7a v\u1ecf (Hydr casing): <strong data-start=\"341\" data-end=\"351\">CL 800<\/strong><\/p>\n<\/li>\n<li data-start=\"354\" data-end=\"406\">\n<p data-start=\"356\" data-end=\"406\">K\u00edch th\u01b0\u1edbc danh ngh\u0129a t\u1ed1i \u0111a theo TSG: <strong data-start=\"395\" data-end=\"404\">NPS 2<\/strong><\/p>\n<\/li>\n<li data-start=\"407\" data-end=\"464\">\n<p data-start=\"409\" data-end=\"464\">Nhi\u1ec7t \u0111\u1ed9 ch\u1ea5t l\u1ecfng cho ph\u00e9p t\u1ed1i \u0111a theo TSG: <strong data-start=\"454\" data-end=\"464\">427 \u00b0C<\/strong><\/p>\n<\/li>\n<\/ul>","protected":false},"featured_media":2287,"comment_status":"open","ping_status":"closed","template":"","meta":{"_acf_changed":false,"inline_featured_image":false},"thuong-hieu":[93],"product_brand":[],"product_cat":[16,23],"product_tag":[472],"class_list":{"0":"post-2286","1":"product","2":"type-product","3":"status-publish","4":"has-post-thumbnail","6":"thuong-hieu-ksb","7":"product_cat-van-cong-nghiep","8":"product_cat-loc-y","9":"product_tag-may-loc-ecoline-fyf-800","11":"first","12":"instock","13":"shipping-taxable","14":"product-type-simple"},"acf":[],"_links":{"self":[{"href":"https:\/\/sieuthivan.vn\/en\/wp-json\/wp\/v2\/product\/2286","targetHints":{"allow":["GET"]}}],"collection":[{"href":"https:\/\/sieuthivan.vn\/en\/wp-json\/wp\/v2\/product"}],"about":[{"href":"https:\/\/sieuthivan.vn\/en\/wp-json\/wp\/v2\/types\/product"}],"replies":[{"embeddable":true,"href":"https:\/\/sieuthivan.vn\/en\/wp-json\/wp\/v2\/comments?post=2286"}],"wp:featuredmedia":[{"embeddable":true,"href":"https:\/\/sieuthivan.vn\/en\/wp-json\/wp\/v2\/media\/2287"}],"wp:attachment":[{"href":"https:\/\/sieuthivan.vn\/en\/wp-json\/wp\/v2\/media?parent=2286"}],"wp:term":[{"taxonomy":"thuong-hieu","embeddable":true,"href":"https:\/\/sieuthivan.vn\/en\/wp-json\/wp\/v2\/thuong-hieu?post=2286"},{"taxonomy":"product_brand","embeddable":true,"href":"https:\/\/sieuthivan.vn\/en\/wp-json\/wp\/v2\/product_brand?post=2286"},{"taxonomy":"product_cat","embeddable":true,"href":"https:\/\/sieuthivan.vn\/en\/wp-json\/wp\/v2\/product_cat?post=2286"},{"taxonomy":"product_tag","embeddable":true,"href":"https:\/\/sieuthivan.vn\/en\/wp-json\/wp\/v2\/product_tag?post=2286"}],"curies":[{"name":"wp","href":"https:\/\/api.w.org\/{rel}","templated":true}]}}