{"id":2284,"date":"2025-05-26T14:49:06","date_gmt":"2025-05-26T07:49:06","guid":{"rendered":"https:\/\/sieuthivan.vn\/?post_type=product&#038;p=2284"},"modified":"2025-05-28T11:59:23","modified_gmt":"2025-05-28T04:59:23","slug":"bo-loc-ecoline-fyc-150-600","status":"publish","type":"product","link":"https:\/\/sieuthivan.vn\/en\/product\/bo-loc-ecoline-fyc-150-600\/","title":{"rendered":"B\u1ed9 l\u1ecdc ECOLINE FYC 150-600"},"content":{"rendered":"<p>B\u1ed9 l\u1ecdc theo ti\u00eau chu\u1ea9n ANSI\/ASME c\u00f3 \u0111\u1ea7u b\u00edch, h\u00ecnh ch\u1eef Y, n\u1eafp bu l\u00f4ng, th\u00e9p \u0111\u00fac A216 WCB, l\u01b0\u1edbi l\u1ecdc b\u1eb1ng th\u00e9p kh\u00f4ng g\u1ec9 304, chi\u1ec1u r\u1ed9ng m\u1eaft l\u01b0\u1edbi 1,5 mm.<\/p>\n<p data-start=\"113\" data-end=\"134\"><strong data-start=\"113\" data-end=\"134\">Th\u00f4ng s\u1ed1 k\u1ef9 thu\u1eadt<\/strong><\/p>\n<ul data-start=\"136\" data-end=\"615\">\n<li data-start=\"136\" data-end=\"172\">\n<p data-start=\"138\" data-end=\"172\"><strong data-start=\"138\" data-end=\"164\">Ch\u1ee9c n\u0103ng c\u1ee7a b\u1ed9 ph\u1eadn: <\/strong>L\u1ecdc<\/p>\n<\/li>\n<li data-start=\"174\" data-end=\"214\">\n<p data-start=\"176\" data-end=\"214\"><strong data-start=\"176\" data-end=\"201\">Lo\u1ea1i k\u1ebft n\u1ed1i \u0111\u1ea7u v\u00e0o: <\/strong>M\u1eb7t b\u00edch<\/p>\n<\/li>\n<li data-start=\"216\" data-end=\"294\">\n<p data-start=\"218\" data-end=\"294\"><strong data-start=\"218\" data-end=\"243\">V\u1eadt li\u1ec7u v\u1ecf th\u1ee7y l\u1ef1c: <\/strong>A351 GR CF8M, A351 GR CF8, A216 GR WCB<\/p>\n<\/li>\n<li data-start=\"296\" data-end=\"371\">\n<p data-start=\"298\" data-end=\"371\"><strong data-start=\"298\" data-end=\"336\">\u00c1p su\u1ea5t danh \u0111\u1ecbnh c\u1ee7a v\u1ecf th\u1ee7y l\u1ef1c: <\/strong>CL 150, CL 300, CL 600<\/p>\n<\/li>\n<li data-start=\"373\" data-end=\"430\">\n<p data-start=\"375\" data-end=\"430\"><strong data-start=\"375\" data-end=\"419\">K\u00edch th\u01b0\u1edbc danh ngh\u0129a l\u1edbn nh\u1ea5t theo TSG: <\/strong>NPS 12<\/p>\n<\/li>\n<li data-start=\"432\" data-end=\"488\">\n<p data-start=\"434\" data-end=\"488\"><strong data-start=\"434\" data-end=\"478\">K\u00edch th\u01b0\u1edbc danh ngh\u0129a nh\u1ecf nh\u1ea5t theo TSG: <\/strong>NPS 2<\/p>\n<\/li>\n<li data-start=\"490\" data-end=\"551\">\n<p data-start=\"492\" data-end=\"551\"><strong data-start=\"492\" data-end=\"540\">Nhi\u1ec7t \u0111\u1ed9 ch\u1ea5t l\u1ecfng cho ph\u00e9p t\u1ed1i \u0111a theo TSG: <\/strong>427 \u00b0C<\/p>\n<\/li>\n<li data-start=\"553\" data-end=\"615\">\n<p data-start=\"555\" data-end=\"615\"><strong data-start=\"555\" data-end=\"606\">Nhi\u1ec7t \u0111\u1ed9 ch\u1ea5t l\u1ecfng cho ph\u00e9p t\u1ed1i thi\u1ec3u theo TSG: <\/strong>0 \u00b0C<\/p>\n<\/li>\n<\/ul>\n<p>&nbsp;<\/p>","protected":false},"excerpt":{"rendered":"<p data-start=\"94\" data-end=\"114\"><strong data-start=\"94\" data-end=\"112\">\u1ee8ng d\u1ee5ng ch\u00ednh<\/strong><\/p>\n<ul data-start=\"115\" data-end=\"222\">\n<li data-start=\"115\" data-end=\"160\">\n<p data-start=\"117\" data-end=\"160\">Nh\u00e0 m\u00e1y \u0111i\u1ec7n s\u1eed d\u1ee5ng nhi\u00ean li\u1ec7u h\u00f3a th\u1ea1ch<\/p>\n<\/li>\n<li data-start=\"161\" data-end=\"180\">\n<p data-start=\"163\" data-end=\"180\">Nh\u00e0 m\u00e1y l\u1ecdc d\u1ea7u<\/p>\n<\/li>\n<li data-start=\"181\" data-end=\"222\">\n<p data-start=\"183\" data-end=\"222\">K\u1ef9 thu\u1eadt quy tr\u00ecnh (c\u00f4ng ngh\u1ec7 ch\u1ebf bi\u1ebfn)<\/p>\n<\/li>\n<\/ul>\n<p data-start=\"224\" data-end=\"247\"><strong data-start=\"224\" data-end=\"245\">Th\u00f4ng s\u1ed1 k\u1ef9 thu\u1eadt<\/strong><\/p>\n<ul data-start=\"248\" data-end=\"423\">\n<li data-start=\"248\" data-end=\"309\">\n<p data-start=\"250\" data-end=\"309\">\u00c1p su\u1ea5t danh \u0111\u1ecbnh c\u1ee7a v\u1ecf Hydr:<br data-start=\"280\" data-end=\"283\" \/>CL 150, CL 300, CL 600<\/p>\n<\/li>\n<li data-start=\"310\" data-end=\"365\">\n<p data-start=\"312\" data-end=\"365\">K\u00edch th\u01b0\u1edbc danh ngh\u0129a l\u1edbn nh\u1ea5t theo TSG:<br data-start=\"352\" data-end=\"355\" \/>NPS 12<\/p>\n<\/li>\n<li data-start=\"366\" data-end=\"423\">\n<p data-start=\"368\" data-end=\"423\">Nhi\u1ec7t \u0111\u1ed9 ch\u1ea5t l\u1ecfng cho ph\u00e9p t\u1ed1i \u0111a theo TSG:<br data-start=\"412\" data-end=\"415\" \/>427 \u00b0C<\/p>\n<\/li>\n<\/ul>","protected":false},"featured_media":2285,"comment_status":"open","ping_status":"closed","template":"","meta":{"_acf_changed":false,"inline_featured_image":false},"thuong-hieu":[93],"product_brand":[],"product_cat":[16,23],"product_tag":[471],"class_list":{"0":"post-2284","1":"product","2":"type-product","3":"status-publish","4":"has-post-thumbnail","6":"thuong-hieu-ksb","7":"product_cat-van-cong-nghiep","8":"product_cat-loc-y","9":"product_tag-bo-loc-ecoline-fyc-150-600","11":"first","12":"instock","13":"shipping-taxable","14":"product-type-simple"},"acf":[],"_links":{"self":[{"href":"https:\/\/sieuthivan.vn\/en\/wp-json\/wp\/v2\/product\/2284","targetHints":{"allow":["GET"]}}],"collection":[{"href":"https:\/\/sieuthivan.vn\/en\/wp-json\/wp\/v2\/product"}],"about":[{"href":"https:\/\/sieuthivan.vn\/en\/wp-json\/wp\/v2\/types\/product"}],"replies":[{"embeddable":true,"href":"https:\/\/sieuthivan.vn\/en\/wp-json\/wp\/v2\/comments?post=2284"}],"wp:featuredmedia":[{"embeddable":true,"href":"https:\/\/sieuthivan.vn\/en\/wp-json\/wp\/v2\/media\/2285"}],"wp:attachment":[{"href":"https:\/\/sieuthivan.vn\/en\/wp-json\/wp\/v2\/media?parent=2284"}],"wp:term":[{"taxonomy":"thuong-hieu","embeddable":true,"href":"https:\/\/sieuthivan.vn\/en\/wp-json\/wp\/v2\/thuong-hieu?post=2284"},{"taxonomy":"product_brand","embeddable":true,"href":"https:\/\/sieuthivan.vn\/en\/wp-json\/wp\/v2\/product_brand?post=2284"},{"taxonomy":"product_cat","embeddable":true,"href":"https:\/\/sieuthivan.vn\/en\/wp-json\/wp\/v2\/product_cat?post=2284"},{"taxonomy":"product_tag","embeddable":true,"href":"https:\/\/sieuthivan.vn\/en\/wp-json\/wp\/v2\/product_tag?post=2284"}],"curies":[{"name":"wp","href":"https:\/\/api.w.org\/{rel}","templated":true}]}}