{"id":2281,"date":"2025-05-24T12:01:51","date_gmt":"2025-05-24T05:01:51","guid":{"rendered":"https:\/\/sieuthivan.vn\/?post_type=product&#038;p=2281"},"modified":"2025-05-27T10:31:46","modified_gmt":"2025-05-27T03:31:46","slug":"bo-loc-ecoline-fy5","status":"publish","type":"product","link":"https:\/\/sieuthivan.vn\/en\/product\/bo-loc-ecoline-fy5\/","title":{"rendered":"B\u1ed9 l\u1ecdc ECOLINE FY5"},"content":{"rendered":"<p>B\u1ed9 l\u1ecdc theo ti\u00eau chu\u1ea9n DIN\/EN c\u00f3 \u1ed5 c\u1eafm ren, ki\u1ec3u ch\u1eef Y. Th\u00e2n l\u00e0m b\u1eb1ng \u0111\u1ed3ng thau, l\u01b0\u1edbi l\u1ecdc l\u00e0m b\u1eb1ng th\u00e9p kh\u00f4ng g\u1ec9 AISI 304, gio\u0103ng n\u1eafp l\u00e0m b\u1eb1ng NBR.<\/p>\n<p>&nbsp;<\/p>","protected":false},"excerpt":{"rendered":"<p><strong>C\u00e1c \u1ee9ng d\u1ee5ng ch\u00ednh<\/strong><\/p>\n<ul>\n<li>H\u1ec7 th\u1ed1ng c\u1ea5p n\u01b0\u1edbc<\/li>\n<li>H\u1ec7 th\u1ed1ng \u0111i\u1ec1u h\u00f2a kh\u00f4ng kh\u00ed<\/li>\n<li>H\u1ec7 th\u1ed1ng s\u01b0\u1edfi \u1ea5m<\/li>\n<\/ul>","protected":false},"featured_media":2282,"comment_status":"open","ping_status":"closed","template":"","meta":{"_acf_changed":false,"inline_featured_image":false},"thuong-hieu":[93],"product_brand":[],"product_cat":[16,23],"product_tag":[470],"class_list":{"0":"post-2281","1":"product","2":"type-product","3":"status-publish","4":"has-post-thumbnail","6":"thuong-hieu-ksb","7":"product_cat-van-cong-nghiep","8":"product_cat-loc-y","9":"product_tag-bo-loc-ecoline-fy5","11":"first","12":"instock","13":"shipping-taxable","14":"product-type-simple"},"acf":[],"_links":{"self":[{"href":"https:\/\/sieuthivan.vn\/en\/wp-json\/wp\/v2\/product\/2281","targetHints":{"allow":["GET"]}}],"collection":[{"href":"https:\/\/sieuthivan.vn\/en\/wp-json\/wp\/v2\/product"}],"about":[{"href":"https:\/\/sieuthivan.vn\/en\/wp-json\/wp\/v2\/types\/product"}],"replies":[{"embeddable":true,"href":"https:\/\/sieuthivan.vn\/en\/wp-json\/wp\/v2\/comments?post=2281"}],"wp:featuredmedia":[{"embeddable":true,"href":"https:\/\/sieuthivan.vn\/en\/wp-json\/wp\/v2\/media\/2282"}],"wp:attachment":[{"href":"https:\/\/sieuthivan.vn\/en\/wp-json\/wp\/v2\/media?parent=2281"}],"wp:term":[{"taxonomy":"thuong-hieu","embeddable":true,"href":"https:\/\/sieuthivan.vn\/en\/wp-json\/wp\/v2\/thuong-hieu?post=2281"},{"taxonomy":"product_brand","embeddable":true,"href":"https:\/\/sieuthivan.vn\/en\/wp-json\/wp\/v2\/product_brand?post=2281"},{"taxonomy":"product_cat","embeddable":true,"href":"https:\/\/sieuthivan.vn\/en\/wp-json\/wp\/v2\/product_cat?post=2281"},{"taxonomy":"product_tag","embeddable":true,"href":"https:\/\/sieuthivan.vn\/en\/wp-json\/wp\/v2\/product_tag?post=2281"}],"curies":[{"name":"wp","href":"https:\/\/api.w.org\/{rel}","templated":true}]}}