{"id":2271,"date":"2025-05-23T15:44:57","date_gmt":"2025-05-23T08:44:57","guid":{"rendered":"https:\/\/sieuthivan.vn\/?post_type=product&#038;p=2271"},"modified":"2025-05-30T15:26:15","modified_gmt":"2025-05-30T08:26:15","slug":"van-cau-ecoline-bsgl-s","status":"publish","type":"product","link":"https:\/\/sieuthivan.vn\/en\/product\/van-cau-ecoline-bsgl-s\/","title":{"rendered":"Van c\u1ea7u ECOLINE BSGL-S"},"content":{"rendered":"<p>Van c\u1ea7u ki\u1ec3u \u1ed1ng th\u1ed5i theo ti\u00eau chu\u1ea9n ANSI\/ASME v\u1edbi \u0111\u1ea7u h\u00e0n b\u00edch ho\u1eb7c \u1ed5 c\u1eafm, n\u1eafp ch\u1ee5p bu l\u00f4ng, v\u00edt v\u00e0 c\u00e0ng b\u00ean ngo\u00e0i, \u0111\u1ebf t\u00edch h\u1ee3p, \u0111\u1ec7m tuy\u1ebfn graphite, gio\u0103ng th\u00e9p kh\u00f4ng g\u1ec9. C\u00f3 s\u1eb5n trong c\u00e1c bi\u1ebfn th\u1ec3 v\u1eadt li\u1ec7u WCB, CF8\/CF8M v\u1edbi v\u1eadt li\u1ec7u trang tr\u00ed 13% Cr, 13 Cr + Stellite, SS316\/SS304 v\u1edbi Stellite. Ho\u1ea1t \u0111\u1ed9ng nh\u01b0 l\u1edbp \u0111\u1ec7m ch\u00ednh, \u1ed1ng th\u1ed5i ng\u0103n kh\u00f4ng cho ch\u1ea5t l\u1ecfng \u0111\u01b0\u1ee3c x\u1eed l\u00fd \u0111i v\u00e0o khu v\u1ef1c \u0111\u1ec7m tuy\u1ebfn v\u00e0 \u0111\u1ea3m b\u1ea3o hi\u1ec7u su\u1ea5t ph\u00e1t th\u1ea3i b\u1eb1ng kh\u00f4ng c\u1ee7a van.<\/p>\n<p data-start=\"119\" data-end=\"140\"><strong data-start=\"119\" data-end=\"140\">Th\u00f4ng s\u1ed1 k\u1ef9 thu\u1eadt<\/strong><\/p>\n<ul data-start=\"142\" data-end=\"965\">\n<li data-start=\"142\" data-end=\"198\">\n<p data-start=\"144\" data-end=\"198\"><strong data-start=\"144\" data-end=\"165\">Ch\u1ee9c n\u0103ng b\u1ed9 ph\u1eadn<\/strong>: \u0110\u00f3ng ng\u1eaft\/\u0111i\u1ec1u ti\u1ebft d\u00f2ng ch\u1ea3y<\/p>\n<\/li>\n<li data-start=\"199\" data-end=\"294\">\n<p data-start=\"201\" data-end=\"228\"><strong data-start=\"201\" data-end=\"225\">Lo\u1ea1i k\u1ebft n\u1ed1i \u0111\u1ea7u v\u00e0o<\/strong>:<\/p>\n<ul data-start=\"231\" data-end=\"294\">\n<li data-start=\"231\" data-end=\"243\">\n<p data-start=\"233\" data-end=\"243\">M\u1eb7t b\u00edch<\/p>\n<\/li>\n<li data-start=\"246\" data-end=\"272\">\n<p data-start=\"248\" data-end=\"272\">Ren trong (ki\u1ec3u \u1ed5 c\u1eafm)<\/p>\n<\/li>\n<li data-start=\"275\" data-end=\"294\">\n<p data-start=\"277\" data-end=\"294\">\u0110\u1ea7u h\u00e0n \u0111\u1ed1i \u0111\u1ea7u<\/p>\n<\/li>\n<\/ul>\n<\/li>\n<li data-start=\"295\" data-end=\"403\">\n<p data-start=\"297\" data-end=\"324\"><strong data-start=\"297\" data-end=\"321\">Thi\u1ebft k\u1ebf truy\u1ec1n \u0111\u1ed9ng<\/strong>:<\/p>\n<ul data-start=\"327\" data-end=\"403\">\n<li data-start=\"327\" data-end=\"353\">\n<p data-start=\"329\" data-end=\"353\">C\u00f3 b\u1ed9 truy\u1ec1n \u0111\u1ed9ng \u0111i\u1ec7n<\/p>\n<\/li>\n<li data-start=\"356\" data-end=\"371\">\n<p data-start=\"358\" data-end=\"371\">V\u00f4 l\u0103ng tay<\/p>\n<\/li>\n<li data-start=\"374\" data-end=\"403\">\n<p data-start=\"376\" data-end=\"403\">C\u00f3 b\u1ed9 truy\u1ec1n \u0111\u1ed9ng kh\u00ed n\u00e9n<\/p>\n<\/li>\n<\/ul>\n<\/li>\n<li data-start=\"404\" data-end=\"555\">\n<p data-start=\"406\" data-end=\"433\"><strong data-start=\"406\" data-end=\"430\">V\u1eadt li\u1ec7u v\u1ecf th\u1ee7y l\u1ef1c<\/strong>:<\/p>\n<ul data-start=\"436\" data-end=\"555\">\n<li data-start=\"436\" data-end=\"444\">\n<p data-start=\"438\" data-end=\"444\">A105<\/p>\n<\/li>\n<li data-start=\"447\" data-end=\"463\">\n<p data-start=\"449\" data-end=\"463\">A351 GR CF8M<\/p>\n<\/li>\n<li data-start=\"466\" data-end=\"482\">\n<p data-start=\"468\" data-end=\"482\">A182 GR F304<\/p>\n<\/li>\n<li data-start=\"485\" data-end=\"500\">\n<p data-start=\"487\" data-end=\"500\">A351 GR CF8<\/p>\n<\/li>\n<li data-start=\"503\" data-end=\"518\">\n<p data-start=\"505\" data-end=\"518\">A216 GR WCC<\/p>\n<\/li>\n<li data-start=\"521\" data-end=\"536\">\n<p data-start=\"523\" data-end=\"536\">A216 GR WCB<\/p>\n<\/li>\n<li data-start=\"539\" data-end=\"555\">\n<p data-start=\"541\" data-end=\"555\">A182 GR F316<\/p>\n<\/li>\n<\/ul>\n<\/li>\n<li data-start=\"556\" data-end=\"637\">\n<p data-start=\"558\" data-end=\"598\"><strong data-start=\"558\" data-end=\"595\">\u00c1p su\u1ea5t danh \u0111\u1ecbnh c\u1ee7a v\u1ecf th\u1ee7y l\u1ef1c<\/strong>:<\/p>\n<ul data-start=\"601\" data-end=\"637\">\n<li data-start=\"601\" data-end=\"611\">\n<p data-start=\"603\" data-end=\"611\">CL 150<\/p>\n<\/li>\n<li data-start=\"614\" data-end=\"624\">\n<p data-start=\"616\" data-end=\"624\">CL 300<\/p>\n<\/li>\n<li data-start=\"627\" data-end=\"637\">\n<p data-start=\"629\" data-end=\"637\">CL 800<\/p>\n<\/li>\n<\/ul>\n<\/li>\n<li data-start=\"638\" data-end=\"692\">\n<p data-start=\"640\" data-end=\"692\"><strong data-start=\"640\" data-end=\"682\">K\u00edch th\u01b0\u1edbc danh \u0111\u1ecbnh l\u1edbn nh\u1ea5t theo TSG<\/strong>: NPS 12<\/p>\n<\/li>\n<li data-start=\"693\" data-end=\"748\">\n<p data-start=\"695\" data-end=\"748\"><strong data-start=\"695\" data-end=\"737\">K\u00edch th\u01b0\u1edbc danh \u0111\u1ecbnh nh\u1ecf nh\u1ea5t theo TSG<\/strong>: NPS 1\/2<\/p>\n<\/li>\n<li data-start=\"749\" data-end=\"816\">\n<p data-start=\"751\" data-end=\"816\"><strong data-start=\"751\" data-end=\"798\">Nhi\u1ec7t \u0111\u1ed9 ch\u1ea5t l\u1ecfng cho ph\u00e9p t\u1ed1i \u0111a theo TSG<\/strong>: 425 \u00b0C, 538 \u00b0C<\/p>\n<\/li>\n<li data-start=\"817\" data-end=\"877\">\n<p data-start=\"819\" data-end=\"877\"><strong data-start=\"819\" data-end=\"869\">Nhi\u1ec7t \u0111\u1ed9 ch\u1ea5t l\u1ecfng cho ph\u00e9p t\u1ed1i thi\u1ec3u theo TSG<\/strong>: 0 \u00b0C<\/p>\n<\/li>\n<li data-start=\"878\" data-end=\"965\">\n<p data-start=\"880\" data-end=\"900\"><strong data-start=\"880\" data-end=\"897\">Lo\u1ea1i th\u00e2n van<\/strong>:<\/p>\n<ul data-start=\"903\" data-end=\"965\">\n<li data-start=\"903\" data-end=\"937\">\n<p data-start=\"905\" data-end=\"937\">Van th\u1eb3ng v\u1edbi \u0111\u1ea7u n\u1ed1i m\u1eb7t b\u00edch<\/p>\n<\/li>\n<li data-start=\"940\" data-end=\"965\">\n<p data-start=\"942\" data-end=\"965\">Van th\u1eb3ng v\u1edbi \u0111\u1ea7u h\u00e0n<\/p>\n<\/li>\n<\/ul>\n<\/li>\n<\/ul>\n<p>&nbsp;<\/p>","protected":false},"excerpt":{"rendered":"<p data-start=\"75\" data-end=\"95\"><strong data-start=\"75\" data-end=\"93\">\u1ee8ng d\u1ee5ng ch\u00ednh<\/strong><\/p>\n<ul data-start=\"96\" data-end=\"208\">\n<li data-start=\"96\" data-end=\"121\">\n<p data-start=\"98\" data-end=\"121\">Nh\u00e0 m\u00e1y \u0111i\u1ec7n h\u1ea1t nh\u00e2n<\/p>\n<\/li>\n<li data-start=\"122\" data-end=\"144\">\n<p data-start=\"124\" data-end=\"144\">Nh\u00e0 m\u00e1y nhi\u1ec7t \u0111i\u1ec7n<\/p>\n<\/li>\n<li data-start=\"145\" data-end=\"176\">\n<p data-start=\"147\" data-end=\"176\">Ng\u00e0nh c\u00f4ng nghi\u1ec7p th\u1ef1c ph\u1ea9m<\/p>\n<\/li>\n<li data-start=\"177\" data-end=\"208\">\n<p data-start=\"179\" data-end=\"208\">Ng\u00e0nh c\u00f4ng nghi\u1ec7p d\u01b0\u1ee3c ph\u1ea9m<\/p>\n<\/li>\n<\/ul>\n<p data-start=\"240\" data-end=\"263\"><strong data-start=\"240\" data-end=\"261\">Th\u00f4ng s\u1ed1 k\u1ef9 thu\u1eadt<\/strong><\/p>\n<ul data-start=\"264\" data-end=\"440\">\n<li data-start=\"264\" data-end=\"325\">\n<p data-start=\"266\" data-end=\"325\">\u00c1p su\u1ea5t danh \u0111\u1ecbnh c\u1ee7a v\u1ecf th\u1ee7y l\u1ef1c: CL 150, CL 300, CL 800<\/p>\n<\/li>\n<li data-start=\"326\" data-end=\"376\">\n<p data-start=\"328\" data-end=\"376\">K\u00edch th\u01b0\u1edbc danh \u0111\u1ecbnh l\u1edbn nh\u1ea5t theo TSG: NPS 12<\/p>\n<\/li>\n<li data-start=\"377\" data-end=\"440\">\n<p data-start=\"379\" data-end=\"440\">Nhi\u1ec7t \u0111\u1ed9 ch\u1ea5t l\u1ecfng cho ph\u00e9p t\u1ed1i \u0111a theo TSG: 425 \u00b0C, 538 \u00b0C<\/p>\n<\/li>\n<\/ul>","protected":false},"featured_media":2272,"comment_status":"open","ping_status":"closed","template":"","meta":{"_acf_changed":false,"inline_featured_image":false},"thuong-hieu":[93],"product_brand":[],"product_cat":[16,18],"product_tag":[467],"class_list":{"0":"post-2271","1":"product","2":"type-product","3":"status-publish","4":"has-post-thumbnail","6":"thuong-hieu-ksb","7":"product_cat-van-cong-nghiep","8":"product_cat-van-cau","9":"product_tag-van-cau-ecoline-bsgl-s","11":"first","12":"instock","13":"shipping-taxable","14":"product-type-simple"},"acf":[],"_links":{"self":[{"href":"https:\/\/sieuthivan.vn\/en\/wp-json\/wp\/v2\/product\/2271","targetHints":{"allow":["GET"]}}],"collection":[{"href":"https:\/\/sieuthivan.vn\/en\/wp-json\/wp\/v2\/product"}],"about":[{"href":"https:\/\/sieuthivan.vn\/en\/wp-json\/wp\/v2\/types\/product"}],"replies":[{"embeddable":true,"href":"https:\/\/sieuthivan.vn\/en\/wp-json\/wp\/v2\/comments?post=2271"}],"wp:featuredmedia":[{"embeddable":true,"href":"https:\/\/sieuthivan.vn\/en\/wp-json\/wp\/v2\/media\/2272"}],"wp:attachment":[{"href":"https:\/\/sieuthivan.vn\/en\/wp-json\/wp\/v2\/media?parent=2271"}],"wp:term":[{"taxonomy":"thuong-hieu","embeddable":true,"href":"https:\/\/sieuthivan.vn\/en\/wp-json\/wp\/v2\/thuong-hieu?post=2271"},{"taxonomy":"product_brand","embeddable":true,"href":"https:\/\/sieuthivan.vn\/en\/wp-json\/wp\/v2\/product_brand?post=2271"},{"taxonomy":"product_cat","embeddable":true,"href":"https:\/\/sieuthivan.vn\/en\/wp-json\/wp\/v2\/product_cat?post=2271"},{"taxonomy":"product_tag","embeddable":true,"href":"https:\/\/sieuthivan.vn\/en\/wp-json\/wp\/v2\/product_tag?post=2271"}],"curies":[{"name":"wp","href":"https:\/\/api.w.org\/{rel}","templated":true}]}}