{"id":2261,"date":"2025-05-23T14:41:16","date_gmt":"2025-05-23T07:41:16","guid":{"rendered":"https:\/\/sieuthivan.vn\/?post_type=product&#038;p=2261"},"modified":"2025-05-29T09:14:26","modified_gmt":"2025-05-29T02:14:26","slug":"van-buom-danais-mt-ii","status":"publish","type":"product","link":"https:\/\/sieuthivan.vn\/en\/product\/van-buom-danais-mt-ii\/","title":{"rendered":"Van b\u01b0\u1edbm DANA\u00cfS MT II"},"content":{"rendered":"<p>Van b\u01b0\u1edbm l\u1ec7ch k\u00e9p v\u1edbi \u0111\u1ea7u tr\u1ee5c vu\u00f4ng tu\u00e2n th\u1ee7 ISO 5211, v\u1edbi \u0111\u1ebf nh\u1ef1a ho\u1eb7c \u0111\u1ebf kim lo\u1ea1i (ch\u1ed1ng ch\u00e1y), kh\u00f4ng c\u00f3 \u0111\u1ec7m tuy\u1ebfn, kh\u00f4ng c\u1ea7n b\u1ea3o d\u01b0\u1ee1ng, v\u1edbi h\u1ed9p s\u1ed1 tay ho\u1eb7c c\u1ea7n g\u1ea1t, b\u1ed9 truy\u1ec1n \u0111\u1ed9ng kh\u00ed n\u00e9n, \u0111i\u1ec7n ho\u1eb7c th\u1ee7y l\u1ef1c, th\u00e2n l\u00e0m b\u1eb1ng th\u00e9p ho\u1eb7c th\u00e9p kh\u00f4ng g\u1ec9. Th\u00e2n d\u1ea1ng wafer (T1), th\u00e2n d\u1ea1ng to\u00e0n b\u1ed9 (T4) ho\u1eb7c th\u00e2n d\u1ea1ng b\u00edch (T7) v\u1edbi m\u1eb7t ph\u1eb3ng ho\u1eb7c m\u1eb7t n\u1ed5i. C\u00e1c lo\u1ea1i th\u00e2n T4 v\u00e0 T7 ph\u00f9 h\u1ee3p v\u1edbi d\u1ecbch v\u1ee5 ng\u00f5 c\u1ee5t. K\u1ebft n\u1ed1i v\u1edbi EN, ASME ho\u1eb7c JIS. \u0110\u01b0\u1ee3c ch\u1ee9ng nh\u1eadn theo H\u01b0\u1edbng d\u1eabn k\u1ef9 thu\u1eadt TA Luft c\u1ee7a \u0110\u1ee9c v\u1ec1 Ki\u1ec3m so\u00e1t ch\u1ea5t l\u01b0\u1ee3ng kh\u00f4ng kh\u00ed.<\/p>\n<p data-start=\"119\" data-end=\"140\"><strong data-start=\"119\" data-end=\"140\">Th\u00f4ng s\u1ed1 k\u1ef9 thu\u1eadt<\/strong><\/p>\n<ul data-start=\"142\" data-end=\"998\">\n<li data-start=\"142\" data-end=\"198\">\n<p data-start=\"144\" data-end=\"198\"><strong data-start=\"144\" data-end=\"165\">Ch\u1ee9c n\u0103ng b\u1ed9 ph\u1eadn<\/strong>: \u0110\u00f3ng ng\u1eaft\/\u0111i\u1ec1u ti\u1ebft d\u00f2ng ch\u1ea3y<\/p>\n<\/li>\n<li data-start=\"199\" data-end=\"299\">\n<p data-start=\"201\" data-end=\"228\"><strong data-start=\"201\" data-end=\"225\">Lo\u1ea1i k\u1ebft n\u1ed1i \u0111\u1ea7u v\u00e0o<\/strong>:<\/p>\n<ul data-start=\"231\" data-end=\"299\">\n<li data-start=\"231\" data-end=\"260\">\n<p data-start=\"233\" data-end=\"260\">L\u1eafp \u0111\u1eb7t gi\u1eefa c\u00e1c m\u1eb7t b\u00edch<\/p>\n<\/li>\n<li data-start=\"263\" data-end=\"284\">\n<p data-start=\"265\" data-end=\"284\">K\u1ebft n\u1ed1i ren ngo\u00e0i<\/p>\n<\/li>\n<li data-start=\"287\" data-end=\"299\">\n<p data-start=\"289\" data-end=\"299\">M\u1eb7t b\u00edch<\/p>\n<\/li>\n<\/ul>\n<\/li>\n<li data-start=\"300\" data-end=\"466\">\n<p data-start=\"302\" data-end=\"329\"><strong data-start=\"302\" data-end=\"326\">Thi\u1ebft k\u1ebf truy\u1ec1n \u0111\u1ed9ng<\/strong>:<\/p>\n<ul data-start=\"332\" data-end=\"466\">\n<li data-start=\"332\" data-end=\"358\">\n<p data-start=\"334\" data-end=\"358\">C\u00f3 b\u1ed9 truy\u1ec1n \u0111\u1ed9ng \u0111i\u1ec7n<\/p>\n<\/li>\n<li data-start=\"361\" data-end=\"376\">\n<p data-start=\"363\" data-end=\"376\">C\u00f3 tay quay<\/p>\n<\/li>\n<li data-start=\"379\" data-end=\"391\">\n<p data-start=\"381\" data-end=\"391\">Th\u1ee7y l\u1ef1c<\/p>\n<\/li>\n<li data-start=\"394\" data-end=\"405\">\n<p data-start=\"396\" data-end=\"405\">Tay g\u1ea1t<\/p>\n<\/li>\n<li data-start=\"408\" data-end=\"437\">\n<p data-start=\"410\" data-end=\"437\">C\u00f3 b\u1ed9 truy\u1ec1n \u0111\u1ed9ng kh\u00ed n\u00e9n<\/p>\n<\/li>\n<li data-start=\"440\" data-end=\"466\">\n<p data-start=\"442\" data-end=\"466\">Kh\u00f4ng c\u00f3 (truy\u1ec1n \u0111\u1ed9ng)<\/p>\n<\/li>\n<\/ul>\n<\/li>\n<li data-start=\"467\" data-end=\"563\">\n<p data-start=\"469\" data-end=\"496\"><strong data-start=\"469\" data-end=\"493\">V\u1eadt li\u1ec7u v\u1ecf th\u1ee7y l\u1ef1c<\/strong>:<\/p>\n<ul data-start=\"499\" data-end=\"563\">\n<li data-start=\"499\" data-end=\"515\">\n<p data-start=\"501\" data-end=\"515\">A351 GR CF8M<\/p>\n<\/li>\n<li data-start=\"518\" data-end=\"535\">\n<p data-start=\"520\" data-end=\"535\">SA216M GR WCC<\/p>\n<\/li>\n<li data-start=\"538\" data-end=\"563\">\n<p data-start=\"540\" data-end=\"563\">1.4409 \/ A351 GR CF3M<\/p>\n<\/li>\n<\/ul>\n<\/li>\n<li data-start=\"564\" data-end=\"644\">\n<p data-start=\"566\" data-end=\"606\"><strong data-start=\"566\" data-end=\"603\">\u00c1p su\u1ea5t danh \u0111\u1ecbnh c\u1ee7a v\u1ecf th\u1ee7y l\u1ef1c<\/strong>:<\/p>\n<ul data-start=\"609\" data-end=\"644\">\n<li data-start=\"609\" data-end=\"619\">\n<p data-start=\"611\" data-end=\"619\">CL 150<\/p>\n<\/li>\n<li data-start=\"622\" data-end=\"632\">\n<p data-start=\"624\" data-end=\"632\">CL 300<\/p>\n<\/li>\n<li data-start=\"635\" data-end=\"644\">\n<p data-start=\"637\" data-end=\"644\">PN 25<\/p>\n<\/li>\n<\/ul>\n<\/li>\n<li data-start=\"645\" data-end=\"699\">\n<p data-start=\"647\" data-end=\"699\"><strong data-start=\"647\" data-end=\"689\">K\u00edch th\u01b0\u1edbc danh \u0111\u1ecbnh l\u1edbn nh\u1ea5t theo TSG<\/strong>: DN 600<\/p>\n<\/li>\n<li data-start=\"700\" data-end=\"753\">\n<p data-start=\"702\" data-end=\"753\"><strong data-start=\"702\" data-end=\"744\">K\u00edch th\u01b0\u1edbc danh \u0111\u1ecbnh nh\u1ecf nh\u1ea5t theo TSG<\/strong>: DN 50<\/p>\n<\/li>\n<li data-start=\"754\" data-end=\"813\">\n<p data-start=\"756\" data-end=\"813\"><strong data-start=\"756\" data-end=\"803\">Nhi\u1ec7t \u0111\u1ed9 ch\u1ea5t l\u1ecfng cho ph\u00e9p t\u1ed1i \u0111a theo TSG<\/strong>: 260 \u00b0C<\/p>\n<\/li>\n<li data-start=\"814\" data-end=\"876\">\n<p data-start=\"816\" data-end=\"876\"><strong data-start=\"816\" data-end=\"866\">Nhi\u1ec7t \u0111\u1ed9 ch\u1ea5t l\u1ecfng cho ph\u00e9p t\u1ed1i thi\u1ec3u theo TSG<\/strong>: -50 \u00b0C<\/p>\n<\/li>\n<li data-start=\"877\" data-end=\"998\">\n<p data-start=\"879\" data-end=\"899\"><strong data-start=\"879\" data-end=\"896\">Lo\u1ea1i th\u00e2n van<\/strong>:<\/p>\n<ul data-start=\"902\" data-end=\"998\">\n<li data-start=\"902\" data-end=\"921\">\n<p data-start=\"904\" data-end=\"921\">Th\u00e2n ki\u1ec3u wafer<\/p>\n<\/li>\n<li data-start=\"924\" data-end=\"958\">\n<p data-start=\"926\" data-end=\"958\">Ki\u1ec3u full-lug, m\u1eb7t b\u00edch g\u1edd n\u1ed5i<\/p>\n<\/li>\n<li data-start=\"961\" data-end=\"998\">\n<p data-start=\"963\" data-end=\"998\">Th\u00e2n c\u00f3 m\u1eb7t b\u00edch, m\u1eb7t b\u00edch g\u1edd n\u1ed5i<\/p>\n<\/li>\n<\/ul>\n<\/li>\n<\/ul>","protected":false},"excerpt":{"rendered":"<p data-start=\"80\" data-end=\"100\"><strong data-start=\"80\" data-end=\"98\">\u1ee8ng d\u1ee5ng ch\u00ednh<\/strong><\/p>\n<ul data-start=\"101\" data-end=\"217\">\n<li data-start=\"101\" data-end=\"126\">\n<p data-start=\"103\" data-end=\"126\">Nh\u00e0 m\u00e1y \u0111i\u1ec7n h\u1ea1t nh\u00e2n<\/p>\n<\/li>\n<li data-start=\"127\" data-end=\"154\">\n<p data-start=\"129\" data-end=\"154\">H\u1ec7 th\u1ed1ng s\u01b0\u1edfi n\u01b0\u1edbc n\u00f3ng<\/p>\n<\/li>\n<li data-start=\"155\" data-end=\"185\">\n<p data-start=\"157\" data-end=\"185\">Ng\u00e0nh c\u00f4ng nghi\u1ec7p h\u00f3a ch\u1ea5t<\/p>\n<\/li>\n<li data-start=\"186\" data-end=\"217\">\n<p data-start=\"188\" data-end=\"217\">H\u1ec7 th\u1ed1ng \u0111i\u1ec1u h\u00f2a kh\u00f4ng kh\u00ed<\/p>\n<\/li>\n<\/ul>\n<p data-start=\"249\" data-end=\"272\"><strong data-start=\"249\" data-end=\"270\">Th\u00f4ng s\u1ed1 k\u1ef9 thu\u1eadt<\/strong><\/p>\n<ul data-start=\"273\" data-end=\"440\">\n<li data-start=\"273\" data-end=\"333\">\n<p data-start=\"275\" data-end=\"333\">\u00c1p su\u1ea5t danh \u0111\u1ecbnh c\u1ee7a v\u1ecf th\u1ee7y l\u1ef1c: CL 150, CL 300, PN 25<\/p>\n<\/li>\n<li data-start=\"334\" data-end=\"384\">\n<p data-start=\"336\" data-end=\"384\">K\u00edch th\u01b0\u1edbc danh \u0111\u1ecbnh l\u1edbn nh\u1ea5t theo TSG: DN 600<\/p>\n<\/li>\n<li data-start=\"385\" data-end=\"440\">\n<p data-start=\"387\" data-end=\"440\">Nhi\u1ec7t \u0111\u1ed9 ch\u1ea5t l\u1ecfng cho ph\u00e9p t\u1ed1i \u0111a theo TSG: 260 \u00b0C<\/p>\n<\/li>\n<\/ul>","protected":false},"featured_media":2262,"comment_status":"open","ping_status":"closed","template":"","meta":{"_acf_changed":false,"inline_featured_image":false},"thuong-hieu":[93],"product_brand":[],"product_cat":[16,19],"product_tag":[462],"class_list":{"0":"post-2261","1":"product","2":"type-product","3":"status-publish","4":"has-post-thumbnail","6":"thuong-hieu-ksb","7":"product_cat-van-cong-nghiep","8":"product_cat-van-buom","9":"product_tag-van-buom-danais-mt-ii","11":"first","12":"instock","13":"shipping-taxable","14":"product-type-simple"},"acf":[],"_links":{"self":[{"href":"https:\/\/sieuthivan.vn\/en\/wp-json\/wp\/v2\/product\/2261","targetHints":{"allow":["GET"]}}],"collection":[{"href":"https:\/\/sieuthivan.vn\/en\/wp-json\/wp\/v2\/product"}],"about":[{"href":"https:\/\/sieuthivan.vn\/en\/wp-json\/wp\/v2\/types\/product"}],"replies":[{"embeddable":true,"href":"https:\/\/sieuthivan.vn\/en\/wp-json\/wp\/v2\/comments?post=2261"}],"wp:featuredmedia":[{"embeddable":true,"href":"https:\/\/sieuthivan.vn\/en\/wp-json\/wp\/v2\/media\/2262"}],"wp:attachment":[{"href":"https:\/\/sieuthivan.vn\/en\/wp-json\/wp\/v2\/media?parent=2261"}],"wp:term":[{"taxonomy":"thuong-hieu","embeddable":true,"href":"https:\/\/sieuthivan.vn\/en\/wp-json\/wp\/v2\/thuong-hieu?post=2261"},{"taxonomy":"product_brand","embeddable":true,"href":"https:\/\/sieuthivan.vn\/en\/wp-json\/wp\/v2\/product_brand?post=2261"},{"taxonomy":"product_cat","embeddable":true,"href":"https:\/\/sieuthivan.vn\/en\/wp-json\/wp\/v2\/product_cat?post=2261"},{"taxonomy":"product_tag","embeddable":true,"href":"https:\/\/sieuthivan.vn\/en\/wp-json\/wp\/v2\/product_tag?post=2261"}],"curies":[{"name":"wp","href":"https:\/\/api.w.org\/{rel}","templated":true}]}}