{"id":2257,"date":"2025-05-23T14:08:23","date_gmt":"2025-05-23T07:08:23","guid":{"rendered":"https:\/\/sieuthivan.vn\/?post_type=product&#038;p=2257"},"modified":"2025-05-29T08:53:56","modified_gmt":"2025-05-29T01:53:56","slug":"van-buom-danais-cryo","status":"publish","type":"product","link":"https:\/\/sieuthivan.vn\/en\/product\/van-buom-danais-cryo\/","title":{"rendered":"Van b\u01b0\u1edbm DANA\u00cfS CRYO"},"content":{"rendered":"<p>Van b\u01b0\u1edbm l\u1ec7ch \u0111\u00f4i d\u00f9ng cho c\u00e1c \u1ee9ng d\u1ee5ng nhi\u1ec7t \u0111\u1ed9 c\u1ef1c th\u1ea5p; th\u00e2n c\u00f3 \u0111\u1ea7u b\u00edch (T7) v\u1edbi m\u1eb7t n\u00e2ng l\u00ean ho\u1eb7c th\u00e2n c\u00f3 \u0111\u1ea7u h\u00e0n \u0111\u1ed1i \u0111\u1ea7u l\u00e0m b\u1eb1ng th\u00e9p kh\u00f4ng g\u1ec9 theo ti\u00eau chu\u1ea9n ASME Class 150, JIS, thi\u1ebft k\u1ebf an to\u00e0n ch\u1ed1ng ch\u00e1y.<\/p>\n<p data-start=\"119\" data-end=\"140\"><strong data-start=\"119\" data-end=\"140\">Th\u00f4ng s\u1ed1 k\u1ef9 thu\u1eadt<\/strong><\/p>\n<ul data-start=\"142\" data-end=\"918\">\n<li data-start=\"142\" data-end=\"198\">\n<p data-start=\"144\" data-end=\"198\"><strong data-start=\"144\" data-end=\"165\">Ch\u1ee9c n\u0103ng b\u1ed9 ph\u1eadn<\/strong>: \u0110\u00f3ng ng\u1eaft\/\u0111i\u1ec1u ti\u1ebft d\u00f2ng ch\u1ea3y<\/p>\n<\/li>\n<li data-start=\"199\" data-end=\"282\">\n<p data-start=\"201\" data-end=\"228\"><strong data-start=\"201\" data-end=\"225\">Lo\u1ea1i k\u1ebft n\u1ed1i \u0111\u1ea7u v\u00e0o<\/strong>:<\/p>\n<ul data-start=\"231\" data-end=\"282\">\n<li data-start=\"231\" data-end=\"260\">\n<p data-start=\"233\" data-end=\"260\">L\u1eafp \u0111\u1eb7t gi\u1eefa c\u00e1c m\u1eb7t b\u00edch<\/p>\n<\/li>\n<li data-start=\"263\" data-end=\"282\">\n<p data-start=\"265\" data-end=\"282\">\u0110\u1ea7u h\u00e0n \u0111\u1ed1i \u0111\u1ea7u<\/p>\n<\/li>\n<\/ul>\n<\/li>\n<li data-start=\"283\" data-end=\"435\">\n<p data-start=\"285\" data-end=\"312\"><strong data-start=\"285\" data-end=\"309\">Thi\u1ebft k\u1ebf truy\u1ec1n \u0111\u1ed9ng<\/strong>:<\/p>\n<ul data-start=\"315\" data-end=\"435\">\n<li data-start=\"315\" data-end=\"341\">\n<p data-start=\"317\" data-end=\"341\">C\u00f3 b\u1ed9 truy\u1ec1n \u0111\u1ed9ng \u0111i\u1ec7n<\/p>\n<\/li>\n<li data-start=\"344\" data-end=\"359\">\n<p data-start=\"346\" data-end=\"359\">C\u00f3 tay quay<\/p>\n<\/li>\n<li data-start=\"362\" data-end=\"374\">\n<p data-start=\"364\" data-end=\"374\">Th\u1ee7y l\u1ef1c<\/p>\n<\/li>\n<li data-start=\"377\" data-end=\"406\">\n<p data-start=\"379\" data-end=\"406\">C\u00f3 b\u1ed9 truy\u1ec1n \u0111\u1ed9ng kh\u00ed n\u00e9n<\/p>\n<\/li>\n<li data-start=\"409\" data-end=\"435\">\n<p data-start=\"411\" data-end=\"435\">Kh\u00f4ng c\u00f3 (truy\u1ec1n \u0111\u1ed9ng)<\/p>\n<\/li>\n<\/ul>\n<\/li>\n<li data-start=\"436\" data-end=\"521\">\n<p data-start=\"438\" data-end=\"465\"><strong data-start=\"438\" data-end=\"462\">V\u1eadt li\u1ec7u v\u1ecf th\u1ee7y l\u1ef1c<\/strong>:<\/p>\n<ul data-start=\"468\" data-end=\"521\">\n<li data-start=\"468\" data-end=\"493\">\n<p data-start=\"470\" data-end=\"493\">1.4408 \/ A351 GR CF8M<\/p>\n<\/li>\n<li data-start=\"496\" data-end=\"521\">\n<p data-start=\"498\" data-end=\"521\">1.4409 \/ A351 GR CF3M<\/p>\n<\/li>\n<\/ul>\n<\/li>\n<li data-start=\"522\" data-end=\"571\">\n<p data-start=\"524\" data-end=\"571\"><strong data-start=\"524\" data-end=\"561\">\u00c1p su\u1ea5t danh \u0111\u1ecbnh c\u1ee7a v\u1ecf th\u1ee7y l\u1ef1c<\/strong>: CL 150<\/p>\n<\/li>\n<li data-start=\"572\" data-end=\"627\">\n<p data-start=\"574\" data-end=\"627\"><strong data-start=\"574\" data-end=\"616\">K\u00edch th\u01b0\u1edbc danh \u0111\u1ecbnh l\u1edbn nh\u1ea5t theo TSG<\/strong>: DN 1400<\/p>\n<\/li>\n<li data-start=\"628\" data-end=\"681\">\n<p data-start=\"630\" data-end=\"681\"><strong data-start=\"630\" data-end=\"672\">K\u00edch th\u01b0\u1edbc danh \u0111\u1ecbnh nh\u1ecf nh\u1ea5t theo TSG<\/strong>: DN 80<\/p>\n<\/li>\n<li data-start=\"682\" data-end=\"741\">\n<p data-start=\"684\" data-end=\"741\"><strong data-start=\"684\" data-end=\"731\">Nhi\u1ec7t \u0111\u1ed9 ch\u1ea5t l\u1ecfng cho ph\u00e9p t\u1ed1i \u0111a theo TSG<\/strong>: 200 \u00b0C<\/p>\n<\/li>\n<li data-start=\"742\" data-end=\"805\">\n<p data-start=\"744\" data-end=\"805\"><strong data-start=\"744\" data-end=\"794\">Nhi\u1ec7t \u0111\u1ed9 ch\u1ea5t l\u1ecfng cho ph\u00e9p t\u1ed1i thi\u1ec3u theo TSG<\/strong>: -253 \u00b0C<\/p>\n<\/li>\n<li data-start=\"806\" data-end=\"918\">\n<p data-start=\"808\" data-end=\"828\"><strong data-start=\"808\" data-end=\"825\">Lo\u1ea1i th\u00e2n van<\/strong>:<\/p>\n<ul data-start=\"831\" data-end=\"918\">\n<li data-start=\"831\" data-end=\"869\">\n<p data-start=\"833\" data-end=\"869\">Th\u00e2n h\u00e0n \u0111\u1ed1i \u0111\u1ea7u ki\u1ec3u v\u00e0o b\u00ean h\u00f4ng<\/p>\n<\/li>\n<li data-start=\"872\" data-end=\"918\">\n<p data-start=\"874\" data-end=\"918\">Th\u00e2n c\u00f3 m\u1eb7t b\u00edch, m\u1eb7t ti\u1ebfp x\u00fac d\u1ea1ng g\u1edd n\u1ed5i<\/p>\n<\/li>\n<\/ul>\n<\/li>\n<\/ul>","protected":false},"excerpt":{"rendered":"<p data-start=\"80\" data-end=\"100\"><strong data-start=\"80\" data-end=\"98\">\u1ee8ng d\u1ee5ng ch\u00ednh<\/strong><\/p>\n<ul data-start=\"101\" data-end=\"202\">\n<li data-start=\"101\" data-end=\"145\">\n<p data-start=\"103\" data-end=\"145\">Quy tr\u00ecnh kh\u00ed thi\u00ean nhi\u00ean h\u00f3a l\u1ecfng (LNG)<\/p>\n<\/li>\n<li data-start=\"146\" data-end=\"158\">\n<p data-start=\"148\" data-end=\"158\">\u0110\u00f3ng t\u00e0u<\/p>\n<\/li>\n<li data-start=\"159\" data-end=\"180\">\n<p data-start=\"161\" data-end=\"180\">\u0110\u01b0\u1eddng \u1ed1ng d\u1eabn kh\u00ed<\/p>\n<\/li>\n<li data-start=\"181\" data-end=\"202\">\n<p data-start=\"183\" data-end=\"202\">C\u01a1 s\u1edf l\u01b0u tr\u1eef kh\u00ed<\/p>\n<\/li>\n<\/ul>\n<p data-start=\"234\" data-end=\"257\"><strong data-start=\"234\" data-end=\"255\">Th\u00f4ng s\u1ed1 k\u1ef9 thu\u1eadt<\/strong><\/p>\n<ul data-start=\"258\" data-end=\"411\">\n<li data-start=\"258\" data-end=\"303\">\n<p data-start=\"260\" data-end=\"303\">\u00c1p su\u1ea5t danh \u0111\u1ecbnh c\u1ee7a v\u1ecf th\u1ee7y l\u1ef1c: CL 150<\/p>\n<\/li>\n<li data-start=\"304\" data-end=\"355\">\n<p data-start=\"306\" data-end=\"355\">K\u00edch th\u01b0\u1edbc danh \u0111\u1ecbnh l\u1edbn nh\u1ea5t theo TSG: DN 1400<\/p>\n<\/li>\n<li data-start=\"356\" data-end=\"411\">\n<p data-start=\"358\" data-end=\"411\">Nhi\u1ec7t \u0111\u1ed9 ch\u1ea5t l\u1ecfng cho ph\u00e9p t\u1ed1i \u0111a theo TSG: 200 \u00b0C<\/p>\n<\/li>\n<\/ul>","protected":false},"featured_media":2258,"comment_status":"open","ping_status":"closed","template":"","meta":{"_acf_changed":false,"inline_featured_image":false},"thuong-hieu":[93],"product_brand":[],"product_cat":[16,19],"product_tag":[460],"class_list":{"0":"post-2257","1":"product","2":"type-product","3":"status-publish","4":"has-post-thumbnail","6":"thuong-hieu-ksb","7":"product_cat-van-cong-nghiep","8":"product_cat-van-buom","9":"product_tag-van-buom-danais-cryo","11":"first","12":"instock","13":"shipping-taxable","14":"product-type-simple"},"acf":[],"_links":{"self":[{"href":"https:\/\/sieuthivan.vn\/en\/wp-json\/wp\/v2\/product\/2257","targetHints":{"allow":["GET"]}}],"collection":[{"href":"https:\/\/sieuthivan.vn\/en\/wp-json\/wp\/v2\/product"}],"about":[{"href":"https:\/\/sieuthivan.vn\/en\/wp-json\/wp\/v2\/types\/product"}],"replies":[{"embeddable":true,"href":"https:\/\/sieuthivan.vn\/en\/wp-json\/wp\/v2\/comments?post=2257"}],"wp:featuredmedia":[{"embeddable":true,"href":"https:\/\/sieuthivan.vn\/en\/wp-json\/wp\/v2\/media\/2258"}],"wp:attachment":[{"href":"https:\/\/sieuthivan.vn\/en\/wp-json\/wp\/v2\/media?parent=2257"}],"wp:term":[{"taxonomy":"thuong-hieu","embeddable":true,"href":"https:\/\/sieuthivan.vn\/en\/wp-json\/wp\/v2\/thuong-hieu?post=2257"},{"taxonomy":"product_brand","embeddable":true,"href":"https:\/\/sieuthivan.vn\/en\/wp-json\/wp\/v2\/product_brand?post=2257"},{"taxonomy":"product_cat","embeddable":true,"href":"https:\/\/sieuthivan.vn\/en\/wp-json\/wp\/v2\/product_cat?post=2257"},{"taxonomy":"product_tag","embeddable":true,"href":"https:\/\/sieuthivan.vn\/en\/wp-json\/wp\/v2\/product_tag?post=2257"}],"curies":[{"name":"wp","href":"https:\/\/api.w.org\/{rel}","templated":true}]}}