{"id":2255,"date":"2025-05-23T14:01:15","date_gmt":"2025-05-23T07:01:15","guid":{"rendered":"https:\/\/sieuthivan.vn\/?post_type=product&#038;p=2255"},"modified":"2025-05-29T08:45:31","modified_gmt":"2025-05-29T01:45:31","slug":"van-buom-danais-150","status":"publish","type":"product","link":"https:\/\/sieuthivan.vn\/en\/product\/van-buom-danais-150\/","title":{"rendered":"Van b\u01b0\u1edbm DANA\u00cfS 150"},"content":{"rendered":"<p>Van b\u01b0\u1edbm l\u1ec7ch k\u00e9p v\u1edbi \u0111\u1ea7u tr\u1ee5c vu\u00f4ng tu\u00e2n th\u1ee7 ISO 5211, v\u1edbi \u0111\u1ebf plastomer (c\u0169ng c\u00f3 thi\u1ebft k\u1ebf an to\u00e0n ch\u00e1y n\u1ed5), \u0111\u1ebf kim lo\u1ea1i ho\u1eb7c \u0111\u1ebf elastomer (FKM [VITON R] ho\u1eb7c NBR [nitrile]). H\u1ed9p s\u1ed1 tay ho\u1eb7c \u0111\u00f2n b\u1ea9y, b\u1ed9 truy\u1ec1n \u0111\u1ed9ng kh\u00ed n\u00e9n, \u0111i\u1ec7n ho\u1eb7c th\u1ee7y l\u1ef1c. Th\u00e2n l\u00e0m b\u1eb1ng gang c\u1ea7u, th\u00e9p \u0111\u00fac, th\u00e9p kh\u00f4ng g\u1ec9 ho\u1eb7c th\u00e9p kh\u00f4ng g\u1ec9 k\u00e9p (254 SMO). Th\u00e2n d\u1ea1ng wafer (T1), th\u00e2n d\u1ea1ng to\u00e0n b\u1ed9 (T4), T4 th\u00edch h\u1ee3p \u0111\u1ec3 th\u00e1o d\u1ee1 h\u1ea1 l\u01b0u v\u00e0 d\u1ecbch v\u1ee5 ng\u00f5 c\u1ee5t v\u1edbi m\u1eb7t b\u00edch \u0111\u1ed1i di\u1ec7n. K\u1ebft n\u1ed1i v\u1edbi EN, ASME ho\u1eb7c JIS. Thi\u1ebft k\u1ebf an to\u00e0n ch\u00e1y n\u1ed5 \u0111\u00e3 \u0111\u01b0\u1ee3c th\u1eed nghi\u1ec7m v\u00e0 ch\u1ee9ng nh\u1eadn theo API 607. Hi\u1ec7u su\u1ea5t ph\u00e1t th\u1ea3i tho\u00e1ng qua \u0111\u00e3 \u0111\u01b0\u1ee3c th\u1eed nghi\u1ec7m v\u00e0 ch\u1ee9ng nh\u1eadn theo EN ISO 15848-1. Phi\u00ean b\u1ea3n tu\u00e2n th\u1ee7 ATEX theo Ch\u1ec9 th\u1ecb 2014\/34\/EU.<\/p>\n<p data-start=\"90\" data-end=\"111\"><strong data-start=\"90\" data-end=\"111\">Th\u00f4ng s\u1ed1 k\u1ef9 thu\u1eadt<\/strong><\/p>\n<ul data-start=\"113\" data-end=\"1084\">\n<li data-start=\"113\" data-end=\"169\">\n<p data-start=\"115\" data-end=\"169\"><strong data-start=\"115\" data-end=\"136\">Ch\u1ee9c n\u0103ng b\u1ed9 ph\u1eadn<\/strong>: \u0110\u00f3ng ng\u1eaft\/\u0111i\u1ec1u ti\u1ebft d\u00f2ng ch\u1ea3y<\/p>\n<\/li>\n<li data-start=\"170\" data-end=\"255\">\n<p data-start=\"172\" data-end=\"199\"><strong data-start=\"172\" data-end=\"196\">Lo\u1ea1i k\u1ebft n\u1ed1i \u0111\u1ea7u v\u00e0o<\/strong>:<\/p>\n<ul data-start=\"202\" data-end=\"255\">\n<li data-start=\"202\" data-end=\"231\">\n<p data-start=\"204\" data-end=\"231\">L\u1eafp \u0111\u1eb7t gi\u1eefa c\u00e1c m\u1eb7t b\u00edch<\/p>\n<\/li>\n<li data-start=\"234\" data-end=\"255\">\n<p data-start=\"236\" data-end=\"255\">K\u1ebft n\u1ed1i ren ngo\u00e0i<\/p>\n<\/li>\n<\/ul>\n<\/li>\n<li data-start=\"256\" data-end=\"378\">\n<p data-start=\"258\" data-end=\"285\"><strong data-start=\"258\" data-end=\"282\">Thi\u1ebft k\u1ebf truy\u1ec1n \u0111\u1ed9ng<\/strong>:<\/p>\n<ul data-start=\"288\" data-end=\"378\">\n<li data-start=\"288\" data-end=\"299\">\n<p data-start=\"290\" data-end=\"299\">Tay g\u1ea1t<\/p>\n<\/li>\n<li data-start=\"302\" data-end=\"328\">\n<p data-start=\"304\" data-end=\"328\">C\u00f3 b\u1ed9 truy\u1ec1n \u0111\u1ed9ng \u0111i\u1ec7n<\/p>\n<\/li>\n<li data-start=\"331\" data-end=\"346\">\n<p data-start=\"333\" data-end=\"346\">C\u00f3 tay quay<\/p>\n<\/li>\n<li data-start=\"349\" data-end=\"378\">\n<p data-start=\"351\" data-end=\"378\">C\u00f3 b\u1ed9 truy\u1ec1n \u0111\u1ed9ng kh\u00ed n\u00e9n<\/p>\n<\/li>\n<\/ul>\n<\/li>\n<li data-start=\"379\" data-end=\"418\">\n<p data-start=\"381\" data-end=\"418\"><strong data-start=\"381\" data-end=\"402\">T\u1ea7n s\u1ed1 ngu\u1ed3n \u0111i\u1ec7n<\/strong>: 50 Hz, 60 Hz<\/p>\n<\/li>\n<li data-start=\"419\" data-end=\"532\">\n<p data-start=\"421\" data-end=\"532\"><strong data-start=\"421\" data-end=\"438\">\u0110i\u1ec7n \u00e1p ngu\u1ed3n<\/strong>:<br data-start=\"439\" data-end=\"442\" \/>115 V, 220 V, 230 V, 380 V, 400 V, 415 V,<br data-start=\"485\" data-end=\"488\" \/>440 V, 460 V, 480 V, 500 V, 575 V, 660 V<\/p>\n<\/li>\n<li data-start=\"533\" data-end=\"677\">\n<p data-start=\"535\" data-end=\"562\"><strong data-start=\"535\" data-end=\"559\">V\u1eadt li\u1ec7u v\u1ecf th\u1ee7y l\u1ef1c<\/strong>:<\/p>\n<ul data-start=\"565\" data-end=\"677\">\n<li data-start=\"565\" data-end=\"598\">\n<p data-start=\"567\" data-end=\"598\">A351 GR CK3MCUN \/ A479 S31254<\/p>\n<\/li>\n<li data-start=\"601\" data-end=\"617\">\n<p data-start=\"603\" data-end=\"617\">A351 GR CF8M<\/p>\n<\/li>\n<li data-start=\"620\" data-end=\"636\">\n<p data-start=\"622\" data-end=\"636\">A351 GR CF3M<\/p>\n<\/li>\n<li data-start=\"639\" data-end=\"659\">\n<p data-start=\"641\" data-end=\"659\">A536 GR 60-40-18<\/p>\n<\/li>\n<li data-start=\"662\" data-end=\"677\">\n<p data-start=\"664\" data-end=\"677\">A216 GR WCC<\/p>\n<\/li>\n<\/ul>\n<\/li>\n<li data-start=\"678\" data-end=\"769\">\n<p data-start=\"680\" data-end=\"720\"><strong data-start=\"680\" data-end=\"717\">\u00c1p su\u1ea5t danh \u0111\u1ecbnh c\u1ee7a v\u1ecf th\u1ee7y l\u1ef1c<\/strong>:<\/p>\n<ul data-start=\"723\" data-end=\"769\">\n<li data-start=\"723\" data-end=\"733\">\n<p data-start=\"725\" data-end=\"733\">CL 150<\/p>\n<\/li>\n<li data-start=\"736\" data-end=\"745\">\n<p data-start=\"738\" data-end=\"745\">PN 10<\/p>\n<\/li>\n<li data-start=\"748\" data-end=\"757\">\n<p data-start=\"750\" data-end=\"757\">PN 16<\/p>\n<\/li>\n<li data-start=\"760\" data-end=\"769\">\n<p data-start=\"762\" data-end=\"769\">PN 25<\/p>\n<\/li>\n<\/ul>\n<\/li>\n<li data-start=\"770\" data-end=\"825\">\n<p data-start=\"772\" data-end=\"825\"><strong data-start=\"772\" data-end=\"814\">K\u00edch th\u01b0\u1edbc danh \u0111\u1ecbnh l\u1edbn nh\u1ea5t theo TSG<\/strong>: DN 1200<\/p>\n<\/li>\n<li data-start=\"826\" data-end=\"879\">\n<p data-start=\"828\" data-end=\"879\"><strong data-start=\"828\" data-end=\"870\">K\u00edch th\u01b0\u1edbc danh \u0111\u1ecbnh nh\u1ecf nh\u1ea5t theo TSG<\/strong>: DN 50<\/p>\n<\/li>\n<li data-start=\"880\" data-end=\"939\">\n<p data-start=\"882\" data-end=\"939\"><strong data-start=\"882\" data-end=\"929\">Nhi\u1ec7t \u0111\u1ed9 ch\u1ea5t l\u1ecfng cho ph\u00e9p t\u1ed1i \u0111a theo TSG<\/strong>: 260 \u00b0C<\/p>\n<\/li>\n<li data-start=\"940\" data-end=\"1002\">\n<p data-start=\"942\" data-end=\"1002\"><strong data-start=\"942\" data-end=\"992\">Nhi\u1ec7t \u0111\u1ed9 ch\u1ea5t l\u1ecfng cho ph\u00e9p t\u1ed1i thi\u1ec3u theo TSG<\/strong>: -50 \u00b0C<\/p>\n<\/li>\n<li data-start=\"1003\" data-end=\"1084\">\n<p data-start=\"1005\" data-end=\"1025\"><strong data-start=\"1005\" data-end=\"1022\">Lo\u1ea1i th\u00e2n van<\/strong>:<\/p>\n<ul data-start=\"1028\" data-end=\"1084\">\n<li data-start=\"1028\" data-end=\"1047\">\n<p data-start=\"1030\" data-end=\"1047\">Th\u00e2n ki\u1ec3u wafer<\/p>\n<\/li>\n<li data-start=\"1050\" data-end=\"1084\">\n<p data-start=\"1052\" data-end=\"1084\">Ki\u1ec3u full-lug, m\u1eb7t b\u00edch g\u1edd n\u1ed5i<\/p>\n<\/li>\n<\/ul>\n<\/li>\n<\/ul>\n<p>&nbsp;<\/p>\n<p>&nbsp;<\/p>","protected":false},"excerpt":{"rendered":"<p data-start=\"80\" data-end=\"100\"><strong data-start=\"80\" data-end=\"98\">\u1ee8ng d\u1ee5ng ch\u00ednh<\/strong><\/p>\n<ul data-start=\"101\" data-end=\"241\">\n<li data-start=\"101\" data-end=\"133\">\n<p data-start=\"103\" data-end=\"133\">H\u1ec7 th\u1ed1ng s\u01b0\u1edfi b\u1eb1ng n\u01b0\u1edbc n\u00f3ng<\/p>\n<\/li>\n<li data-start=\"134\" data-end=\"178\">\n<p data-start=\"136\" data-end=\"178\">H\u1ec7 th\u1ed1ng s\u01b0\u1edfi khu v\u1ef1c (district heating)<\/p>\n<\/li>\n<li data-start=\"179\" data-end=\"209\">\n<p data-start=\"181\" data-end=\"209\">Ng\u00e0nh c\u00f4ng nghi\u1ec7p h\u00f3a ch\u1ea5t<\/p>\n<\/li>\n<li data-start=\"210\" data-end=\"241\">\n<p data-start=\"212\" data-end=\"241\">H\u1ec7 th\u1ed1ng \u0111i\u1ec1u h\u00f2a kh\u00f4ng kh\u00ed<\/p>\n<\/li>\n<\/ul>\n<p data-start=\"243\" data-end=\"271\"><strong data-start=\"243\" data-end=\"271\">Hi\u1ec3n th\u1ecb t\u1ea5t c\u1ea3 \u1ee9ng d\u1ee5ng<\/strong><\/p>\n<p data-start=\"273\" data-end=\"296\"><strong data-start=\"273\" data-end=\"294\">Th\u00f4ng s\u1ed1 k\u1ef9 thu\u1eadt<\/strong><\/p>\n<ul data-start=\"297\" data-end=\"471\">\n<li data-start=\"297\" data-end=\"363\">\n<p data-start=\"299\" data-end=\"363\">\u00c1p su\u1ea5t danh \u0111\u1ecbnh c\u1ee7a v\u1ecf th\u1ee7y l\u1ef1c: CL 150, PN 10, PN 16, PN 25<\/p>\n<\/li>\n<li data-start=\"364\" data-end=\"415\">\n<p data-start=\"366\" data-end=\"415\">K\u00edch th\u01b0\u1edbc danh \u0111\u1ecbnh l\u1edbn nh\u1ea5t theo TSG: DN 1200<\/p>\n<\/li>\n<li data-start=\"416\" data-end=\"471\">\n<p data-start=\"418\" data-end=\"471\">Nhi\u1ec7t \u0111\u1ed9 ch\u1ea5t l\u1ecfng cho ph\u00e9p t\u1ed1i \u0111a theo TSG: 260 \u00b0C<\/p>\n<\/li>\n<\/ul>","protected":false},"featured_media":2256,"comment_status":"open","ping_status":"closed","template":"","meta":{"_acf_changed":false,"inline_featured_image":false},"thuong-hieu":[93],"product_brand":[],"product_cat":[16,19],"product_tag":[459],"class_list":{"0":"post-2255","1":"product","2":"type-product","3":"status-publish","4":"has-post-thumbnail","6":"thuong-hieu-ksb","7":"product_cat-van-cong-nghiep","8":"product_cat-van-buom","9":"product_tag-van-buom-danais-150","11":"first","12":"instock","13":"shipping-taxable","14":"product-type-simple"},"acf":[],"_links":{"self":[{"href":"https:\/\/sieuthivan.vn\/en\/wp-json\/wp\/v2\/product\/2255","targetHints":{"allow":["GET"]}}],"collection":[{"href":"https:\/\/sieuthivan.vn\/en\/wp-json\/wp\/v2\/product"}],"about":[{"href":"https:\/\/sieuthivan.vn\/en\/wp-json\/wp\/v2\/types\/product"}],"replies":[{"embeddable":true,"href":"https:\/\/sieuthivan.vn\/en\/wp-json\/wp\/v2\/comments?post=2255"}],"wp:featuredmedia":[{"embeddable":true,"href":"https:\/\/sieuthivan.vn\/en\/wp-json\/wp\/v2\/media\/2256"}],"wp:attachment":[{"href":"https:\/\/sieuthivan.vn\/en\/wp-json\/wp\/v2\/media?parent=2255"}],"wp:term":[{"taxonomy":"thuong-hieu","embeddable":true,"href":"https:\/\/sieuthivan.vn\/en\/wp-json\/wp\/v2\/thuong-hieu?post=2255"},{"taxonomy":"product_brand","embeddable":true,"href":"https:\/\/sieuthivan.vn\/en\/wp-json\/wp\/v2\/product_brand?post=2255"},{"taxonomy":"product_cat","embeddable":true,"href":"https:\/\/sieuthivan.vn\/en\/wp-json\/wp\/v2\/product_cat?post=2255"},{"taxonomy":"product_tag","embeddable":true,"href":"https:\/\/sieuthivan.vn\/en\/wp-json\/wp\/v2\/product_tag?post=2255"}],"curies":[{"name":"wp","href":"https:\/\/api.w.org\/{rel}","templated":true}]}}