{"id":2253,"date":"2025-05-23T13:51:08","date_gmt":"2025-05-23T06:51:08","guid":{"rendered":"https:\/\/sieuthivan.vn\/?post_type=product&#038;p=2253"},"modified":"2025-05-29T16:18:27","modified_gmt":"2025-05-29T09:18:27","slug":"van-cau-conda-vsm","status":"publish","type":"product","link":"https:\/\/sieuthivan.vn\/en\/product\/van-cau-conda-vsm\/","title":{"rendered":"Van c\u1ea7u CONDA-VSM"},"content":{"rendered":"<p>Van ch\u1ecbu \u00e1p su\u1ea5t t\u00e1c \u0111\u1ed9ng tr\u1ef1c ti\u1ebfp theo ti\u00eau chu\u1ea9n DIN\/EN v\u1edbi \u0111\u1ea7u b\u00edch, th\u00e2n l\u00e0m b\u1eb1ng gang c\u1ea7u, \u0111\u0129a van, tr\u1ee5c v\u00e0 \u0111\u1ebf l\u00e0m b\u1eb1ng th\u00e9p kh\u00f4ng g\u1ec9.<\/p>\n<p data-start=\"90\" data-end=\"113\"><strong data-start=\"90\" data-end=\"111\">Th\u00f4ng s\u1ed1 k\u1ef9 thu\u1eadt<\/strong><\/p>\n<ul data-start=\"115\" data-end=\"641\">\n<li data-start=\"115\" data-end=\"171\">\n<p data-start=\"117\" data-end=\"171\"><strong data-start=\"117\" data-end=\"138\">Ch\u1ee9c n\u0103ng b\u1ed9 ph\u1eadn<\/strong>: \u0110\u00f3ng ng\u1eaft\/\u0111i\u1ec1u ti\u1ebft d\u00f2ng ch\u1ea3y<\/p>\n<\/li>\n<li data-start=\"172\" data-end=\"210\">\n<p data-start=\"174\" data-end=\"210\"><strong data-start=\"174\" data-end=\"198\">Lo\u1ea1i k\u1ebft n\u1ed1i \u0111\u1ea7u v\u00e0o<\/strong>: M\u1eb7t b\u00edch<\/p>\n<\/li>\n<li data-start=\"211\" data-end=\"273\">\n<p data-start=\"213\" data-end=\"273\"><strong data-start=\"213\" data-end=\"237\">V\u1eadt li\u1ec7u v\u1ecf th\u1ee7y l\u1ef1c<\/strong>: EN-GJS-450-10 \/ A536 GR 65-45-12<\/p>\n<\/li>\n<li data-start=\"274\" data-end=\"352\">\n<p data-start=\"276\" data-end=\"316\"><strong data-start=\"276\" data-end=\"313\">\u00c1p su\u1ea5t danh \u0111\u1ecbnh c\u1ee7a v\u1ecf th\u1ee7y l\u1ef1c<\/strong>:<\/p>\n<ul data-start=\"319\" data-end=\"352\">\n<li data-start=\"319\" data-end=\"328\">\n<p data-start=\"321\" data-end=\"328\">PN 16<\/p>\n<\/li>\n<li data-start=\"331\" data-end=\"340\">\n<p data-start=\"333\" data-end=\"340\">PN 25<\/p>\n<\/li>\n<li data-start=\"343\" data-end=\"352\">\n<p data-start=\"345\" data-end=\"352\">PN 40<\/p>\n<\/li>\n<\/ul>\n<\/li>\n<li data-start=\"353\" data-end=\"407\">\n<p data-start=\"355\" data-end=\"407\"><strong data-start=\"355\" data-end=\"397\">K\u00edch th\u01b0\u1edbc danh \u0111\u1ecbnh l\u1edbn nh\u1ea5t theo TSG<\/strong>: DN 150<\/p>\n<\/li>\n<li data-start=\"408\" data-end=\"461\">\n<p data-start=\"410\" data-end=\"461\"><strong data-start=\"410\" data-end=\"452\">K\u00edch th\u01b0\u1edbc danh \u0111\u1ecbnh nh\u1ecf nh\u1ea5t theo TSG<\/strong>: DN 50<\/p>\n<\/li>\n<li data-start=\"462\" data-end=\"520\">\n<p data-start=\"464\" data-end=\"520\"><strong data-start=\"464\" data-end=\"511\">Nhi\u1ec7t \u0111\u1ed9 ch\u1ea5t l\u1ecfng cho ph\u00e9p t\u1ed1i \u0111a theo TSG<\/strong>: 70 \u00b0C<\/p>\n<\/li>\n<li data-start=\"521\" data-end=\"583\">\n<p data-start=\"523\" data-end=\"583\"><strong data-start=\"523\" data-end=\"573\">Nhi\u1ec7t \u0111\u1ed9 ch\u1ea5t l\u1ecfng cho ph\u00e9p t\u1ed1i thi\u1ec3u theo TSG<\/strong>: -10 \u00b0C<\/p>\n<\/li>\n<li data-start=\"584\" data-end=\"641\">\n<p data-start=\"586\" data-end=\"641\"><strong data-start=\"586\" data-end=\"603\">Lo\u1ea1i th\u00e2n van<\/strong>: Van th\u1eb3ng v\u1edbi c\u00e1c \u0111\u1ea7u n\u1ed1i m\u1eb7t b\u00edch<\/p>\n<\/li>\n<\/ul>","protected":false},"excerpt":{"rendered":"<p data-start=\"80\" data-end=\"100\"><strong data-start=\"80\" data-end=\"98\">\u1ee8ng d\u1ee5ng ch\u00ednh<\/strong><\/p>\n<ul data-start=\"101\" data-end=\"174\">\n<li data-start=\"101\" data-end=\"128\">\n<p data-start=\"103\" data-end=\"128\">Cung c\u1ea5p n\u01b0\u1edbc sinh ho\u1ea1t<\/p>\n<\/li>\n<li data-start=\"129\" data-end=\"152\">\n<p data-start=\"131\" data-end=\"152\">H\u1ec7 th\u1ed1ng x\u1eed l\u00fd n\u01b0\u1edbc<\/p>\n<\/li>\n<li data-start=\"153\" data-end=\"174\">\n<p data-start=\"155\" data-end=\"174\">H\u1ec7 th\u1ed1ng c\u1ea5p n\u01b0\u1edbc<\/p>\n<\/li>\n<\/ul>\n<p data-start=\"176\" data-end=\"199\"><strong data-start=\"176\" data-end=\"197\">Th\u00f4ng s\u1ed1 k\u1ef9 thu\u1eadt<\/strong><\/p>\n<ul data-start=\"200\" data-end=\"364\">\n<li data-start=\"200\" data-end=\"258\">\n<p data-start=\"202\" data-end=\"258\">\u00c1p su\u1ea5t danh \u0111\u1ecbnh c\u1ee7a v\u1ecf th\u1ee7y l\u1ef1c: PN 16, PN 25, PN 40<\/p>\n<\/li>\n<li data-start=\"259\" data-end=\"309\">\n<p data-start=\"261\" data-end=\"309\">K\u00edch th\u01b0\u1edbc danh \u0111\u1ecbnh l\u1edbn nh\u1ea5t theo TSG: DN 150<\/p>\n<\/li>\n<li data-start=\"310\" data-end=\"364\">\n<p data-start=\"312\" data-end=\"364\">Nhi\u1ec7t \u0111\u1ed9 ch\u1ea5t l\u1ecfng cho ph\u00e9p t\u1ed1i \u0111a theo TSG: 70 \u00b0C<\/p>\n<\/li>\n<\/ul>","protected":false},"featured_media":2254,"comment_status":"open","ping_status":"closed","template":"","meta":{"_acf_changed":false,"inline_featured_image":false},"thuong-hieu":[93],"product_brand":[],"product_cat":[16,18],"product_tag":[458],"class_list":{"0":"post-2253","1":"product","2":"type-product","3":"status-publish","4":"has-post-thumbnail","6":"thuong-hieu-ksb","7":"product_cat-van-cong-nghiep","8":"product_cat-van-cau","9":"product_tag-van-cau-conda-vsm","11":"first","12":"instock","13":"shipping-taxable","14":"product-type-simple"},"acf":[],"_links":{"self":[{"href":"https:\/\/sieuthivan.vn\/en\/wp-json\/wp\/v2\/product\/2253","targetHints":{"allow":["GET"]}}],"collection":[{"href":"https:\/\/sieuthivan.vn\/en\/wp-json\/wp\/v2\/product"}],"about":[{"href":"https:\/\/sieuthivan.vn\/en\/wp-json\/wp\/v2\/types\/product"}],"replies":[{"embeddable":true,"href":"https:\/\/sieuthivan.vn\/en\/wp-json\/wp\/v2\/comments?post=2253"}],"wp:featuredmedia":[{"embeddable":true,"href":"https:\/\/sieuthivan.vn\/en\/wp-json\/wp\/v2\/media\/2254"}],"wp:attachment":[{"href":"https:\/\/sieuthivan.vn\/en\/wp-json\/wp\/v2\/media?parent=2253"}],"wp:term":[{"taxonomy":"thuong-hieu","embeddable":true,"href":"https:\/\/sieuthivan.vn\/en\/wp-json\/wp\/v2\/thuong-hieu?post=2253"},{"taxonomy":"product_brand","embeddable":true,"href":"https:\/\/sieuthivan.vn\/en\/wp-json\/wp\/v2\/product_brand?post=2253"},{"taxonomy":"product_cat","embeddable":true,"href":"https:\/\/sieuthivan.vn\/en\/wp-json\/wp\/v2\/product_cat?post=2253"},{"taxonomy":"product_tag","embeddable":true,"href":"https:\/\/sieuthivan.vn\/en\/wp-json\/wp\/v2\/product_tag?post=2253"}],"curies":[{"name":"wp","href":"https:\/\/api.w.org\/{rel}","templated":true}]}}