{"id":2251,"date":"2025-05-23T13:45:57","date_gmt":"2025-05-23T06:45:57","guid":{"rendered":"https:\/\/sieuthivan.vn\/?post_type=product&#038;p=2251"},"modified":"2025-05-29T16:01:22","modified_gmt":"2025-05-29T09:01:22","slug":"van-cau-conda-vrc","status":"publish","type":"product","link":"https:\/\/sieuthivan.vn\/en\/product\/van-cau-conda-vrc\/","title":{"rendered":"Van c\u1ea7u CONDA-VRC"},"content":{"rendered":"<p>Van gi\u1ea3m \u00e1p t\u00e1c \u0111\u1ed9ng tr\u1ef1c ti\u1ebfp theo ti\u00eau chu\u1ea9n DIN\/EN v\u1edbi \u0111\u1ea7u b\u00edch (DN 50-150) ho\u1eb7c \u0111\u1ea7u ren (DN 15-50), th\u00e2n l\u00e0m b\u1eb1ng gang c\u1ea7u; \u0111\u0129a van, th\u00e2n v\u00e0 \u0111\u1ebf l\u00e0m b\u1eb1ng th\u00e9p kh\u00f4ng g\u1ec9.<\/p>\n<p data-start=\"90\" data-end=\"113\"><strong data-start=\"90\" data-end=\"111\">Th\u00f4ng s\u1ed1 k\u1ef9 thu\u1eadt<\/strong><\/p>\n<ul data-start=\"115\" data-end=\"722\">\n<li data-start=\"115\" data-end=\"175\">\n<p data-start=\"117\" data-end=\"175\"><strong data-start=\"117\" data-end=\"142\">Ch\u1ee9c n\u0103ng c\u1ee7a b\u1ed9 ph\u1eadn<\/strong>: \u0110\u00f3ng ng\u1eaft\/\u0111i\u1ec1u ti\u1ebft d\u00f2ng ch\u1ea3y<\/p>\n<\/li>\n<li data-start=\"176\" data-end=\"214\">\n<p data-start=\"178\" data-end=\"214\"><strong data-start=\"178\" data-end=\"202\">Lo\u1ea1i k\u1ebft n\u1ed1i \u0111\u1ea7u v\u00e0o<\/strong>: M\u1eb7t b\u00edch<\/p>\n<\/li>\n<li data-start=\"215\" data-end=\"253\">\n<p data-start=\"217\" data-end=\"253\"><strong data-start=\"217\" data-end=\"241\">Thi\u1ebft k\u1ebf truy\u1ec1n \u0111\u1ed9ng<\/strong>: Kh\u00f4ng c\u00f3<\/p>\n<\/li>\n<li data-start=\"254\" data-end=\"342\">\n<p data-start=\"256\" data-end=\"283\"><strong data-start=\"256\" data-end=\"280\">V\u1eadt li\u1ec7u v\u1ecf th\u1ee7y l\u1ef1c<\/strong>:<\/p>\n<ul data-start=\"286\" data-end=\"342\">\n<li data-start=\"286\" data-end=\"322\">\n<p data-start=\"288\" data-end=\"322\">EN-GJS-450-10 \/ A536 GR 65-45-12<\/p>\n<\/li>\n<li data-start=\"325\" data-end=\"342\">\n<p data-start=\"327\" data-end=\"342\">EN-GJS-450-10<\/p>\n<\/li>\n<\/ul>\n<\/li>\n<li data-start=\"343\" data-end=\"433\">\n<p data-start=\"345\" data-end=\"385\"><strong data-start=\"345\" data-end=\"382\">\u00c1p su\u1ea5t danh \u0111\u1ecbnh c\u1ee7a v\u1ecf th\u1ee7y l\u1ef1c<\/strong>:<\/p>\n<ul data-start=\"388\" data-end=\"433\">\n<li data-start=\"388\" data-end=\"397\">\n<p data-start=\"390\" data-end=\"397\">PN 16<\/p>\n<\/li>\n<li data-start=\"400\" data-end=\"409\">\n<p data-start=\"402\" data-end=\"409\">PN 25<\/p>\n<\/li>\n<li data-start=\"412\" data-end=\"421\">\n<p data-start=\"414\" data-end=\"421\">PN 40<\/p>\n<\/li>\n<li data-start=\"424\" data-end=\"433\">\n<p data-start=\"426\" data-end=\"433\">PN 63<\/p>\n<\/li>\n<\/ul>\n<\/li>\n<li data-start=\"434\" data-end=\"488\">\n<p data-start=\"436\" data-end=\"488\"><strong data-start=\"436\" data-end=\"478\">K\u00edch th\u01b0\u1edbc danh \u0111\u1ecbnh l\u1edbn nh\u1ea5t theo TSG<\/strong>: DN 150<\/p>\n<\/li>\n<li data-start=\"489\" data-end=\"542\">\n<p data-start=\"491\" data-end=\"542\"><strong data-start=\"491\" data-end=\"533\">K\u00edch th\u01b0\u1edbc danh \u0111\u1ecbnh nh\u1ecf nh\u1ea5t theo TSG<\/strong>: DN 15<\/p>\n<\/li>\n<li data-start=\"543\" data-end=\"601\">\n<p data-start=\"545\" data-end=\"601\"><strong data-start=\"545\" data-end=\"592\">Nhi\u1ec7t \u0111\u1ed9 ch\u1ea5t l\u1ecfng cho ph\u00e9p t\u1ed1i \u0111a theo TSG<\/strong>: 70 \u00b0C<\/p>\n<\/li>\n<li data-start=\"602\" data-end=\"664\">\n<p data-start=\"604\" data-end=\"664\"><strong data-start=\"604\" data-end=\"654\">Nhi\u1ec7t \u0111\u1ed9 ch\u1ea5t l\u1ecfng cho ph\u00e9p t\u1ed1i thi\u1ec3u theo TSG<\/strong>: -10 \u00b0C<\/p>\n<\/li>\n<li data-start=\"665\" data-end=\"722\">\n<p data-start=\"667\" data-end=\"722\"><strong data-start=\"667\" data-end=\"684\">Lo\u1ea1i th\u00e2n van<\/strong>: Van th\u1eb3ng v\u1edbi c\u00e1c \u0111\u1ea7u n\u1ed1i m\u1eb7t b\u00edch<\/p>\n<\/li>\n<\/ul>\n<p>&nbsp;<\/p>","protected":false},"excerpt":{"rendered":"<p data-start=\"80\" data-end=\"100\"><strong data-start=\"80\" data-end=\"98\">\u1ee8ng d\u1ee5ng ch\u00ednh<\/strong><\/p>\n<ul data-start=\"101\" data-end=\"174\">\n<li data-start=\"101\" data-end=\"128\">\n<p data-start=\"103\" data-end=\"128\">Cung c\u1ea5p n\u01b0\u1edbc sinh ho\u1ea1t<\/p>\n<\/li>\n<li data-start=\"129\" data-end=\"152\">\n<p data-start=\"131\" data-end=\"152\">H\u1ec7 th\u1ed1ng x\u1eed l\u00fd n\u01b0\u1edbc<\/p>\n<\/li>\n<li data-start=\"153\" data-end=\"174\">\n<p data-start=\"155\" data-end=\"174\">H\u1ec7 th\u1ed1ng c\u1ea5p n\u01b0\u1edbc<\/p>\n<\/li>\n<\/ul>\n<p data-start=\"176\" data-end=\"199\"><strong data-start=\"176\" data-end=\"197\">Th\u00f4ng s\u1ed1 k\u1ef9 thu\u1eadt<\/strong><\/p>\n<ul data-start=\"200\" data-end=\"371\">\n<li data-start=\"200\" data-end=\"269\">\n<p data-start=\"202\" data-end=\"269\">\u00c1p su\u1ea5t danh \u0111\u1ecbnh c\u1ee7a v\u1ecf b\u1ecdc th\u1ee7y l\u1ef1c: PN 16, PN 25, PN 40, PN 63<\/p>\n<\/li>\n<li data-start=\"270\" data-end=\"318\">\n<p data-start=\"272\" data-end=\"318\">K\u00edch th\u01b0\u1edbc danh \u0111\u1ecbnh t\u1ed1i \u0111a theo TSG: DN 150<\/p>\n<\/li>\n<li data-start=\"319\" data-end=\"371\">\n<p data-start=\"321\" data-end=\"371\">Nhi\u1ec7t \u0111\u1ed9 ch\u1ea5t l\u1ecfng cho ph\u00e9p t\u1ed1i \u0111a theo TSG: 70 \u00b0C<\/p>\n<\/li>\n<\/ul>","protected":false},"featured_media":2252,"comment_status":"open","ping_status":"closed","template":"","meta":{"_acf_changed":false,"inline_featured_image":false},"thuong-hieu":[93],"product_brand":[],"product_cat":[16,18],"product_tag":[457],"class_list":{"0":"post-2251","1":"product","2":"type-product","3":"status-publish","4":"has-post-thumbnail","6":"thuong-hieu-ksb","7":"product_cat-van-cong-nghiep","8":"product_cat-van-cau","9":"product_tag-van-cau-conda-vrc","11":"first","12":"instock","13":"shipping-taxable","14":"product-type-simple"},"acf":[],"_links":{"self":[{"href":"https:\/\/sieuthivan.vn\/en\/wp-json\/wp\/v2\/product\/2251","targetHints":{"allow":["GET"]}}],"collection":[{"href":"https:\/\/sieuthivan.vn\/en\/wp-json\/wp\/v2\/product"}],"about":[{"href":"https:\/\/sieuthivan.vn\/en\/wp-json\/wp\/v2\/types\/product"}],"replies":[{"embeddable":true,"href":"https:\/\/sieuthivan.vn\/en\/wp-json\/wp\/v2\/comments?post=2251"}],"wp:featuredmedia":[{"embeddable":true,"href":"https:\/\/sieuthivan.vn\/en\/wp-json\/wp\/v2\/media\/2252"}],"wp:attachment":[{"href":"https:\/\/sieuthivan.vn\/en\/wp-json\/wp\/v2\/media?parent=2251"}],"wp:term":[{"taxonomy":"thuong-hieu","embeddable":true,"href":"https:\/\/sieuthivan.vn\/en\/wp-json\/wp\/v2\/thuong-hieu?post=2251"},{"taxonomy":"product_brand","embeddable":true,"href":"https:\/\/sieuthivan.vn\/en\/wp-json\/wp\/v2\/product_brand?post=2251"},{"taxonomy":"product_cat","embeddable":true,"href":"https:\/\/sieuthivan.vn\/en\/wp-json\/wp\/v2\/product_cat?post=2251"},{"taxonomy":"product_tag","embeddable":true,"href":"https:\/\/sieuthivan.vn\/en\/wp-json\/wp\/v2\/product_tag?post=2251"}],"curies":[{"name":"wp","href":"https:\/\/api.w.org\/{rel}","templated":true}]}}