{"id":2248,"date":"2025-05-23T12:02:23","date_gmt":"2025-05-23T05:02:23","guid":{"rendered":"https:\/\/sieuthivan.vn\/?post_type=product&#038;p=2248"},"modified":"2025-05-30T15:24:36","modified_gmt":"2025-05-30T08:24:36","slug":"van-cau-conda-vlc","status":"publish","type":"product","link":"https:\/\/sieuthivan.vn\/en\/product\/van-cau-conda-vlc\/","title":{"rendered":"Van c\u1ea7u CONDA-VLC"},"content":{"rendered":"<p>Van phao theo ti\u00eau chu\u1ea9n DIN\/EN \u0111\u1ec3 ki\u1ec3m so\u00e1t m\u1ee9c ch\u1ea5t l\u1ecfng t\u1ed1i \u0111a v\u00e0 t\u1ed1i thi\u1ec3u trong b\u1ec3, c\u00f3 \u0111\u1ea7u b\u00edch (DN 40-300) ho\u1eb7c \u0111\u1ea7u ren (DN 25-32), th\u00e2n l\u00e0m b\u1eb1ng gang c\u1ea7u; \u0111\u0129a van, th\u00e2n, phao v\u00e0 b\u1ec7 van l\u00e0m b\u1eb1ng th\u00e9p kh\u00f4ng g\u1ec9.<\/p>\n<p data-start=\"81\" data-end=\"103\"><strong data-start=\"81\" data-end=\"101\">D\u1eef li\u1ec7u k\u1ef9 thu\u1eadt<\/strong><\/p>\n<ul data-start=\"104\" data-end=\"499\">\n<li data-start=\"104\" data-end=\"163\">\n<p data-start=\"106\" data-end=\"163\">Ch\u1ee9c n\u0103ng c\u1ee7a b\u1ed9 ph\u1eadn: Ng\u1eaft\/m\u1edf ho\u1eb7c \u0111i\u1ec1u ti\u1ebft d\u00f2ng ch\u1ea3y<\/p>\n<\/li>\n<li data-start=\"164\" data-end=\"198\">\n<p data-start=\"166\" data-end=\"198\">Ki\u1ec3u k\u1ebft n\u1ed1i \u0111\u1ea7u v\u00e0o: M\u1eb7t b\u00edch<\/p>\n<\/li>\n<li data-start=\"199\" data-end=\"238\">\n<p data-start=\"201\" data-end=\"238\">V\u1eadt li\u1ec7u v\u1ecf th\u1ee7y l\u1ef1c: EN-GJS-450-10<\/p>\n<\/li>\n<li data-start=\"239\" data-end=\"284\">\n<p data-start=\"241\" data-end=\"284\">\u00c1p su\u1ea5t danh ngh\u0129a c\u1ee7a v\u1ecf th\u1ee7y l\u1ef1c: PN 16<\/p>\n<\/li>\n<li data-start=\"285\" data-end=\"336\">\n<p data-start=\"287\" data-end=\"336\">K\u00edch th\u01b0\u1edbc danh ngh\u0129a l\u1edbn nh\u1ea5t theo TSG: DN 300<\/p>\n<\/li>\n<li data-start=\"337\" data-end=\"387\">\n<p data-start=\"339\" data-end=\"387\">K\u00edch th\u01b0\u1edbc danh ngh\u0129a nh\u1ecf nh\u1ea5t theo TSG: DN 25<\/p>\n<\/li>\n<li data-start=\"388\" data-end=\"442\">\n<p data-start=\"390\" data-end=\"442\">Nhi\u1ec7t \u0111\u1ed9 ch\u1ea5t l\u1ecfng cho ph\u00e9p t\u1ed1i \u0111a theo TSG: 70 \u00b0C<\/p>\n<\/li>\n<li data-start=\"443\" data-end=\"499\">\n<p data-start=\"445\" data-end=\"499\">Nhi\u1ec7t \u0111\u1ed9 ch\u1ea5t l\u1ecfng cho ph\u00e9p t\u1ed1i thi\u1ec3u theo TSG: -10 \u00b0C<\/p>\n<\/li>\n<\/ul>","protected":false},"excerpt":{"rendered":"<p data-start=\"64\" data-end=\"84\"><strong data-start=\"64\" data-end=\"82\">\u1ee8ng d\u1ee5ng ch\u00ednh<\/strong><\/p>\n<ul data-start=\"85\" data-end=\"153\">\n<li data-start=\"85\" data-end=\"107\">\n<p data-start=\"87\" data-end=\"107\">C\u1ea5p n\u01b0\u1edbc sinh ho\u1ea1t<\/p>\n<\/li>\n<li data-start=\"108\" data-end=\"131\">\n<p data-start=\"110\" data-end=\"131\">H\u1ec7 th\u1ed1ng x\u1eed l\u00fd n\u01b0\u1edbc<\/p>\n<\/li>\n<li data-start=\"132\" data-end=\"153\">\n<p data-start=\"134\" data-end=\"153\">H\u1ec7 th\u1ed1ng c\u1ea5p n\u01b0\u1edbc<\/p>\n<\/li>\n<\/ul>\n<p data-start=\"160\" data-end=\"182\"><strong data-start=\"160\" data-end=\"180\">D\u1eef li\u1ec7u k\u1ef9 thu\u1eadt<\/strong><\/p>\n<ul data-start=\"183\" data-end=\"333\">\n<li data-start=\"183\" data-end=\"228\">\n<p data-start=\"185\" data-end=\"228\">\u00c1p su\u1ea5t danh ngh\u0129a c\u1ee7a v\u1ecf th\u1ee7y l\u1ef1c: PN 16<\/p>\n<\/li>\n<li data-start=\"229\" data-end=\"280\">\n<p data-start=\"231\" data-end=\"280\">K\u00edch th\u01b0\u1edbc danh ngh\u0129a l\u1edbn nh\u1ea5t theo TSG: DN 300<\/p>\n<\/li>\n<li data-start=\"281\" data-end=\"333\">\n<p data-start=\"283\" data-end=\"333\">Nhi\u1ec7t \u0111\u1ed9 ch\u1ea5t l\u1ecfng cho ph\u00e9p t\u1ed1i \u0111a theo TSG: 70 \u00b0C<\/p>\n<\/li>\n<\/ul>","protected":false},"featured_media":2249,"comment_status":"open","ping_status":"closed","template":"","meta":{"_acf_changed":false,"inline_featured_image":false},"thuong-hieu":[93],"product_brand":[],"product_cat":[16,18],"product_tag":[456],"class_list":{"0":"post-2248","1":"product","2":"type-product","3":"status-publish","4":"has-post-thumbnail","6":"thuong-hieu-ksb","7":"product_cat-van-cong-nghiep","8":"product_cat-van-cau","9":"product_tag-van-cau-conda-vlc","11":"first","12":"instock","13":"shipping-taxable","14":"product-type-simple"},"acf":[],"_links":{"self":[{"href":"https:\/\/sieuthivan.vn\/en\/wp-json\/wp\/v2\/product\/2248","targetHints":{"allow":["GET"]}}],"collection":[{"href":"https:\/\/sieuthivan.vn\/en\/wp-json\/wp\/v2\/product"}],"about":[{"href":"https:\/\/sieuthivan.vn\/en\/wp-json\/wp\/v2\/types\/product"}],"replies":[{"embeddable":true,"href":"https:\/\/sieuthivan.vn\/en\/wp-json\/wp\/v2\/comments?post=2248"}],"wp:featuredmedia":[{"embeddable":true,"href":"https:\/\/sieuthivan.vn\/en\/wp-json\/wp\/v2\/media\/2249"}],"wp:attachment":[{"href":"https:\/\/sieuthivan.vn\/en\/wp-json\/wp\/v2\/media?parent=2248"}],"wp:term":[{"taxonomy":"thuong-hieu","embeddable":true,"href":"https:\/\/sieuthivan.vn\/en\/wp-json\/wp\/v2\/thuong-hieu?post=2248"},{"taxonomy":"product_brand","embeddable":true,"href":"https:\/\/sieuthivan.vn\/en\/wp-json\/wp\/v2\/product_brand?post=2248"},{"taxonomy":"product_cat","embeddable":true,"href":"https:\/\/sieuthivan.vn\/en\/wp-json\/wp\/v2\/product_cat?post=2248"},{"taxonomy":"product_tag","embeddable":true,"href":"https:\/\/sieuthivan.vn\/en\/wp-json\/wp\/v2\/product_tag?post=2248"}],"curies":[{"name":"wp","href":"https:\/\/api.w.org\/{rel}","templated":true}]}}