{"id":2244,"date":"2025-05-23T11:36:22","date_gmt":"2025-05-23T04:36:22","guid":{"rendered":"https:\/\/sieuthivan.vn\/?post_type=product&#038;p=2244"},"modified":"2025-05-30T16:50:27","modified_gmt":"2025-05-30T09:50:27","slug":"van-cong-cobra-smp","status":"publish","type":"product","link":"https:\/\/sieuthivan.vn\/en\/product\/van-cong-cobra-smp\/","title":{"rendered":"Van c\u1ed5ng COBRA-SMP"},"content":{"rendered":"<p>Van c\u1ed5ng theo ti\u00eau chu\u1ea9n DIN\/EN v\u1edbi \u0111\u1ea7u b\u00edch, n\u1eafp bu l\u00f4ng, \u0111\u1ebf kim lo\u1ea1i, tr\u1ee5c xoay, v\u00edt b\u00ean trong, th\u00e2n v\u00e0 n\u00eam m\u1ec1m l\u00e0m b\u1eb1ng gang c\u1ea7u, \u0111\u1ebf v\u00e0 \u0111\u1ebf l\u00e0m b\u1eb1ng th\u00e9p kh\u00f4ng g\u1ec9.<\/p>\n<p data-start=\"77\" data-end=\"99\"><strong data-start=\"77\" data-end=\"97\">D\u1eef li\u1ec7u k\u1ef9 thu\u1eadt<\/strong><\/p>\n<ul data-start=\"100\" data-end=\"537\">\n<li data-start=\"100\" data-end=\"159\">\n<p data-start=\"102\" data-end=\"159\">Ch\u1ee9c n\u0103ng c\u1ee7a b\u1ed9 ph\u1eadn: Ng\u1eaft\/m\u1edf ho\u1eb7c \u0111i\u1ec1u ti\u1ebft d\u00f2ng ch\u1ea3y<\/p>\n<\/li>\n<li data-start=\"160\" data-end=\"194\">\n<p data-start=\"162\" data-end=\"194\">Ki\u1ec3u k\u1ebft n\u1ed1i \u0111\u1ea7u v\u00e0o: M\u1eb7t b\u00edch<\/p>\n<\/li>\n<li data-start=\"195\" data-end=\"236\">\n<p data-start=\"197\" data-end=\"236\">Thi\u1ebft k\u1ebf b\u1ed9 truy\u1ec1n \u0111\u1ed9ng: V\u1edbi tay quay<\/p>\n<\/li>\n<li data-start=\"237\" data-end=\"275\">\n<p data-start=\"239\" data-end=\"275\">V\u1eadt li\u1ec7u v\u1ecf th\u1ee7y l\u1ef1c: EN-GJS-500-7<\/p>\n<\/li>\n<li data-start=\"276\" data-end=\"321\">\n<p data-start=\"278\" data-end=\"321\">\u00c1p su\u1ea5t danh ngh\u0129a c\u1ee7a v\u1ecf th\u1ee7y l\u1ef1c: PN 16<\/p>\n<\/li>\n<li data-start=\"322\" data-end=\"373\">\n<p data-start=\"324\" data-end=\"373\">K\u00edch th\u01b0\u1edbc danh ngh\u0129a l\u1edbn nh\u1ea5t theo TSG: DN 300<\/p>\n<\/li>\n<li data-start=\"374\" data-end=\"424\">\n<p data-start=\"376\" data-end=\"424\">K\u00edch th\u01b0\u1edbc danh ngh\u0129a nh\u1ecf nh\u1ea5t theo TSG: DN 40<\/p>\n<\/li>\n<li data-start=\"425\" data-end=\"480\">\n<p data-start=\"427\" data-end=\"480\">Nhi\u1ec7t \u0111\u1ed9 ch\u1ea5t l\u1ecfng cho ph\u00e9p t\u1ed1i \u0111a theo TSG: 110 \u00b0C<\/p>\n<\/li>\n<li data-start=\"481\" data-end=\"537\">\n<p data-start=\"483\" data-end=\"537\">Nhi\u1ec7t \u0111\u1ed9 ch\u1ea5t l\u1ecfng cho ph\u00e9p t\u1ed1i thi\u1ec3u theo TSG: -10 \u00b0C<\/p>\n<\/li>\n<\/ul>","protected":false},"excerpt":{"rendered":"<p data-start=\"64\" data-end=\"84\"><strong data-start=\"64\" data-end=\"82\">\u1ee8ng d\u1ee5ng ch\u00ednh<\/strong><\/p>\n<ul data-start=\"85\" data-end=\"184\">\n<li data-start=\"85\" data-end=\"107\">\n<p data-start=\"87\" data-end=\"107\">C\u1ea5p n\u01b0\u1edbc sinh ho\u1ea1t<\/p>\n<\/li>\n<li data-start=\"108\" data-end=\"139\">\n<p data-start=\"110\" data-end=\"139\">H\u1ec7 th\u1ed1ng \u0111i\u1ec1u h\u00f2a kh\u00f4ng kh\u00ed<\/p>\n<\/li>\n<li data-start=\"140\" data-end=\"156\">\n<p data-start=\"142\" data-end=\"156\">M\u1ea1ch l\u00e0m m\u00e1t<\/p>\n<\/li>\n<li data-start=\"157\" data-end=\"184\">\n<p data-start=\"159\" data-end=\"184\">H\u1ec7 th\u1ed1ng s\u01b0\u1edfi n\u01b0\u1edbc n\u00f3ng<\/p>\n<\/li>\n<\/ul>\n<p data-start=\"221\" data-end=\"243\"><strong data-start=\"221\" data-end=\"241\">D\u1eef li\u1ec7u k\u1ef9 thu\u1eadt<\/strong><\/p>\n<ul data-start=\"244\" data-end=\"395\">\n<li data-start=\"244\" data-end=\"289\">\n<p data-start=\"246\" data-end=\"289\">\u00c1p su\u1ea5t danh ngh\u0129a c\u1ee7a v\u1ecf th\u1ee7y l\u1ef1c: PN 16<\/p>\n<\/li>\n<li data-start=\"290\" data-end=\"341\">\n<p data-start=\"292\" data-end=\"341\">K\u00edch th\u01b0\u1edbc danh ngh\u0129a l\u1edbn nh\u1ea5t theo TSG: DN 300<\/p>\n<\/li>\n<li data-start=\"342\" data-end=\"395\">\n<p data-start=\"344\" data-end=\"395\">Nhi\u1ec7t \u0111\u1ed9 ch\u1ea5t l\u1ecfng cho ph\u00e9p t\u1ed1i \u0111a theo TSG: 110 \u00b0C<\/p>\n<\/li>\n<\/ul>","protected":false},"featured_media":2245,"comment_status":"open","ping_status":"closed","template":"","meta":{"_acf_changed":false,"inline_featured_image":false},"thuong-hieu":[93],"product_brand":[],"product_cat":[16,20],"product_tag":[454],"class_list":{"0":"post-2244","1":"product","2":"type-product","3":"status-publish","4":"has-post-thumbnail","6":"thuong-hieu-ksb","7":"product_cat-van-cong-nghiep","8":"product_cat-van-cong","9":"product_tag-van-cong-cobra-smp","11":"first","12":"instock","13":"shipping-taxable","14":"product-type-simple"},"acf":[],"_links":{"self":[{"href":"https:\/\/sieuthivan.vn\/en\/wp-json\/wp\/v2\/product\/2244","targetHints":{"allow":["GET"]}}],"collection":[{"href":"https:\/\/sieuthivan.vn\/en\/wp-json\/wp\/v2\/product"}],"about":[{"href":"https:\/\/sieuthivan.vn\/en\/wp-json\/wp\/v2\/types\/product"}],"replies":[{"embeddable":true,"href":"https:\/\/sieuthivan.vn\/en\/wp-json\/wp\/v2\/comments?post=2244"}],"wp:featuredmedia":[{"embeddable":true,"href":"https:\/\/sieuthivan.vn\/en\/wp-json\/wp\/v2\/media\/2245"}],"wp:attachment":[{"href":"https:\/\/sieuthivan.vn\/en\/wp-json\/wp\/v2\/media?parent=2244"}],"wp:term":[{"taxonomy":"thuong-hieu","embeddable":true,"href":"https:\/\/sieuthivan.vn\/en\/wp-json\/wp\/v2\/thuong-hieu?post=2244"},{"taxonomy":"product_brand","embeddable":true,"href":"https:\/\/sieuthivan.vn\/en\/wp-json\/wp\/v2\/product_brand?post=2244"},{"taxonomy":"product_cat","embeddable":true,"href":"https:\/\/sieuthivan.vn\/en\/wp-json\/wp\/v2\/product_cat?post=2244"},{"taxonomy":"product_tag","embeddable":true,"href":"https:\/\/sieuthivan.vn\/en\/wp-json\/wp\/v2\/product_tag?post=2244"}],"curies":[{"name":"wp","href":"https:\/\/api.w.org\/{rel}","templated":true}]}}