{"id":2242,"date":"2025-05-23T11:23:44","date_gmt":"2025-05-23T04:23:44","guid":{"rendered":"https:\/\/sieuthivan.vn\/?post_type=product&#038;p=2242"},"modified":"2025-05-30T16:46:57","modified_gmt":"2025-05-30T09:46:57","slug":"van-cong-cobra-sgp-sgo","status":"publish","type":"product","link":"https:\/\/sieuthivan.vn\/en\/product\/van-cong-cobra-sgp-sgo\/","title":{"rendered":"Van c\u1ed5ng COBRA-SGP\/SGO"},"content":{"rendered":"<p>Van c\u1ed5ng theo ti\u00eau chu\u1ea9n DIN\/EN v\u1edbi \u0111\u1ea7u b\u00edch, n\u00eam ph\u1ee7 ch\u1ea5t \u0111\u00e0n h\u1ed3i, n\u1eafp bu l\u00f4ng, tr\u1ee5c xoay, v\u00edt b\u00ean trong, th\u00e2n l\u00e0m b\u1eb1ng gang c\u1ea7u.<\/p>\n<p data-start=\"77\" data-end=\"99\"><strong data-start=\"77\" data-end=\"97\">D\u1eef li\u1ec7u k\u1ef9 thu\u1eadt<\/strong><\/p>\n<ul data-start=\"100\" data-end=\"643\">\n<li data-start=\"100\" data-end=\"159\">\n<p data-start=\"102\" data-end=\"159\">Ch\u1ee9c n\u0103ng c\u1ee7a b\u1ed9 ph\u1eadn: Ng\u1eaft\/m\u1edf ho\u1eb7c \u0111i\u1ec1u ti\u1ebft d\u00f2ng ch\u1ea3y<\/p>\n<\/li>\n<li data-start=\"160\" data-end=\"194\">\n<p data-start=\"162\" data-end=\"194\">Ki\u1ec3u k\u1ebft n\u1ed1i \u0111\u1ea7u v\u00e0o: M\u1eb7t b\u00edch<\/p>\n<\/li>\n<li data-start=\"195\" data-end=\"272\">\n<p data-start=\"197\" data-end=\"223\">Thi\u1ebft k\u1ebf b\u1ed9 truy\u1ec1n \u0111\u1ed9ng:<\/p>\n<ul data-start=\"226\" data-end=\"272\">\n<li data-start=\"226\" data-end=\"253\">\n<p data-start=\"228\" data-end=\"253\">V\u1edbi b\u1ed9 truy\u1ec1n \u0111\u1ed9ng \u0111i\u1ec7n<\/p>\n<\/li>\n<li data-start=\"256\" data-end=\"272\">\n<p data-start=\"258\" data-end=\"272\">V\u1edbi tay quay<\/p>\n<\/li>\n<\/ul>\n<\/li>\n<li data-start=\"273\" data-end=\"312\">\n<p data-start=\"275\" data-end=\"312\">V\u1eadt li\u1ec7u v\u1ecf th\u1ee7y l\u1ef1c: EN-GJS-400-15<\/p>\n<\/li>\n<li data-start=\"313\" data-end=\"365\">\n<p data-start=\"315\" data-end=\"365\">\u00c1p su\u1ea5t danh ngh\u0129a c\u1ee7a v\u1ecf th\u1ee7y l\u1ef1c: PN 10, PN 16<\/p>\n<\/li>\n<li data-start=\"366\" data-end=\"417\">\n<p data-start=\"368\" data-end=\"417\">K\u00edch th\u01b0\u1edbc danh ngh\u0129a l\u1edbn nh\u1ea5t theo TSG: DN 600<\/p>\n<\/li>\n<li data-start=\"418\" data-end=\"468\">\n<p data-start=\"420\" data-end=\"468\">K\u00edch th\u01b0\u1edbc danh ngh\u0129a nh\u1ecf nh\u1ea5t theo TSG: DN 40<\/p>\n<\/li>\n<li data-start=\"469\" data-end=\"531\">\n<p data-start=\"471\" data-end=\"531\">Nhi\u1ec7t \u0111\u1ed9 ch\u1ea5t l\u1ecfng cho ph\u00e9p t\u1ed1i \u0111a theo TSG: 80 \u00b0C, 110 \u00b0C<\/p>\n<\/li>\n<li data-start=\"532\" data-end=\"590\">\n<p data-start=\"534\" data-end=\"590\">Nhi\u1ec7t \u0111\u1ed9 ch\u1ea5t l\u1ecfng cho ph\u00e9p t\u1ed1i thi\u1ec3u theo TSG: -10 \u00b0C<\/p>\n<\/li>\n<li data-start=\"591\" data-end=\"643\">\n<p data-start=\"593\" data-end=\"643\">Ki\u1ec3u th\u00e2n van: Van tuy\u1ebfn t\u00ednh v\u1edbi \u0111\u1ea7u n\u1ed1i m\u1eb7t b\u00edch<\/p>\n<\/li>\n<\/ul>\n<p>&nbsp;<\/p>\n<p>&nbsp;<\/p>","protected":false},"excerpt":{"rendered":"<p data-start=\"64\" data-end=\"84\"><strong data-start=\"64\" data-end=\"82\">\u1ee8ng d\u1ee5ng ch\u00ednh<\/strong><\/p>\n<ul data-start=\"85\" data-end=\"180\">\n<li data-start=\"85\" data-end=\"113\">\n<p data-start=\"87\" data-end=\"113\">H\u1ec7 th\u1ed1ng t\u01b0\u1edbi ti\u00eau chung<\/p>\n<\/li>\n<li data-start=\"114\" data-end=\"129\">\n<p data-start=\"116\" data-end=\"129\">T\u0103ng \u00e1p l\u1ef1c<\/p>\n<\/li>\n<li data-start=\"130\" data-end=\"152\">\n<p data-start=\"132\" data-end=\"152\">C\u1ea5p n\u01b0\u1edbc sinh ho\u1ea1t<\/p>\n<\/li>\n<li data-start=\"153\" data-end=\"180\">\n<p data-start=\"155\" data-end=\"180\">Nh\u00e0 m\u00e1y x\u1eed l\u00fd n\u01b0\u1edbc th\u1ea3i<\/p>\n<\/li>\n<\/ul>\n<p data-start=\"217\" data-end=\"239\"><strong data-start=\"217\" data-end=\"237\">D\u1eef li\u1ec7u k\u1ef9 thu\u1eadt<\/strong><\/p>\n<ul data-start=\"240\" data-end=\"405\">\n<li data-start=\"240\" data-end=\"292\">\n<p data-start=\"242\" data-end=\"292\">\u00c1p su\u1ea5t danh ngh\u0129a c\u1ee7a v\u1ecf th\u1ee7y l\u1ef1c: PN 10, PN 16<\/p>\n<\/li>\n<li data-start=\"293\" data-end=\"344\">\n<p data-start=\"295\" data-end=\"344\">K\u00edch th\u01b0\u1edbc danh ngh\u0129a l\u1edbn nh\u1ea5t theo TSG: DN 600<\/p>\n<\/li>\n<li data-start=\"345\" data-end=\"405\">\n<p data-start=\"347\" data-end=\"405\">Nhi\u1ec7t \u0111\u1ed9 ch\u1ea5t l\u1ecfng cho ph\u00e9p t\u1ed1i \u0111a theo TSG: 80 \u00b0C, 110 \u00b0C<\/p>\n<\/li>\n<\/ul>","protected":false},"featured_media":2243,"comment_status":"open","ping_status":"closed","template":"","meta":{"_acf_changed":false,"inline_featured_image":false},"thuong-hieu":[93],"product_brand":[],"product_cat":[16,20],"product_tag":[453],"class_list":{"0":"post-2242","1":"product","2":"type-product","3":"status-publish","4":"has-post-thumbnail","6":"thuong-hieu-ksb","7":"product_cat-van-cong-nghiep","8":"product_cat-van-cong","9":"product_tag-van-cua-cobra-sgp-sgo","11":"first","12":"instock","13":"shipping-taxable","14":"product-type-simple"},"acf":[],"_links":{"self":[{"href":"https:\/\/sieuthivan.vn\/en\/wp-json\/wp\/v2\/product\/2242","targetHints":{"allow":["GET"]}}],"collection":[{"href":"https:\/\/sieuthivan.vn\/en\/wp-json\/wp\/v2\/product"}],"about":[{"href":"https:\/\/sieuthivan.vn\/en\/wp-json\/wp\/v2\/types\/product"}],"replies":[{"embeddable":true,"href":"https:\/\/sieuthivan.vn\/en\/wp-json\/wp\/v2\/comments?post=2242"}],"wp:featuredmedia":[{"embeddable":true,"href":"https:\/\/sieuthivan.vn\/en\/wp-json\/wp\/v2\/media\/2243"}],"wp:attachment":[{"href":"https:\/\/sieuthivan.vn\/en\/wp-json\/wp\/v2\/media?parent=2242"}],"wp:term":[{"taxonomy":"thuong-hieu","embeddable":true,"href":"https:\/\/sieuthivan.vn\/en\/wp-json\/wp\/v2\/thuong-hieu?post=2242"},{"taxonomy":"product_brand","embeddable":true,"href":"https:\/\/sieuthivan.vn\/en\/wp-json\/wp\/v2\/product_brand?post=2242"},{"taxonomy":"product_cat","embeddable":true,"href":"https:\/\/sieuthivan.vn\/en\/wp-json\/wp\/v2\/product_cat?post=2242"},{"taxonomy":"product_tag","embeddable":true,"href":"https:\/\/sieuthivan.vn\/en\/wp-json\/wp\/v2\/product_tag?post=2242"}],"curies":[{"name":"wp","href":"https:\/\/api.w.org\/{rel}","templated":true}]}}