{"id":2239,"date":"2025-05-23T10:45:52","date_gmt":"2025-05-23T03:45:52","guid":{"rendered":"https:\/\/sieuthivan.vn\/?post_type=product&#038;p=2239"},"modified":"2025-05-28T14:21:38","modified_gmt":"2025-05-28T07:21:38","slug":"van-bi-btr","status":"publish","type":"product","link":"https:\/\/sieuthivan.vn\/en\/product\/van-bi-btr\/","title":{"rendered":"Van bi BTR"},"content":{"rendered":"<p>Van bi c\u00f3 bi g\u1eafn tr\u1ee5c, \u0111\u1ea7u b\u00edch, th\u00e2n l\u00e0m b\u1eb1ng th\u00e9p cacbon ho\u1eb7c th\u00e9p kh\u00f4ng g\u1ec9, bi l\u00e0m b\u1eb1ng th\u00e9p kh\u00f4ng g\u1ec9, \u0111\u1ebf l\u00e0m b\u1eb1ng th\u00e9p kh\u00f4ng g\u1ec9, mi\u1ebfng ch\u00e8n PTFE. B\u00edch theo ti\u00eau chu\u1ea9n EN 1092-1 PN 16\/40 ho\u1eb7c ANSI B16.5.<\/p>\n<p>&nbsp;<\/p>","protected":false},"excerpt":{"rendered":"<p data-start=\"67\" data-end=\"87\"><strong data-start=\"67\" data-end=\"85\">\u1ee8ng d\u1ee5ng ch\u00ednh<\/strong><\/p>\n<ul data-start=\"88\" data-end=\"207\">\n<li data-start=\"88\" data-end=\"119\">\n<p data-start=\"90\" data-end=\"119\">Ng\u00e0nh c\u00f4ng nghi\u1ec7p n\u00f3i chung<\/p>\n<\/li>\n<li data-start=\"120\" data-end=\"149\">\n<p data-start=\"122\" data-end=\"149\">Ng\u00e0nh c\u00f4ng nghi\u1ec7p h\u00f3a d\u1ea7u<\/p>\n<\/li>\n<li data-start=\"150\" data-end=\"170\">\n<p data-start=\"152\" data-end=\"170\">C\u00e1c nh\u00e0 m\u00e1y \u0111i\u1ec7n<\/p>\n<\/li>\n<li data-start=\"171\" data-end=\"207\">\n<p data-start=\"173\" data-end=\"207\">H\u1ec7 th\u1ed1ng \u0111\u01b0\u1eddng \u1ed1ng v\u00e0 kho b\u1ed3n ch\u1ee9a<\/p>\n<\/li>\n<\/ul>","protected":false},"featured_media":2240,"comment_status":"open","ping_status":"closed","template":"","meta":{"_acf_changed":false,"inline_featured_image":false},"thuong-hieu":[93],"product_brand":[],"product_cat":[16,21],"product_tag":[452],"class_list":{"0":"post-2239","1":"product","2":"type-product","3":"status-publish","4":"has-post-thumbnail","6":"thuong-hieu-ksb","7":"product_cat-van-cong-nghiep","8":"product_cat-van-bi","9":"product_tag-van-bi-btr","11":"first","12":"instock","13":"shipping-taxable","14":"product-type-simple"},"acf":[],"_links":{"self":[{"href":"https:\/\/sieuthivan.vn\/en\/wp-json\/wp\/v2\/product\/2239","targetHints":{"allow":["GET"]}}],"collection":[{"href":"https:\/\/sieuthivan.vn\/en\/wp-json\/wp\/v2\/product"}],"about":[{"href":"https:\/\/sieuthivan.vn\/en\/wp-json\/wp\/v2\/types\/product"}],"replies":[{"embeddable":true,"href":"https:\/\/sieuthivan.vn\/en\/wp-json\/wp\/v2\/comments?post=2239"}],"wp:featuredmedia":[{"embeddable":true,"href":"https:\/\/sieuthivan.vn\/en\/wp-json\/wp\/v2\/media\/2240"}],"wp:attachment":[{"href":"https:\/\/sieuthivan.vn\/en\/wp-json\/wp\/v2\/media?parent=2239"}],"wp:term":[{"taxonomy":"thuong-hieu","embeddable":true,"href":"https:\/\/sieuthivan.vn\/en\/wp-json\/wp\/v2\/thuong-hieu?post=2239"},{"taxonomy":"product_brand","embeddable":true,"href":"https:\/\/sieuthivan.vn\/en\/wp-json\/wp\/v2\/product_brand?post=2239"},{"taxonomy":"product_cat","embeddable":true,"href":"https:\/\/sieuthivan.vn\/en\/wp-json\/wp\/v2\/product_cat?post=2239"},{"taxonomy":"product_tag","embeddable":true,"href":"https:\/\/sieuthivan.vn\/en\/wp-json\/wp\/v2\/product_tag?post=2239"}],"curies":[{"name":"wp","href":"https:\/\/api.w.org\/{rel}","templated":true}]}}