{"id":2237,"date":"2025-05-23T10:25:20","date_gmt":"2025-05-23T03:25:20","guid":{"rendered":"https:\/\/sieuthivan.vn\/?post_type=product&#038;p=2237"},"modified":"2025-05-28T14:04:20","modified_gmt":"2025-05-28T07:04:20","slug":"van-bi-bsb","status":"publish","type":"product","link":"https:\/\/sieuthivan.vn\/en\/product\/van-bi-bsb\/","title":{"rendered":"Van bi BSB"},"content":{"rendered":"<p>Van bi c\u00f3 bi n\u1ed5i, \u0111\u1ea7u b\u00edch, th\u00e2n chia \u0111\u00f4i l\u00e0m b\u1eb1ng th\u00e9p cacbon, bi l\u00e0m b\u1eb1ng th\u00e9p kh\u00f4ng g\u1ec9, \u0111\u1ebf PTFE. B\u00edch theo ti\u00eau chu\u1ea9n EN 1092-1 PN 16\/40 ho\u1eb7c ANSI B16.5.<\/p>\n<p data-start=\"73\" data-end=\"95\"><strong data-start=\"73\" data-end=\"93\">D\u1eef li\u1ec7u k\u1ef9 thu\u1eadt<\/strong><\/p>\n<ul data-start=\"96\" data-end=\"646\">\n<li data-start=\"96\" data-end=\"155\">\n<p data-start=\"98\" data-end=\"155\">Ch\u1ee9c n\u0103ng c\u1ee7a b\u1ed9 ph\u1eadn: Ng\u1eaft\/m\u1edf ho\u1eb7c \u0111i\u1ec1u ti\u1ebft d\u00f2ng ch\u1ea3y<\/p>\n<\/li>\n<li data-start=\"156\" data-end=\"199\">\n<p data-start=\"158\" data-end=\"199\">Ki\u1ec3u k\u1ebft n\u1ed1i \u0111\u1ea7u v\u00e0o: M\u1eb7t b\u00edch (flange)<\/p>\n<\/li>\n<li data-start=\"200\" data-end=\"305\">\n<p data-start=\"202\" data-end=\"228\">Thi\u1ebft k\u1ebf b\u1ed9 truy\u1ec1n \u0111\u1ed9ng:<\/p>\n<ul data-start=\"231\" data-end=\"305\">\n<li data-start=\"231\" data-end=\"258\">\n<p data-start=\"233\" data-end=\"258\">V\u1edbi b\u1ed9 truy\u1ec1n \u0111\u1ed9ng \u0111i\u1ec7n<\/p>\n<\/li>\n<li data-start=\"261\" data-end=\"272\">\n<p data-start=\"263\" data-end=\"272\">Tay g\u1ea1t<\/p>\n<\/li>\n<li data-start=\"275\" data-end=\"305\">\n<p data-start=\"277\" data-end=\"305\">V\u1edbi b\u1ed9 truy\u1ec1n \u0111\u1ed9ng kh\u00ed n\u00e9n<\/p>\n<\/li>\n<\/ul>\n<\/li>\n<li data-start=\"306\" data-end=\"386\">\n<p data-start=\"308\" data-end=\"331\">V\u1eadt li\u1ec7u v\u1ecf th\u1ee7y l\u1ef1c:<\/p>\n<ul data-start=\"334\" data-end=\"386\">\n<li data-start=\"334\" data-end=\"349\">\n<p data-start=\"336\" data-end=\"349\">A350 GR LF2<\/p>\n<\/li>\n<li data-start=\"352\" data-end=\"367\">\n<p data-start=\"354\" data-end=\"367\">A479 TP 316<\/p>\n<\/li>\n<li data-start=\"370\" data-end=\"386\">\n<p data-start=\"372\" data-end=\"386\">A479 TP 316L<\/p>\n<\/li>\n<\/ul>\n<\/li>\n<li data-start=\"387\" data-end=\"489\">\n<p data-start=\"389\" data-end=\"426\">\u00c1p su\u1ea5t danh ngh\u0129a c\u1ee7a v\u1ecf th\u1ee7y l\u1ef1c:<\/p>\n<ul data-start=\"429\" data-end=\"489\">\n<li data-start=\"429\" data-end=\"439\">\n<p data-start=\"431\" data-end=\"439\">CL 150<\/p>\n<\/li>\n<li data-start=\"442\" data-end=\"452\">\n<p data-start=\"444\" data-end=\"452\">CL 300<\/p>\n<\/li>\n<li data-start=\"455\" data-end=\"465\">\n<p data-start=\"457\" data-end=\"465\">CL 600<\/p>\n<\/li>\n<li data-start=\"468\" data-end=\"477\">\n<p data-start=\"470\" data-end=\"477\">PN 16<\/p>\n<\/li>\n<li data-start=\"480\" data-end=\"489\">\n<p data-start=\"482\" data-end=\"489\">PN 40<\/p>\n<\/li>\n<\/ul>\n<\/li>\n<li data-start=\"490\" data-end=\"541\">\n<p data-start=\"492\" data-end=\"541\">K\u00edch th\u01b0\u1edbc danh ngh\u0129a l\u1edbn nh\u1ea5t theo TSG: DN 200<\/p>\n<\/li>\n<li data-start=\"542\" data-end=\"592\">\n<p data-start=\"544\" data-end=\"592\">K\u00edch th\u01b0\u1edbc danh ngh\u0129a nh\u1ecf nh\u1ea5t theo TSG: DN 15<\/p>\n<\/li>\n<li data-start=\"593\" data-end=\"646\">\n<p data-start=\"595\" data-end=\"646\">Nhi\u1ec7t \u0111\u1ed9 ch\u1ea5t l\u1ecfng cho ph\u00e9p t\u1ed1i \u0111a theo TSG: 200 \u00b0C<\/p>\n<\/li>\n<\/ul>","protected":false},"excerpt":{"rendered":"<p data-start=\"64\" data-end=\"84\"><strong data-start=\"64\" data-end=\"82\">\u1ee8ng d\u1ee5ng ch\u00ednh<\/strong><\/p>\n<ul data-start=\"85\" data-end=\"219\">\n<li data-start=\"85\" data-end=\"116\">\n<p data-start=\"87\" data-end=\"116\">Ng\u00e0nh c\u00f4ng nghi\u1ec7p n\u00f3i chung<\/p>\n<\/li>\n<li data-start=\"117\" data-end=\"146\">\n<p data-start=\"119\" data-end=\"146\">Ng\u00e0nh c\u00f4ng nghi\u1ec7p h\u00f3a d\u1ea7u<\/p>\n<\/li>\n<li data-start=\"147\" data-end=\"177\">\n<p data-start=\"149\" data-end=\"177\">Ng\u00e0nh c\u00f4ng nghi\u1ec7p h\u00f3a ch\u1ea5t<\/p>\n<\/li>\n<li data-start=\"178\" data-end=\"219\">\n<p data-start=\"180\" data-end=\"219\">Ng\u00e0nh c\u00f4ng nghi\u1ec7p th\u1ef1c ph\u1ea9m \/ \u0111\u1ed3 u\u1ed1ng<\/p>\n<\/li>\n<\/ul>\n<p data-start=\"256\" data-end=\"278\"><strong data-start=\"256\" data-end=\"276\">D\u1eef li\u1ec7u k\u1ef9 thu\u1eadt<\/strong><\/p>\n<ul data-start=\"279\" data-end=\"461\">\n<li data-start=\"279\" data-end=\"355\">\n<p data-start=\"281\" data-end=\"355\">\u00c1p su\u1ea5t danh ngh\u0129a c\u1ee7a v\u1ecf th\u1ee7y l\u1ef1c: CL 150, CL 300, CL 600, PN 16, PN 40<\/p>\n<\/li>\n<li data-start=\"356\" data-end=\"407\">\n<p data-start=\"358\" data-end=\"407\">K\u00edch th\u01b0\u1edbc danh ngh\u0129a l\u1edbn nh\u1ea5t theo TSG: DN 200<\/p>\n<\/li>\n<li data-start=\"408\" data-end=\"461\">\n<p data-start=\"410\" data-end=\"461\">Nhi\u1ec7t \u0111\u1ed9 ch\u1ea5t l\u1ecfng cho ph\u00e9p t\u1ed1i \u0111a theo TSG: 200 \u00b0C<\/p>\n<\/li>\n<\/ul>","protected":false},"featured_media":2238,"comment_status":"open","ping_status":"closed","template":"","meta":{"_acf_changed":false,"inline_featured_image":false},"thuong-hieu":[93],"product_brand":[],"product_cat":[16,21],"product_tag":[451],"class_list":{"0":"post-2237","1":"product","2":"type-product","3":"status-publish","4":"has-post-thumbnail","6":"thuong-hieu-ksb","7":"product_cat-van-cong-nghiep","8":"product_cat-van-bi","9":"product_tag-van-bi-bsb","11":"first","12":"instock","13":"shipping-taxable","14":"product-type-simple"},"acf":[],"_links":{"self":[{"href":"https:\/\/sieuthivan.vn\/en\/wp-json\/wp\/v2\/product\/2237","targetHints":{"allow":["GET"]}}],"collection":[{"href":"https:\/\/sieuthivan.vn\/en\/wp-json\/wp\/v2\/product"}],"about":[{"href":"https:\/\/sieuthivan.vn\/en\/wp-json\/wp\/v2\/types\/product"}],"replies":[{"embeddable":true,"href":"https:\/\/sieuthivan.vn\/en\/wp-json\/wp\/v2\/comments?post=2237"}],"wp:featuredmedia":[{"embeddable":true,"href":"https:\/\/sieuthivan.vn\/en\/wp-json\/wp\/v2\/media\/2238"}],"wp:attachment":[{"href":"https:\/\/sieuthivan.vn\/en\/wp-json\/wp\/v2\/media?parent=2237"}],"wp:term":[{"taxonomy":"thuong-hieu","embeddable":true,"href":"https:\/\/sieuthivan.vn\/en\/wp-json\/wp\/v2\/thuong-hieu?post=2237"},{"taxonomy":"product_brand","embeddable":true,"href":"https:\/\/sieuthivan.vn\/en\/wp-json\/wp\/v2\/product_brand?post=2237"},{"taxonomy":"product_cat","embeddable":true,"href":"https:\/\/sieuthivan.vn\/en\/wp-json\/wp\/v2\/product_cat?post=2237"},{"taxonomy":"product_tag","embeddable":true,"href":"https:\/\/sieuthivan.vn\/en\/wp-json\/wp\/v2\/product_tag?post=2237"}],"curies":[{"name":"wp","href":"https:\/\/api.w.org\/{rel}","templated":true}]}}