{"id":2235,"date":"2025-05-23T10:06:19","date_gmt":"2025-05-23T03:06:19","guid":{"rendered":"https:\/\/sieuthivan.vn\/?post_type=product&#038;p=2235"},"modified":"2025-05-29T08:27:49","modified_gmt":"2025-05-29T01:27:49","slug":"van-buom-boax-s-sf","status":"publish","type":"product","link":"https:\/\/sieuthivan.vn\/en\/product\/van-buom-boax-s-sf\/","title":{"rendered":"Van b\u01b0\u1edbm BOAX-S\/SF"},"content":{"rendered":"<p>Van b\u01b0\u1edbm \u0111\u0129a t\u00e2m c\u00f3 \u0111\u1ea7u tr\u1ee5c vu\u00f4ng tu\u00e2n th\u1ee7 ISO 5211 cho van b\u01b0\u1edbm t\u1eeb DN 350, c\u00f3 l\u1edbp ch\u1eafn nhi\u1ec7t v\u00e0 l\u1edbp l\u00f3t \u0111\u00e0n h\u1ed3i (EPDM XU ho\u1eb7c nitrile K), c\u00f3 c\u1ea7n g\u1ea1t, h\u1ed9p s\u1ed1 tay ho\u1eb7c b\u1ed9 truy\u1ec1n \u0111\u1ed9ng \u0111i\u1ec7n (BOAXMAT-S v\u00e0 BOAXMAT-SF); th\u00e2n b\u00e1n lug (T2) ho\u1eb7c th\u00e2n to\u00e0n lug (T4) \u0111\u1ec3 th\u00e1o d\u1ee1 h\u1ea1 l\u01b0u v\u00e0 d\u1ecbch v\u1ee5 ng\u00f5 c\u1ee5t. \u0110\u0129a van l\u00e0m b\u1eb1ng th\u00e9p kh\u00f4ng g\u1ec9 1.4308, k\u1ebft n\u1ed1i v\u1edbi EN.<\/p>\n<p data-start=\"77\" data-end=\"99\"><strong data-start=\"77\" data-end=\"97\">D\u1eef li\u1ec7u k\u1ef9 thu\u1eadt<\/strong><\/p>\n<ul data-start=\"100\" data-end=\"697\">\n<li data-start=\"100\" data-end=\"159\">\n<p data-start=\"102\" data-end=\"159\">Ch\u1ee9c n\u0103ng c\u1ee7a b\u1ed9 ph\u1eadn: Ng\u1eaft\/m\u1edf ho\u1eb7c \u0111i\u1ec1u ti\u1ebft d\u00f2ng ch\u1ea3y<\/p>\n<\/li>\n<li data-start=\"160\" data-end=\"284\">\n<p data-start=\"162\" data-end=\"188\">Thi\u1ebft k\u1ebf b\u1ed9 truy\u1ec1n \u0111\u1ed9ng:<\/p>\n<ul data-start=\"191\" data-end=\"284\">\n<li data-start=\"191\" data-end=\"218\">\n<p data-start=\"193\" data-end=\"218\">V\u1edbi b\u1ed9 truy\u1ec1n \u0111\u1ed9ng \u0111i\u1ec7n<\/p>\n<\/li>\n<li data-start=\"221\" data-end=\"237\">\n<p data-start=\"223\" data-end=\"237\">V\u1edbi tay quay<\/p>\n<\/li>\n<li data-start=\"240\" data-end=\"251\">\n<p data-start=\"242\" data-end=\"251\">Tay g\u1ea1t<\/p>\n<\/li>\n<li data-start=\"254\" data-end=\"284\">\n<p data-start=\"256\" data-end=\"284\">V\u1edbi b\u1ed9 truy\u1ec1n \u0111\u1ed9ng kh\u00ed n\u00e9n<\/p>\n<\/li>\n<\/ul>\n<\/li>\n<li data-start=\"285\" data-end=\"324\">\n<p data-start=\"287\" data-end=\"324\">V\u1eadt li\u1ec7u v\u1ecf th\u1ee7y l\u1ef1c: EN-GJS-400-15<\/p>\n<\/li>\n<li data-start=\"325\" data-end=\"383\">\n<p data-start=\"327\" data-end=\"383\">\u00c1p su\u1ea5t danh ngh\u0129a c\u1ee7a v\u1ecf th\u1ee7y l\u1ef1c: PN 6, PN 10, PN 16<\/p>\n<\/li>\n<li data-start=\"384\" data-end=\"435\">\n<p data-start=\"386\" data-end=\"435\">K\u00edch th\u01b0\u1edbc danh ngh\u0129a l\u1edbn nh\u1ea5t theo TSG: DN 600<\/p>\n<\/li>\n<li data-start=\"436\" data-end=\"486\">\n<p data-start=\"438\" data-end=\"486\">K\u00edch th\u01b0\u1edbc danh ngh\u0129a nh\u1ecf nh\u1ea5t theo TSG: DN 20<\/p>\n<\/li>\n<li data-start=\"487\" data-end=\"542\">\n<p data-start=\"489\" data-end=\"542\">Nhi\u1ec7t \u0111\u1ed9 ch\u1ea5t l\u1ecfng cho ph\u00e9p t\u1ed1i \u0111a theo TSG: 130 \u00b0C<\/p>\n<\/li>\n<li data-start=\"543\" data-end=\"601\">\n<p data-start=\"545\" data-end=\"601\">Nhi\u1ec7t \u0111\u1ed9 ch\u1ea5t l\u1ecfng cho ph\u00e9p t\u1ed1i thi\u1ec3u theo TSG: -10 \u00b0C<\/p>\n<\/li>\n<li data-start=\"602\" data-end=\"697\">\n<p data-start=\"604\" data-end=\"620\">Ki\u1ec3u th\u00e2n van:<\/p>\n<ul data-start=\"623\" data-end=\"697\">\n<li data-start=\"623\" data-end=\"650\">\n<p data-start=\"625\" data-end=\"650\">Ki\u1ec3u b\u00e1n lug (semi-lug)<\/p>\n<\/li>\n<li data-start=\"653\" data-end=\"697\">\n<p data-start=\"655\" data-end=\"697\">Ki\u1ec3u full-lug, m\u1eb7t b\u00edch nh\u00f4 (raised faces)<\/p>\n<\/li>\n<\/ul>\n<\/li>\n<\/ul>","protected":false},"excerpt":{"rendered":"<div><strong>\u1ee8ng d\u1ee5ng ch\u00ednh<\/strong><\/div>\n<div>H\u1ec7 th\u1ed1ng s\u01b0\u1edfi \u1ea5m n\u01b0\u1edbc n\u00f3ng<\/div>\n<div>H\u1ec7 th\u1ed1ng \u0111i\u1ec1u h\u00f2a kh\u00f4ng kh\u00ed<\/div>\n<div>Cung c\u1ea5p n\u01b0\u1edbc sinh ho\u1ea1t<\/div>\n<div>C\u1eeda h\u00e0ng s\u01a1n<\/div>\n<div><\/div>\n<div><strong>D\u1eef li\u1ec7u k\u1ef9 thu\u1eadt<\/strong><\/div>\n<div>\u00c1p su\u1ea5t danh ngh\u0129a V\u1ecf th\u1ee7y l\u1ef1c<\/div>\n<div>PN 6, PN 10, PN 16<\/div>\n<div>K\u00edch th\u01b0\u1edbc danh ngh\u0129a t\u1ed1i \u0111a TSG<\/div>\n<div>DN 600<\/div>\n<div>Nhi\u1ec7t \u0111\u1ed9 ch\u1ea5t l\u1ecfng t\u1ed1i \u0111a cho ph\u00e9p TSG<\/div>\n<div>130 \u00b0C<\/div>","protected":false},"featured_media":2236,"comment_status":"open","ping_status":"closed","template":"","meta":{"_acf_changed":false,"inline_featured_image":false},"thuong-hieu":[93],"product_brand":[],"product_cat":[16,19],"product_tag":[450],"class_list":{"0":"post-2235","1":"product","2":"type-product","3":"status-publish","4":"has-post-thumbnail","6":"thuong-hieu-ksb","7":"product_cat-van-cong-nghiep","8":"product_cat-van-buom","9":"product_tag-van-buom-boax-s-sf","11":"first","12":"instock","13":"shipping-taxable","14":"product-type-simple"},"acf":[],"_links":{"self":[{"href":"https:\/\/sieuthivan.vn\/en\/wp-json\/wp\/v2\/product\/2235","targetHints":{"allow":["GET"]}}],"collection":[{"href":"https:\/\/sieuthivan.vn\/en\/wp-json\/wp\/v2\/product"}],"about":[{"href":"https:\/\/sieuthivan.vn\/en\/wp-json\/wp\/v2\/types\/product"}],"replies":[{"embeddable":true,"href":"https:\/\/sieuthivan.vn\/en\/wp-json\/wp\/v2\/comments?post=2235"}],"wp:featuredmedia":[{"embeddable":true,"href":"https:\/\/sieuthivan.vn\/en\/wp-json\/wp\/v2\/media\/2236"}],"wp:attachment":[{"href":"https:\/\/sieuthivan.vn\/en\/wp-json\/wp\/v2\/media?parent=2235"}],"wp:term":[{"taxonomy":"thuong-hieu","embeddable":true,"href":"https:\/\/sieuthivan.vn\/en\/wp-json\/wp\/v2\/thuong-hieu?post=2235"},{"taxonomy":"product_brand","embeddable":true,"href":"https:\/\/sieuthivan.vn\/en\/wp-json\/wp\/v2\/product_brand?post=2235"},{"taxonomy":"product_cat","embeddable":true,"href":"https:\/\/sieuthivan.vn\/en\/wp-json\/wp\/v2\/product_cat?post=2235"},{"taxonomy":"product_tag","embeddable":true,"href":"https:\/\/sieuthivan.vn\/en\/wp-json\/wp\/v2\/product_tag?post=2235"}],"curies":[{"name":"wp","href":"https:\/\/api.w.org\/{rel}","templated":true}]}}