{"id":2233,"date":"2025-05-23T09:35:22","date_gmt":"2025-05-23T02:35:22","guid":{"rendered":"https:\/\/sieuthivan.vn\/?post_type=product&#038;p=2233"},"modified":"2025-05-28T16:35:57","modified_gmt":"2025-05-28T09:35:57","slug":"van-buom-boax-cbv13","status":"publish","type":"product","link":"https:\/\/sieuthivan.vn\/en\/product\/van-buom-boax-cbv13\/","title":{"rendered":"Van b\u01b0\u1edbm BOAX-CBV13"},"content":{"rendered":"<p>Van b\u01b0\u1edbm \u0111\u0129a trung t\u00e2m ph\u1ee7 l\u1edbp ph\u1ee7 epoxy. \u0110\u00f3ng ho\u00e0n h\u1ea3o theo c\u1ea3 hai h\u01b0\u1edbng d\u00f2ng ch\u1ea3y. \u0110\u1ea7u b\u00edch theo ti\u00eau chu\u1ea9n EN, th\u00e2n l\u00e0m b\u1eb1ng gang c\u1ea7u, \u0111\u0129a van l\u00e0m b\u1eb1ng th\u00e9p kh\u00f4ng g\u1ec9.<\/p>\n<p data-start=\"77\" data-end=\"99\"><strong data-start=\"77\" data-end=\"97\">D\u1eef li\u1ec7u k\u1ef9 thu\u1eadt<\/strong><\/p>\n<ul data-start=\"100\" data-end=\"579\">\n<li data-start=\"100\" data-end=\"159\">\n<p data-start=\"102\" data-end=\"159\">Ch\u1ee9c n\u0103ng c\u1ee7a b\u1ed9 ph\u1eadn: Ng\u1eaft\/m\u1edf ho\u1eb7c \u0111i\u1ec1u ti\u1ebft d\u00f2ng ch\u1ea3y<\/p>\n<\/li>\n<li data-start=\"160\" data-end=\"270\">\n<p data-start=\"162\" data-end=\"188\">Thi\u1ebft k\u1ebf b\u1ed9 truy\u1ec1n \u0111\u1ed9ng:<\/p>\n<ul data-start=\"191\" data-end=\"270\">\n<li data-start=\"191\" data-end=\"218\">\n<p data-start=\"193\" data-end=\"218\">V\u1edbi b\u1ed9 truy\u1ec1n \u0111\u1ed9ng \u0111i\u1ec7n<\/p>\n<\/li>\n<li data-start=\"221\" data-end=\"237\">\n<p data-start=\"223\" data-end=\"237\">V\u1edbi tay quay<\/p>\n<\/li>\n<li data-start=\"240\" data-end=\"270\">\n<p data-start=\"242\" data-end=\"270\">V\u1edbi b\u1ed9 truy\u1ec1n \u0111\u1ed9ng kh\u00ed n\u00e9n<\/p>\n<\/li>\n<\/ul>\n<\/li>\n<li data-start=\"271\" data-end=\"310\">\n<p data-start=\"273\" data-end=\"310\">V\u1eadt li\u1ec7u v\u1ecf th\u1ee7y l\u1ef1c: EN-GJS-400-15<\/p>\n<\/li>\n<li data-start=\"311\" data-end=\"363\">\n<p data-start=\"313\" data-end=\"363\">\u00c1p su\u1ea5t danh ngh\u0129a c\u1ee7a v\u1ecf th\u1ee7y l\u1ef1c: PN 10, PN 16<\/p>\n<\/li>\n<li data-start=\"364\" data-end=\"416\">\n<p data-start=\"366\" data-end=\"416\">K\u00edch th\u01b0\u1edbc danh ngh\u0129a l\u1edbn nh\u1ea5t theo TSG: DN 1200<\/p>\n<\/li>\n<li data-start=\"417\" data-end=\"467\">\n<p data-start=\"419\" data-end=\"467\">K\u00edch th\u01b0\u1edbc danh ngh\u0129a nh\u1ecf nh\u1ea5t theo TSG: DN 50<\/p>\n<\/li>\n<li data-start=\"468\" data-end=\"522\">\n<p data-start=\"470\" data-end=\"522\">Nhi\u1ec7t \u0111\u1ed9 ch\u1ea5t l\u1ecfng cho ph\u00e9p t\u1ed1i \u0111a theo TSG: 70 \u00b0C<\/p>\n<\/li>\n<li data-start=\"523\" data-end=\"579\">\n<p data-start=\"525\" data-end=\"579\">Nhi\u1ec7t \u0111\u1ed9 ch\u1ea5t l\u1ecfng cho ph\u00e9p t\u1ed1i thi\u1ec3u theo TSG: -10 \u00b0C<\/p>\n<\/li>\n<\/ul>","protected":false},"excerpt":{"rendered":"<p data-start=\"65\" data-end=\"85\"><strong data-start=\"65\" data-end=\"83\">\u1ee8ng d\u1ee5ng ch\u00ednh<\/strong><\/p>\n<ul data-start=\"86\" data-end=\"185\">\n<li data-start=\"86\" data-end=\"114\">\n<p data-start=\"88\" data-end=\"114\">H\u1ec7 th\u1ed1ng t\u01b0\u1edbi ti\u00eau chung<\/p>\n<\/li>\n<li data-start=\"115\" data-end=\"130\">\n<p data-start=\"117\" data-end=\"130\">T\u0103ng \u00e1p l\u1ef1c<\/p>\n<\/li>\n<li data-start=\"131\" data-end=\"153\">\n<p data-start=\"133\" data-end=\"153\">C\u1ea5p n\u01b0\u1edbc sinh ho\u1ea1t<\/p>\n<\/li>\n<li data-start=\"154\" data-end=\"185\">\n<p data-start=\"156\" data-end=\"185\">H\u1ec7 th\u1ed1ng \u0111i\u1ec1u h\u00f2a kh\u00f4ng kh\u00ed<\/p>\n<\/li>\n<\/ul>\n<p data-start=\"222\" data-end=\"244\"><strong data-start=\"222\" data-end=\"242\">D\u1eef li\u1ec7u k\u1ef9 thu\u1eadt<\/strong><\/p>\n<ul data-start=\"245\" data-end=\"405\">\n<li data-start=\"245\" data-end=\"301\">\n<p data-start=\"247\" data-end=\"301\">\u00c1p su\u1ea5t danh ngh\u0129a c\u1ee7a v\u1ecf b\u1ecdc th\u1ee7y l\u1ef1c: PN 10, PN 16<\/p>\n<\/li>\n<li data-start=\"302\" data-end=\"352\">\n<p data-start=\"304\" data-end=\"352\">K\u00edch th\u01b0\u1edbc danh ngh\u0129a t\u1ed1i \u0111a theo TSG: DN 1200<\/p>\n<\/li>\n<li data-start=\"353\" data-end=\"405\">\n<p data-start=\"355\" data-end=\"405\">Nhi\u1ec7t \u0111\u1ed9 ch\u1ea5t l\u1ecfng cho ph\u00e9p t\u1ed1i \u0111a theo TSG: 70 \u00b0C<\/p>\n<\/li>\n<\/ul>","protected":false},"featured_media":2234,"comment_status":"open","ping_status":"closed","template":"","meta":{"_acf_changed":false,"inline_featured_image":false},"thuong-hieu":[93],"product_brand":[],"product_cat":[16,19],"product_tag":[449],"class_list":{"0":"post-2233","1":"product","2":"type-product","3":"status-publish","4":"has-post-thumbnail","6":"thuong-hieu-ksb","7":"product_cat-van-cong-nghiep","8":"product_cat-van-buom","9":"product_tag-van-buom-boax-cbv13","11":"first","12":"instock","13":"shipping-taxable","14":"product-type-simple"},"acf":[],"_links":{"self":[{"href":"https:\/\/sieuthivan.vn\/en\/wp-json\/wp\/v2\/product\/2233","targetHints":{"allow":["GET"]}}],"collection":[{"href":"https:\/\/sieuthivan.vn\/en\/wp-json\/wp\/v2\/product"}],"about":[{"href":"https:\/\/sieuthivan.vn\/en\/wp-json\/wp\/v2\/types\/product"}],"replies":[{"embeddable":true,"href":"https:\/\/sieuthivan.vn\/en\/wp-json\/wp\/v2\/comments?post=2233"}],"wp:featuredmedia":[{"embeddable":true,"href":"https:\/\/sieuthivan.vn\/en\/wp-json\/wp\/v2\/media\/2234"}],"wp:attachment":[{"href":"https:\/\/sieuthivan.vn\/en\/wp-json\/wp\/v2\/media?parent=2233"}],"wp:term":[{"taxonomy":"thuong-hieu","embeddable":true,"href":"https:\/\/sieuthivan.vn\/en\/wp-json\/wp\/v2\/thuong-hieu?post=2233"},{"taxonomy":"product_brand","embeddable":true,"href":"https:\/\/sieuthivan.vn\/en\/wp-json\/wp\/v2\/product_brand?post=2233"},{"taxonomy":"product_cat","embeddable":true,"href":"https:\/\/sieuthivan.vn\/en\/wp-json\/wp\/v2\/product_cat?post=2233"},{"taxonomy":"product_tag","embeddable":true,"href":"https:\/\/sieuthivan.vn\/en\/wp-json\/wp\/v2\/product_tag?post=2233"}],"curies":[{"name":"wp","href":"https:\/\/api.w.org\/{rel}","templated":true}]}}