{"id":2231,"date":"2025-05-23T09:14:10","date_gmt":"2025-05-23T02:14:10","guid":{"rendered":"https:\/\/sieuthivan.vn\/?post_type=product&#038;p=2231"},"modified":"2025-05-28T16:26:05","modified_gmt":"2025-05-28T09:26:05","slug":"van-buom-boax-b","status":"publish","type":"product","link":"https:\/\/sieuthivan.vn\/en\/product\/van-buom-boax-b\/","title":{"rendered":"Van b\u01b0\u1edbm BOAX-B"},"content":{"rendered":"<p>Van b\u01b0\u1edbm \u0111\u0129a t\u00e2m c\u00f3 \u0111\u1ea7u tr\u1ee5c vu\u00f4ng tu\u00e2n th\u1ee7 ISO 5211, \u0111\u01b0\u1ee3c l\u00e0m k\u00edn b\u1eb1ng l\u1edbp l\u00f3t \u0111\u00e0n h\u1ed3i (EPDM XC \/ XU ho\u1eb7c nitrile K), c\u00f3 c\u1ea7n g\u1ea1t, h\u1ed9p s\u1ed1 tay, b\u1ed9 truy\u1ec1n \u0111\u1ed9ng kh\u00ed n\u00e9n ho\u1eb7c \u0111i\u1ec7n; th\u00e2n b\u00e1n thanh (T2), th\u00e2n to\u00e0n thanh (T4). C\u00e1c lo\u1ea1i th\u00e2n T2 v\u00e0 T4 ph\u00f9 h\u1ee3p \u0111\u1ec3 th\u00e1o d\u1ee1 h\u1ea1 l\u01b0u v\u00e0 d\u1ecbch v\u1ee5 ng\u00f5 c\u1ee5t. \u0110\u0129a van l\u00e0m b\u1eb1ng gang c\u1ea7u ho\u1eb7c th\u00e9p kh\u00f4ng g\u1ec9. K\u1ebft n\u1ed1i v\u1edbi EN.<\/p>\n<h3 data-start=\"75\" data-end=\"95\">D\u1eef li\u1ec7u k\u1ef9 thu\u1eadt<\/h3>\n<ul data-start=\"97\" data-end=\"910\">\n<li data-start=\"97\" data-end=\"162\">\n<p data-start=\"99\" data-end=\"162\"><strong data-start=\"99\" data-end=\"124\">Ch\u1ee9c n\u0103ng c\u1ee7a b\u1ed9 ph\u1eadn<\/strong>: \u0110\u00f3ng\/ng\u1eaft ho\u1eb7c \u0111i\u1ec1u ti\u1ebft d\u00f2ng ch\u1ea3y<\/p>\n<\/li>\n<li data-start=\"163\" data-end=\"201\">\n<p data-start=\"165\" data-end=\"201\"><strong data-start=\"165\" data-end=\"189\">Ki\u1ec3u k\u1ebft n\u1ed1i \u0111\u1ea7u v\u00e0o<\/strong>: M\u1eb7t b\u00edch<\/p>\n<\/li>\n<li data-start=\"202\" data-end=\"406\">\n<p data-start=\"204\" data-end=\"241\"><strong data-start=\"204\" data-end=\"238\">Nguy\u00ean l\u00fd thi\u1ebft k\u1ebf truy\u1ec1n \u0111\u1ed9ng<\/strong>:<\/p>\n<ul data-start=\"244\" data-end=\"406\">\n<li data-start=\"244\" data-end=\"271\">\n<p data-start=\"246\" data-end=\"271\">V\u1edbi b\u1ed9 truy\u1ec1n \u0111\u1ed9ng \u0111i\u1ec7n<\/p>\n<\/li>\n<li data-start=\"274\" data-end=\"290\">\n<p data-start=\"276\" data-end=\"290\">V\u1edbi tay quay<\/p>\n<\/li>\n<li data-start=\"293\" data-end=\"304\">\n<p data-start=\"295\" data-end=\"304\">Tay g\u1ea1t<\/p>\n<\/li>\n<li data-start=\"307\" data-end=\"337\">\n<p data-start=\"309\" data-end=\"337\">V\u1edbi b\u1ed9 truy\u1ec1n \u0111\u1ed9ng kh\u00ed n\u00e9n<\/p>\n<\/li>\n<li data-start=\"340\" data-end=\"406\">\n<p data-start=\"342\" data-end=\"406\">Kh\u00f4ng c\u00f3 (truy\u1ec1n \u0111\u1ed9ng th\u1ee7 c\u00f4ng ho\u1eb7c l\u1eafp s\u1eb5n kh\u00f4ng truy\u1ec1n \u0111\u1ed9ng)<\/p>\n<\/li>\n<\/ul>\n<\/li>\n<li data-start=\"407\" data-end=\"452\">\n<p data-start=\"409\" data-end=\"452\"><strong data-start=\"409\" data-end=\"435\">V\u1eadt li\u1ec7u th\u00e2n th\u1ee7y l\u1ef1c<\/strong>: EN-GJS-400-15<\/p>\n<\/li>\n<li data-start=\"453\" data-end=\"517\">\n<p data-start=\"455\" data-end=\"517\"><strong data-start=\"455\" data-end=\"495\">\u00c1p su\u1ea5t danh ngh\u0129a c\u1ee7a th\u00e2n th\u1ee7y l\u1ef1c<\/strong>: PN 6, PN 10, PN 16<\/p>\n<\/li>\n<li data-start=\"518\" data-end=\"572\">\n<p data-start=\"520\" data-end=\"572\"><strong data-start=\"520\" data-end=\"561\">K\u00edch th\u01b0\u1edbc danh ngh\u0129a t\u1ed1i \u0111a theo TSG<\/strong>: DN 1000<\/p>\n<\/li>\n<li data-start=\"573\" data-end=\"628\">\n<p data-start=\"575\" data-end=\"628\"><strong data-start=\"575\" data-end=\"619\">K\u00edch th\u01b0\u1edbc danh ngh\u0129a t\u1ed1i thi\u1ec3u theo TSG<\/strong>: DN 40<\/p>\n<\/li>\n<li data-start=\"629\" data-end=\"688\">\n<p data-start=\"631\" data-end=\"688\"><strong data-start=\"631\" data-end=\"678\">Nhi\u1ec7t \u0111\u1ed9 ch\u1ea5t l\u1ecfng t\u1ed1i \u0111a cho ph\u00e9p theo TSG<\/strong>: 110 \u00b0C<\/p>\n<\/li>\n<li data-start=\"689\" data-end=\"751\">\n<p data-start=\"691\" data-end=\"751\"><strong data-start=\"691\" data-end=\"741\">Nhi\u1ec7t \u0111\u1ed9 ch\u1ea5t l\u1ecfng t\u1ed1i thi\u1ec3u cho ph\u00e9p theo TSG<\/strong>: -10 \u00b0C<\/p>\n<\/li>\n<li data-start=\"752\" data-end=\"910\">\n<p data-start=\"754\" data-end=\"774\"><strong data-start=\"754\" data-end=\"771\">Ki\u1ec3u th\u00e2n van<\/strong>:<\/p>\n<ul data-start=\"777\" data-end=\"910\">\n<li data-start=\"777\" data-end=\"796\">\n<p data-start=\"779\" data-end=\"796\">Th\u00e2n ki\u1ec3u wafer<\/p>\n<\/li>\n<li data-start=\"799\" data-end=\"815\">\n<p data-start=\"801\" data-end=\"815\">Ki\u1ec3u b\u00e1n lug<\/p>\n<\/li>\n<li data-start=\"818\" data-end=\"864\">\n<p data-start=\"820\" data-end=\"864\">Ki\u1ec3u full lug, m\u1eb7t b\u00edch nh\u00f4 (raised faces)<\/p>\n<\/li>\n<li data-start=\"867\" data-end=\"910\">\n<p data-start=\"869\" data-end=\"910\">Th\u00e2n h\u00ecnh ch\u1eef U, m\u1eb7t ph\u1eb3ng (flat faces)<\/p>\n<\/li>\n<\/ul>\n<\/li>\n<\/ul>\n<p>&nbsp;<\/p>","protected":false},"excerpt":{"rendered":"<p data-start=\"60\" data-end=\"78\">\u1ee8ng d\u1ee5ng ch\u00ednh<\/p>\n<ul data-start=\"79\" data-end=\"171\">\n<li data-start=\"79\" data-end=\"101\">\n<p data-start=\"81\" data-end=\"101\">H\u1ec7 th\u1ed1ng t\u01b0\u1edbi phun<\/p>\n<\/li>\n<li data-start=\"102\" data-end=\"124\">\n<p data-start=\"104\" data-end=\"124\">C\u1ea5p n\u01b0\u1edbc sinh ho\u1ea1t<\/p>\n<\/li>\n<li data-start=\"125\" data-end=\"143\">\n<p data-start=\"127\" data-end=\"143\">Khai th\u00e1c n\u01b0\u1edbc<\/p>\n<\/li>\n<li data-start=\"144\" data-end=\"171\">\n<p data-start=\"146\" data-end=\"171\">H\u1ec7 th\u1ed1ng s\u01b0\u1edfi n\u01b0\u1edbc n\u00f3ng<\/p>\n<\/li>\n<\/ul>\n<p data-start=\"212\" data-end=\"232\">D\u1eef li\u1ec7u k\u1ef9 thu\u1eadt<\/p>\n<ul data-start=\"233\" data-end=\"394\">\n<li data-start=\"233\" data-end=\"287\">\n<p data-start=\"235\" data-end=\"287\">\u00c1p su\u1ea5t danh ngh\u0129a v\u1ecf th\u1ee7y l\u1ef1c: PN 6, PN 10, PN 16<\/p>\n<\/li>\n<li data-start=\"288\" data-end=\"338\">\n<p data-start=\"290\" data-end=\"338\">K\u00edch th\u01b0\u1edbc danh ngh\u0129a t\u1ed1i \u0111a theo TSG: DN 1000<\/p>\n<\/li>\n<li data-start=\"339\" data-end=\"394\">\n<p data-start=\"341\" data-end=\"394\">Nhi\u1ec7t \u0111\u1ed9 ch\u1ea5t l\u1ecfng t\u1ed1i \u0111a cho ph\u00e9p theo TSG: 110 \u00b0C<\/p>\n<\/li>\n<\/ul>","protected":false},"featured_media":2232,"comment_status":"open","ping_status":"closed","template":"","meta":{"_acf_changed":false,"inline_featured_image":false},"thuong-hieu":[93],"product_brand":[],"product_cat":[16,19],"product_tag":[448],"class_list":{"0":"post-2231","1":"product","2":"type-product","3":"status-publish","4":"has-post-thumbnail","6":"thuong-hieu-ksb","7":"product_cat-van-cong-nghiep","8":"product_cat-van-buom","9":"product_tag-van-buom-boax-b","11":"first","12":"instock","13":"shipping-taxable","14":"product-type-simple"},"acf":[],"_links":{"self":[{"href":"https:\/\/sieuthivan.vn\/en\/wp-json\/wp\/v2\/product\/2231","targetHints":{"allow":["GET"]}}],"collection":[{"href":"https:\/\/sieuthivan.vn\/en\/wp-json\/wp\/v2\/product"}],"about":[{"href":"https:\/\/sieuthivan.vn\/en\/wp-json\/wp\/v2\/types\/product"}],"replies":[{"embeddable":true,"href":"https:\/\/sieuthivan.vn\/en\/wp-json\/wp\/v2\/comments?post=2231"}],"wp:featuredmedia":[{"embeddable":true,"href":"https:\/\/sieuthivan.vn\/en\/wp-json\/wp\/v2\/media\/2232"}],"wp:attachment":[{"href":"https:\/\/sieuthivan.vn\/en\/wp-json\/wp\/v2\/media?parent=2231"}],"wp:term":[{"taxonomy":"thuong-hieu","embeddable":true,"href":"https:\/\/sieuthivan.vn\/en\/wp-json\/wp\/v2\/thuong-hieu?post=2231"},{"taxonomy":"product_brand","embeddable":true,"href":"https:\/\/sieuthivan.vn\/en\/wp-json\/wp\/v2\/product_brand?post=2231"},{"taxonomy":"product_cat","embeddable":true,"href":"https:\/\/sieuthivan.vn\/en\/wp-json\/wp\/v2\/product_cat?post=2231"},{"taxonomy":"product_tag","embeddable":true,"href":"https:\/\/sieuthivan.vn\/en\/wp-json\/wp\/v2\/product_tag?post=2231"}],"curies":[{"name":"wp","href":"https:\/\/api.w.org\/{rel}","templated":true}]}}