{"id":2226,"date":"2025-05-22T16:32:37","date_gmt":"2025-05-22T09:32:37","guid":{"rendered":"https:\/\/sieuthivan.vn\/?post_type=product&#038;p=2226"},"modified":"2025-05-27T11:12:14","modified_gmt":"2025-05-27T04:12:14","slug":"boavent-sva","status":"publish","type":"product","link":"https:\/\/sieuthivan.vn\/en\/product\/boavent-sva\/","title":{"rendered":"BOAVENT-SVA"},"content":{"rendered":"<p>Van kh\u00ed t\u1ef1 \u0111\u1ed9ng v\u1edbi m\u1ed9t phao v\u00e0 ba ch\u1ee9c n\u0103ng. V\u1edbi \u0111\u1ea7u b\u00edch ho\u1eb7c \u0111\u1ea7u ren, th\u00e2n l\u00e0m b\u1eb1ng gang c\u1ea7u, thi\u1ebft k\u1ebf bu\u1ed3ng \u0111\u01a1n v\u1edbi phao polypropylene. Van kh\u00ed \u0111\u1ea3m b\u1ea3o ho\u1ea1t \u0111\u1ed9ng b\u00ecnh th\u01b0\u1eddng c\u1ee7a h\u1ec7 th\u1ed1ng \u0111\u01b0\u1eddng \u1ed1ng. N\u00f3 \u0111\u01b0\u1ee3c thi\u1ebft k\u1ebf \u0111\u1eb7c bi\u1ec7t \u0111\u1ec3 cho ph\u00e9p \u0111\u01b0a v\u00e0o v\u00e0 x\u1ea3 kh\u1ed1i l\u01b0\u1ee3ng l\u1edbn kh\u00f4ng kh\u00ed v\u00e0 gi\u1ea3i ph\u00f3ng c\u00e1c t\u00fai kh\u00ed trong \u0111i\u1ec1u ki\u1ec7n l\u00e0m vi\u1ec7c.<\/p>\n<h3 data-start=\"66\" data-end=\"88\">D\u1eef li\u1ec7u k\u1ef9 thu\u1eadt<\/h3>\n<ul data-start=\"89\" data-end=\"447\">\n<li data-start=\"89\" data-end=\"137\">\n<p data-start=\"91\" data-end=\"137\"><strong data-start=\"91\" data-end=\"112\">Ch\u1ee9c n\u0103ng b\u1ed9 ph\u1eadn<\/strong>: Tho\u00e1t kh\u00ed \/ th\u00f4ng kh\u00ed<\/p>\n<\/li>\n<li data-start=\"138\" data-end=\"178\">\n<p data-start=\"140\" data-end=\"178\"><strong data-start=\"140\" data-end=\"166\">Lo\u1ea1i k\u1ebft n\u1ed1i (\u0111\u1ea7u v\u00e0o)<\/strong>: M\u1eb7t b\u00edch<\/p>\n<\/li>\n<li data-start=\"179\" data-end=\"227\">\n<p data-start=\"181\" data-end=\"227\"><strong data-start=\"181\" data-end=\"210\">V\u1eadt li\u1ec7u th\u00e2n v\u1ecf th\u1ee7y l\u1ef1c<\/strong>: EN-GJS-450-10<\/p>\n<\/li>\n<li data-start=\"228\" data-end=\"278\">\n<p data-start=\"230\" data-end=\"278\"><strong data-start=\"230\" data-end=\"269\">\u00c1p su\u1ea5t danh ngh\u0129a th\u00e2n v\u1ecf th\u1ee7y l\u1ef1c<\/strong>: PN 16<\/p>\n<\/li>\n<li data-start=\"279\" data-end=\"332\">\n<p data-start=\"281\" data-end=\"332\"><strong data-start=\"281\" data-end=\"322\">K\u00edch th\u01b0\u1edbc danh ngh\u0129a t\u1ed1i \u0111a theo TSG<\/strong>: DN 200<\/p>\n<\/li>\n<li data-start=\"333\" data-end=\"388\">\n<p data-start=\"335\" data-end=\"388\"><strong data-start=\"335\" data-end=\"379\">K\u00edch th\u01b0\u1edbc danh ngh\u0129a t\u1ed1i thi\u1ec3u theo TSG<\/strong>: DN 50<\/p>\n<\/li>\n<li data-start=\"389\" data-end=\"447\">\n<p data-start=\"391\" data-end=\"447\"><strong data-start=\"391\" data-end=\"438\">Nhi\u1ec7t \u0111\u1ed9 ch\u1ea5t l\u1ecfng t\u1ed1i \u0111a cho ph\u00e9p theo TSG<\/strong>: 60 \u00b0C<\/p>\n<\/li>\n<\/ul>","protected":false},"excerpt":{"rendered":"<p data-start=\"66\" data-end=\"88\"><strong data-start=\"70\" data-end=\"88\">\u1ee8ng d\u1ee5ng ch\u00ednh<\/strong><\/p>\n<ul data-start=\"89\" data-end=\"197\">\n<li data-start=\"89\" data-end=\"112\">\n<p data-start=\"91\" data-end=\"112\">H\u1ec7 th\u1ed1ng tho\u00e1t n\u01b0\u1edbc<\/p>\n<\/li>\n<li data-start=\"113\" data-end=\"136\">\n<p data-start=\"115\" data-end=\"136\">H\u1ec7 th\u1ed1ng x\u1eed l\u00fd n\u01b0\u1edbc<\/p>\n<\/li>\n<li data-start=\"137\" data-end=\"197\">\n<p data-start=\"139\" data-end=\"197\">C\u00e1c \u1ee9ng d\u1ee5ng c\u00f3 ch\u1ea5t l\u1ecfng ch\u1ee9a ch\u1ea5t r\u1eafn l\u01a1 l\u1eedng \/ h\u1ea1t l\u1ea1<\/p>\n<\/li>\n<\/ul>\n<p data-start=\"204\" data-end=\"228\"><strong data-start=\"208\" data-end=\"228\">D\u1eef li\u1ec7u k\u1ef9 thu\u1eadt<\/strong><\/p>\n<ul data-start=\"229\" data-end=\"396\">\n<li data-start=\"229\" data-end=\"283\">\n<p data-start=\"231\" data-end=\"283\"><strong data-start=\"231\" data-end=\"274\">\u00c1p su\u1ea5t danh ngh\u0129a c\u1ee7a th\u00e2n v\u1ecf th\u1ee7y l\u1ef1c<\/strong>: PN 16<\/p>\n<\/li>\n<li data-start=\"284\" data-end=\"337\">\n<p data-start=\"286\" data-end=\"337\"><strong data-start=\"286\" data-end=\"327\">K\u00edch th\u01b0\u1edbc danh ngh\u0129a t\u1ed1i \u0111a theo TSG<\/strong>: DN 200<\/p>\n<\/li>\n<li data-start=\"338\" data-end=\"396\">\n<p data-start=\"340\" data-end=\"396\"><strong data-start=\"340\" data-end=\"387\">Nhi\u1ec7t \u0111\u1ed9 ch\u1ea5t l\u1ecfng t\u1ed1i \u0111a cho ph\u00e9p theo TSG<\/strong>: 60 \u00b0C<\/p>\n<\/li>\n<\/ul>","protected":false},"featured_media":2227,"comment_status":"open","ping_status":"closed","template":"","meta":{"_acf_changed":false,"inline_featured_image":false},"thuong-hieu":[93],"product_brand":[],"product_cat":[16],"product_tag":[446],"class_list":{"0":"post-2226","1":"product","2":"type-product","3":"status-publish","4":"has-post-thumbnail","6":"thuong-hieu-ksb","7":"product_cat-van-cong-nghiep","8":"product_tag-boavent-sva","10":"first","11":"instock","12":"shipping-taxable","13":"product-type-simple"},"acf":[],"_links":{"self":[{"href":"https:\/\/sieuthivan.vn\/en\/wp-json\/wp\/v2\/product\/2226","targetHints":{"allow":["GET"]}}],"collection":[{"href":"https:\/\/sieuthivan.vn\/en\/wp-json\/wp\/v2\/product"}],"about":[{"href":"https:\/\/sieuthivan.vn\/en\/wp-json\/wp\/v2\/types\/product"}],"replies":[{"embeddable":true,"href":"https:\/\/sieuthivan.vn\/en\/wp-json\/wp\/v2\/comments?post=2226"}],"wp:featuredmedia":[{"embeddable":true,"href":"https:\/\/sieuthivan.vn\/en\/wp-json\/wp\/v2\/media\/2227"}],"wp:attachment":[{"href":"https:\/\/sieuthivan.vn\/en\/wp-json\/wp\/v2\/media?parent=2226"}],"wp:term":[{"taxonomy":"thuong-hieu","embeddable":true,"href":"https:\/\/sieuthivan.vn\/en\/wp-json\/wp\/v2\/thuong-hieu?post=2226"},{"taxonomy":"product_brand","embeddable":true,"href":"https:\/\/sieuthivan.vn\/en\/wp-json\/wp\/v2\/product_brand?post=2226"},{"taxonomy":"product_cat","embeddable":true,"href":"https:\/\/sieuthivan.vn\/en\/wp-json\/wp\/v2\/product_cat?post=2226"},{"taxonomy":"product_tag","embeddable":true,"href":"https:\/\/sieuthivan.vn\/en\/wp-json\/wp\/v2\/product_tag?post=2226"}],"curies":[{"name":"wp","href":"https:\/\/api.w.org\/{rel}","templated":true}]}}