{"id":2224,"date":"2025-05-22T16:25:37","date_gmt":"2025-05-22T09:25:37","guid":{"rendered":"https:\/\/sieuthivan.vn\/?post_type=product&#038;p=2224"},"modified":"2025-05-27T11:03:19","modified_gmt":"2025-05-27T04:03:19","slug":"boavent-avf","status":"publish","type":"product","link":"https:\/\/sieuthivan.vn\/en\/product\/boavent-avf\/","title":{"rendered":"BOAVENT-AVF"},"content":{"rendered":"<div>Van kh\u00ed t\u1ef1 \u0111\u1ed9ng v\u1edbi hai phao v\u00e0 ba ch\u1ee9c n\u0103ng. \u0110\u1ea7u b\u00edch, th\u00e2n l\u00e0m b\u1eb1ng gang \u0111\u00fac d\u1ea1ng h\u1ea1t, thi\u1ebft k\u1ebf hai bu\u1ed3ng v\u1edbi phao ABS. Van kh\u00ed \u0111\u1ea3m b\u1ea3o ho\u1ea1t \u0111\u1ed9ng b\u00ecnh th\u01b0\u1eddng c\u1ee7a h\u1ec7 th\u1ed1ng \u0111\u01b0\u1eddng \u1ed1ng. N\u00f3 \u0111\u01b0\u1ee3c thi\u1ebft k\u1ebf \u0111\u1eb7c bi\u1ec7t \u0111\u1ec3 cho ph\u00e9p \u0111\u01b0a v\u00e0o v\u00e0 x\u1ea3 kh\u1ed1i l\u01b0\u1ee3ng l\u1edbn kh\u00f4ng kh\u00ed v\u00e0 gi\u1ea3i ph\u00f3ng c\u00e1c t\u00fai kh\u00ed trong \u0111i\u1ec1u ki\u1ec7n l\u00e0m vi\u1ec7c.<\/div>\n<div>\n<h3 data-start=\"71\" data-end=\"95\"><strong data-start=\"75\" data-end=\"95\">D\u1eef li\u1ec7u k\u1ef9 thu\u1eadt<\/strong><\/h3>\n<ul data-start=\"97\" data-end=\"456\">\n<li data-start=\"97\" data-end=\"144\">\n<p data-start=\"99\" data-end=\"144\"><strong data-start=\"99\" data-end=\"124\">Ch\u1ee9c n\u0103ng c\u1ee7a b\u1ed9 ph\u1eadn<\/strong>: N\u1ea1p kh\u00ed \/ x\u1ea3 kh\u00ed<\/p>\n<\/li>\n<li data-start=\"145\" data-end=\"183\">\n<p data-start=\"147\" data-end=\"183\"><strong data-start=\"147\" data-end=\"171\">Lo\u1ea1i k\u1ebft n\u1ed1i \u0111\u1ea7u v\u00e0o<\/strong>: M\u1eb7t b\u00edch<\/p>\n<\/li>\n<li data-start=\"184\" data-end=\"231\">\n<p data-start=\"186\" data-end=\"231\"><strong data-start=\"186\" data-end=\"215\">V\u1eadt li\u1ec7u th\u00e2n v\u1ecf th\u1ee7y l\u1ef1c<\/strong>: EN-GJS-500-7<\/p>\n<\/li>\n<li data-start=\"232\" data-end=\"286\">\n<p data-start=\"234\" data-end=\"286\"><strong data-start=\"234\" data-end=\"277\">\u00c1p su\u1ea5t danh ngh\u0129a c\u1ee7a th\u00e2n v\u1ecf th\u1ee7y l\u1ef1c<\/strong>: PN 16<\/p>\n<\/li>\n<li data-start=\"287\" data-end=\"340\">\n<p data-start=\"289\" data-end=\"340\"><strong data-start=\"289\" data-end=\"330\">K\u00edch th\u01b0\u1edbc danh ngh\u0129a t\u1ed1i \u0111a theo TSG<\/strong>: DN 300<\/p>\n<\/li>\n<li data-start=\"341\" data-end=\"396\">\n<p data-start=\"343\" data-end=\"396\"><strong data-start=\"343\" data-end=\"387\">K\u00edch th\u01b0\u1edbc danh ngh\u0129a t\u1ed1i thi\u1ec3u theo TSG<\/strong>: DN 50<\/p>\n<\/li>\n<li data-start=\"397\" data-end=\"456\">\n<p data-start=\"399\" data-end=\"456\"><strong data-start=\"399\" data-end=\"446\">Nhi\u1ec7t \u0111\u1ed9 ch\u1ea5t l\u1ecfng t\u1ed1i \u0111a cho ph\u00e9p theo TSG<\/strong>: 120 \u00b0C<\/p>\n<\/li>\n<\/ul>\n<\/div>","protected":false},"excerpt":{"rendered":"<p data-start=\"66\" data-end=\"88\"><strong data-start=\"70\" data-end=\"88\">\u1ee8ng d\u1ee5ng ch\u00ednh<\/strong><\/p>\n<ul data-start=\"89\" data-end=\"148\">\n<li data-start=\"89\" data-end=\"111\">\n<p data-start=\"91\" data-end=\"111\">C\u1ea5p n\u01b0\u1edbc sinh ho\u1ea1t<\/p>\n<\/li>\n<li data-start=\"112\" data-end=\"126\">\n<p data-start=\"114\" data-end=\"126\">X\u1eed l\u00fd n\u01b0\u1edbc<\/p>\n<\/li>\n<li data-start=\"127\" data-end=\"148\">\n<p data-start=\"129\" data-end=\"148\">H\u1ec7 th\u1ed1ng c\u1ea5p n\u01b0\u1edbc<\/p>\n<\/li>\n<\/ul>\n<p data-start=\"155\" data-end=\"179\"><strong data-start=\"159\" data-end=\"179\">D\u1eef li\u1ec7u k\u1ef9 thu\u1eadt<\/strong><\/p>\n<ul data-start=\"180\" data-end=\"343\">\n<li data-start=\"180\" data-end=\"229\">\n<p data-start=\"182\" data-end=\"229\"><strong data-start=\"182\" data-end=\"220\">\u00c1p su\u1ea5t danh ngh\u0129a c\u1ee7a v\u1ecf th\u1ee7y l\u1ef1c<\/strong>: PN 16<\/p>\n<\/li>\n<li data-start=\"230\" data-end=\"283\">\n<p data-start=\"232\" data-end=\"283\"><strong data-start=\"232\" data-end=\"273\">K\u00edch th\u01b0\u1edbc danh ngh\u0129a t\u1ed1i \u0111a theo TSG<\/strong>: DN 300<\/p>\n<\/li>\n<li data-start=\"284\" data-end=\"343\">\n<p data-start=\"286\" data-end=\"343\"><strong data-start=\"286\" data-end=\"333\">Nhi\u1ec7t \u0111\u1ed9 ch\u1ea5t l\u1ecfng t\u1ed1i \u0111a cho ph\u00e9p theo TSG<\/strong>: 120 \u00b0C<\/p>\n<\/li>\n<\/ul>","protected":false},"featured_media":2225,"comment_status":"open","ping_status":"closed","template":"","meta":{"_acf_changed":false,"inline_featured_image":false},"thuong-hieu":[93],"product_brand":[],"product_cat":[16],"product_tag":[445],"class_list":{"0":"post-2224","1":"product","2":"type-product","3":"status-publish","4":"has-post-thumbnail","6":"thuong-hieu-ksb","7":"product_cat-van-cong-nghiep","8":"product_tag-boavent-avf","10":"first","11":"instock","12":"shipping-taxable","13":"product-type-simple"},"acf":[],"_links":{"self":[{"href":"https:\/\/sieuthivan.vn\/en\/wp-json\/wp\/v2\/product\/2224","targetHints":{"allow":["GET"]}}],"collection":[{"href":"https:\/\/sieuthivan.vn\/en\/wp-json\/wp\/v2\/product"}],"about":[{"href":"https:\/\/sieuthivan.vn\/en\/wp-json\/wp\/v2\/types\/product"}],"replies":[{"embeddable":true,"href":"https:\/\/sieuthivan.vn\/en\/wp-json\/wp\/v2\/comments?post=2224"}],"wp:featuredmedia":[{"embeddable":true,"href":"https:\/\/sieuthivan.vn\/en\/wp-json\/wp\/v2\/media\/2225"}],"wp:attachment":[{"href":"https:\/\/sieuthivan.vn\/en\/wp-json\/wp\/v2\/media?parent=2224"}],"wp:term":[{"taxonomy":"thuong-hieu","embeddable":true,"href":"https:\/\/sieuthivan.vn\/en\/wp-json\/wp\/v2\/thuong-hieu?post=2224"},{"taxonomy":"product_brand","embeddable":true,"href":"https:\/\/sieuthivan.vn\/en\/wp-json\/wp\/v2\/product_brand?post=2224"},{"taxonomy":"product_cat","embeddable":true,"href":"https:\/\/sieuthivan.vn\/en\/wp-json\/wp\/v2\/product_cat?post=2224"},{"taxonomy":"product_tag","embeddable":true,"href":"https:\/\/sieuthivan.vn\/en\/wp-json\/wp\/v2\/product_tag?post=2224"}],"curies":[{"name":"wp","href":"https:\/\/api.w.org\/{rel}","templated":true}]}}