{"id":2222,"date":"2025-05-22T16:13:48","date_gmt":"2025-05-22T09:13:48","guid":{"rendered":"https:\/\/sieuthivan.vn\/?post_type=product&#038;p=2222"},"modified":"2025-05-29T15:38:35","modified_gmt":"2025-05-29T08:38:35","slug":"van-cau-boachem-zxab","status":"publish","type":"product","link":"https:\/\/sieuthivan.vn\/en\/product\/van-cau-boachem-zxab\/","title":{"rendered":"Van c\u1ea7u BOACHEM-ZXAB"},"content":{"rendered":"<div class=\"rte\" data-element-name=\"RichTextContent\" data-object-name=\"RichTextContent\" data-object-counter=\"RichTextContents\">Van c\u1ea7u ki\u1ec3u \u1ed1ng th\u1ed5i theo ti\u00eau chu\u1ea9n DIN\/EN v\u1edbi \u0111\u1ea7u b\u00edch, th\u00e2n l\u00e0m b\u1eb1ng th\u00e9p kh\u00f4ng g\u1ec9, c\u00f3 \u0111\u0129a b\u1eadt\/t\u1eaft ho\u1eb7c n\u00fat ti\u1ebft l\u01b0u c\u00f3 th\u1ec3 thay th\u1ebf.<\/div>\n<div data-element-name=\"RichTextContent\" data-object-name=\"RichTextContent\" data-object-counter=\"RichTextContents\">\n<h3 data-start=\"73\" data-end=\"97\"><strong data-start=\"77\" data-end=\"97\">D\u1eef li\u1ec7u k\u1ef9 thu\u1eadt<\/strong><\/h3>\n<ul data-start=\"99\" data-end=\"676\">\n<li data-start=\"99\" data-end=\"164\">\n<p data-start=\"101\" data-end=\"164\"><strong data-start=\"101\" data-end=\"126\">Ch\u1ee9c n\u0103ng c\u1ee7a b\u1ed9 ph\u1eadn<\/strong>: \u0110\u00f3ng\/ng\u1eaft ho\u1eb7c \u0111i\u1ec1u ti\u1ebft d\u00f2ng ch\u1ea3y<\/p>\n<\/li>\n<li data-start=\"165\" data-end=\"203\">\n<p data-start=\"167\" data-end=\"203\"><strong data-start=\"167\" data-end=\"191\">Ki\u1ec3u k\u1ebft n\u1ed1i \u0111\u1ea7u v\u00e0o<\/strong>: M\u1eb7t b\u00edch<\/p>\n<\/li>\n<li data-start=\"204\" data-end=\"334\">\n<p data-start=\"206\" data-end=\"252\"><strong data-start=\"206\" data-end=\"249\">Nguy\u00ean l\u00fd thi\u1ebft k\u1ebf \u2013 C\u01a1 c\u1ea5u truy\u1ec1n \u0111\u1ed9ng<\/strong>:<\/p>\n<ul data-start=\"255\" data-end=\"334\">\n<li data-start=\"255\" data-end=\"282\">\n<p data-start=\"257\" data-end=\"282\">V\u1edbi b\u1ed9 truy\u1ec1n \u0111\u1ed9ng \u0111i\u1ec7n<\/p>\n<\/li>\n<li data-start=\"285\" data-end=\"301\">\n<p data-start=\"287\" data-end=\"301\">V\u1edbi tay quay<\/p>\n<\/li>\n<li data-start=\"304\" data-end=\"334\">\n<p data-start=\"306\" data-end=\"334\">V\u1edbi b\u1ed9 truy\u1ec1n \u0111\u1ed9ng kh\u00ed n\u00e9n<\/p>\n<\/li>\n<\/ul>\n<\/li>\n<li data-start=\"335\" data-end=\"371\">\n<p data-start=\"337\" data-end=\"371\"><strong data-start=\"337\" data-end=\"361\">V\u1eadt li\u1ec7u v\u1ecf th\u1ee7y l\u1ef1c<\/strong>: 1.4408<\/p>\n<\/li>\n<li data-start=\"372\" data-end=\"442\">\n<p data-start=\"374\" data-end=\"442\"><strong data-start=\"374\" data-end=\"412\">\u00c1p su\u1ea5t danh ngh\u0129a c\u1ee7a v\u1ecf th\u1ee7y l\u1ef1c<\/strong>: PN 10, PN 16, PN 25, PN 40<\/p>\n<\/li>\n<li data-start=\"443\" data-end=\"498\">\n<p data-start=\"445\" data-end=\"498\"><strong data-start=\"445\" data-end=\"488\">K\u00edch th\u01b0\u1edbc danh ngh\u0129a l\u1edbn nh\u1ea5t theo TSG<\/strong>: DN 400<\/p>\n<\/li>\n<li data-start=\"499\" data-end=\"553\">\n<p data-start=\"501\" data-end=\"553\"><strong data-start=\"501\" data-end=\"544\">K\u00edch th\u01b0\u1edbc danh ngh\u0129a nh\u1ecf nh\u1ea5t theo TSG<\/strong>: DN 15<\/p>\n<\/li>\n<li data-start=\"554\" data-end=\"613\">\n<p data-start=\"556\" data-end=\"613\"><strong data-start=\"556\" data-end=\"603\">Nhi\u1ec7t \u0111\u1ed9 ch\u1ea5t l\u1ecfng t\u1ed1i \u0111a cho ph\u00e9p theo TSG<\/strong>: 400 \u00b0C<\/p>\n<\/li>\n<li data-start=\"614\" data-end=\"676\">\n<p data-start=\"616\" data-end=\"676\"><strong data-start=\"616\" data-end=\"666\">Nhi\u1ec7t \u0111\u1ed9 ch\u1ea5t l\u1ecfng t\u1ed1i thi\u1ec3u cho ph\u00e9p theo TSG<\/strong>: -10 \u00b0C<\/p>\n<\/li>\n<\/ul>\n<\/div>\n<div class=\"stack stack--items-row product-detail-intro__button-group\"><\/div>","protected":false},"excerpt":{"rendered":"<p data-start=\"56\" data-end=\"78\"><strong data-start=\"60\" data-end=\"78\">\u1ee8ng d\u1ee5ng ch\u00ednh<\/strong><\/p>\n<ul data-start=\"79\" data-end=\"199\">\n<li data-start=\"79\" data-end=\"118\">\n<p data-start=\"81\" data-end=\"118\">Ng\u00e0nh c\u00f4ng nghi\u1ec7p th\u1ef1c ph\u1ea9m\/\u0111\u1ed3 u\u1ed1ng<\/p>\n<\/li>\n<li data-start=\"119\" data-end=\"148\">\n<p data-start=\"121\" data-end=\"148\">Ng\u00e0nh c\u00f4ng nghi\u1ec7p h\u00f3a d\u1ea7u<\/p>\n<\/li>\n<li data-start=\"149\" data-end=\"171\">\n<p data-start=\"151\" data-end=\"171\">K\u1ef9 thu\u1eadt quy tr\u00ecnh<\/p>\n<\/li>\n<li data-start=\"172\" data-end=\"199\">\n<p data-start=\"174\" data-end=\"199\">Ng\u00e0nh c\u00f4ng nghi\u1ec7p \u0111\u01b0\u1eddng<\/p>\n<\/li>\n<\/ul>\n<p data-start=\"206\" data-end=\"230\"><strong data-start=\"210\" data-end=\"230\">D\u1eef li\u1ec7u k\u1ef9 thu\u1eadt<\/strong><\/p>\n<ul data-start=\"231\" data-end=\"415\">\n<li data-start=\"231\" data-end=\"301\">\n<p data-start=\"233\" data-end=\"301\"><strong data-start=\"233\" data-end=\"271\">\u00c1p su\u1ea5t danh ngh\u0129a c\u1ee7a v\u1ecf th\u1ee7y l\u1ef1c<\/strong>: PN 10, PN 16, PN 25, PN 40<\/p>\n<\/li>\n<li data-start=\"302\" data-end=\"355\">\n<p data-start=\"304\" data-end=\"355\"><strong data-start=\"304\" data-end=\"345\">K\u00edch th\u01b0\u1edbc danh ngh\u0129a t\u1ed1i \u0111a theo TSG<\/strong>: DN 400<\/p>\n<\/li>\n<li data-start=\"356\" data-end=\"415\">\n<p data-start=\"358\" data-end=\"415\"><strong data-start=\"358\" data-end=\"405\">Nhi\u1ec7t \u0111\u1ed9 ch\u1ea5t l\u1ecfng t\u1ed1i \u0111a cho ph\u00e9p theo TSG<\/strong>: 400 \u00b0C<\/p>\n<\/li>\n<\/ul>","protected":false},"featured_media":2223,"comment_status":"open","ping_status":"closed","template":"","meta":{"_acf_changed":false,"inline_featured_image":false},"thuong-hieu":[93],"product_brand":[],"product_cat":[16,18],"product_tag":[444],"class_list":{"0":"post-2222","1":"product","2":"type-product","3":"status-publish","4":"has-post-thumbnail","6":"thuong-hieu-ksb","7":"product_cat-van-cong-nghiep","8":"product_cat-van-cau","9":"product_tag-van-cau-boachem-zxab","11":"first","12":"instock","13":"shipping-taxable","14":"product-type-simple"},"acf":[],"_links":{"self":[{"href":"https:\/\/sieuthivan.vn\/en\/wp-json\/wp\/v2\/product\/2222","targetHints":{"allow":["GET"]}}],"collection":[{"href":"https:\/\/sieuthivan.vn\/en\/wp-json\/wp\/v2\/product"}],"about":[{"href":"https:\/\/sieuthivan.vn\/en\/wp-json\/wp\/v2\/types\/product"}],"replies":[{"embeddable":true,"href":"https:\/\/sieuthivan.vn\/en\/wp-json\/wp\/v2\/comments?post=2222"}],"wp:featuredmedia":[{"embeddable":true,"href":"https:\/\/sieuthivan.vn\/en\/wp-json\/wp\/v2\/media\/2223"}],"wp:attachment":[{"href":"https:\/\/sieuthivan.vn\/en\/wp-json\/wp\/v2\/media?parent=2222"}],"wp:term":[{"taxonomy":"thuong-hieu","embeddable":true,"href":"https:\/\/sieuthivan.vn\/en\/wp-json\/wp\/v2\/thuong-hieu?post=2222"},{"taxonomy":"product_brand","embeddable":true,"href":"https:\/\/sieuthivan.vn\/en\/wp-json\/wp\/v2\/product_brand?post=2222"},{"taxonomy":"product_cat","embeddable":true,"href":"https:\/\/sieuthivan.vn\/en\/wp-json\/wp\/v2\/product_cat?post=2222"},{"taxonomy":"product_tag","embeddable":true,"href":"https:\/\/sieuthivan.vn\/en\/wp-json\/wp\/v2\/product_tag?post=2222"}],"curies":[{"name":"wp","href":"https:\/\/api.w.org\/{rel}","templated":true}]}}