{"id":2216,"date":"2025-05-22T15:24:08","date_gmt":"2025-05-22T08:24:08","guid":{"rendered":"https:\/\/sieuthivan.vn\/?post_type=product&#038;p=2216"},"modified":"2025-05-27T10:20:20","modified_gmt":"2025-05-27T03:20:20","slug":"bo-loc-boachem-fsa","status":"publish","type":"product","link":"https:\/\/sieuthivan.vn\/en\/product\/bo-loc-boachem-fsa\/","title":{"rendered":"B\u1ed9 l\u1ecdc BOACHEM-FSA"},"content":{"rendered":"<p>B\u1ed9 l\u1ecdc theo ti\u00eau chu\u1ea9n DIN\/EN c\u00f3 \u0111\u1ea7u b\u00edch, th\u00e2n l\u00e0m b\u1eb1ng th\u00e9p kh\u00f4ng g\u1ec9, c\u00f3 l\u01b0\u1edbi l\u1ecdc ti\u00eau chu\u1ea9n ho\u1eb7c m\u1ecbn; t\u1ea5t c\u1ea3 c\u00e1c k\u00edch th\u01b0\u1edbc danh ngh\u0129a \u0111\u1ec1u c\u00f3 n\u00fat x\u1ea3 \u1edf n\u1eafp.<\/p>\n<p data-start=\"38\" data-end=\"60\"><strong data-start=\"38\" data-end=\"58\">D\u1eef li\u1ec7u k\u1ef9 thu\u1eadt<\/strong><\/p>\n<ul data-start=\"61\" data-end=\"463\">\n<li data-start=\"61\" data-end=\"94\">\n<p data-start=\"63\" data-end=\"94\"><strong data-start=\"63\" data-end=\"88\">Ch\u1ee9c n\u0103ng th\u00e0nh ph\u1ea7n:<\/strong> L\u1ecdc<\/p>\n<\/li>\n<li data-start=\"95\" data-end=\"133\">\n<p data-start=\"97\" data-end=\"133\"><strong data-start=\"97\" data-end=\"122\">Lo\u1ea1i k\u1ebft n\u1ed1i \u0111\u1ea7u v\u00e0o:<\/strong> M\u1eb7t b\u00edch<\/p>\n<\/li>\n<li data-start=\"134\" data-end=\"172\">\n<p data-start=\"136\" data-end=\"172\"><strong data-start=\"136\" data-end=\"163\">V\u1eadt li\u1ec7u th\u00e2n th\u1ee7y l\u1ef1c:<\/strong> 1.4408<\/p>\n<\/li>\n<li data-start=\"173\" data-end=\"241\">\n<p data-start=\"175\" data-end=\"241\"><strong data-start=\"175\" data-end=\"212\">\u00c1p su\u1ea5t danh ngh\u0129a th\u00e2n th\u1ee7y l\u1ef1c:<\/strong> PN 10, PN 16, PN 25, PN 40<\/p>\n<\/li>\n<li data-start=\"242\" data-end=\"294\">\n<p data-start=\"244\" data-end=\"294\"><strong data-start=\"244\" data-end=\"285\">K\u00edch th\u01b0\u1edbc danh ngh\u0129a l\u1edbn nh\u1ea5t (TSG):<\/strong> DN 400<\/p>\n<\/li>\n<li data-start=\"295\" data-end=\"346\">\n<p data-start=\"297\" data-end=\"346\"><strong data-start=\"297\" data-end=\"338\">K\u00edch th\u01b0\u1edbc danh ngh\u0129a nh\u1ecf nh\u1ea5t (TSG):<\/strong> DN 15<\/p>\n<\/li>\n<li data-start=\"347\" data-end=\"403\">\n<p data-start=\"349\" data-end=\"403\"><strong data-start=\"349\" data-end=\"394\">Nhi\u1ec7t \u0111\u1ed9 ch\u1ea5t l\u1ecfng cho ph\u00e9p t\u1ed1i \u0111a (TSG):<\/strong> 400 \u00b0C<\/p>\n<\/li>\n<li data-start=\"404\" data-end=\"463\">\n<p data-start=\"406\" data-end=\"463\"><strong data-start=\"406\" data-end=\"454\">Nhi\u1ec7t \u0111\u1ed9 ch\u1ea5t l\u1ecfng cho ph\u00e9p t\u1ed1i thi\u1ec3u (TSG):<\/strong> -10 \u00b0C<\/p>\n<\/li>\n<\/ul>","protected":false},"excerpt":{"rendered":"<p data-start=\"38\" data-end=\"58\"><strong data-start=\"38\" data-end=\"56\">\u1ee8ng d\u1ee5ng ch\u00ednh<\/strong><\/p>\n<ul data-start=\"59\" data-end=\"208\">\n<li data-start=\"59\" data-end=\"118\">\n<p data-start=\"61\" data-end=\"118\">Ng\u00e0nh c\u00f4ng nghi\u1ec7p th\u1ef1c ph\u1ea9m \/ ng\u00e0nh c\u00f4ng nghi\u1ec7p \u0111\u1ed3 u\u1ed1ng<\/p>\n<\/li>\n<li data-start=\"119\" data-end=\"157\">\n<p data-start=\"121\" data-end=\"157\">Ng\u00e0nh c\u00f4ng nghi\u1ec7p d\u1ea7u kh\u00ed h\u00f3a ch\u1ea5t<\/p>\n<\/li>\n<li data-start=\"158\" data-end=\"180\">\n<p data-start=\"160\" data-end=\"180\">K\u1ef9 thu\u1eadt quy tr\u00ecnh<\/p>\n<\/li>\n<li data-start=\"181\" data-end=\"208\">\n<p data-start=\"183\" data-end=\"208\">Ng\u00e0nh c\u00f4ng nghi\u1ec7p \u0111\u01b0\u1eddng<\/p>\n<\/li>\n<\/ul>\n<p data-start=\"210\" data-end=\"232\"><strong data-start=\"210\" data-end=\"230\">D\u1eef li\u1ec7u k\u1ef9 thu\u1eadt<\/strong><\/p>\n<ul data-start=\"233\" data-end=\"411\">\n<li data-start=\"233\" data-end=\"301\">\n<p data-start=\"235\" data-end=\"301\"><strong data-start=\"235\" data-end=\"272\">\u00c1p su\u1ea5t danh ngh\u0129a th\u00e2n th\u1ee7y l\u1ef1c:<\/strong> PN 10, PN 16, PN 25, PN 40<\/p>\n<\/li>\n<li data-start=\"302\" data-end=\"354\">\n<p data-start=\"304\" data-end=\"354\"><strong data-start=\"304\" data-end=\"345\">K\u00edch th\u01b0\u1edbc danh ngh\u0129a l\u1edbn nh\u1ea5t (TSG):<\/strong> DN 400<\/p>\n<\/li>\n<li data-start=\"355\" data-end=\"411\">\n<p data-start=\"357\" data-end=\"411\"><strong data-start=\"357\" data-end=\"402\">Nhi\u1ec7t \u0111\u1ed9 ch\u1ea5t l\u1ecfng cho ph\u00e9p t\u1ed1i \u0111a (TSG):<\/strong> 400 \u00b0C<\/p>\n<\/li>\n<\/ul>","protected":false},"featured_media":2217,"comment_status":"open","ping_status":"closed","template":"","meta":{"_acf_changed":false,"inline_featured_image":false},"thuong-hieu":[93],"product_brand":[],"product_cat":[16,23],"product_tag":[442],"class_list":{"0":"post-2216","1":"product","2":"type-product","3":"status-publish","4":"has-post-thumbnail","6":"thuong-hieu-ksb","7":"product_cat-van-cong-nghiep","8":"product_cat-loc-y","9":"product_tag-bo-loc-boachem-fsa","11":"first","12":"instock","13":"shipping-taxable","14":"product-type-simple"},"acf":[],"_links":{"self":[{"href":"https:\/\/sieuthivan.vn\/en\/wp-json\/wp\/v2\/product\/2216","targetHints":{"allow":["GET"]}}],"collection":[{"href":"https:\/\/sieuthivan.vn\/en\/wp-json\/wp\/v2\/product"}],"about":[{"href":"https:\/\/sieuthivan.vn\/en\/wp-json\/wp\/v2\/types\/product"}],"replies":[{"embeddable":true,"href":"https:\/\/sieuthivan.vn\/en\/wp-json\/wp\/v2\/comments?post=2216"}],"wp:featuredmedia":[{"embeddable":true,"href":"https:\/\/sieuthivan.vn\/en\/wp-json\/wp\/v2\/media\/2217"}],"wp:attachment":[{"href":"https:\/\/sieuthivan.vn\/en\/wp-json\/wp\/v2\/media?parent=2216"}],"wp:term":[{"taxonomy":"thuong-hieu","embeddable":true,"href":"https:\/\/sieuthivan.vn\/en\/wp-json\/wp\/v2\/thuong-hieu?post=2216"},{"taxonomy":"product_brand","embeddable":true,"href":"https:\/\/sieuthivan.vn\/en\/wp-json\/wp\/v2\/product_brand?post=2216"},{"taxonomy":"product_cat","embeddable":true,"href":"https:\/\/sieuthivan.vn\/en\/wp-json\/wp\/v2\/product_cat?post=2216"},{"taxonomy":"product_tag","embeddable":true,"href":"https:\/\/sieuthivan.vn\/en\/wp-json\/wp\/v2\/product_tag?post=2216"}],"curies":[{"name":"wp","href":"https:\/\/api.w.org\/{rel}","templated":true}]}}