{"id":2214,"date":"2025-05-22T15:17:17","date_gmt":"2025-05-22T08:17:17","guid":{"rendered":"https:\/\/sieuthivan.vn\/?post_type=product&#038;p=2214"},"modified":"2025-05-29T15:19:13","modified_gmt":"2025-05-29T08:19:13","slug":"van-cau-boa-w","status":"publish","type":"product","link":"https:\/\/sieuthivan.vn\/en\/product\/van-cau-boa-w\/","title":{"rendered":"Van c\u1ea7u BOA-W"},"content":{"rendered":"<p>Van c\u1ea7u theo ti\u00eau chu\u1ea9n DIN\/EN v\u1edbi \u0111\u1ea7u b\u00edch, chi\u1ec1u d\u00e0i m\u1eb7t \u0111\u1ed1i m\u1eb7t ti\u00eau chu\u1ea9n theo EN 558\/1, thi\u1ebft k\u1ebf \u0111\u1ebf nghi\u00eang v\u1edbi n\u1eafp ch\u1ee5p th\u1eb3ng \u0111\u1ee9ng, th\u00e2n m\u1ed9t kh\u1ed1i, n\u00fat ti\u1ebft l\u01b0u b\u1ecdc EPDM, \u0111\u1ebf ch\u00ednh v\u00e0 \u0111\u1ebf sau m\u1ec1m, ch\u1ec9 b\u00e1o v\u1ecb tr\u00ed, thi\u1ebft b\u1ecb kh\u00f3a, ch\u1eb7n h\u00e0nh tr\u00ecnh, n\u1eafp c\u00e1ch nhi\u1ec7t c\u00f3 t\u00ednh n\u0103ng ch\u1ed1ng ng\u01b0ng t\u1ee5; kh\u00f4ng c\u1ea7n b\u1ea3o d\u01b0\u1ee1ng; c\u00f3 th\u1ec3 c\u00e1ch nhi\u1ec7t ho\u00e0n to\u00e0n.<\/p>\n<p data-start=\"75\" data-end=\"97\"><strong data-start=\"75\" data-end=\"95\">D\u1eef li\u1ec7u k\u1ef9 thu\u1eadt<\/strong><\/p>\n<ul data-start=\"98\" data-end=\"603\">\n<li data-start=\"98\" data-end=\"163\">\n<p data-start=\"100\" data-end=\"163\"><strong data-start=\"100\" data-end=\"125\">Ch\u1ee9c n\u0103ng th\u00e0nh ph\u1ea7n:<\/strong> \u0110\u00f3ng\/ng\u1eaft ho\u1eb7c \u0111i\u1ec1u khi\u1ec3n d\u00f2ng ch\u1ea3y<\/p>\n<\/li>\n<li data-start=\"164\" data-end=\"202\">\n<p data-start=\"166\" data-end=\"202\"><strong data-start=\"166\" data-end=\"191\">Lo\u1ea1i k\u1ebft n\u1ed1i \u0111\u1ea7u v\u00e0o:<\/strong> M\u1eb7t b\u00edch<\/p>\n<\/li>\n<li data-start=\"203\" data-end=\"284\">\n<p data-start=\"205\" data-end=\"232\"><strong data-start=\"205\" data-end=\"230\">Thi\u1ebft k\u1ebf truy\u1ec1n \u0111\u1ed9ng:<\/strong><\/p>\n<ul data-start=\"235\" data-end=\"284\">\n<li data-start=\"235\" data-end=\"262\">\n<p data-start=\"237\" data-end=\"262\">V\u1edbi b\u1ed9 truy\u1ec1n \u0111\u1ed9ng \u0111i\u1ec7n<\/p>\n<\/li>\n<li data-start=\"265\" data-end=\"284\">\n<p data-start=\"267\" data-end=\"284\">V\u1edbi v\u00f4 l\u0103ng tay<\/p>\n<\/li>\n<\/ul>\n<\/li>\n<li data-start=\"285\" data-end=\"327\">\n<p data-start=\"287\" data-end=\"327\"><strong data-start=\"287\" data-end=\"314\">V\u1eadt li\u1ec7u th\u00e2n th\u1ee7y l\u1ef1c:<\/strong> EN-GJL-250<\/p>\n<\/li>\n<li data-start=\"328\" data-end=\"381\">\n<p data-start=\"330\" data-end=\"381\"><strong data-start=\"330\" data-end=\"367\">\u00c1p su\u1ea5t danh ngh\u0129a th\u00e2n th\u1ee7y l\u1ef1c:<\/strong> PN 6, PN 16<\/p>\n<\/li>\n<li data-start=\"382\" data-end=\"434\">\n<p data-start=\"384\" data-end=\"434\"><strong data-start=\"384\" data-end=\"425\">K\u00edch th\u01b0\u1edbc danh ngh\u0129a l\u1edbn nh\u1ea5t (TSG):<\/strong> DN 200<\/p>\n<\/li>\n<li data-start=\"435\" data-end=\"486\">\n<p data-start=\"437\" data-end=\"486\"><strong data-start=\"437\" data-end=\"478\">K\u00edch th\u01b0\u1edbc danh ngh\u0129a nh\u1ecf nh\u1ea5t (TSG):<\/strong> DN 15<\/p>\n<\/li>\n<li data-start=\"487\" data-end=\"543\">\n<p data-start=\"489\" data-end=\"543\"><strong data-start=\"489\" data-end=\"534\">Nhi\u1ec7t \u0111\u1ed9 ch\u1ea5t l\u1ecfng cho ph\u00e9p t\u1ed1i \u0111a (TSG):<\/strong> 120 \u00b0C<\/p>\n<\/li>\n<li data-start=\"544\" data-end=\"603\">\n<p data-start=\"546\" data-end=\"603\"><strong data-start=\"546\" data-end=\"594\">Nhi\u1ec7t \u0111\u1ed9 ch\u1ea5t l\u1ecfng cho ph\u00e9p t\u1ed1i thi\u1ec3u (TSG):<\/strong> -10 \u00b0C<\/p>\n<\/li>\n<\/ul>","protected":false},"excerpt":{"rendered":"<p data-start=\"38\" data-end=\"58\"><strong data-start=\"38\" data-end=\"56\">\u1ee8ng d\u1ee5ng ch\u00ednh<\/strong><\/p>\n<ul data-start=\"59\" data-end=\"145\">\n<li data-start=\"59\" data-end=\"86\">\n<p data-start=\"61\" data-end=\"86\">H\u1ec7 th\u1ed1ng s\u01b0\u1edfi n\u01b0\u1edbc n\u00f3ng<\/p>\n<\/li>\n<li data-start=\"87\" data-end=\"118\">\n<p data-start=\"89\" data-end=\"118\">H\u1ec7 th\u1ed1ng \u0111i\u1ec1u h\u00f2a kh\u00f4ng kh\u00ed<\/p>\n<\/li>\n<li data-start=\"119\" data-end=\"145\">\n<p data-start=\"121\" data-end=\"145\">H\u1ec7 th\u1ed1ng thu h\u1ed3i nhi\u1ec7t<\/p>\n<\/li>\n<\/ul>\n<p data-start=\"147\" data-end=\"169\"><strong data-start=\"147\" data-end=\"167\">D\u1eef li\u1ec7u k\u1ef9 thu\u1eadt<\/strong><\/p>\n<ul data-start=\"170\" data-end=\"333\">\n<li data-start=\"170\" data-end=\"223\">\n<p data-start=\"172\" data-end=\"223\"><strong data-start=\"172\" data-end=\"209\">\u00c1p su\u1ea5t danh ngh\u0129a th\u00e2n th\u1ee7y l\u1ef1c:<\/strong> PN 6, PN 16<\/p>\n<\/li>\n<li data-start=\"224\" data-end=\"276\">\n<p data-start=\"226\" data-end=\"276\"><strong data-start=\"226\" data-end=\"267\">K\u00edch th\u01b0\u1edbc danh ngh\u0129a l\u1edbn nh\u1ea5t (TSG):<\/strong> DN 200<\/p>\n<\/li>\n<li data-start=\"277\" data-end=\"333\">\n<p data-start=\"279\" data-end=\"333\"><strong data-start=\"279\" data-end=\"324\">Nhi\u1ec7t \u0111\u1ed9 ch\u1ea5t l\u1ecfng cho ph\u00e9p t\u1ed1i \u0111a (TSG):<\/strong> 120 \u00b0C<\/p>\n<\/li>\n<\/ul>","protected":false},"featured_media":2215,"comment_status":"open","ping_status":"closed","template":"","meta":{"_acf_changed":false,"inline_featured_image":false},"thuong-hieu":[93],"product_brand":[],"product_cat":[16,18],"product_tag":[441],"class_list":{"0":"post-2214","1":"product","2":"type-product","3":"status-publish","4":"has-post-thumbnail","6":"thuong-hieu-ksb","7":"product_cat-van-cong-nghiep","8":"product_cat-van-cau","9":"product_tag-van-cau-boa-w","11":"first","12":"instock","13":"shipping-taxable","14":"product-type-simple"},"acf":[],"_links":{"self":[{"href":"https:\/\/sieuthivan.vn\/en\/wp-json\/wp\/v2\/product\/2214","targetHints":{"allow":["GET"]}}],"collection":[{"href":"https:\/\/sieuthivan.vn\/en\/wp-json\/wp\/v2\/product"}],"about":[{"href":"https:\/\/sieuthivan.vn\/en\/wp-json\/wp\/v2\/types\/product"}],"replies":[{"embeddable":true,"href":"https:\/\/sieuthivan.vn\/en\/wp-json\/wp\/v2\/comments?post=2214"}],"wp:featuredmedia":[{"embeddable":true,"href":"https:\/\/sieuthivan.vn\/en\/wp-json\/wp\/v2\/media\/2215"}],"wp:attachment":[{"href":"https:\/\/sieuthivan.vn\/en\/wp-json\/wp\/v2\/media?parent=2214"}],"wp:term":[{"taxonomy":"thuong-hieu","embeddable":true,"href":"https:\/\/sieuthivan.vn\/en\/wp-json\/wp\/v2\/thuong-hieu?post=2214"},{"taxonomy":"product_brand","embeddable":true,"href":"https:\/\/sieuthivan.vn\/en\/wp-json\/wp\/v2\/product_brand?post=2214"},{"taxonomy":"product_cat","embeddable":true,"href":"https:\/\/sieuthivan.vn\/en\/wp-json\/wp\/v2\/product_cat?post=2214"},{"taxonomy":"product_tag","embeddable":true,"href":"https:\/\/sieuthivan.vn\/en\/wp-json\/wp\/v2\/product_tag?post=2214"}],"curies":[{"name":"wp","href":"https:\/\/api.w.org\/{rel}","templated":true}]}}