{"id":2212,"date":"2025-05-22T15:09:44","date_gmt":"2025-05-22T08:09:44","guid":{"rendered":"https:\/\/sieuthivan.vn\/?post_type=product&#038;p=2212"},"modified":"2025-05-27T11:00:38","modified_gmt":"2025-05-27T04:00:38","slug":"boa-systronic-epic","status":"publish","type":"product","link":"https:\/\/sieuthivan.vn\/en\/product\/boa-systronic-epic\/","title":{"rendered":"BOA-Systronic ePIC"},"content":{"rendered":"<p>Van \u0111o l\u01b0\u1eddng v\u00e0 \u0111i\u1ec1u khi\u1ec3n th\u00f4ng minh v\u00e0 kh\u00f4ng ph\u1ee5 thu\u1ed9c v\u00e0o \u00e1p su\u1ea5t (van n\u0103ng l\u01b0\u1ee3ng 2 chi\u1ec1u) \u0111\u1ec3 theo d\u00f5i v\u00e0 ki\u1ec3m so\u00e1t h\u01b0\u1edbng d\u00f2ng ch\u1ea3y, l\u01b0u l\u01b0\u1ee3ng th\u1ec3 t\u00edch, nhi\u1ec7t \u0111\u1ed9 cung c\u1ea5p v\u00e0 tr\u1ea3 v\u1ec1, c\u00f4ng su\u1ea5t nhi\u1ec7t v\u00e0 l\u01b0\u1ee3ng nhi\u1ec7t c\u0169ng nh\u01b0 t\u1ef1 \u0111\u1ed9ng h\u00f3a qu\u00e1 tr\u00ecnh c\u00e2n b\u1eb1ng th\u1ee7y l\u1ef1c. V\u1edbi c\u1ea3m bi\u1ebfn \u0111o l\u01b0u l\u01b0\u1ee3ng si\u00eau \u00e2m t\u00edch h\u1ee3p v\u00e0 c\u1ea3m bi\u1ebfn nhi\u1ec7t \u0111\u1ed9 kh\u00f4ng ti\u1ebfp x\u00fac v\u1edbi ch\u1ea5t l\u1ecfng \u0111\u01b0\u1ee3c x\u1eed l\u00fd; bao g\u1ed3m: 2 c\u1ea3m bi\u1ebfn nhi\u1ec7t \u0111\u1ed9 Pt1000 b\u1ed5 sung \u0111\u1ec3 \u0111o nhi\u1ec7t \u0111\u1ed9 cung c\u1ea5p v\u00e0 tr\u1ea3 v\u1ec1, c\u00e1c ch\u1ee9c n\u0103ng \u0111i\u1ec1u khi\u1ec3n c\u01a1 b\u1ea3n t\u00edch h\u1ee3p (v\u1ecb tr\u00ed, l\u01b0u l\u01b0\u1ee3ng, nhi\u1ec7t \u0111\u1ed9, c\u00f4ng su\u1ea5t nhi\u1ec7t), c\u00e1c ch\u1ee9c n\u0103ng t\u1ed1i \u01b0u h\u00f3a quy tr\u00ecnh t\u00edch h\u1ee3p (qu\u1ea3n l\u00fd delta-T v\u00e0 c\u00e1c t\u00ednh n\u0103ng gi\u1edbi h\u1ea1n). C\u0169ng c\u00f3 s\u1eb5n v\u1edbi l\u1edbp ph\u1ee7 nh\u1ef1a t\u0129nh \u0111i\u1ec7n (EKB) v\u00e0 \u0111\u01b0\u1ee3c ch\u1ee9ng nh\u1eadn DVGW cho n\u01b0\u1edbc u\u1ed1ng.<\/p>\n<p data-start=\"75\" data-end=\"97\"><strong data-start=\"75\" data-end=\"95\">D\u1eef li\u1ec7u k\u1ef9 thu\u1eadt<\/strong><\/p>\n<ul data-start=\"98\" data-end=\"660\">\n<li data-start=\"98\" data-end=\"136\">\n<p data-start=\"100\" data-end=\"136\"><strong data-start=\"100\" data-end=\"125\">Lo\u1ea1i k\u1ebft n\u1ed1i \u0111\u1ea7u v\u00e0o:<\/strong> M\u1eb7t b\u00edch<\/p>\n<\/li>\n<li data-start=\"137\" data-end=\"202\">\n<p data-start=\"139\" data-end=\"202\"><strong data-start=\"139\" data-end=\"176\">Nguy\u00ean l\u00fd thi\u1ebft k\u1ebf \u2013 Truy\u1ec1n \u0111\u1ed9ng:<\/strong> V\u1edbi b\u1ed9 truy\u1ec1n \u0111\u1ed9ng \u0111i\u1ec7n<\/p>\n<\/li>\n<li data-start=\"203\" data-end=\"235\">\n<p data-start=\"205\" data-end=\"235\"><strong data-start=\"205\" data-end=\"227\">T\u1ea7n s\u1ed1 ngu\u1ed3n \u0111i\u1ec7n:<\/strong> 50 Hz<\/p>\n<\/li>\n<li data-start=\"236\" data-end=\"263\">\n<p data-start=\"238\" data-end=\"263\"><strong data-start=\"238\" data-end=\"256\">\u0110i\u1ec7n \u00e1p ngu\u1ed3n:<\/strong> 24 V<\/p>\n<\/li>\n<li data-start=\"264\" data-end=\"333\">\n<p data-start=\"266\" data-end=\"295\"><strong data-start=\"266\" data-end=\"293\">V\u1eadt li\u1ec7u th\u00e2n th\u1ee7y l\u1ef1c:<\/strong><\/p>\n<ul data-start=\"298\" data-end=\"333\">\n<li data-start=\"298\" data-end=\"312\">\n<p data-start=\"300\" data-end=\"312\">EN-GJL-250<\/p>\n<\/li>\n<li data-start=\"315\" data-end=\"333\">\n<p data-start=\"317\" data-end=\"333\">EN-GJL-250-EKB<\/p>\n<\/li>\n<\/ul>\n<\/li>\n<li data-start=\"334\" data-end=\"385\">\n<p data-start=\"336\" data-end=\"385\"><strong data-start=\"336\" data-end=\"377\">\u00c1p su\u1ea5t danh ngh\u0129a c\u1ee7a th\u00e2n th\u1ee7y l\u1ef1c:<\/strong> PN 16<\/p>\n<\/li>\n<li data-start=\"386\" data-end=\"438\">\n<p data-start=\"388\" data-end=\"438\"><strong data-start=\"388\" data-end=\"429\">K\u00edch th\u01b0\u1edbc danh ngh\u0129a l\u1edbn nh\u1ea5t (TSG):<\/strong> DN 200<\/p>\n<\/li>\n<li data-start=\"439\" data-end=\"490\">\n<p data-start=\"441\" data-end=\"490\"><strong data-start=\"441\" data-end=\"482\">K\u00edch th\u01b0\u1edbc danh ngh\u0129a nh\u1ecf nh\u1ea5t (TSG):<\/strong> DN 15<\/p>\n<\/li>\n<li data-start=\"491\" data-end=\"547\">\n<p data-start=\"493\" data-end=\"547\"><strong data-start=\"493\" data-end=\"538\">Nhi\u1ec7t \u0111\u1ed9 ch\u1ea5t l\u1ecfng cho ph\u00e9p t\u1ed1i \u0111a (TSG):<\/strong> 120 \u00b0C<\/p>\n<\/li>\n<li data-start=\"548\" data-end=\"607\">\n<p data-start=\"550\" data-end=\"607\"><strong data-start=\"550\" data-end=\"598\">Nhi\u1ec7t \u0111\u1ed9 ch\u1ea5t l\u1ecfng cho ph\u00e9p t\u1ed1i thi\u1ec3u (TSG):<\/strong> -10 \u00b0C<\/p>\n<\/li>\n<li data-start=\"608\" data-end=\"660\">\n<p data-start=\"610\" data-end=\"660\"><strong data-start=\"610\" data-end=\"628\">Lo\u1ea1i th\u00e2n van:<\/strong> Van th\u1eb3ng c\u00f3 \u0111\u1ea7u n\u1ed1i m\u1eb7t b\u00edch<\/p>\n<\/li>\n<\/ul>","protected":false},"excerpt":{"rendered":"<p data-start=\"60\" data-end=\"80\"><strong data-start=\"60\" data-end=\"78\">\u1ee8ng d\u1ee5ng ch\u00ednh<\/strong><\/p>\n<ul data-start=\"81\" data-end=\"180\">\n<li data-start=\"81\" data-end=\"108\">\n<p data-start=\"83\" data-end=\"108\">H\u1ec7 th\u1ed1ng s\u01b0\u1edfi n\u01b0\u1edbc n\u00f3ng<\/p>\n<\/li>\n<li data-start=\"109\" data-end=\"140\">\n<p data-start=\"111\" data-end=\"140\">H\u1ec7 th\u1ed1ng \u0111i\u1ec1u h\u00f2a kh\u00f4ng kh\u00ed<\/p>\n<\/li>\n<li data-start=\"141\" data-end=\"163\">\n<p data-start=\"143\" data-end=\"163\">H\u1ec7 th\u1ed1ng th\u00f4ng gi\u00f3<\/p>\n<\/li>\n<li data-start=\"164\" data-end=\"180\">\n<p data-start=\"166\" data-end=\"180\">M\u1ea1ch l\u00e0m m\u00e1t<\/p>\n<\/li>\n<\/ul>\n<p data-start=\"182\" data-end=\"204\"><strong data-start=\"182\" data-end=\"202\">D\u1eef li\u1ec7u k\u1ef9 thu\u1eadt<\/strong><\/p>\n<ul data-start=\"205\" data-end=\"366\">\n<li data-start=\"205\" data-end=\"256\">\n<p data-start=\"207\" data-end=\"256\"><strong data-start=\"207\" data-end=\"248\">\u00c1p su\u1ea5t danh ngh\u0129a c\u1ee7a th\u00e2n th\u1ee7y l\u1ef1c:<\/strong> PN 16<\/p>\n<\/li>\n<li data-start=\"257\" data-end=\"309\">\n<p data-start=\"259\" data-end=\"309\"><strong data-start=\"259\" data-end=\"300\">K\u00edch th\u01b0\u1edbc danh ngh\u0129a l\u1edbn nh\u1ea5t (TSG):<\/strong> DN 200<\/p>\n<\/li>\n<li data-start=\"310\" data-end=\"366\">\n<p data-start=\"312\" data-end=\"366\"><strong data-start=\"312\" data-end=\"357\">Nhi\u1ec7t \u0111\u1ed9 ch\u1ea5t l\u1ecfng cho ph\u00e9p t\u1ed1i \u0111a (TSG):<\/strong> 120 \u00b0C<\/p>\n<\/li>\n<\/ul>","protected":false},"featured_media":2213,"comment_status":"open","ping_status":"closed","template":"","meta":{"_acf_changed":false,"inline_featured_image":false},"thuong-hieu":[93],"product_brand":[],"product_cat":[16],"product_tag":[440],"class_list":{"0":"post-2212","1":"product","2":"type-product","3":"status-publish","4":"has-post-thumbnail","6":"thuong-hieu-ksb","7":"product_cat-van-cong-nghiep","8":"product_tag-boa-systronic-epic","10":"first","11":"instock","12":"shipping-taxable","13":"product-type-simple"},"acf":[],"_links":{"self":[{"href":"https:\/\/sieuthivan.vn\/en\/wp-json\/wp\/v2\/product\/2212","targetHints":{"allow":["GET"]}}],"collection":[{"href":"https:\/\/sieuthivan.vn\/en\/wp-json\/wp\/v2\/product"}],"about":[{"href":"https:\/\/sieuthivan.vn\/en\/wp-json\/wp\/v2\/types\/product"}],"replies":[{"embeddable":true,"href":"https:\/\/sieuthivan.vn\/en\/wp-json\/wp\/v2\/comments?post=2212"}],"wp:featuredmedia":[{"embeddable":true,"href":"https:\/\/sieuthivan.vn\/en\/wp-json\/wp\/v2\/media\/2213"}],"wp:attachment":[{"href":"https:\/\/sieuthivan.vn\/en\/wp-json\/wp\/v2\/media?parent=2212"}],"wp:term":[{"taxonomy":"thuong-hieu","embeddable":true,"href":"https:\/\/sieuthivan.vn\/en\/wp-json\/wp\/v2\/thuong-hieu?post=2212"},{"taxonomy":"product_brand","embeddable":true,"href":"https:\/\/sieuthivan.vn\/en\/wp-json\/wp\/v2\/product_brand?post=2212"},{"taxonomy":"product_cat","embeddable":true,"href":"https:\/\/sieuthivan.vn\/en\/wp-json\/wp\/v2\/product_cat?post=2212"},{"taxonomy":"product_tag","embeddable":true,"href":"https:\/\/sieuthivan.vn\/en\/wp-json\/wp\/v2\/product_tag?post=2212"}],"curies":[{"name":"wp","href":"https:\/\/api.w.org\/{rel}","templated":true}]}}