{"id":2210,"date":"2025-05-22T14:50:25","date_gmt":"2025-05-22T07:50:25","guid":{"rendered":"https:\/\/sieuthivan.vn\/?post_type=product&#038;p=2210"},"modified":"2025-05-29T15:09:19","modified_gmt":"2025-05-29T08:09:19","slug":"van-cau-boa-supercompact","status":"publish","type":"product","link":"https:\/\/sieuthivan.vn\/en\/product\/van-cau-boa-supercompact\/","title":{"rendered":"Van c\u1ea7u BOA-SuperCompact"},"content":{"rendered":"<p>Van c\u1ea7u theo ti\u00eau chu\u1ea9n DIN\/EN v\u1edbi th\u00e2n d\u1ea1ng wafer, chi\u1ec1u d\u00e0i m\u1eb7t \u0111\u1ed1i m\u1eb7t DN si\u00eau nh\u1ecf g\u1ecdn theo ti\u00eau chu\u1ea9n EN 558\/94, thi\u1ebft k\u1ebf \u0111\u1ebf nghi\u00eang v\u1edbi n\u1eafp ch\u1ee5p th\u1eb3ng \u0111\u1ee9ng, c\u00f3 l\u1ed7 c\u0103n ch\u1ec9nh m\u1eb7t b\u00edch \u0111\u1ec3 \u0111\u1ecbnh t\u00e2m, b\u1ea3o d\u01b0\u1ee1ng ng\u00f5 c\u1ee5t v\u00e0 th\u00e1o d\u1ee1 h\u1ea1 l\u01b0u; th\u00e2n m\u1ed9t kh\u1ed1i, n\u1eafp c\u00e1ch nhi\u1ec7t c\u00f3 t\u00ednh n\u0103ng ch\u1ed1ng ng\u01b0ng t\u1ee5 theo ti\u00eau chu\u1ea9n, ch\u1ec9 b\u00e1o v\u1ecb tr\u00ed, thi\u1ebft b\u1ecb kh\u00f3a, \u0111i\u1ec3m d\u1eebng h\u00e0nh tr\u00ecnh, \u0111\u1ebf ch\u00ednh v\u00e0 \u0111\u1ebf sau m\u1ec1m; c\u00f3 th\u1ec3 c\u00e1ch nhi\u1ec7t ho\u00e0n to\u00e0n, kh\u00f4ng c\u1ea7n b\u1ea3o d\u01b0\u1ee1ng.<\/p>\n<p data-start=\"75\" data-end=\"97\"><strong data-start=\"75\" data-end=\"95\">D\u1eef li\u1ec7u k\u1ef9 thu\u1eadt<\/strong><\/p>\n<ul data-start=\"98\" data-end=\"639\">\n<li data-start=\"98\" data-end=\"163\">\n<p data-start=\"100\" data-end=\"163\"><strong data-start=\"100\" data-end=\"126\">Ch\u1ee9c n\u0103ng c\u1ee7a b\u1ed9 ph\u1eadn:<\/strong> \u0110\u00f3ng\/ng\u1eaft ho\u1eb7c \u0111i\u1ec1u ti\u1ebft d\u00f2ng ch\u1ea3y<\/p>\n<\/li>\n<li data-start=\"164\" data-end=\"202\">\n<p data-start=\"166\" data-end=\"202\"><strong data-start=\"166\" data-end=\"191\">Lo\u1ea1i k\u1ebft n\u1ed1i \u0111\u1ea7u v\u00e0o:<\/strong> M\u1eb7t b\u00edch<\/p>\n<\/li>\n<li data-start=\"203\" data-end=\"293\">\n<p data-start=\"205\" data-end=\"244\"><strong data-start=\"205\" data-end=\"242\">Nguy\u00ean l\u00fd thi\u1ebft k\u1ebf \u2013 Truy\u1ec1n \u0111\u1ed9ng:<\/strong><\/p>\n<ul data-start=\"247\" data-end=\"293\">\n<li data-start=\"247\" data-end=\"274\">\n<p data-start=\"249\" data-end=\"274\">V\u1edbi b\u1ed9 truy\u1ec1n \u0111\u1ed9ng \u0111i\u1ec7n<\/p>\n<\/li>\n<li data-start=\"277\" data-end=\"293\">\n<p data-start=\"279\" data-end=\"293\">V\u1edbi tay quay<\/p>\n<\/li>\n<\/ul>\n<\/li>\n<li data-start=\"294\" data-end=\"336\">\n<p data-start=\"296\" data-end=\"336\"><strong data-start=\"296\" data-end=\"323\">V\u1eadt li\u1ec7u th\u00e2n th\u1ee7y l\u1ef1c:<\/strong> EN-GJL-250<\/p>\n<\/li>\n<li data-start=\"337\" data-end=\"417\">\n<p data-start=\"339\" data-end=\"382\"><strong data-start=\"339\" data-end=\"380\">\u00c1p su\u1ea5t danh ngh\u0129a c\u1ee7a th\u00e2n th\u1ee7y l\u1ef1c:<\/strong><\/p>\n<ul data-start=\"385\" data-end=\"417\">\n<li data-start=\"385\" data-end=\"393\">\n<p data-start=\"387\" data-end=\"393\">PN 6<\/p>\n<\/li>\n<li data-start=\"396\" data-end=\"405\">\n<p data-start=\"398\" data-end=\"405\">PN 10<\/p>\n<\/li>\n<li data-start=\"408\" data-end=\"417\">\n<p data-start=\"410\" data-end=\"417\">PN 16<\/p>\n<\/li>\n<\/ul>\n<\/li>\n<li data-start=\"418\" data-end=\"470\">\n<p data-start=\"420\" data-end=\"470\"><strong data-start=\"420\" data-end=\"461\">K\u00edch th\u01b0\u1edbc danh ngh\u0129a l\u1edbn nh\u1ea5t (TSG):<\/strong> DN 200<\/p>\n<\/li>\n<li data-start=\"471\" data-end=\"522\">\n<p data-start=\"473\" data-end=\"522\"><strong data-start=\"473\" data-end=\"514\">K\u00edch th\u01b0\u1edbc danh ngh\u0129a nh\u1ecf nh\u1ea5t (TSG):<\/strong> DN 20<\/p>\n<\/li>\n<li data-start=\"523\" data-end=\"579\">\n<p data-start=\"525\" data-end=\"579\"><strong data-start=\"525\" data-end=\"570\">Nhi\u1ec7t \u0111\u1ed9 ch\u1ea5t l\u1ecfng cho ph\u00e9p t\u1ed1i \u0111a (TSG):<\/strong> 120 \u00b0C<\/p>\n<\/li>\n<li data-start=\"580\" data-end=\"639\">\n<p data-start=\"582\" data-end=\"639\"><strong data-start=\"582\" data-end=\"630\">Nhi\u1ec7t \u0111\u1ed9 ch\u1ea5t l\u1ecfng cho ph\u00e9p t\u1ed1i thi\u1ec3u (TSG):<\/strong> -10 \u00b0C<\/p>\n<\/li>\n<\/ul>","protected":false},"excerpt":{"rendered":"<p data-start=\"60\" data-end=\"80\"><strong data-start=\"60\" data-end=\"78\">\u1ee8ng d\u1ee5ng ch\u00ednh<\/strong><\/p>\n<ul data-start=\"81\" data-end=\"165\">\n<li data-start=\"81\" data-end=\"108\">\n<p data-start=\"83\" data-end=\"108\">H\u1ec7 th\u1ed1ng s\u01b0\u1edfi n\u01b0\u1edbc n\u00f3ng<\/p>\n<\/li>\n<li data-start=\"109\" data-end=\"140\">\n<p data-start=\"111\" data-end=\"140\">H\u1ec7 th\u1ed1ng \u0111i\u1ec1u h\u00f2a kh\u00f4ng kh\u00ed<\/p>\n<\/li>\n<li data-start=\"141\" data-end=\"165\">\n<p data-start=\"143\" data-end=\"165\">H\u1ec7 th\u1ed1ng thu h\u1ed3i nhi\u1ec7t<\/p>\n<\/li>\n<\/ul>\n<p data-start=\"167\" data-end=\"189\"><strong data-start=\"167\" data-end=\"187\">D\u1eef li\u1ec7u k\u1ef9 thu\u1eadt<\/strong><\/p>\n<ul data-start=\"190\" data-end=\"364\">\n<li data-start=\"190\" data-end=\"254\">\n<p data-start=\"192\" data-end=\"254\"><strong data-start=\"192\" data-end=\"233\">\u00c1p su\u1ea5t danh ngh\u0129a c\u1ee7a th\u00e2n th\u1ee7y l\u1ef1c:<\/strong> PN 6, PN 10, PN 16<\/p>\n<\/li>\n<li data-start=\"255\" data-end=\"307\">\n<p data-start=\"257\" data-end=\"307\"><strong data-start=\"257\" data-end=\"298\">K\u00edch th\u01b0\u1edbc danh ngh\u0129a l\u1edbn nh\u1ea5t (TSG):<\/strong> DN 200<\/p>\n<\/li>\n<li data-start=\"308\" data-end=\"364\">\n<p data-start=\"310\" data-end=\"364\"><strong data-start=\"310\" data-end=\"355\">Nhi\u1ec7t \u0111\u1ed9 ch\u1ea5t l\u1ecfng cho ph\u00e9p t\u1ed1i \u0111a (TSG):<\/strong> 120 \u00b0C<\/p>\n<\/li>\n<\/ul>","protected":false},"featured_media":2211,"comment_status":"open","ping_status":"closed","template":"","meta":{"_acf_changed":false,"inline_featured_image":false},"thuong-hieu":[93],"product_brand":[],"product_cat":[18],"product_tag":[439],"class_list":{"0":"post-2210","1":"product","2":"type-product","3":"status-publish","4":"has-post-thumbnail","6":"thuong-hieu-ksb","7":"product_cat-van-cau","8":"product_tag-van-cau-boa-supercompact","10":"first","11":"instock","12":"shipping-taxable","13":"product-type-simple"},"acf":[],"_links":{"self":[{"href":"https:\/\/sieuthivan.vn\/en\/wp-json\/wp\/v2\/product\/2210","targetHints":{"allow":["GET"]}}],"collection":[{"href":"https:\/\/sieuthivan.vn\/en\/wp-json\/wp\/v2\/product"}],"about":[{"href":"https:\/\/sieuthivan.vn\/en\/wp-json\/wp\/v2\/types\/product"}],"replies":[{"embeddable":true,"href":"https:\/\/sieuthivan.vn\/en\/wp-json\/wp\/v2\/comments?post=2210"}],"wp:featuredmedia":[{"embeddable":true,"href":"https:\/\/sieuthivan.vn\/en\/wp-json\/wp\/v2\/media\/2211"}],"wp:attachment":[{"href":"https:\/\/sieuthivan.vn\/en\/wp-json\/wp\/v2\/media?parent=2210"}],"wp:term":[{"taxonomy":"thuong-hieu","embeddable":true,"href":"https:\/\/sieuthivan.vn\/en\/wp-json\/wp\/v2\/thuong-hieu?post=2210"},{"taxonomy":"product_brand","embeddable":true,"href":"https:\/\/sieuthivan.vn\/en\/wp-json\/wp\/v2\/product_brand?post=2210"},{"taxonomy":"product_cat","embeddable":true,"href":"https:\/\/sieuthivan.vn\/en\/wp-json\/wp\/v2\/product_cat?post=2210"},{"taxonomy":"product_tag","embeddable":true,"href":"https:\/\/sieuthivan.vn\/en\/wp-json\/wp\/v2\/product_tag?post=2210"}],"curies":[{"name":"wp","href":"https:\/\/api.w.org\/{rel}","templated":true}]}}