{"id":2208,"date":"2025-05-22T14:42:23","date_gmt":"2025-05-22T07:42:23","guid":{"rendered":"https:\/\/sieuthivan.vn\/?post_type=product&#038;p=2208"},"modified":"2025-05-27T10:16:20","modified_gmt":"2025-05-27T03:16:20","slug":"bo-loc-boa-s","status":"publish","type":"product","link":"https:\/\/sieuthivan.vn\/en\/product\/bo-loc-boa-s\/","title":{"rendered":"B\u1ed9 l\u1ecdc BOA-S"},"content":{"rendered":"<p>B\u1ed9 l\u1ecdc theo ti\u00eau chu\u1ea9n DIN\/EN v\u1edbi \u0111\u1ea7u b\u00edch, c\u00f3 l\u01b0\u1edbi l\u1ecdc ti\u00eau chu\u1ea9n ho\u1eb7c m\u1ecbn; t\u1ea5t c\u1ea3 c\u00e1c k\u00edch th\u01b0\u1edbc danh ngh\u0129a \u0111\u1ec1u c\u00f3 n\u00fat x\u1ea3 \u1edf n\u1eafp. L\u00e0m b\u1eb1ng gang x\u00e1m ho\u1eb7c gang c\u1ea7u.<\/p>\n<p data-start=\"75\" data-end=\"97\"><strong data-start=\"75\" data-end=\"95\">D\u1eef li\u1ec7u k\u1ef9 thu\u1eadt<\/strong><\/p>\n<ul data-start=\"98\" data-end=\"546\">\n<li data-start=\"98\" data-end=\"132\">\n<p data-start=\"100\" data-end=\"132\"><strong data-start=\"100\" data-end=\"126\">Ch\u1ee9c n\u0103ng c\u1ee7a b\u1ed9 ph\u1eadn:<\/strong> L\u1ecdc<\/p>\n<\/li>\n<li data-start=\"133\" data-end=\"171\">\n<p data-start=\"135\" data-end=\"171\"><strong data-start=\"135\" data-end=\"160\">Lo\u1ea1i k\u1ebft n\u1ed1i \u0111\u1ea7u v\u00e0o:<\/strong> M\u1eb7t b\u00edch<\/p>\n<\/li>\n<li data-start=\"172\" data-end=\"243\">\n<p data-start=\"174\" data-end=\"203\"><strong data-start=\"174\" data-end=\"201\">V\u1eadt li\u1ec7u th\u00e2n th\u1ee7y l\u1ef1c:<\/strong><\/p>\n<ul data-start=\"206\" data-end=\"243\">\n<li data-start=\"206\" data-end=\"220\">\n<p data-start=\"208\" data-end=\"220\">EN-GJL-250<\/p>\n<\/li>\n<li data-start=\"223\" data-end=\"243\">\n<p data-start=\"225\" data-end=\"243\">EN-GJS-400-18-LT<\/p>\n<\/li>\n<\/ul>\n<\/li>\n<li data-start=\"244\" data-end=\"324\">\n<p data-start=\"246\" data-end=\"289\"><strong data-start=\"246\" data-end=\"287\">\u00c1p su\u1ea5t danh ngh\u0129a c\u1ee7a th\u00e2n th\u1ee7y l\u1ef1c:<\/strong><\/p>\n<ul data-start=\"292\" data-end=\"324\">\n<li data-start=\"292\" data-end=\"300\">\n<p data-start=\"294\" data-end=\"300\">PN 6<\/p>\n<\/li>\n<li data-start=\"303\" data-end=\"312\">\n<p data-start=\"305\" data-end=\"312\">PN 16<\/p>\n<\/li>\n<li data-start=\"315\" data-end=\"324\">\n<p data-start=\"317\" data-end=\"324\">PN 25<\/p>\n<\/li>\n<\/ul>\n<\/li>\n<li data-start=\"325\" data-end=\"377\">\n<p data-start=\"327\" data-end=\"377\"><strong data-start=\"327\" data-end=\"368\">K\u00edch th\u01b0\u1edbc danh ngh\u0129a l\u1edbn nh\u1ea5t (TSG):<\/strong> DN 400<\/p>\n<\/li>\n<li data-start=\"378\" data-end=\"429\">\n<p data-start=\"380\" data-end=\"429\"><strong data-start=\"380\" data-end=\"421\">K\u00edch th\u01b0\u1edbc danh ngh\u0129a nh\u1ecf nh\u1ea5t (TSG):<\/strong> DN 15<\/p>\n<\/li>\n<li data-start=\"430\" data-end=\"486\">\n<p data-start=\"432\" data-end=\"486\"><strong data-start=\"432\" data-end=\"477\">Nhi\u1ec7t \u0111\u1ed9 ch\u1ea5t l\u1ecfng cho ph\u00e9p t\u1ed1i \u0111a (TSG):<\/strong> 350 \u00b0C<\/p>\n<\/li>\n<li data-start=\"487\" data-end=\"546\">\n<p data-start=\"489\" data-end=\"546\"><strong data-start=\"489\" data-end=\"537\">Nhi\u1ec7t \u0111\u1ed9 ch\u1ea5t l\u1ecfng cho ph\u00e9p t\u1ed1i thi\u1ec3u (TSG):<\/strong> -10 \u00b0C<\/p>\n<\/li>\n<\/ul>","protected":false},"excerpt":{"rendered":"<p data-start=\"60\" data-end=\"80\"><strong data-start=\"60\" data-end=\"78\">\u1ee8ng d\u1ee5ng ch\u00ednh<\/strong><\/p>\n<ul data-start=\"81\" data-end=\"194\">\n<li data-start=\"81\" data-end=\"108\">\n<p data-start=\"83\" data-end=\"108\">H\u1ec7 th\u1ed1ng s\u01b0\u1edfi n\u01b0\u1edbc n\u00f3ng<\/p>\n<\/li>\n<li data-start=\"109\" data-end=\"140\">\n<p data-start=\"111\" data-end=\"140\">H\u1ec7 th\u1ed1ng \u0111i\u1ec1u h\u00f2a kh\u00f4ng kh\u00ed<\/p>\n<\/li>\n<li data-start=\"141\" data-end=\"163\">\n<p data-start=\"143\" data-end=\"163\">K\u1ef9 thu\u1eadt quy tr\u00ecnh<\/p>\n<\/li>\n<li data-start=\"164\" data-end=\"194\">\n<p data-start=\"166\" data-end=\"194\">Ng\u00e0nh c\u00f4ng nghi\u1ec7p h\u00f3a ch\u1ea5t<\/p>\n<\/li>\n<\/ul>\n<p data-start=\"196\" data-end=\"218\"><strong data-start=\"196\" data-end=\"216\">D\u1eef li\u1ec7u k\u1ef9 thu\u1eadt<\/strong><\/p>\n<ul data-start=\"219\" data-end=\"393\">\n<li data-start=\"219\" data-end=\"283\">\n<p data-start=\"221\" data-end=\"283\"><strong data-start=\"221\" data-end=\"262\">\u00c1p su\u1ea5t danh ngh\u0129a c\u1ee7a th\u00e2n th\u1ee7y l\u1ef1c:<\/strong> PN 6, PN 16, PN 25<\/p>\n<\/li>\n<li data-start=\"284\" data-end=\"336\">\n<p data-start=\"286\" data-end=\"336\"><strong data-start=\"286\" data-end=\"327\">K\u00edch th\u01b0\u1edbc danh ngh\u0129a l\u1edbn nh\u1ea5t (TSG):<\/strong> DN 400<\/p>\n<\/li>\n<li data-start=\"337\" data-end=\"393\">\n<p data-start=\"339\" data-end=\"393\"><strong data-start=\"339\" data-end=\"384\">Nhi\u1ec7t \u0111\u1ed9 ch\u1ea5t l\u1ecfng cho ph\u00e9p t\u1ed1i \u0111a (TSG):<\/strong> 350 \u00b0C<\/p>\n<\/li>\n<\/ul>","protected":false},"featured_media":2209,"comment_status":"open","ping_status":"closed","template":"","meta":{"_acf_changed":false,"inline_featured_image":false},"thuong-hieu":[93],"product_brand":[],"product_cat":[16,23],"product_tag":[438],"class_list":{"0":"post-2208","1":"product","2":"type-product","3":"status-publish","4":"has-post-thumbnail","6":"thuong-hieu-ksb","7":"product_cat-van-cong-nghiep","8":"product_cat-loc-y","9":"product_tag-bo-loc-boa-s","11":"first","12":"instock","13":"shipping-taxable","14":"product-type-simple"},"acf":[],"_links":{"self":[{"href":"https:\/\/sieuthivan.vn\/en\/wp-json\/wp\/v2\/product\/2208","targetHints":{"allow":["GET"]}}],"collection":[{"href":"https:\/\/sieuthivan.vn\/en\/wp-json\/wp\/v2\/product"}],"about":[{"href":"https:\/\/sieuthivan.vn\/en\/wp-json\/wp\/v2\/types\/product"}],"replies":[{"embeddable":true,"href":"https:\/\/sieuthivan.vn\/en\/wp-json\/wp\/v2\/comments?post=2208"}],"wp:featuredmedia":[{"embeddable":true,"href":"https:\/\/sieuthivan.vn\/en\/wp-json\/wp\/v2\/media\/2209"}],"wp:attachment":[{"href":"https:\/\/sieuthivan.vn\/en\/wp-json\/wp\/v2\/media?parent=2208"}],"wp:term":[{"taxonomy":"thuong-hieu","embeddable":true,"href":"https:\/\/sieuthivan.vn\/en\/wp-json\/wp\/v2\/thuong-hieu?post=2208"},{"taxonomy":"product_brand","embeddable":true,"href":"https:\/\/sieuthivan.vn\/en\/wp-json\/wp\/v2\/product_brand?post=2208"},{"taxonomy":"product_cat","embeddable":true,"href":"https:\/\/sieuthivan.vn\/en\/wp-json\/wp\/v2\/product_cat?post=2208"},{"taxonomy":"product_tag","embeddable":true,"href":"https:\/\/sieuthivan.vn\/en\/wp-json\/wp\/v2\/product_tag?post=2208"}],"curies":[{"name":"wp","href":"https:\/\/api.w.org\/{rel}","templated":true}]}}