{"id":2204,"date":"2025-05-22T14:10:59","date_gmt":"2025-05-22T07:10:59","guid":{"rendered":"https:\/\/sieuthivan.vn\/?post_type=product&#038;p=2204"},"modified":"2025-06-02T10:03:12","modified_gmt":"2025-06-02T03:03:12","slug":"van-kiem-tra-nang-boa-rpl","status":"publish","type":"product","link":"https:\/\/sieuthivan.vn\/en\/product\/van-kiem-tra-nang-boa-rpl\/","title":{"rendered":"Van ki\u1ec3m tra n\u00e2ng BOA-RPL"},"content":{"rendered":"<p>Van bi ki\u1ec3m tra theo ti\u00eau chu\u1ea9n DIN\/EN v\u1edbi \u0111\u1ea7u c\u00f3 m\u1eb7t b\u00edch ho\u1eb7c ren c\u00e1i\/c\u00e1i, l\u00e0m b\u1eb1ng gang c\u1ea7u, bi ph\u1ee7 NBR, n\u1eafp bu l\u00f4ng, th\u00edch h\u1ee3p l\u1eafp \u0111\u1eb7t trong \u0111\u01b0\u1eddng \u1ed1ng th\u1eb3ng \u0111\u1ee9ng ho\u1eb7c n\u1eb1m ngang.<\/p>\n<p data-start=\"75\" data-end=\"97\"><strong data-start=\"75\" data-end=\"95\">D\u1eef li\u1ec7u k\u1ef9 thu\u1eadt<\/strong><\/p>\n<ul data-start=\"98\" data-end=\"518\">\n<li data-start=\"98\" data-end=\"149\">\n<p data-start=\"100\" data-end=\"149\"><strong data-start=\"100\" data-end=\"126\">Ch\u1ee9c n\u0103ng c\u1ee7a b\u1ed9 ph\u1eadn:<\/strong> Ng\u0103n d\u00f2ng ch\u1ea3y ng\u01b0\u1ee3c<\/p>\n<\/li>\n<li data-start=\"150\" data-end=\"218\">\n<p data-start=\"152\" data-end=\"179\"><strong data-start=\"152\" data-end=\"177\">Lo\u1ea1i k\u1ebft n\u1ed1i \u0111\u1ea7u v\u00e0o:<\/strong><\/p>\n<ul data-start=\"182\" data-end=\"218\">\n<li data-start=\"182\" data-end=\"203\">\n<p data-start=\"184\" data-end=\"203\">K\u1ebft n\u1ed1i ren trong<\/p>\n<\/li>\n<li data-start=\"206\" data-end=\"218\">\n<p data-start=\"208\" data-end=\"218\">M\u1eb7t b\u00edch<\/p>\n<\/li>\n<\/ul>\n<\/li>\n<li data-start=\"219\" data-end=\"287\">\n<p data-start=\"221\" data-end=\"250\"><strong data-start=\"221\" data-end=\"248\">V\u1eadt li\u1ec7u th\u00e2n th\u1ee7y l\u1ef1c:<\/strong><\/p>\n<ul data-start=\"253\" data-end=\"287\">\n<li data-start=\"253\" data-end=\"267\">\n<p data-start=\"255\" data-end=\"267\">EN-GJL-250<\/p>\n<\/li>\n<li data-start=\"270\" data-end=\"287\">\n<p data-start=\"272\" data-end=\"287\">EN-GJS-400-15<\/p>\n<\/li>\n<\/ul>\n<\/li>\n<li data-start=\"288\" data-end=\"357\">\n<p data-start=\"290\" data-end=\"333\"><strong data-start=\"290\" data-end=\"331\">\u00c1p su\u1ea5t danh ngh\u0129a c\u1ee7a th\u00e2n th\u1ee7y l\u1ef1c:<\/strong><\/p>\n<ul data-start=\"336\" data-end=\"357\">\n<li data-start=\"336\" data-end=\"345\">\n<p data-start=\"338\" data-end=\"345\">PN 10<\/p>\n<\/li>\n<li data-start=\"348\" data-end=\"357\">\n<p data-start=\"350\" data-end=\"357\">PN 16<\/p>\n<\/li>\n<\/ul>\n<\/li>\n<li data-start=\"358\" data-end=\"410\">\n<p data-start=\"360\" data-end=\"410\"><strong data-start=\"360\" data-end=\"401\">K\u00edch th\u01b0\u1edbc danh ngh\u0129a l\u1edbn nh\u1ea5t (TSG):<\/strong> DN 400<\/p>\n<\/li>\n<li data-start=\"411\" data-end=\"462\">\n<p data-start=\"413\" data-end=\"462\"><strong data-start=\"413\" data-end=\"454\">K\u00edch th\u01b0\u1edbc danh ngh\u0129a nh\u1ecf nh\u1ea5t (TSG):<\/strong> DN 25<\/p>\n<\/li>\n<li data-start=\"463\" data-end=\"518\">\n<p data-start=\"465\" data-end=\"518\"><strong data-start=\"465\" data-end=\"510\">Nhi\u1ec7t \u0111\u1ed9 ch\u1ea5t l\u1ecfng cho ph\u00e9p t\u1ed1i \u0111a (TSG):<\/strong> 70 \u00b0C<\/p>\n<\/li>\n<\/ul>","protected":false},"excerpt":{"rendered":"<div>\u1ee8ng d\u1ee5ng ch\u00ednh<\/div>\n<div>H\u1ec7 th\u1ed1ng t\u01b0\u1edbi ti\u00eau chung<\/div>\n<div>C\u1ea5p n\u01b0\u1edbc sinh ho\u1ea1t<\/div>\n<div>Nh\u00e0 m\u00e1y x\u1eed l\u00fd n\u01b0\u1edbc th\u1ea3i<\/div>\n<div>H\u1ec7 th\u1ed1ng \u0111i\u1ec1u h\u00f2a kh\u00f4ng kh\u00ed<\/div>\n<div><\/div>\n<div>D\u1eef li\u1ec7u k\u1ef9 thu\u1eadt<\/div>\n<div>\u00c1p su\u1ea5t danh ngh\u0129a V\u1ecf th\u1ee7y l\u1ef1c<\/div>\n<div>PN 10, PN 16<\/div>\n<div>K\u00edch th\u01b0\u1edbc danh ngh\u0129a t\u1ed1i \u0111a TSG<\/div>\n<div>DN 400<\/div>\n<div>Nhi\u1ec7t \u0111\u1ed9 ch\u1ea5t l\u1ecfng t\u1ed1i \u0111a cho ph\u00e9p TSG<\/div>\n<div>70 \u00b0C<\/div>","protected":false},"featured_media":2205,"comment_status":"open","ping_status":"closed","template":"","meta":{"_acf_changed":false,"inline_featured_image":false},"thuong-hieu":[93],"product_brand":[],"product_cat":[16],"product_tag":[436],"class_list":{"0":"post-2204","1":"product","2":"type-product","3":"status-publish","4":"has-post-thumbnail","6":"thuong-hieu-ksb","7":"product_cat-van-cong-nghiep","8":"product_tag-van-kiem-tra-nang-boa-rpl","10":"first","11":"instock","12":"shipping-taxable","13":"product-type-simple"},"acf":[],"_links":{"self":[{"href":"https:\/\/sieuthivan.vn\/en\/wp-json\/wp\/v2\/product\/2204","targetHints":{"allow":["GET"]}}],"collection":[{"href":"https:\/\/sieuthivan.vn\/en\/wp-json\/wp\/v2\/product"}],"about":[{"href":"https:\/\/sieuthivan.vn\/en\/wp-json\/wp\/v2\/types\/product"}],"replies":[{"embeddable":true,"href":"https:\/\/sieuthivan.vn\/en\/wp-json\/wp\/v2\/comments?post=2204"}],"wp:featuredmedia":[{"embeddable":true,"href":"https:\/\/sieuthivan.vn\/en\/wp-json\/wp\/v2\/media\/2205"}],"wp:attachment":[{"href":"https:\/\/sieuthivan.vn\/en\/wp-json\/wp\/v2\/media?parent=2204"}],"wp:term":[{"taxonomy":"thuong-hieu","embeddable":true,"href":"https:\/\/sieuthivan.vn\/en\/wp-json\/wp\/v2\/thuong-hieu?post=2204"},{"taxonomy":"product_brand","embeddable":true,"href":"https:\/\/sieuthivan.vn\/en\/wp-json\/wp\/v2\/product_brand?post=2204"},{"taxonomy":"product_cat","embeddable":true,"href":"https:\/\/sieuthivan.vn\/en\/wp-json\/wp\/v2\/product_cat?post=2204"},{"taxonomy":"product_tag","embeddable":true,"href":"https:\/\/sieuthivan.vn\/en\/wp-json\/wp\/v2\/product_tag?post=2204"}],"curies":[{"name":"wp","href":"https:\/\/api.w.org\/{rel}","templated":true}]}}