{"id":2192,"date":"2025-05-22T11:44:47","date_gmt":"2025-05-22T04:44:47","guid":{"rendered":"https:\/\/sieuthivan.vn\/?post_type=product&#038;p=2192"},"modified":"2025-05-29T14:58:32","modified_gmt":"2025-05-29T07:58:32","slug":"van-cau-boa-h","status":"publish","type":"product","link":"https:\/\/sieuthivan.vn\/en\/product\/van-cau-boa-h\/","title":{"rendered":"Van c\u1ea7u BOA-H"},"content":{"rendered":"<p>Van c\u1ea7u ki\u1ec3u \u1ed1ng th\u1ed5i theo ti\u00eau chu\u1ea9n DIN\/EN v\u1edbi \u0111\u1ea7u b\u00edch, c\u00f3 \u0111\u0129a b\u1eadt\/t\u1eaft ho\u1eb7c n\u00fat ti\u1ebft l\u01b0u, ch\u1ec9 b\u00e1o v\u1ecb tr\u00ed ti\u00eau chu\u1ea9n v\u1edbi m\u00e3 m\u00e0u \u0111\u1ec3 nh\u1eadn d\u1ea1ng thi\u1ebft k\u1ebf van, \u0111\u0129a van c\u00f3 th\u1ec3 thay th\u1ebf; \u1ed1ng th\u1ed5i \u0111\u01b0\u1ee3c b\u1ea3o v\u1ec7 khi van \u1edf v\u1ecb tr\u00ed m\u1edf ho\u00e0n to\u00e0n; giao di\u1ec7n gh\u1ebf\/\u0111\u0129a l\u00e0m b\u1eb1ng th\u00e9p crom ch\u1ed1ng m\u00e0i m\u00f2n v\u00e0 \u0103n m\u00f2n ho\u1eb7c th\u00e9p crom niken.<\/p>\n<p data-start=\"60\" data-end=\"82\"><strong data-start=\"60\" data-end=\"80\">D\u1eef li\u1ec7u k\u1ef9 thu\u1eadt<\/strong><\/p>\n<ul data-start=\"83\" data-end=\"687\">\n<li data-start=\"83\" data-end=\"141\">\n<p data-start=\"85\" data-end=\"141\"><strong data-start=\"85\" data-end=\"111\">Ch\u1ee9c n\u0103ng c\u1ee7a b\u1ed9 ph\u1eadn:<\/strong> Ng\u1eaft \/ \u0111i\u1ec1u khi\u1ec3n d\u00f2ng ch\u1ea3y<\/p>\n<\/li>\n<li data-start=\"142\" data-end=\"180\">\n<p data-start=\"144\" data-end=\"180\"><strong data-start=\"144\" data-end=\"169\">Lo\u1ea1i k\u1ebft n\u1ed1i \u0111\u1ea7u v\u00e0o:<\/strong> M\u1eb7t b\u00edch<\/p>\n<\/li>\n<li data-start=\"181\" data-end=\"239\">\n<p data-start=\"183\" data-end=\"239\"><strong data-start=\"183\" data-end=\"225\">Nguy\u00ean l\u00fd thi\u1ebft k\u1ebf c\u01a1 c\u1ea5u truy\u1ec1n \u0111\u1ed9ng:<\/strong> C\u00f3 tay quay<\/p>\n<\/li>\n<li data-start=\"240\" data-end=\"311\">\n<p data-start=\"242\" data-end=\"271\"><strong data-start=\"242\" data-end=\"269\">V\u1eadt li\u1ec7u th\u00e2n th\u1ee7y l\u1ef1c:<\/strong><\/p>\n<ul data-start=\"274\" data-end=\"311\">\n<li data-start=\"274\" data-end=\"288\">\n<p data-start=\"276\" data-end=\"288\">EN-GJL-250<\/p>\n<\/li>\n<li data-start=\"291\" data-end=\"311\">\n<p data-start=\"293\" data-end=\"311\">EN-GJS-400-18-LT<\/p>\n<\/li>\n<\/ul>\n<\/li>\n<li data-start=\"312\" data-end=\"370\">\n<p data-start=\"314\" data-end=\"370\"><strong data-start=\"314\" data-end=\"355\">\u00c1p su\u1ea5t danh ngh\u0129a c\u1ee7a th\u00e2n th\u1ee7y l\u1ef1c:<\/strong> PN 16, PN 25<\/p>\n<\/li>\n<li data-start=\"371\" data-end=\"423\">\n<p data-start=\"373\" data-end=\"423\"><strong data-start=\"373\" data-end=\"414\">K\u00edch th\u01b0\u1edbc danh ngh\u0129a l\u1edbn nh\u1ea5t (TSG):<\/strong> DN 350<\/p>\n<\/li>\n<li data-start=\"424\" data-end=\"475\">\n<p data-start=\"426\" data-end=\"475\"><strong data-start=\"426\" data-end=\"467\">K\u00edch th\u01b0\u1edbc danh ngh\u0129a nh\u1ecf nh\u1ea5t (TSG):<\/strong> DN 15<\/p>\n<\/li>\n<li data-start=\"476\" data-end=\"532\">\n<p data-start=\"478\" data-end=\"532\"><strong data-start=\"478\" data-end=\"523\">Nhi\u1ec7t \u0111\u1ed9 ch\u1ea5t l\u1ecfng cho ph\u00e9p t\u1ed1i \u0111a (TSG):<\/strong> 350 \u00b0C<\/p>\n<\/li>\n<li data-start=\"533\" data-end=\"592\">\n<p data-start=\"535\" data-end=\"592\"><strong data-start=\"535\" data-end=\"583\">Nhi\u1ec7t \u0111\u1ed9 ch\u1ea5t l\u1ecfng cho ph\u00e9p t\u1ed1i thi\u1ec3u (TSG):<\/strong> -10 \u00b0C<\/p>\n<\/li>\n<li data-start=\"593\" data-end=\"687\">\n<p data-start=\"595\" data-end=\"615\"><strong data-start=\"595\" data-end=\"613\">Lo\u1ea1i th\u00e2n van:<\/strong><\/p>\n<ul data-start=\"618\" data-end=\"687\">\n<li data-start=\"618\" data-end=\"650\">\n<p data-start=\"620\" data-end=\"650\">Van g\u00f3c v\u1edbi \u0111\u1ea7u n\u1ed1i m\u1eb7t b\u00edch<\/p>\n<\/li>\n<li data-start=\"653\" data-end=\"687\">\n<p data-start=\"655\" data-end=\"687\">Van th\u1eb3ng v\u1edbi \u0111\u1ea7u n\u1ed1i m\u1eb7t b\u00edch<\/p>\n<\/li>\n<\/ul>\n<\/li>\n<\/ul>\n<p data-start=\"370\" data-end=\"424\">","protected":false},"excerpt":{"rendered":"<p data-start=\"60\" data-end=\"80\"><strong data-start=\"60\" data-end=\"78\">\u1ee8ng d\u1ee5ng ch\u00ednh<\/strong><\/p>\n<ul data-start=\"81\" data-end=\"199\">\n<li data-start=\"81\" data-end=\"108\">\n<p data-start=\"83\" data-end=\"108\">H\u1ec7 th\u1ed1ng s\u01b0\u1edfi n\u01b0\u1edbc n\u00f3ng<\/p>\n<\/li>\n<li data-start=\"109\" data-end=\"140\">\n<p data-start=\"111\" data-end=\"140\">H\u1ec7 th\u1ed1ng \u0111i\u1ec1u h\u00f2a kh\u00f4ng kh\u00ed<\/p>\n<\/li>\n<li data-start=\"141\" data-end=\"173\">\n<p data-start=\"143\" data-end=\"173\">\u1ee8ng d\u1ee5ng c\u1ea5p n\u01b0\u1edbc cho l\u00f2 h\u01a1i<\/p>\n<\/li>\n<li data-start=\"174\" data-end=\"199\">\n<p data-start=\"176\" data-end=\"199\">Tu\u1ea7n ho\u00e0n n\u01b0\u1edbc l\u00f2 h\u01a1i<\/p>\n<\/li>\n<\/ul>\n<p data-start=\"233\" data-end=\"255\"><strong data-start=\"233\" data-end=\"253\">D\u1eef li\u1ec7u k\u1ef9 thu\u1eadt<\/strong><\/p>\n<ul data-start=\"256\" data-end=\"424\">\n<li data-start=\"256\" data-end=\"314\">\n<p data-start=\"258\" data-end=\"314\"><strong data-start=\"258\" data-end=\"299\">\u00c1p su\u1ea5t danh ngh\u0129a c\u1ee7a th\u00e2n th\u1ee7y l\u1ef1c:<\/strong> PN 16, PN 25<\/p>\n<\/li>\n<li data-start=\"315\" data-end=\"367\">\n<p data-start=\"317\" data-end=\"367\"><strong data-start=\"317\" data-end=\"358\">K\u00edch th\u01b0\u1edbc danh ngh\u0129a l\u1edbn nh\u1ea5t (TSG):<\/strong> DN 350<\/p>\n<\/li>\n<li data-start=\"368\" data-end=\"424\">\n<p data-start=\"370\" data-end=\"424\"><strong data-start=\"370\" data-end=\"415\">Nhi\u1ec7t \u0111\u1ed9 ch\u1ea5t l\u1ecfng cho ph\u00e9p t\u1ed1i \u0111a (TSG):<\/strong> 350 \u00b0C<\/p>\n<\/li>\n<\/ul>","protected":false},"featured_media":2193,"comment_status":"open","ping_status":"closed","template":"","meta":{"_acf_changed":false,"inline_featured_image":false},"thuong-hieu":[93],"product_brand":[],"product_cat":[16],"product_tag":[432],"class_list":{"0":"post-2192","1":"product","2":"type-product","3":"status-publish","4":"has-post-thumbnail","6":"thuong-hieu-ksb","7":"product_cat-van-cong-nghiep","8":"product_tag-globe-valve-boa-h","10":"first","11":"instock","12":"shipping-taxable","13":"product-type-simple"},"acf":[],"_links":{"self":[{"href":"https:\/\/sieuthivan.vn\/en\/wp-json\/wp\/v2\/product\/2192","targetHints":{"allow":["GET"]}}],"collection":[{"href":"https:\/\/sieuthivan.vn\/en\/wp-json\/wp\/v2\/product"}],"about":[{"href":"https:\/\/sieuthivan.vn\/en\/wp-json\/wp\/v2\/types\/product"}],"replies":[{"embeddable":true,"href":"https:\/\/sieuthivan.vn\/en\/wp-json\/wp\/v2\/comments?post=2192"}],"wp:featuredmedia":[{"embeddable":true,"href":"https:\/\/sieuthivan.vn\/en\/wp-json\/wp\/v2\/media\/2193"}],"wp:attachment":[{"href":"https:\/\/sieuthivan.vn\/en\/wp-json\/wp\/v2\/media?parent=2192"}],"wp:term":[{"taxonomy":"thuong-hieu","embeddable":true,"href":"https:\/\/sieuthivan.vn\/en\/wp-json\/wp\/v2\/thuong-hieu?post=2192"},{"taxonomy":"product_brand","embeddable":true,"href":"https:\/\/sieuthivan.vn\/en\/wp-json\/wp\/v2\/product_brand?post=2192"},{"taxonomy":"product_cat","embeddable":true,"href":"https:\/\/sieuthivan.vn\/en\/wp-json\/wp\/v2\/product_cat?post=2192"},{"taxonomy":"product_tag","embeddable":true,"href":"https:\/\/sieuthivan.vn\/en\/wp-json\/wp\/v2\/product_tag?post=2192"}],"curies":[{"name":"wp","href":"https:\/\/api.w.org\/{rel}","templated":true}]}}