{"id":2190,"date":"2025-05-22T11:24:10","date_gmt":"2025-05-22T04:24:10","guid":{"rendered":"https:\/\/sieuthivan.vn\/?post_type=product&#038;p=2190"},"modified":"2025-05-29T14:53:09","modified_gmt":"2025-05-29T07:53:09","slug":"van-cau-boa-cve-h","status":"publish","type":"product","link":"https:\/\/sieuthivan.vn\/en\/product\/van-cau-boa-cve-h\/","title":{"rendered":"Van c\u1ea7u BOA-CVE H"},"content":{"rendered":"<p>Van \u0111i\u1ec1u khi\u1ec3n th\u00e2n thi\u1ec7n v\u1edbi d\u1ecbch v\u1ee5 theo ti\u00eau chu\u1ea9n DIN\/EN v\u1edbi c\u00e1c \u0111\u1ea7u b\u00edch, c\u00f3 \u0111\u1eb7c t\u00ednh \u0111i\u1ec1u khi\u1ec3n tuy\u1ebfn t\u00ednh ho\u1eb7c ph\u1ea7n tr\u0103m b\u1eb1ng nhau \u1edf gi\u00e1 tr\u1ecb Kvs t\u1eeb 0,1 \u0111\u1ebfn 630 m\u00b3\/h v\u00e0 \u00e1p su\u1ea5t \u0111\u00f3ng l\u00ean \u0111\u1ebfn 40 bar; t\u1ea5t c\u1ea3 c\u00e1c b\u1ed9 ph\u1eadn b\u00ean trong \u0111\u1ec1u d\u1ec5 thay th\u1ebf m\u00e0 kh\u00f4ng c\u1ea7n d\u1ee5ng c\u1ee5 chuy\u00ean d\u1ee5ng, bao g\u1ed3m c\u1ea3 \u0111\u1ebf \u0111\u1ea3o ng\u01b0\u1ee3c; m\u1ee9c \u0111\u1ed9 ti\u1ebfng \u1ed3n \u0111\u01b0\u1ee3c gi\u1ea3m nh\u1edd c\u01a1 ch\u1ebf gi\u1ea3m \u00e1p su\u1ea5t hai giai \u0111o\u1ea1n ti\u00eau chu\u1ea9n k\u1ebft h\u1ee3p ph\u00edch c\u1eafm parabol v\u00e0 l\u1ed3ng nhi\u1ec1u l\u1ed7; v\u1edbi b\u1ed9 truy\u1ec1n \u0111\u1ed9ng \u0111i\u1ec7n.<\/p>\n<p data-start=\"64\" data-end=\"86\"><strong data-start=\"64\" data-end=\"84\">D\u1eef li\u1ec7u k\u1ef9 thu\u1eadt<\/strong><\/p>\n<ul data-start=\"87\" data-end=\"688\">\n<li data-start=\"87\" data-end=\"145\">\n<p data-start=\"89\" data-end=\"145\"><strong data-start=\"89\" data-end=\"115\">Ch\u1ee9c n\u0103ng c\u1ee7a b\u1ed9 ph\u1eadn:<\/strong> Ng\u1eaft \/ \u0111i\u1ec1u khi\u1ec3n d\u00f2ng ch\u1ea3y<\/p>\n<\/li>\n<li data-start=\"146\" data-end=\"184\">\n<p data-start=\"148\" data-end=\"184\"><strong data-start=\"148\" data-end=\"173\">Lo\u1ea1i k\u1ebft n\u1ed1i \u0111\u1ea7u v\u00e0o:<\/strong> M\u1eb7t b\u00edch<\/p>\n<\/li>\n<li data-start=\"185\" data-end=\"254\">\n<p data-start=\"187\" data-end=\"254\"><strong data-start=\"187\" data-end=\"229\">Nguy\u00ean l\u00fd thi\u1ebft k\u1ebf c\u01a1 c\u1ea5u truy\u1ec1n \u0111\u1ed9ng:<\/strong> C\u00f3 b\u1ed9 truy\u1ec1n \u0111\u1ed9ng \u0111i\u1ec7n<\/p>\n<\/li>\n<li data-start=\"255\" data-end=\"287\">\n<p data-start=\"257\" data-end=\"287\"><strong data-start=\"257\" data-end=\"279\">T\u1ea7n s\u1ed1 ngu\u1ed3n \u0111i\u1ec7n:<\/strong> 50 Hz<\/p>\n<\/li>\n<li data-start=\"288\" data-end=\"329\">\n<p data-start=\"290\" data-end=\"329\"><strong data-start=\"290\" data-end=\"308\">\u0110i\u1ec7n \u00e1p ngu\u1ed3n:<\/strong> 24 V, 230 V, 400 V<\/p>\n<\/li>\n<li data-start=\"330\" data-end=\"400\">\n<p data-start=\"332\" data-end=\"361\"><strong data-start=\"332\" data-end=\"359\">V\u1eadt li\u1ec7u th\u00e2n th\u1ee7y l\u1ef1c:<\/strong><\/p>\n<ul data-start=\"364\" data-end=\"400\">\n<li data-start=\"364\" data-end=\"384\">\n<p data-start=\"366\" data-end=\"384\">EN-GJS-400-18-LT<\/p>\n<\/li>\n<li data-start=\"387\" data-end=\"400\">\n<p data-start=\"389\" data-end=\"400\">GP240GH+N<\/p>\n<\/li>\n<\/ul>\n<\/li>\n<li data-start=\"401\" data-end=\"466\">\n<p data-start=\"403\" data-end=\"466\"><strong data-start=\"403\" data-end=\"444\">\u00c1p su\u1ea5t danh ngh\u0129a c\u1ee7a th\u00e2n th\u1ee7y l\u1ef1c:<\/strong> PN 16, PN 25, PN 40<\/p>\n<\/li>\n<li data-start=\"467\" data-end=\"519\">\n<p data-start=\"469\" data-end=\"519\"><strong data-start=\"469\" data-end=\"510\">K\u00edch th\u01b0\u1edbc danh ngh\u0129a l\u1edbn nh\u1ea5t (TSG):<\/strong> DN 200<\/p>\n<\/li>\n<li data-start=\"520\" data-end=\"571\">\n<p data-start=\"522\" data-end=\"571\"><strong data-start=\"522\" data-end=\"563\">K\u00edch th\u01b0\u1edbc danh ngh\u0129a nh\u1ecf nh\u1ea5t (TSG):<\/strong> DN 15<\/p>\n<\/li>\n<li data-start=\"572\" data-end=\"628\">\n<p data-start=\"574\" data-end=\"628\"><strong data-start=\"574\" data-end=\"619\">Nhi\u1ec7t \u0111\u1ed9 ch\u1ea5t l\u1ecfng cho ph\u00e9p t\u1ed1i \u0111a (TSG):<\/strong> 450 \u00b0C<\/p>\n<\/li>\n<li data-start=\"629\" data-end=\"688\">\n<p data-start=\"631\" data-end=\"688\"><strong data-start=\"631\" data-end=\"679\">Nhi\u1ec7t \u0111\u1ed9 ch\u1ea5t l\u1ecfng cho ph\u00e9p t\u1ed1i thi\u1ec3u (TSG):<\/strong> -10 \u00b0C<\/p>\n<\/li>\n<\/ul>","protected":false},"excerpt":{"rendered":"<p data-start=\"60\" data-end=\"80\"><strong data-start=\"60\" data-end=\"78\">\u1ee8ng d\u1ee5ng ch\u00ednh<\/strong><\/p>\n<ul data-start=\"81\" data-end=\"199\">\n<li data-start=\"81\" data-end=\"108\">\n<p data-start=\"83\" data-end=\"108\">H\u1ec7 th\u1ed1ng s\u01b0\u1edfi n\u01b0\u1edbc n\u00f3ng<\/p>\n<\/li>\n<li data-start=\"109\" data-end=\"140\">\n<p data-start=\"111\" data-end=\"140\">H\u1ec7 th\u1ed1ng \u0111i\u1ec1u h\u00f2a kh\u00f4ng kh\u00ed<\/p>\n<\/li>\n<li data-start=\"141\" data-end=\"173\">\n<p data-start=\"143\" data-end=\"173\">\u1ee8ng d\u1ee5ng c\u1ea5p n\u01b0\u1edbc cho l\u00f2 h\u01a1i<\/p>\n<\/li>\n<li data-start=\"174\" data-end=\"199\">\n<p data-start=\"176\" data-end=\"199\">Tu\u1ea7n ho\u00e0n n\u01b0\u1edbc l\u00f2 h\u01a1i<\/p>\n<\/li>\n<\/ul>\n<p data-start=\"233\" data-end=\"255\"><strong data-start=\"233\" data-end=\"253\">D\u1eef li\u1ec7u k\u1ef9 thu\u1eadt<\/strong><\/p>\n<ul data-start=\"256\" data-end=\"431\">\n<li data-start=\"256\" data-end=\"321\">\n<p data-start=\"258\" data-end=\"321\"><strong data-start=\"258\" data-end=\"299\">\u00c1p su\u1ea5t danh ngh\u0129a c\u1ee7a th\u00e2n th\u1ee7y l\u1ef1c:<\/strong> PN 16, PN 25, PN 40<\/p>\n<\/li>\n<li data-start=\"322\" data-end=\"374\">\n<p data-start=\"324\" data-end=\"374\"><strong data-start=\"324\" data-end=\"365\">K\u00edch th\u01b0\u1edbc danh ngh\u0129a l\u1edbn nh\u1ea5t (TSG):<\/strong> DN 200<\/p>\n<\/li>\n<li data-start=\"375\" data-end=\"431\">\n<p data-start=\"377\" data-end=\"431\"><strong data-start=\"377\" data-end=\"422\">Nhi\u1ec7t \u0111\u1ed9 ch\u1ea5t l\u1ecfng cho ph\u00e9p t\u1ed1i \u0111a (TSG):<\/strong> 450 \u00b0C<\/p>\n<\/li>\n<\/ul>","protected":false},"featured_media":2191,"comment_status":"open","ping_status":"closed","template":"","meta":{"_acf_changed":false,"inline_featured_image":false},"thuong-hieu":[93],"product_brand":[],"product_cat":[16,18],"product_tag":[431],"class_list":{"0":"post-2190","1":"product","2":"type-product","3":"status-publish","4":"has-post-thumbnail","6":"thuong-hieu-ksb","7":"product_cat-van-cong-nghiep","8":"product_cat-van-cau","9":"product_tag-van-cau-boa-cve-h","11":"first","12":"instock","13":"shipping-taxable","14":"product-type-simple"},"acf":[],"_links":{"self":[{"href":"https:\/\/sieuthivan.vn\/en\/wp-json\/wp\/v2\/product\/2190","targetHints":{"allow":["GET"]}}],"collection":[{"href":"https:\/\/sieuthivan.vn\/en\/wp-json\/wp\/v2\/product"}],"about":[{"href":"https:\/\/sieuthivan.vn\/en\/wp-json\/wp\/v2\/types\/product"}],"replies":[{"embeddable":true,"href":"https:\/\/sieuthivan.vn\/en\/wp-json\/wp\/v2\/comments?post=2190"}],"wp:featuredmedia":[{"embeddable":true,"href":"https:\/\/sieuthivan.vn\/en\/wp-json\/wp\/v2\/media\/2191"}],"wp:attachment":[{"href":"https:\/\/sieuthivan.vn\/en\/wp-json\/wp\/v2\/media?parent=2190"}],"wp:term":[{"taxonomy":"thuong-hieu","embeddable":true,"href":"https:\/\/sieuthivan.vn\/en\/wp-json\/wp\/v2\/thuong-hieu?post=2190"},{"taxonomy":"product_brand","embeddable":true,"href":"https:\/\/sieuthivan.vn\/en\/wp-json\/wp\/v2\/product_brand?post=2190"},{"taxonomy":"product_cat","embeddable":true,"href":"https:\/\/sieuthivan.vn\/en\/wp-json\/wp\/v2\/product_cat?post=2190"},{"taxonomy":"product_tag","embeddable":true,"href":"https:\/\/sieuthivan.vn\/en\/wp-json\/wp\/v2\/product_tag?post=2190"}],"curies":[{"name":"wp","href":"https:\/\/api.w.org\/{rel}","templated":true}]}}