{"id":2188,"date":"2025-05-22T10:57:25","date_gmt":"2025-05-22T03:57:25","guid":{"rendered":"https:\/\/sieuthivan.vn\/?post_type=product&#038;p=2188"},"modified":"2025-05-29T14:49:30","modified_gmt":"2025-05-29T07:49:30","slug":"van-cau-boa-cve-c-cs-w-ims-ekb-ims-ekb","status":"publish","type":"product","link":"https:\/\/sieuthivan.vn\/en\/product\/van-cau-boa-cve-c-cs-w-ims-ekb-ims-ekb\/","title":{"rendered":"Van c\u1ea7u BOA-CVE C\/CS\/W\/IMS\/EKB\/IMS EKB"},"content":{"rendered":"<p>Van \u0111i\u1ec1u khi\u1ec3n theo ti\u00eau chu\u1ea9n DIN\/EN d\u1ef1a tr\u00ean lo\u1ea1i ti\u00eau chu\u1ea9n BOA-Compact, BOA-SuperCompact, BOA-W, BOA-Compact EKB, BOA-Control IMS v\u00e0 BOA-Control IMS EKB, th\u00e2n van gi\u1eef \u00e1p su\u1ea5t kh\u00f4ng c\u00f3 n\u1eafp ch\u1ee5p, \u0111\u1ebf m\u1ec1m. T\u1ef7 l\u1ec7 r\u00f2 r\u1ec9 c\u00f3 th\u1ec3 l\u1ef1a ch\u1ecdn t\u1eeb 0,05% \u0111\u1ebfn k\u00edn kh\u00edt, gi\u00e1 tr\u1ecb Kvs t\u1eeb 6,3 \u0111\u1ebfn 700 m\u00b3\/h v\u00e0 \u00e1p su\u1ea5t \u0111\u00f3ng l\u00ean \u0111\u1ebfn 16 bar. V\u1edbi b\u1ed9 truy\u1ec1n \u0111\u1ed9ng \u0111i\u1ec7n th\u00f4ng minh \u0111\u01b0\u1ee3c \u0111i\u1ec1u khi\u1ec3n b\u1eb1ng vi x\u1eed l\u00fd v\u00e0 c\u00e0i \u0111\u1eb7t tr\u01b0\u1edbc cung c\u1ea5p l\u1ef1c t\u00e1c \u0111\u1ed9ng t\u1eeb 1000 N \u0111\u1ebfn 14.000 N; c\u1ea5u h\u00ecnh \u0111i\u1ec7n t\u1eed c\u1ee7a \u0111\u1eb7c t\u00ednh d\u00f2ng ch\u1ea3y, gi\u00e1 tr\u1ecb Kvs, t\u00edn hi\u1ec7u t\u00e1c \u0111\u1ed9ng v\u00e0 th\u1eddi gian t\u00e1c \u0111\u1ed9ng b\u1eb1ng c\u00f4ng c\u1ee5 PC ho\u1eb7c \u0111\u01a1n v\u1ecb tham s\u1ed1 h\u00f3a th\u1ee7 c\u00f4ng. C\u00f3 th\u1ec3 tri\u1ec3n khai c\u1ea5u h\u00ecnh t\u00f9y ch\u1ec9nh t\u1ea1i nh\u00e0 m\u00e1y KSB theo y\u00eau c\u1ea7u.<\/p>\n<p data-start=\"60\" data-end=\"82\"><strong data-start=\"60\" data-end=\"80\">D\u1eef li\u1ec7u k\u1ef9 thu\u1eadt<\/strong><\/p>\n<ul data-start=\"83\" data-end=\"675\">\n<li data-start=\"83\" data-end=\"141\">\n<p data-start=\"85\" data-end=\"141\"><strong data-start=\"85\" data-end=\"111\">Ch\u1ee9c n\u0103ng c\u1ee7a b\u1ed9 ph\u1eadn:<\/strong> Ng\u1eaft \/ \u0111i\u1ec1u khi\u1ec3n d\u00f2ng ch\u1ea3y<\/p>\n<\/li>\n<li data-start=\"142\" data-end=\"180\">\n<p data-start=\"144\" data-end=\"180\"><strong data-start=\"144\" data-end=\"169\">Lo\u1ea1i k\u1ebft n\u1ed1i \u0111\u1ea7u v\u00e0o:<\/strong> M\u1eb7t b\u00edch<\/p>\n<\/li>\n<li data-start=\"181\" data-end=\"250\">\n<p data-start=\"183\" data-end=\"250\"><strong data-start=\"183\" data-end=\"225\">Nguy\u00ean l\u00fd thi\u1ebft k\u1ebf c\u01a1 c\u1ea5u truy\u1ec1n \u0111\u1ed9ng:<\/strong> C\u00f3 b\u1ed9 truy\u1ec1n \u0111\u1ed9ng \u0111i\u1ec7n<\/p>\n<\/li>\n<li data-start=\"251\" data-end=\"283\">\n<p data-start=\"253\" data-end=\"283\"><strong data-start=\"253\" data-end=\"275\">T\u1ea7n s\u1ed1 ngu\u1ed3n \u0111i\u1ec7n:<\/strong> 50 Hz<\/p>\n<\/li>\n<li data-start=\"284\" data-end=\"318\">\n<p data-start=\"286\" data-end=\"318\"><strong data-start=\"286\" data-end=\"304\">\u0110i\u1ec7n \u00e1p ngu\u1ed3n:<\/strong> 24 V, 230 V<\/p>\n<\/li>\n<li data-start=\"319\" data-end=\"388\">\n<p data-start=\"321\" data-end=\"350\"><strong data-start=\"321\" data-end=\"348\">V\u1eadt li\u1ec7u th\u00e2n th\u1ee7y l\u1ef1c:<\/strong><\/p>\n<ul data-start=\"353\" data-end=\"388\">\n<li data-start=\"353\" data-end=\"367\">\n<p data-start=\"355\" data-end=\"367\">EN-GJL-250<\/p>\n<\/li>\n<li data-start=\"370\" data-end=\"388\">\n<p data-start=\"372\" data-end=\"388\">EN-GJL-250-EKB<\/p>\n<\/li>\n<\/ul>\n<\/li>\n<li data-start=\"389\" data-end=\"453\">\n<p data-start=\"391\" data-end=\"453\"><strong data-start=\"391\" data-end=\"432\">\u00c1p su\u1ea5t danh ngh\u0129a c\u1ee7a th\u00e2n th\u1ee7y l\u1ef1c:<\/strong> PN 6, PN 10, PN 16<\/p>\n<\/li>\n<li data-start=\"454\" data-end=\"506\">\n<p data-start=\"456\" data-end=\"506\"><strong data-start=\"456\" data-end=\"497\">K\u00edch th\u01b0\u1edbc danh ngh\u0129a l\u1edbn nh\u1ea5t (TSG):<\/strong> DN 200<\/p>\n<\/li>\n<li data-start=\"507\" data-end=\"558\">\n<p data-start=\"509\" data-end=\"558\"><strong data-start=\"509\" data-end=\"550\">K\u00edch th\u01b0\u1edbc danh ngh\u0129a nh\u1ecf nh\u1ea5t (TSG):<\/strong> DN 15<\/p>\n<\/li>\n<li data-start=\"559\" data-end=\"615\">\n<p data-start=\"561\" data-end=\"615\"><strong data-start=\"561\" data-end=\"606\">Nhi\u1ec7t \u0111\u1ed9 ch\u1ea5t l\u1ecfng cho ph\u00e9p t\u1ed1i \u0111a (TSG):<\/strong> 120 \u00b0C<\/p>\n<\/li>\n<li data-start=\"616\" data-end=\"675\">\n<p data-start=\"618\" data-end=\"675\"><strong data-start=\"618\" data-end=\"666\">Nhi\u1ec7t \u0111\u1ed9 ch\u1ea5t l\u1ecfng cho ph\u00e9p t\u1ed1i thi\u1ec3u (TSG):<\/strong> -10 \u00b0C<\/p>\n<\/li>\n<\/ul>","protected":false},"excerpt":{"rendered":"<p data-start=\"60\" data-end=\"122\"><strong data-start=\"60\" data-end=\"78\">\u1ee8ng d\u1ee5ng ch\u00ednh<\/strong><br data-start=\"78\" data-end=\"81\" \/><strong data-start=\"81\" data-end=\"120\">BOA-CVE C \/ BOA-CVE CS \/ BOA-CVE W:<\/strong><\/p>\n<ul data-start=\"123\" data-end=\"209\">\n<li data-start=\"123\" data-end=\"150\">\n<p data-start=\"125\" data-end=\"150\">H\u1ec7 th\u1ed1ng s\u01b0\u1edfi n\u01b0\u1edbc n\u00f3ng<\/p>\n<\/li>\n<li data-start=\"151\" data-end=\"182\">\n<p data-start=\"153\" data-end=\"182\">H\u1ec7 th\u1ed1ng \u0111i\u1ec1u h\u00f2a kh\u00f4ng kh\u00ed<\/p>\n<\/li>\n<li data-start=\"183\" data-end=\"209\">\n<p data-start=\"185\" data-end=\"209\">H\u1ec7 th\u1ed1ng thu h\u1ed3i nhi\u1ec7t<\/p>\n<\/li>\n<\/ul>\n<p data-start=\"243\" data-end=\"265\"><strong data-start=\"243\" data-end=\"263\">D\u1eef li\u1ec7u k\u1ef9 thu\u1eadt<\/strong><\/p>\n<ul data-start=\"266\" data-end=\"440\">\n<li data-start=\"266\" data-end=\"330\">\n<p data-start=\"268\" data-end=\"330\"><strong data-start=\"268\" data-end=\"309\">\u00c1p su\u1ea5t danh ngh\u0129a c\u1ee7a th\u00e2n th\u1ee7y l\u1ef1c:<\/strong> PN 6, PN 10, PN 16<\/p>\n<\/li>\n<li data-start=\"331\" data-end=\"383\">\n<p data-start=\"333\" data-end=\"383\"><strong data-start=\"333\" data-end=\"374\">K\u00edch th\u01b0\u1edbc danh ngh\u0129a l\u1edbn nh\u1ea5t (TSG):<\/strong> DN 200<\/p>\n<\/li>\n<li data-start=\"384\" data-end=\"440\">\n<p data-start=\"386\" data-end=\"440\"><strong data-start=\"386\" data-end=\"431\">Nhi\u1ec7t \u0111\u1ed9 ch\u1ea5t l\u1ecfng cho ph\u00e9p t\u1ed1i \u0111a (TSG):<\/strong> 120 \u00b0C<\/p>\n<\/li>\n<\/ul>","protected":false},"featured_media":2189,"comment_status":"open","ping_status":"closed","template":"","meta":{"_acf_changed":false,"inline_featured_image":false},"thuong-hieu":[93],"product_brand":[],"product_cat":[16,18],"product_tag":[430],"class_list":{"0":"post-2188","1":"product","2":"type-product","3":"status-publish","4":"has-post-thumbnail","6":"thuong-hieu-ksb","7":"product_cat-van-cong-nghiep","8":"product_cat-van-cau","9":"product_tag-van-cau-boa-cve-c-cs-w-ims-ekb-ims-ekb","11":"first","12":"instock","13":"shipping-taxable","14":"product-type-simple"},"acf":[],"_links":{"self":[{"href":"https:\/\/sieuthivan.vn\/en\/wp-json\/wp\/v2\/product\/2188","targetHints":{"allow":["GET"]}}],"collection":[{"href":"https:\/\/sieuthivan.vn\/en\/wp-json\/wp\/v2\/product"}],"about":[{"href":"https:\/\/sieuthivan.vn\/en\/wp-json\/wp\/v2\/types\/product"}],"replies":[{"embeddable":true,"href":"https:\/\/sieuthivan.vn\/en\/wp-json\/wp\/v2\/comments?post=2188"}],"wp:featuredmedia":[{"embeddable":true,"href":"https:\/\/sieuthivan.vn\/en\/wp-json\/wp\/v2\/media\/2189"}],"wp:attachment":[{"href":"https:\/\/sieuthivan.vn\/en\/wp-json\/wp\/v2\/media?parent=2188"}],"wp:term":[{"taxonomy":"thuong-hieu","embeddable":true,"href":"https:\/\/sieuthivan.vn\/en\/wp-json\/wp\/v2\/thuong-hieu?post=2188"},{"taxonomy":"product_brand","embeddable":true,"href":"https:\/\/sieuthivan.vn\/en\/wp-json\/wp\/v2\/product_brand?post=2188"},{"taxonomy":"product_cat","embeddable":true,"href":"https:\/\/sieuthivan.vn\/en\/wp-json\/wp\/v2\/product_cat?post=2188"},{"taxonomy":"product_tag","embeddable":true,"href":"https:\/\/sieuthivan.vn\/en\/wp-json\/wp\/v2\/product_tag?post=2188"}],"curies":[{"name":"wp","href":"https:\/\/api.w.org\/{rel}","templated":true}]}}