{"id":2186,"date":"2025-05-22T10:20:06","date_gmt":"2025-05-22T03:20:06","guid":{"rendered":"https:\/\/sieuthivan.vn\/?post_type=product&#038;p=2186"},"modified":"2025-05-29T14:38:22","modified_gmt":"2025-05-29T07:38:22","slug":"van-cau-boa-control-boa-control-ims","status":"publish","type":"product","link":"https:\/\/sieuthivan.vn\/en\/product\/van-cau-boa-control-boa-control-ims\/","title":{"rendered":"Van c\u1ea7u BOA-Control\/BOA-Control IMS"},"content":{"rendered":"<p>Van c\u00e2n b\u1eb1ng, \u0111o l\u01b0\u1eddng v\u00e0 ng\u1eaft v\u1edbi \u0111\u1ea7u b\u00edch theo ti\u00eau chu\u1ea9n DIN\/EN, \u0111\u1ed9 ch\u00ednh x\u00e1c \u0111o l\u01b0\u1eddng kh\u00f4ng \u0111\u1ed5i, kh\u00f4ng ph\u1ee5 thu\u1ed9c v\u00e0o ch\u00eanh l\u1ec7ch \u00e1p su\u1ea5t. Th\u00e2n c\u00f3 chi\u1ec1u d\u00e0i \u0111\u1ed1i di\u1ec7n ti\u00eau chu\u1ea9n theo ti\u00eau chu\u1ea9n EN 558\/1, n\u00fat ti\u1ebft l\u01b0u, ch\u1ec9 b\u00e1o v\u1ecb tr\u00ed theo t\u1ef7 l\u1ec7, ch\u1eb7n h\u00e0nh tr\u00ecnh v\u00e0 n\u1eafp c\u00e1ch \u0111i\u1ec7n c\u00f3 t\u00ednh n\u0103ng ch\u1ed1ng ng\u01b0ng t\u1ee5; c\u00f3 th\u1ec3 c\u00e1ch \u0111i\u1ec7n ho\u00e0n to\u00e0n, kh\u00f4ng c\u1ea7n b\u1ea3o d\u01b0\u1ee1ng. C\u0169ng c\u00f3 s\u1eb5n v\u1edbi l\u1edbp ph\u1ee7 nh\u1ef1a t\u0129nh \u0111i\u1ec7n (EKB) v\u00e0 \u0111\u01b0\u1ee3c ch\u1ee9ng nh\u1eadn DVGW cho n\u01b0\u1edbc u\u1ed1ng. V\u1edbi c\u00e1c c\u1ea3m bi\u1ebfn si\u00eau \u00e2m t\u00edch h\u1ee3p kh\u00f4ng ti\u1ebfp x\u00fac v\u1edbi ch\u1ea5t l\u1ecfng \u0111\u01b0\u1ee3c x\u1eed l\u00fd. Gi\u00e1m s\u00e1t c\u1ed1 \u0111\u1ecbnh b\u1eb1ng BOATRONIC 100 MOD (24 V AC\/DC, Modbus) v\u1ec1 h\u01b0\u1edbng d\u00f2ng ch\u1ea3y, l\u01b0u l\u01b0\u1ee3ng th\u1ec3 t\u00edch v\u00e0 nhi\u1ec7t \u0111\u1ed9, v\u00e0 t\u00f9y ch\u1ecdn ghi l\u1ea1i nhi\u1ec7t \u0111\u1ed9 cung c\u1ea5p v\u00e0 tr\u1edf v\u1ec1 c\u0169ng nh\u01b0 \u0111\u1ea7u ra nhi\u1ec7t v\u00e0 l\u01b0\u1ee3ng nhi\u1ec7t. \u0110o l\u01b0u l\u01b0\u1ee3ng di \u0111\u1ed9ng, l\u01b0u l\u01b0\u1ee3ng th\u1ec3 t\u00edch v\u00e0 nhi\u1ec7t \u0111\u1ed9 b\u1eb1ng m\u00e1y t\u00ednh \u0111o l\u01b0\u1eddng BOATRONIC MS (ch\u1ea1y b\u1eb1ng pin) \/ BOATRONIC 100 (ch\u1ea1y b\u1eb1ng pin s\u1ea1c).<\/p>\n<p data-start=\"60\" data-end=\"87\"><strong data-start=\"60\" data-end=\"87\">Hi\u1ec3n th\u1ecb t\u1ea5t c\u1ea3 l\u1ee3i \u00edch<\/strong><\/p>\n<p data-start=\"89\" data-end=\"105\"><strong data-start=\"89\" data-end=\"103\">Ch\u1ee9ng nh\u1eadn<\/strong><\/p>\n<ul data-start=\"106\" data-end=\"229\">\n<li data-start=\"106\" data-end=\"149\">\n<p data-start=\"108\" data-end=\"149\"><strong data-start=\"108\" data-end=\"126\">M\u00e3 ch\u1ee9ng nh\u1eadn:<\/strong> B05B_22307435275-1_1<\/p>\n<\/li>\n<li data-start=\"150\" data-end=\"207\">\n<p data-start=\"152\" data-end=\"207\"><strong data-start=\"152\" data-end=\"205\">\u0110\u01b0\u1ee3c ph\u00ea duy\u1ec7t theo quy \u0111\u1ecbnh v\u1ec1 n\u01b0\u1edbc u\u1ed1ng c\u1ee7a \u0110\u1ee9c<\/strong><\/p>\n<\/li>\n<li data-start=\"208\" data-end=\"229\">\n<p data-start=\"210\" data-end=\"229\"><strong data-start=\"210\" data-end=\"223\">Qu\u1ed1c gia:<\/strong> \u0110\u1ee9c<\/p>\n<\/li>\n<\/ul>\n<p data-start=\"231\" data-end=\"253\"><strong data-start=\"231\" data-end=\"251\">D\u1eef li\u1ec7u k\u1ef9 thu\u1eadt<\/strong><\/p>\n<ul data-start=\"254\" data-end=\"812\">\n<li data-start=\"254\" data-end=\"312\">\n<p data-start=\"256\" data-end=\"312\"><strong data-start=\"256\" data-end=\"282\">Ch\u1ee9c n\u0103ng c\u1ee7a b\u1ed9 ph\u1eadn:<\/strong> Ng\u1eaft \/ \u0111i\u1ec1u khi\u1ec3n d\u00f2ng ch\u1ea3y<\/p>\n<\/li>\n<li data-start=\"313\" data-end=\"351\">\n<p data-start=\"315\" data-end=\"351\"><strong data-start=\"315\" data-end=\"340\">Lo\u1ea1i k\u1ebft n\u1ed1i \u0111\u1ea7u v\u00e0o:<\/strong> M\u1eb7t b\u00edch<\/p>\n<\/li>\n<li data-start=\"352\" data-end=\"445\">\n<p data-start=\"354\" data-end=\"398\"><strong data-start=\"354\" data-end=\"396\">Nguy\u00ean l\u00fd thi\u1ebft k\u1ebf c\u01a1 c\u1ea5u truy\u1ec1n \u0111\u1ed9ng:<\/strong><\/p>\n<ul data-start=\"401\" data-end=\"445\">\n<li data-start=\"401\" data-end=\"427\">\n<p data-start=\"403\" data-end=\"427\">C\u00f3 b\u1ed9 truy\u1ec1n \u0111\u1ed9ng \u0111i\u1ec7n<\/p>\n<\/li>\n<li data-start=\"430\" data-end=\"445\">\n<p data-start=\"432\" data-end=\"445\">C\u00f3 tay quay<\/p>\n<\/li>\n<\/ul>\n<\/li>\n<li data-start=\"446\" data-end=\"538\">\n<p data-start=\"448\" data-end=\"477\"><strong data-start=\"448\" data-end=\"475\">V\u1eadt li\u1ec7u th\u00e2n th\u1ee7y l\u1ef1c:<\/strong><\/p>\n<ul data-start=\"480\" data-end=\"538\">\n<li data-start=\"480\" data-end=\"494\">\n<p data-start=\"482\" data-end=\"494\">EN-GJL-250<\/p>\n<\/li>\n<li data-start=\"497\" data-end=\"517\">\n<p data-start=\"499\" data-end=\"517\">EN-GJS-400-18-LT<\/p>\n<\/li>\n<li data-start=\"520\" data-end=\"538\">\n<p data-start=\"522\" data-end=\"538\">EN-GJL-250-EKB<\/p>\n<\/li>\n<\/ul>\n<\/li>\n<li data-start=\"539\" data-end=\"590\">\n<p data-start=\"541\" data-end=\"590\"><strong data-start=\"541\" data-end=\"582\">\u00c1p su\u1ea5t danh ngh\u0129a c\u1ee7a th\u00e2n th\u1ee7y l\u1ef1c:<\/strong> PN 16<\/p>\n<\/li>\n<li data-start=\"591\" data-end=\"643\">\n<p data-start=\"593\" data-end=\"643\"><strong data-start=\"593\" data-end=\"634\">K\u00edch th\u01b0\u1edbc danh ngh\u0129a l\u1edbn nh\u1ea5t (TSG):<\/strong> DN 350<\/p>\n<\/li>\n<li data-start=\"644\" data-end=\"695\">\n<p data-start=\"646\" data-end=\"695\"><strong data-start=\"646\" data-end=\"687\">K\u00edch th\u01b0\u1edbc danh ngh\u0129a nh\u1ecf nh\u1ea5t (TSG):<\/strong> DN 15<\/p>\n<\/li>\n<li data-start=\"696\" data-end=\"752\">\n<p data-start=\"698\" data-end=\"752\"><strong data-start=\"698\" data-end=\"743\">Nhi\u1ec7t \u0111\u1ed9 ch\u1ea5t l\u1ecfng cho ph\u00e9p t\u1ed1i \u0111a (TSG):<\/strong> 120 \u00b0C<\/p>\n<\/li>\n<li data-start=\"753\" data-end=\"812\">\n<p data-start=\"755\" data-end=\"812\"><strong data-start=\"755\" data-end=\"803\">Nhi\u1ec7t \u0111\u1ed9 ch\u1ea5t l\u1ecfng cho ph\u00e9p t\u1ed1i thi\u1ec3u (TSG):<\/strong> -10 \u00b0C<\/p>\n<\/li>\n<\/ul>","protected":false},"excerpt":{"rendered":"<p data-start=\"60\" data-end=\"80\"><strong data-start=\"60\" data-end=\"78\">\u1ee8ng d\u1ee5ng ch\u00ednh<\/strong><\/p>\n<ul data-start=\"81\" data-end=\"198\">\n<li data-start=\"81\" data-end=\"108\">\n<p data-start=\"83\" data-end=\"108\">H\u1ec7 th\u1ed1ng s\u01b0\u1edfi n\u01b0\u1edbc n\u00f3ng<\/p>\n<\/li>\n<li data-start=\"109\" data-end=\"140\">\n<p data-start=\"111\" data-end=\"140\">H\u1ec7 th\u1ed1ng \u0111i\u1ec1u h\u00f2a kh\u00f4ng kh\u00ed<\/p>\n<\/li>\n<li data-start=\"141\" data-end=\"157\">\n<p data-start=\"143\" data-end=\"157\">M\u1ea1ch l\u00e0m m\u00e1t<\/p>\n<\/li>\n<li data-start=\"158\" data-end=\"198\">\n<p data-start=\"160\" data-end=\"198\">H\u1ec7 th\u1ed1ng s\u01b0\u1edfi c\u1ee5c b\u1ed9 v\u00e0 s\u01b0\u1edfi khu v\u1ef1c<\/p>\n<\/li>\n<\/ul>\n<p data-start=\"200\" data-end=\"230\"><em data-start=\"200\" data-end=\"230\">Hi\u1ec3n th\u1ecb t\u1ea5t c\u1ea3 c\u00e1c \u1ee9ng d\u1ee5ng<\/em><\/p>\n<p data-start=\"232\" data-end=\"254\"><strong data-start=\"232\" data-end=\"252\">D\u1eef li\u1ec7u k\u1ef9 thu\u1eadt<\/strong><\/p>\n<ul data-start=\"255\" data-end=\"416\">\n<li data-start=\"255\" data-end=\"306\">\n<p data-start=\"257\" data-end=\"306\"><strong data-start=\"257\" data-end=\"298\">\u00c1p su\u1ea5t danh ngh\u0129a c\u1ee7a th\u00e2n th\u1ee7y l\u1ef1c:<\/strong> PN 16<\/p>\n<\/li>\n<li data-start=\"307\" data-end=\"359\">\n<p data-start=\"309\" data-end=\"359\"><strong data-start=\"309\" data-end=\"350\">K\u00edch th\u01b0\u1edbc danh ngh\u0129a l\u1edbn nh\u1ea5t (TSG):<\/strong> DN 350<\/p>\n<\/li>\n<li data-start=\"360\" data-end=\"416\">\n<p data-start=\"362\" data-end=\"416\"><strong data-start=\"362\" data-end=\"407\">Nhi\u1ec7t \u0111\u1ed9 ch\u1ea5t l\u1ecfng cho ph\u00e9p t\u1ed1i \u0111a (TSG):<\/strong> 120 \u00b0C<\/p>\n<\/li>\n<\/ul>","protected":false},"featured_media":2187,"comment_status":"open","ping_status":"closed","template":"","meta":{"_acf_changed":false,"inline_featured_image":false},"thuong-hieu":[93],"product_brand":[],"product_cat":[16,18],"product_tag":[429],"class_list":{"0":"post-2186","1":"product","2":"type-product","3":"status-publish","4":"has-post-thumbnail","6":"thuong-hieu-ksb","7":"product_cat-van-cong-nghiep","8":"product_cat-van-cau","9":"product_tag-van-cau-boa-control-boa-control-ims","11":"first","12":"instock","13":"shipping-taxable","14":"product-type-simple"},"acf":[],"_links":{"self":[{"href":"https:\/\/sieuthivan.vn\/en\/wp-json\/wp\/v2\/product\/2186","targetHints":{"allow":["GET"]}}],"collection":[{"href":"https:\/\/sieuthivan.vn\/en\/wp-json\/wp\/v2\/product"}],"about":[{"href":"https:\/\/sieuthivan.vn\/en\/wp-json\/wp\/v2\/types\/product"}],"replies":[{"embeddable":true,"href":"https:\/\/sieuthivan.vn\/en\/wp-json\/wp\/v2\/comments?post=2186"}],"wp:featuredmedia":[{"embeddable":true,"href":"https:\/\/sieuthivan.vn\/en\/wp-json\/wp\/v2\/media\/2187"}],"wp:attachment":[{"href":"https:\/\/sieuthivan.vn\/en\/wp-json\/wp\/v2\/media?parent=2186"}],"wp:term":[{"taxonomy":"thuong-hieu","embeddable":true,"href":"https:\/\/sieuthivan.vn\/en\/wp-json\/wp\/v2\/thuong-hieu?post=2186"},{"taxonomy":"product_brand","embeddable":true,"href":"https:\/\/sieuthivan.vn\/en\/wp-json\/wp\/v2\/product_brand?post=2186"},{"taxonomy":"product_cat","embeddable":true,"href":"https:\/\/sieuthivan.vn\/en\/wp-json\/wp\/v2\/product_cat?post=2186"},{"taxonomy":"product_tag","embeddable":true,"href":"https:\/\/sieuthivan.vn\/en\/wp-json\/wp\/v2\/product_tag?post=2186"}],"curies":[{"name":"wp","href":"https:\/\/api.w.org\/{rel}","templated":true}]}}