{"id":2184,"date":"2025-05-22T10:01:09","date_gmt":"2025-05-22T03:01:09","guid":{"rendered":"https:\/\/sieuthivan.vn\/?post_type=product&#038;p=2184"},"modified":"2025-05-29T14:32:54","modified_gmt":"2025-05-29T07:32:54","slug":"van-cau-boa-control-sbv","status":"publish","type":"product","link":"https:\/\/sieuthivan.vn\/en\/product\/van-cau-boa-control-sbv\/","title":{"rendered":"Van c\u1ea7u BOA-Control SBV"},"content":{"rendered":"<p>Van c\u00e2n b\u1eb1ng v\u00e0 \u0111o l\u01b0\u1eddng kh\u00f4ng c\u1ea7n b\u1ea3o d\u01b0\u1ee1ng v\u1edbi \u0111\u1ea7u ren c\u00e1i, ki\u1ec3u ch\u1eef Y, c\u00e0i \u0111\u1eb7t tr\u01b0\u1edbc li\u00ean t\u1ee5c, v\u1edbi ch\u1ec9 b\u00e1o v\u1ecb tr\u00ed c\u00f3 th\u1ec3 \u0111\u1ecdc \u0111\u01b0\u1ee3c t\u1eeb m\u1ecdi g\u00f3c \u0111\u1ed9 (360\u00b0). Bao g\u1ed3m \u0111i\u1ec3m d\u1eebng di chuy\u1ec3n v\u00e0 2 c\u1ed5ng \u0111o v\u1edbi l\u1ed7 \u0111o c\u1ed1 \u0111\u1ecbnh (dung sai +\/- 5%) \u0111\u1ec3 \u0111o \u00e1p su\u1ea5t, ch\u00eanh l\u1ec7ch \u00e1p su\u1ea5t v\u00e0 l\u01b0u l\u01b0\u1ee3ng. Y\u00eau c\u1ea7u kh\u00f4ng gian t\u1ed1i thi\u1ec3u nh\u1edd tay quay kh\u00f4ng n\u00e2ng l\u00ean v\u00e0 t\u1ea5t c\u1ea3 c\u00e1c b\u1ed9 ph\u1eadn ch\u1ee9c n\u0103ng \u0111\u01b0\u1ee3c \u0111\u1ecbnh v\u1ecb \u1edf c\u00f9ng m\u1ed9t b\u00ean v\u1edbi tay quay.<\/p>\n<p data-start=\"60\" data-end=\"82\"><strong data-start=\"60\" data-end=\"80\">D\u1eef li\u1ec7u k\u1ef9 thu\u1eadt<\/strong><\/p>\n<ul data-start=\"83\" data-end=\"560\">\n<li data-start=\"83\" data-end=\"141\">\n<p data-start=\"85\" data-end=\"141\"><strong data-start=\"85\" data-end=\"111\">Ch\u1ee9c n\u0103ng c\u1ee7a b\u1ed9 ph\u1eadn:<\/strong> Ng\u1eaft \/ \u0111i\u1ec1u khi\u1ec3n d\u00f2ng ch\u1ea3y<\/p>\n<\/li>\n<li data-start=\"142\" data-end=\"189\">\n<p data-start=\"144\" data-end=\"189\"><strong data-start=\"144\" data-end=\"169\">Lo\u1ea1i k\u1ebft n\u1ed1i \u0111\u1ea7u v\u00e0o:<\/strong> K\u1ebft n\u1ed1i ren trong<\/p>\n<\/li>\n<li data-start=\"190\" data-end=\"248\">\n<p data-start=\"192\" data-end=\"248\"><strong data-start=\"192\" data-end=\"234\">Nguy\u00ean l\u00fd thi\u1ebft k\u1ebf c\u01a1 c\u1ea5u truy\u1ec1n \u0111\u1ed9ng:<\/strong> C\u00f3 tay quay<\/p>\n<\/li>\n<li data-start=\"249\" data-end=\"287\">\n<p data-start=\"251\" data-end=\"287\"><strong data-start=\"251\" data-end=\"278\">V\u1eadt li\u1ec7u th\u00e2n th\u1ee7y l\u1ef1c:<\/strong> CW602N<\/p>\n<\/li>\n<li data-start=\"288\" data-end=\"339\">\n<p data-start=\"290\" data-end=\"339\"><strong data-start=\"290\" data-end=\"331\">\u00c1p su\u1ea5t danh ngh\u0129a c\u1ee7a th\u00e2n th\u1ee7y l\u1ef1c:<\/strong> PN 25<\/p>\n<\/li>\n<li data-start=\"340\" data-end=\"391\">\n<p data-start=\"342\" data-end=\"391\"><strong data-start=\"342\" data-end=\"383\">K\u00edch th\u01b0\u1edbc danh ngh\u0129a l\u1edbn nh\u1ea5t (TSG):<\/strong> DN 50<\/p>\n<\/li>\n<li data-start=\"392\" data-end=\"443\">\n<p data-start=\"394\" data-end=\"443\"><strong data-start=\"394\" data-end=\"435\">K\u00edch th\u01b0\u1edbc danh ngh\u0129a nh\u1ecf nh\u1ea5t (TSG):<\/strong> DN 15<\/p>\n<\/li>\n<li data-start=\"444\" data-end=\"500\">\n<p data-start=\"446\" data-end=\"500\"><strong data-start=\"446\" data-end=\"491\">Nhi\u1ec7t \u0111\u1ed9 ch\u1ea5t l\u1ecfng cho ph\u00e9p t\u1ed1i \u0111a (TSG):<\/strong> 120 \u00b0C<\/p>\n<\/li>\n<li data-start=\"501\" data-end=\"560\">\n<p data-start=\"503\" data-end=\"560\"><strong data-start=\"503\" data-end=\"551\">Nhi\u1ec7t \u0111\u1ed9 ch\u1ea5t l\u1ecfng cho ph\u00e9p t\u1ed1i thi\u1ec3u (TSG):<\/strong> -10 \u00b0C<\/p>\n<\/li>\n<\/ul>","protected":false},"excerpt":{"rendered":"<p data-start=\"60\" data-end=\"80\"><strong data-start=\"60\" data-end=\"78\">\u1ee8ng d\u1ee5ng ch\u00ednh<\/strong><\/p>\n<ul data-start=\"81\" data-end=\"157\">\n<li data-start=\"81\" data-end=\"108\">\n<p data-start=\"83\" data-end=\"108\">H\u1ec7 th\u1ed1ng s\u01b0\u1edfi n\u01b0\u1edbc n\u00f3ng<\/p>\n<\/li>\n<li data-start=\"109\" data-end=\"140\">\n<p data-start=\"111\" data-end=\"140\">H\u1ec7 th\u1ed1ng \u0111i\u1ec1u h\u00f2a kh\u00f4ng kh\u00ed<\/p>\n<\/li>\n<li data-start=\"141\" data-end=\"157\">\n<p data-start=\"143\" data-end=\"157\">M\u1ea1ch l\u00e0m m\u00e1t<\/p>\n<\/li>\n<\/ul>\n<p data-start=\"159\" data-end=\"181\"><strong data-start=\"159\" data-end=\"179\">D\u1eef li\u1ec7u k\u1ef9 thu\u1eadt<\/strong><\/p>\n<ul data-start=\"182\" data-end=\"342\">\n<li data-start=\"182\" data-end=\"233\">\n<p data-start=\"184\" data-end=\"233\"><strong data-start=\"184\" data-end=\"225\">\u00c1p su\u1ea5t danh ngh\u0129a c\u1ee7a th\u00e2n th\u1ee7y l\u1ef1c:<\/strong> PN 25<\/p>\n<\/li>\n<li data-start=\"234\" data-end=\"285\">\n<p data-start=\"236\" data-end=\"285\"><strong data-start=\"236\" data-end=\"277\">K\u00edch th\u01b0\u1edbc danh ngh\u0129a l\u1edbn nh\u1ea5t (TSG):<\/strong> DN 50<\/p>\n<\/li>\n<li data-start=\"286\" data-end=\"342\">\n<p data-start=\"288\" data-end=\"342\"><strong data-start=\"288\" data-end=\"333\">Nhi\u1ec7t \u0111\u1ed9 ch\u1ea5t l\u1ecfng cho ph\u00e9p t\u1ed1i \u0111a (TSG):<\/strong> 120 \u00b0C<\/p>\n<\/li>\n<\/ul>","protected":false},"featured_media":2185,"comment_status":"open","ping_status":"closed","template":"","meta":{"_acf_changed":false,"inline_featured_image":false},"thuong-hieu":[93],"product_brand":[],"product_cat":[16,18],"product_tag":[428],"class_list":{"0":"post-2184","1":"product","2":"type-product","3":"status-publish","4":"has-post-thumbnail","6":"thuong-hieu-ksb","7":"product_cat-van-cong-nghiep","8":"product_cat-van-cau","9":"product_tag-van-cau-boa-control-sbv","11":"first","12":"instock","13":"shipping-taxable","14":"product-type-simple"},"acf":[],"_links":{"self":[{"href":"https:\/\/sieuthivan.vn\/en\/wp-json\/wp\/v2\/product\/2184","targetHints":{"allow":["GET"]}}],"collection":[{"href":"https:\/\/sieuthivan.vn\/en\/wp-json\/wp\/v2\/product"}],"about":[{"href":"https:\/\/sieuthivan.vn\/en\/wp-json\/wp\/v2\/types\/product"}],"replies":[{"embeddable":true,"href":"https:\/\/sieuthivan.vn\/en\/wp-json\/wp\/v2\/comments?post=2184"}],"wp:featuredmedia":[{"embeddable":true,"href":"https:\/\/sieuthivan.vn\/en\/wp-json\/wp\/v2\/media\/2185"}],"wp:attachment":[{"href":"https:\/\/sieuthivan.vn\/en\/wp-json\/wp\/v2\/media?parent=2184"}],"wp:term":[{"taxonomy":"thuong-hieu","embeddable":true,"href":"https:\/\/sieuthivan.vn\/en\/wp-json\/wp\/v2\/thuong-hieu?post=2184"},{"taxonomy":"product_brand","embeddable":true,"href":"https:\/\/sieuthivan.vn\/en\/wp-json\/wp\/v2\/product_brand?post=2184"},{"taxonomy":"product_cat","embeddable":true,"href":"https:\/\/sieuthivan.vn\/en\/wp-json\/wp\/v2\/product_cat?post=2184"},{"taxonomy":"product_tag","embeddable":true,"href":"https:\/\/sieuthivan.vn\/en\/wp-json\/wp\/v2\/product_tag?post=2184"}],"curies":[{"name":"wp","href":"https:\/\/api.w.org\/{rel}","templated":true}]}}