{"id":2182,"date":"2025-05-22T09:55:53","date_gmt":"2025-05-22T02:55:53","guid":{"rendered":"https:\/\/sieuthivan.vn\/?post_type=product&#038;p=2182"},"modified":"2025-05-29T14:29:19","modified_gmt":"2025-05-29T07:29:19","slug":"van-cau-boa-control-pic","status":"publish","type":"product","link":"https:\/\/sieuthivan.vn\/en\/product\/van-cau-boa-control-pic\/","title":{"rendered":"Van c\u1ea7u BOA-Control PIC"},"content":{"rendered":"<p>Van k\u1ebft h\u1ee3p kh\u00f4ng ph\u1ee5 thu\u1ed9c \u00e1p su\u1ea5t, bao g\u1ed3m b\u1ed9 \u0111i\u1ec1u khi\u1ec3n l\u01b0u l\u01b0\u1ee3ng c\u00f3 th\u1ec3 \u0111i\u1ec1u ch\u1ec9nh li\u00ean t\u1ee5c v\u00e0 van \u0111i\u1ec1u khi\u1ec3n \u0111\u1ec3 c\u00e2n b\u1eb1ng th\u1ee7y l\u1ef1c v\u00e0 ki\u1ec3m so\u00e1t l\u01b0u l\u01b0\u1ee3ng th\u1ec3 t\u00edch \u0111\u1ed9ng \u1edf m\u1ee9c van kh\u00f4ng \u0111\u1ed5i, v\u1edbi c\u00e1c \u0111\u1ea7u ren (DN 10-50) v\u00e0 c\u00e1c \u0111\u1ea7u b\u00edch (DN 65-150). \u0110i\u1ec1u ch\u1ec9nh li\u00ean t\u1ee5c \u0111i\u1ec3m \u0111\u1eb7t l\u01b0u l\u01b0\u1ee3ng th\u1ec3 t\u00edch tr\u1ef1c ti\u1ebfp t\u1ea1i van nh\u1edd thang \u0111o k\u1ef9 thu\u1eadt s\u1ed1, v\u1edbi ch\u1ee9c n\u0103ng kh\u00f3a c\u01a1 h\u1ecdc. V\u1edbi c\u00e1c c\u1ed5ng \u0111o \u0111\u1ec3 ki\u1ec3m tra \u00e1p su\u1ea5t v\u00e0 ch\u00eanh l\u1ec7ch \u00e1p su\u1ea5t t\u1ed1i thi\u1ec3u. C\u00f3 s\u1eb5n trong nhi\u1ec1u ph\u1ea1m vi \u0111i\u1ec1u khi\u1ec3n l\u01b0u l\u01b0\u1ee3ng th\u1ec3 t\u00edch (LF\/HF) t\u1eeb 43 \u0111\u1ebfn 8586 l\/h (van c\u00f3 \u0111\u1ea7u ren) v\u00e0 t\u1eeb 4,4 \u0111\u1ebfn 160 m\u00b3\/h (van c\u00f3 \u0111\u1ea7u b\u00edch). V\u1edbi t\u00f9y ch\u1ecdn l\u1eafp b\u1ed9 truy\u1ec1n \u0111\u1ed9ng (M 30 x 1,5) \u0111\u1ec3 \u0111i\u1ec1u khi\u1ec3n \u0111i\u1ec7n c\u1ee7a m\u1ed9t bi\u1ebfn s\u1ed1 b\u1ed5 sung nh\u01b0 nhi\u1ec7t \u0111\u1ed9 ph\u00f2ng b\u1eb1ng c\u00e1ch \u0111i\u1ec1u ch\u1ec9nh l\u01b0u l\u01b0\u1ee3ng th\u1ec3 t\u00edch.<\/p>\n<p data-start=\"60\" data-end=\"82\"><strong data-start=\"60\" data-end=\"80\">D\u1eef li\u1ec7u k\u1ef9 thu\u1eadt<\/strong><\/p>\n<ul data-start=\"83\" data-end=\"636\">\n<li data-start=\"83\" data-end=\"141\">\n<p data-start=\"85\" data-end=\"141\"><strong data-start=\"85\" data-end=\"111\">Ch\u1ee9c n\u0103ng c\u1ee7a b\u1ed9 ph\u1eadn:<\/strong> Ng\u1eaft \/ \u0111i\u1ec1u khi\u1ec3n d\u00f2ng ch\u1ea3y<\/p>\n<\/li>\n<li data-start=\"142\" data-end=\"234\">\n<p data-start=\"144\" data-end=\"171\"><strong data-start=\"144\" data-end=\"169\">Lo\u1ea1i k\u1ebft n\u1ed1i \u0111\u1ea7u v\u00e0o:<\/strong><\/p>\n<ul data-start=\"174\" data-end=\"234\">\n<li data-start=\"174\" data-end=\"195\">\n<p data-start=\"176\" data-end=\"195\">K\u1ebft n\u1ed1i ren ngo\u00e0i<\/p>\n<\/li>\n<li data-start=\"198\" data-end=\"219\">\n<p data-start=\"200\" data-end=\"219\">K\u1ebft n\u1ed1i ren trong<\/p>\n<\/li>\n<li data-start=\"222\" data-end=\"234\">\n<p data-start=\"224\" data-end=\"234\">M\u1eb7t b\u00edch<\/p>\n<\/li>\n<\/ul>\n<\/li>\n<li data-start=\"235\" data-end=\"293\">\n<p data-start=\"237\" data-end=\"293\"><strong data-start=\"237\" data-end=\"279\">Nguy\u00ean l\u00fd thi\u1ebft k\u1ebf c\u01a1 c\u1ea5u truy\u1ec1n \u0111\u1ed9ng:<\/strong> C\u00f3 tay quay<\/p>\n<\/li>\n<li data-start=\"294\" data-end=\"355\">\n<p data-start=\"296\" data-end=\"325\"><strong data-start=\"296\" data-end=\"323\">V\u1eadt li\u1ec7u th\u00e2n th\u1ee7y l\u1ef1c:<\/strong><\/p>\n<ul data-start=\"328\" data-end=\"355\">\n<li data-start=\"328\" data-end=\"342\">\n<p data-start=\"330\" data-end=\"342\">EN-GJL-250<\/p>\n<\/li>\n<li data-start=\"345\" data-end=\"355\">\n<p data-start=\"347\" data-end=\"355\">CW602N<\/p>\n<\/li>\n<\/ul>\n<\/li>\n<li data-start=\"356\" data-end=\"414\">\n<p data-start=\"358\" data-end=\"414\"><strong data-start=\"358\" data-end=\"399\">\u00c1p su\u1ea5t danh ngh\u0129a c\u1ee7a th\u00e2n th\u1ee7y l\u1ef1c:<\/strong> PN 16, PN 25<\/p>\n<\/li>\n<li data-start=\"415\" data-end=\"467\">\n<p data-start=\"417\" data-end=\"467\"><strong data-start=\"417\" data-end=\"458\">K\u00edch th\u01b0\u1edbc danh ngh\u0129a l\u1edbn nh\u1ea5t (TSG):<\/strong> DN 150<\/p>\n<\/li>\n<li data-start=\"468\" data-end=\"519\">\n<p data-start=\"470\" data-end=\"519\"><strong data-start=\"470\" data-end=\"511\">K\u00edch th\u01b0\u1edbc danh ngh\u0129a nh\u1ecf nh\u1ea5t (TSG):<\/strong> DN 10<\/p>\n<\/li>\n<li data-start=\"520\" data-end=\"576\">\n<p data-start=\"522\" data-end=\"576\"><strong data-start=\"522\" data-end=\"567\">Nhi\u1ec7t \u0111\u1ed9 ch\u1ea5t l\u1ecfng cho ph\u00e9p t\u1ed1i \u0111a (TSG):<\/strong> 120 \u00b0C<\/p>\n<\/li>\n<li data-start=\"577\" data-end=\"636\">\n<p data-start=\"579\" data-end=\"636\"><strong data-start=\"579\" data-end=\"627\">Nhi\u1ec7t \u0111\u1ed9 ch\u1ea5t l\u1ecfng cho ph\u00e9p t\u1ed1i thi\u1ec3u (TSG):<\/strong> -10 \u00b0C<\/p>\n<\/li>\n<\/ul>","protected":false},"excerpt":{"rendered":"<p data-start=\"60\" data-end=\"80\"><strong data-start=\"60\" data-end=\"78\">\u1ee8ng d\u1ee5ng ch\u00ednh<\/strong><\/p>\n<ul data-start=\"81\" data-end=\"157\">\n<li data-start=\"81\" data-end=\"108\">\n<p data-start=\"83\" data-end=\"108\">H\u1ec7 th\u1ed1ng s\u01b0\u1edfi n\u01b0\u1edbc n\u00f3ng<\/p>\n<\/li>\n<li data-start=\"109\" data-end=\"140\">\n<p data-start=\"111\" data-end=\"140\">H\u1ec7 th\u1ed1ng \u0111i\u1ec1u h\u00f2a kh\u00f4ng kh\u00ed<\/p>\n<\/li>\n<li data-start=\"141\" data-end=\"157\">\n<p data-start=\"143\" data-end=\"157\">M\u1ea1ch l\u00e0m m\u00e1t<\/p>\n<\/li>\n<\/ul>\n<p data-start=\"159\" data-end=\"181\"><strong data-start=\"159\" data-end=\"179\">D\u1eef li\u1ec7u k\u1ef9 thu\u1eadt<\/strong><\/p>\n<ul data-start=\"182\" data-end=\"350\">\n<li data-start=\"182\" data-end=\"240\">\n<p data-start=\"184\" data-end=\"240\"><strong data-start=\"184\" data-end=\"225\">\u00c1p su\u1ea5t danh ngh\u0129a c\u1ee7a th\u00e2n th\u1ee7y l\u1ef1c:<\/strong> PN 16, PN 25<\/p>\n<\/li>\n<li data-start=\"241\" data-end=\"293\">\n<p data-start=\"243\" data-end=\"293\"><strong data-start=\"243\" data-end=\"284\">K\u00edch th\u01b0\u1edbc danh ngh\u0129a l\u1edbn nh\u1ea5t (TSG):<\/strong> DN 150<\/p>\n<\/li>\n<li data-start=\"294\" data-end=\"350\">\n<p data-start=\"296\" data-end=\"350\"><strong data-start=\"296\" data-end=\"341\">Nhi\u1ec7t \u0111\u1ed9 ch\u1ea5t l\u1ecfng cho ph\u00e9p t\u1ed1i \u0111a (TSG):<\/strong> 120 \u00b0C<\/p>\n<\/li>\n<\/ul>","protected":false},"featured_media":2183,"comment_status":"open","ping_status":"closed","template":"","meta":{"_acf_changed":false,"inline_featured_image":false},"thuong-hieu":[93],"product_brand":[],"product_cat":[16,18],"product_tag":[427],"class_list":{"0":"post-2182","1":"product","2":"type-product","3":"status-publish","4":"has-post-thumbnail","6":"thuong-hieu-ksb","7":"product_cat-van-cong-nghiep","8":"product_cat-van-cau","9":"product_tag-van-cau-boa-control-pic","11":"first","12":"instock","13":"shipping-taxable","14":"product-type-simple"},"acf":[],"_links":{"self":[{"href":"https:\/\/sieuthivan.vn\/en\/wp-json\/wp\/v2\/product\/2182","targetHints":{"allow":["GET"]}}],"collection":[{"href":"https:\/\/sieuthivan.vn\/en\/wp-json\/wp\/v2\/product"}],"about":[{"href":"https:\/\/sieuthivan.vn\/en\/wp-json\/wp\/v2\/types\/product"}],"replies":[{"embeddable":true,"href":"https:\/\/sieuthivan.vn\/en\/wp-json\/wp\/v2\/comments?post=2182"}],"wp:featuredmedia":[{"embeddable":true,"href":"https:\/\/sieuthivan.vn\/en\/wp-json\/wp\/v2\/media\/2183"}],"wp:attachment":[{"href":"https:\/\/sieuthivan.vn\/en\/wp-json\/wp\/v2\/media?parent=2182"}],"wp:term":[{"taxonomy":"thuong-hieu","embeddable":true,"href":"https:\/\/sieuthivan.vn\/en\/wp-json\/wp\/v2\/thuong-hieu?post=2182"},{"taxonomy":"product_brand","embeddable":true,"href":"https:\/\/sieuthivan.vn\/en\/wp-json\/wp\/v2\/product_brand?post=2182"},{"taxonomy":"product_cat","embeddable":true,"href":"https:\/\/sieuthivan.vn\/en\/wp-json\/wp\/v2\/product_cat?post=2182"},{"taxonomy":"product_tag","embeddable":true,"href":"https:\/\/sieuthivan.vn\/en\/wp-json\/wp\/v2\/product_tag?post=2182"}],"curies":[{"name":"wp","href":"https:\/\/api.w.org\/{rel}","templated":true}]}}