{"id":2180,"date":"2025-05-22T09:44:57","date_gmt":"2025-05-22T02:44:57","guid":{"rendered":"https:\/\/sieuthivan.vn\/?post_type=product&#038;p=2180"},"modified":"2025-05-29T14:22:32","modified_gmt":"2025-05-29T07:22:32","slug":"van-cau-boa-control-dpr","status":"publish","type":"product","link":"https:\/\/sieuthivan.vn\/en\/product\/van-cau-boa-control-dpr\/","title":{"rendered":"Van c\u1ea7u BOA-Control DPR"},"content":{"rendered":"<p>Van \u0111i\u1ec1u khi\u1ec3n ch\u00eanh l\u1ec7ch \u00e1p su\u1ea5t \/ van \u0111i\u1ec1u khi\u1ec3n t\u1ef7 l\u1ec7 \u0111\u1ec3 ki\u1ec3m so\u00e1t li\u00ean t\u1ee5c \u0111i\u1ec3m \u0111\u1eb7t ch\u00eanh l\u1ec7ch \u00e1p su\u1ea5t c\u00f3 th\u1ec3 \u0111i\u1ec1u ch\u1ec9nh m\u00e0 kh\u00f4ng c\u1ea7n n\u0103ng l\u01b0\u1ee3ng ph\u1ee5 tr\u1ee3, v\u1edbi c\u00e1c \u0111\u1ea7u ren (DN 15 &#8211; 50) ho\u1eb7c c\u00e1c \u0111\u1ea7u b\u00edch (DN 65 &#8211; 100). \u0110i\u1ec3m \u0111\u1eb7t c\u00f3 th\u1ec3 \u0111\u01b0\u1ee3c \u0111i\u1ec1u ch\u1ec9nh li\u00ean t\u1ee5c v\u00e0 \u0111\u1ecdc t\u1eeb b\u00ean ngo\u00e0i b\u1ea5t c\u1ee9 l\u00fac n\u00e0o. Van t\u1ef1 \u0111\u1ed9ng \u0111\u00f3ng khi \u00e1p su\u1ea5t t\u0103ng. Bao g\u1ed3m c\u00e1c c\u1ed5ng \u0111o nhanh \u0111\u1ec3 \u0111o t\u1ed5n th\u1ea5t \u00e1p su\u1ea5t. C\u00f3 s\u1eb5n trong nhi\u1ec1u ph\u1ea1m vi ki\u1ec3m so\u00e1t \u00e1p su\u1ea5t (LP\/HP) t\u1eeb 5 \u0111\u1ebfn 80 kPa (c\u00e1c \u0111\u1ea7u ren) v\u00e0 t\u1eeb 80 \u0111\u1ebfn 160 kPa (c\u00e1c \u0111\u1ea7u b\u00edch).<\/p>\n<p data-start=\"60\" data-end=\"82\"><strong data-start=\"60\" data-end=\"80\">D\u1eef li\u1ec7u k\u1ef9 thu\u1eadt<\/strong><\/p>\n<ul data-start=\"83\" data-end=\"612\">\n<li data-start=\"83\" data-end=\"141\">\n<p data-start=\"85\" data-end=\"141\"><strong data-start=\"85\" data-end=\"111\">Ch\u1ee9c n\u0103ng c\u1ee7a b\u1ed9 ph\u1eadn:<\/strong> Ng\u1eaft \/ \u0111i\u1ec1u khi\u1ec3n d\u00f2ng ch\u1ea3y<\/p>\n<\/li>\n<li data-start=\"142\" data-end=\"210\">\n<p data-start=\"144\" data-end=\"171\"><strong data-start=\"144\" data-end=\"169\">Lo\u1ea1i k\u1ebft n\u1ed1i \u0111\u1ea7u v\u00e0o:<\/strong><\/p>\n<ul data-start=\"174\" data-end=\"210\">\n<li data-start=\"174\" data-end=\"195\">\n<p data-start=\"176\" data-end=\"195\">K\u1ebft n\u1ed1i ren trong<\/p>\n<\/li>\n<li data-start=\"198\" data-end=\"210\">\n<p data-start=\"200\" data-end=\"210\">M\u1eb7t b\u00edch<\/p>\n<\/li>\n<\/ul>\n<\/li>\n<li data-start=\"211\" data-end=\"269\">\n<p data-start=\"213\" data-end=\"269\"><strong data-start=\"213\" data-end=\"255\">Nguy\u00ean l\u00fd thi\u1ebft k\u1ebf c\u01a1 c\u1ea5u truy\u1ec1n \u0111\u1ed9ng:<\/strong> C\u00f3 tay quay<\/p>\n<\/li>\n<li data-start=\"270\" data-end=\"331\">\n<p data-start=\"272\" data-end=\"301\"><strong data-start=\"272\" data-end=\"299\">V\u1eadt li\u1ec7u th\u00e2n th\u1ee7y l\u1ef1c:<\/strong><\/p>\n<ul data-start=\"304\" data-end=\"331\">\n<li data-start=\"304\" data-end=\"318\">\n<p data-start=\"306\" data-end=\"318\">EN-GJL-250<\/p>\n<\/li>\n<li data-start=\"321\" data-end=\"331\">\n<p data-start=\"323\" data-end=\"331\">CW602N<\/p>\n<\/li>\n<\/ul>\n<\/li>\n<li data-start=\"332\" data-end=\"390\">\n<p data-start=\"334\" data-end=\"390\"><strong data-start=\"334\" data-end=\"375\">\u00c1p su\u1ea5t danh ngh\u0129a c\u1ee7a th\u00e2n th\u1ee7y l\u1ef1c:<\/strong> PN 16, PN 25<\/p>\n<\/li>\n<li data-start=\"391\" data-end=\"443\">\n<p data-start=\"393\" data-end=\"443\"><strong data-start=\"393\" data-end=\"434\">K\u00edch th\u01b0\u1edbc danh ngh\u0129a l\u1edbn nh\u1ea5t (TSG):<\/strong> DN 100<\/p>\n<\/li>\n<li data-start=\"444\" data-end=\"495\">\n<p data-start=\"446\" data-end=\"495\"><strong data-start=\"446\" data-end=\"487\">K\u00edch th\u01b0\u1edbc danh ngh\u0129a nh\u1ecf nh\u1ea5t (TSG):<\/strong> DN 15<\/p>\n<\/li>\n<li data-start=\"496\" data-end=\"552\">\n<p data-start=\"498\" data-end=\"552\"><strong data-start=\"498\" data-end=\"543\">Nhi\u1ec7t \u0111\u1ed9 ch\u1ea5t l\u1ecfng cho ph\u00e9p t\u1ed1i \u0111a (TSG):<\/strong> 120 \u00b0C<\/p>\n<\/li>\n<li data-start=\"553\" data-end=\"612\">\n<p data-start=\"555\" data-end=\"612\"><strong data-start=\"555\" data-end=\"603\">Nhi\u1ec7t \u0111\u1ed9 ch\u1ea5t l\u1ecfng cho ph\u00e9p t\u1ed1i thi\u1ec3u (TSG):<\/strong> -10 \u00b0C<\/p>\n<\/li>\n<\/ul>","protected":false},"excerpt":{"rendered":"<p data-start=\"60\" data-end=\"80\"><strong data-start=\"60\" data-end=\"78\">\u1ee8ng d\u1ee5ng ch\u00ednh<\/strong><\/p>\n<ul data-start=\"81\" data-end=\"157\">\n<li data-start=\"81\" data-end=\"108\">\n<p data-start=\"83\" data-end=\"108\">H\u1ec7 th\u1ed1ng s\u01b0\u1edfi n\u01b0\u1edbc n\u00f3ng<\/p>\n<\/li>\n<li data-start=\"109\" data-end=\"140\">\n<p data-start=\"111\" data-end=\"140\">H\u1ec7 th\u1ed1ng \u0111i\u1ec1u h\u00f2a kh\u00f4ng kh\u00ed<\/p>\n<\/li>\n<li data-start=\"141\" data-end=\"157\">\n<p data-start=\"143\" data-end=\"157\">M\u1ea1ch l\u00e0m m\u00e1t<\/p>\n<\/li>\n<\/ul>\n<p data-start=\"159\" data-end=\"181\"><strong data-start=\"159\" data-end=\"179\">D\u1eef li\u1ec7u k\u1ef9 thu\u1eadt<\/strong><\/p>\n<ul data-start=\"182\" data-end=\"350\">\n<li data-start=\"182\" data-end=\"240\">\n<p data-start=\"184\" data-end=\"240\"><strong data-start=\"184\" data-end=\"225\">\u00c1p su\u1ea5t danh ngh\u0129a c\u1ee7a th\u00e2n th\u1ee7y l\u1ef1c:<\/strong> PN 16, PN 25<\/p>\n<\/li>\n<li data-start=\"241\" data-end=\"293\">\n<p data-start=\"243\" data-end=\"293\"><strong data-start=\"243\" data-end=\"284\">K\u00edch th\u01b0\u1edbc danh ngh\u0129a l\u1edbn nh\u1ea5t (TSG):<\/strong> DN 100<\/p>\n<\/li>\n<li data-start=\"294\" data-end=\"350\">\n<p data-start=\"296\" data-end=\"350\"><strong data-start=\"296\" data-end=\"341\">Nhi\u1ec7t \u0111\u1ed9 ch\u1ea5t l\u1ecfng cho ph\u00e9p t\u1ed1i \u0111a (TSG):<\/strong> 120 \u00b0C<\/p>\n<\/li>\n<\/ul>","protected":false},"featured_media":2181,"comment_status":"open","ping_status":"closed","template":"","meta":{"_acf_changed":false,"inline_featured_image":false},"thuong-hieu":[93],"product_brand":[],"product_cat":[16,18],"product_tag":[426],"class_list":{"0":"post-2180","1":"product","2":"type-product","3":"status-publish","4":"has-post-thumbnail","6":"thuong-hieu-ksb","7":"product_cat-van-cong-nghiep","8":"product_cat-van-cau","9":"product_tag-van-cau-boa-control-dpr","11":"first","12":"instock","13":"shipping-taxable","14":"product-type-simple"},"acf":[],"_links":{"self":[{"href":"https:\/\/sieuthivan.vn\/en\/wp-json\/wp\/v2\/product\/2180","targetHints":{"allow":["GET"]}}],"collection":[{"href":"https:\/\/sieuthivan.vn\/en\/wp-json\/wp\/v2\/product"}],"about":[{"href":"https:\/\/sieuthivan.vn\/en\/wp-json\/wp\/v2\/types\/product"}],"replies":[{"embeddable":true,"href":"https:\/\/sieuthivan.vn\/en\/wp-json\/wp\/v2\/comments?post=2180"}],"wp:featuredmedia":[{"embeddable":true,"href":"https:\/\/sieuthivan.vn\/en\/wp-json\/wp\/v2\/media\/2181"}],"wp:attachment":[{"href":"https:\/\/sieuthivan.vn\/en\/wp-json\/wp\/v2\/media?parent=2180"}],"wp:term":[{"taxonomy":"thuong-hieu","embeddable":true,"href":"https:\/\/sieuthivan.vn\/en\/wp-json\/wp\/v2\/thuong-hieu?post=2180"},{"taxonomy":"product_brand","embeddable":true,"href":"https:\/\/sieuthivan.vn\/en\/wp-json\/wp\/v2\/product_brand?post=2180"},{"taxonomy":"product_cat","embeddable":true,"href":"https:\/\/sieuthivan.vn\/en\/wp-json\/wp\/v2\/product_cat?post=2180"},{"taxonomy":"product_tag","embeddable":true,"href":"https:\/\/sieuthivan.vn\/en\/wp-json\/wp\/v2\/product_tag?post=2180"}],"curies":[{"name":"wp","href":"https:\/\/api.w.org\/{rel}","templated":true}]}}