{"id":2178,"date":"2025-05-22T09:28:35","date_gmt":"2025-05-22T02:28:35","guid":{"rendered":"https:\/\/sieuthivan.vn\/?post_type=product&#038;p=2178"},"modified":"2025-05-28T13:58:15","modified_gmt":"2025-05-28T06:58:15","slug":"van-bi-bmb","status":"publish","type":"product","link":"https:\/\/sieuthivan.vn\/en\/product\/van-bi-bmb\/","title":{"rendered":"Van bi BMB"},"content":{"rendered":"<p>Van bi c\u00f3 \u0111\u1ea7u ren, th\u00e2n li\u1ec1n kh\u1ed1i l\u00e0m b\u1eb1ng th\u00e9p cacbon ho\u1eb7c th\u00e9p kh\u00f4ng g\u1ec9, bi l\u00e0m b\u1eb1ng th\u00e9p kh\u00f4ng g\u1ec9, ren kh\u00ed (UNI\/DIN).<\/p>\n<p data-start=\"60\" data-end=\"82\"><strong data-start=\"60\" data-end=\"80\">D\u1eef li\u1ec7u k\u1ef9 thu\u1eadt<\/strong><\/p>\n<ul data-start=\"83\" data-end=\"577\">\n<li data-start=\"83\" data-end=\"141\">\n<p data-start=\"85\" data-end=\"141\"><strong data-start=\"85\" data-end=\"111\">Ch\u1ee9c n\u0103ng c\u1ee7a b\u1ed9 ph\u1eadn:<\/strong> Ng\u1eaft \/ \u0111i\u1ec1u khi\u1ec3n d\u00f2ng ch\u1ea3y<\/p>\n<\/li>\n<li data-start=\"142\" data-end=\"236\">\n<p data-start=\"144\" data-end=\"171\"><strong data-start=\"144\" data-end=\"169\">Lo\u1ea1i k\u1ebft n\u1ed1i \u0111\u1ea7u v\u00e0o:<\/strong><\/p>\n<ul data-start=\"174\" data-end=\"236\">\n<li data-start=\"174\" data-end=\"195\">\n<p data-start=\"176\" data-end=\"195\">K\u1ebft n\u1ed1i ren trong<\/p>\n<\/li>\n<li data-start=\"198\" data-end=\"217\">\n<p data-start=\"200\" data-end=\"217\">\u0110\u1ea7u h\u00e0n \u0111\u1ed1i \u0111\u1ea7u<\/p>\n<\/li>\n<li data-start=\"220\" data-end=\"236\">\n<p data-start=\"222\" data-end=\"236\">\u0110\u1ea7u h\u00e0n l\u1ed3ng<\/p>\n<\/li>\n<\/ul>\n<\/li>\n<li data-start=\"237\" data-end=\"291\">\n<p data-start=\"239\" data-end=\"291\"><strong data-start=\"239\" data-end=\"281\">Nguy\u00ean l\u00fd thi\u1ebft k\u1ebf c\u01a1 c\u1ea5u truy\u1ec1n \u0111\u1ed9ng:<\/strong> Tay g\u1ea1t<\/p>\n<\/li>\n<li data-start=\"292\" data-end=\"361\">\n<p data-start=\"294\" data-end=\"323\"><strong data-start=\"294\" data-end=\"321\">V\u1eadt li\u1ec7u th\u00e2n th\u1ee7y l\u1ef1c:<\/strong><\/p>\n<ul data-start=\"326\" data-end=\"361\">\n<li data-start=\"326\" data-end=\"341\">\n<p data-start=\"328\" data-end=\"341\">A350 GR LF2<\/p>\n<\/li>\n<li data-start=\"344\" data-end=\"361\">\n<p data-start=\"346\" data-end=\"361\">A182 GR F 316<\/p>\n<\/li>\n<\/ul>\n<\/li>\n<li data-start=\"362\" data-end=\"414\">\n<p data-start=\"364\" data-end=\"414\"><strong data-start=\"364\" data-end=\"405\">\u00c1p su\u1ea5t danh ngh\u0129a c\u1ee7a th\u00e2n th\u1ee7y l\u1ef1c:<\/strong> CL 800<\/p>\n<\/li>\n<li data-start=\"415\" data-end=\"466\">\n<p data-start=\"417\" data-end=\"466\"><strong data-start=\"417\" data-end=\"458\">K\u00edch th\u01b0\u1edbc danh ngh\u0129a l\u1edbn nh\u1ea5t (TSG):<\/strong> NPS 2<\/p>\n<\/li>\n<li data-start=\"467\" data-end=\"520\">\n<p data-start=\"469\" data-end=\"520\"><strong data-start=\"469\" data-end=\"510\">K\u00edch th\u01b0\u1edbc danh ngh\u0129a nh\u1ecf nh\u1ea5t (TSG):<\/strong> NPS 1\/4<\/p>\n<\/li>\n<li data-start=\"521\" data-end=\"577\">\n<p data-start=\"523\" data-end=\"577\"><strong data-start=\"523\" data-end=\"568\">Nhi\u1ec7t \u0111\u1ed9 ch\u1ea5t l\u1ecfng cho ph\u00e9p t\u1ed1i \u0111a (TSG):<\/strong> 200 \u00b0C<\/p>\n<\/li>\n<\/ul>\n<p>&nbsp;<\/p>","protected":false},"excerpt":{"rendered":"<p data-start=\"60\" data-end=\"80\"><strong data-start=\"60\" data-end=\"78\">\u1ee8ng d\u1ee5ng ch\u00ednh<\/strong><\/p>\n<ul data-start=\"81\" data-end=\"180\">\n<li data-start=\"81\" data-end=\"106\">\n<p data-start=\"83\" data-end=\"106\">C\u00f4ng nghi\u1ec7p n\u00f3i chung<\/p>\n<\/li>\n<li data-start=\"107\" data-end=\"131\">\n<p data-start=\"109\" data-end=\"131\">C\u00f4ng nghi\u1ec7p h\u00f3a ch\u1ea5t<\/p>\n<\/li>\n<li data-start=\"132\" data-end=\"148\">\n<p data-start=\"134\" data-end=\"148\">M\u1ea1ch l\u00e0m m\u00e1t<\/p>\n<\/li>\n<li data-start=\"149\" data-end=\"180\">\n<p data-start=\"151\" data-end=\"180\">H\u1ec7 th\u1ed1ng \u0111i\u1ec1u h\u00f2a kh\u00f4ng kh\u00ed<\/p>\n<\/li>\n<\/ul>\n<p data-start=\"214\" data-end=\"236\"><strong data-start=\"214\" data-end=\"234\">D\u1eef li\u1ec7u k\u1ef9 thu\u1eadt<\/strong><\/p>\n<ul data-start=\"237\" data-end=\"398\">\n<li data-start=\"237\" data-end=\"289\">\n<p data-start=\"239\" data-end=\"289\"><strong data-start=\"239\" data-end=\"280\">\u00c1p su\u1ea5t danh ngh\u0129a c\u1ee7a th\u00e2n th\u1ee7y l\u1ef1c:<\/strong> CL 800<\/p>\n<\/li>\n<li data-start=\"290\" data-end=\"341\">\n<p data-start=\"292\" data-end=\"341\"><strong data-start=\"292\" data-end=\"333\">K\u00edch th\u01b0\u1edbc danh ngh\u0129a l\u1edbn nh\u1ea5t (TSG):<\/strong> NPS 2<\/p>\n<\/li>\n<li data-start=\"342\" data-end=\"398\">\n<p data-start=\"344\" data-end=\"398\"><strong data-start=\"344\" data-end=\"389\">Nhi\u1ec7t \u0111\u1ed9 ch\u1ea5t l\u1ecfng cho ph\u00e9p t\u1ed1i \u0111a (TSG):<\/strong> 200 \u00b0C<\/p>\n<\/li>\n<\/ul>","protected":false},"featured_media":2179,"comment_status":"open","ping_status":"closed","template":"","meta":{"_acf_changed":false,"inline_featured_image":false},"thuong-hieu":[93],"product_brand":[],"product_cat":[16,21],"product_tag":[425],"class_list":{"0":"post-2178","1":"product","2":"type-product","3":"status-publish","4":"has-post-thumbnail","6":"thuong-hieu-ksb","7":"product_cat-van-cong-nghiep","8":"product_cat-van-bi","9":"product_tag-van-bi-bmb","11":"first","12":"instock","13":"shipping-taxable","14":"product-type-simple"},"acf":[],"_links":{"self":[{"href":"https:\/\/sieuthivan.vn\/en\/wp-json\/wp\/v2\/product\/2178","targetHints":{"allow":["GET"]}}],"collection":[{"href":"https:\/\/sieuthivan.vn\/en\/wp-json\/wp\/v2\/product"}],"about":[{"href":"https:\/\/sieuthivan.vn\/en\/wp-json\/wp\/v2\/types\/product"}],"replies":[{"embeddable":true,"href":"https:\/\/sieuthivan.vn\/en\/wp-json\/wp\/v2\/comments?post=2178"}],"wp:featuredmedia":[{"embeddable":true,"href":"https:\/\/sieuthivan.vn\/en\/wp-json\/wp\/v2\/media\/2179"}],"wp:attachment":[{"href":"https:\/\/sieuthivan.vn\/en\/wp-json\/wp\/v2\/media?parent=2178"}],"wp:term":[{"taxonomy":"thuong-hieu","embeddable":true,"href":"https:\/\/sieuthivan.vn\/en\/wp-json\/wp\/v2\/thuong-hieu?post=2178"},{"taxonomy":"product_brand","embeddable":true,"href":"https:\/\/sieuthivan.vn\/en\/wp-json\/wp\/v2\/product_brand?post=2178"},{"taxonomy":"product_cat","embeddable":true,"href":"https:\/\/sieuthivan.vn\/en\/wp-json\/wp\/v2\/product_cat?post=2178"},{"taxonomy":"product_tag","embeddable":true,"href":"https:\/\/sieuthivan.vn\/en\/wp-json\/wp\/v2\/product_tag?post=2178"}],"curies":[{"name":"wp","href":"https:\/\/api.w.org\/{rel}","templated":true}]}}