{"id":2176,"date":"2025-05-22T09:18:44","date_gmt":"2025-05-22T02:18:44","guid":{"rendered":"https:\/\/sieuthivan.vn\/?post_type=product&#038;p=2176"},"modified":"2025-05-28T16:20:09","modified_gmt":"2025-05-28T09:20:09","slug":"van-buom-aporis-deb02","status":"publish","type":"product","link":"https:\/\/sieuthivan.vn\/en\/product\/van-buom-aporis-deb02\/","title":{"rendered":"Van B\u01b0\u1edbm APORIS-DEB02"},"content":{"rendered":"<p>Van b\u01b0\u1edbm l\u1ec7ch k\u00e9p c\u00f3 l\u1edbp ph\u1ee7 epoxy. \u0110\u00f3ng ho\u00e0n h\u1ea3o theo c\u1ea3 hai h\u01b0\u1edbng d\u00f2ng ch\u1ea3y. \u0110\u1ea7u b\u00edch theo ti\u00eau chu\u1ea9n EN, th\u00e2n v\u00e0 \u0111\u0129a van l\u00e0m b\u1eb1ng gang c\u1ea7u.<\/p>\n<p data-start=\"60\" data-end=\"82\"><strong data-start=\"60\" data-end=\"80\">D\u1eef li\u1ec7u k\u1ef9 thu\u1eadt<\/strong><\/p>\n<ul data-start=\"83\" data-end=\"693\">\n<li data-start=\"83\" data-end=\"141\">\n<p data-start=\"85\" data-end=\"141\"><strong data-start=\"85\" data-end=\"111\">Ch\u1ee9c n\u0103ng c\u1ee7a b\u1ed9 ph\u1eadn:<\/strong> Ng\u1eaft \/ \u0111i\u1ec1u khi\u1ec3n d\u00f2ng ch\u1ea3y<\/p>\n<\/li>\n<li data-start=\"142\" data-end=\"180\">\n<p data-start=\"144\" data-end=\"180\"><strong data-start=\"144\" data-end=\"169\">Lo\u1ea1i k\u1ebft n\u1ed1i \u0111\u1ea7u v\u00e0o:<\/strong> M\u1eb7t b\u00edch<\/p>\n<\/li>\n<li data-start=\"181\" data-end=\"306\">\n<p data-start=\"183\" data-end=\"227\"><strong data-start=\"183\" data-end=\"225\">Nguy\u00ean l\u00fd thi\u1ebft k\u1ebf c\u01a1 c\u1ea5u truy\u1ec1n \u0111\u1ed9ng:<\/strong><\/p>\n<ul data-start=\"230\" data-end=\"306\">\n<li data-start=\"230\" data-end=\"256\">\n<p data-start=\"232\" data-end=\"256\">C\u00f3 b\u1ed9 truy\u1ec1n \u0111\u1ed9ng \u0111i\u1ec7n<\/p>\n<\/li>\n<li data-start=\"259\" data-end=\"274\">\n<p data-start=\"261\" data-end=\"274\">C\u00f3 tay quay<\/p>\n<\/li>\n<li data-start=\"277\" data-end=\"306\">\n<p data-start=\"279\" data-end=\"306\">C\u00f3 b\u1ed9 truy\u1ec1n \u0111\u1ed9ng kh\u00ed n\u00e9n<\/p>\n<\/li>\n<\/ul>\n<\/li>\n<li data-start=\"307\" data-end=\"352\">\n<p data-start=\"309\" data-end=\"352\"><strong data-start=\"309\" data-end=\"336\">V\u1eadt li\u1ec7u th\u00e2n th\u1ee7y l\u1ef1c:<\/strong> EN-GJS-400-15<\/p>\n<\/li>\n<li data-start=\"353\" data-end=\"418\">\n<p data-start=\"355\" data-end=\"418\"><strong data-start=\"355\" data-end=\"396\">\u00c1p su\u1ea5t danh ngh\u0129a c\u1ee7a th\u00e2n th\u1ee7y l\u1ef1c:<\/strong> PN 10, PN 16, PN 25<\/p>\n<\/li>\n<li data-start=\"419\" data-end=\"472\">\n<p data-start=\"421\" data-end=\"472\"><strong data-start=\"421\" data-end=\"462\">K\u00edch th\u01b0\u1edbc danh ngh\u0129a l\u1edbn nh\u1ea5t (TSG):<\/strong> DN 2200<\/p>\n<\/li>\n<li data-start=\"473\" data-end=\"525\">\n<p data-start=\"475\" data-end=\"525\"><strong data-start=\"475\" data-end=\"516\">K\u00edch th\u01b0\u1edbc danh ngh\u0129a nh\u1ecf nh\u1ea5t (TSG):<\/strong> DN 150<\/p>\n<\/li>\n<li data-start=\"526\" data-end=\"581\">\n<p data-start=\"528\" data-end=\"581\"><strong data-start=\"528\" data-end=\"573\">Nhi\u1ec7t \u0111\u1ed9 ch\u1ea5t l\u1ecfng cho ph\u00e9p t\u1ed1i \u0111a (TSG):<\/strong> 80 \u00b0C<\/p>\n<\/li>\n<li data-start=\"582\" data-end=\"641\">\n<p data-start=\"584\" data-end=\"641\"><strong data-start=\"584\" data-end=\"632\">Nhi\u1ec7t \u0111\u1ed9 ch\u1ea5t l\u1ecfng cho ph\u00e9p t\u1ed1i thi\u1ec3u (TSG):<\/strong> -10 \u00b0C<\/p>\n<\/li>\n<li data-start=\"642\" data-end=\"693\">\n<p data-start=\"644\" data-end=\"693\"><strong data-start=\"644\" data-end=\"662\">Ki\u1ec3u th\u00e2n van:<\/strong> Th\u00e2n c\u00f3 m\u1eb7t b\u00edch, b\u1ec1 m\u1eb7t n\u1ed5i<\/p>\n<\/li>\n<\/ul>","protected":false},"excerpt":{"rendered":"<p data-start=\"60\" data-end=\"80\"><strong data-start=\"60\" data-end=\"78\">\u1ee8ng d\u1ee5ng ch\u00ednh<\/strong><\/p>\n<ul data-start=\"81\" data-end=\"163\">\n<li data-start=\"81\" data-end=\"109\">\n<p data-start=\"83\" data-end=\"109\">H\u1ec7 th\u1ed1ng t\u01b0\u1edbi ti\u00eau chung<\/p>\n<\/li>\n<li data-start=\"110\" data-end=\"126\">\n<p data-start=\"112\" data-end=\"126\">M\u1ea1ch l\u00e0m m\u00e1t<\/p>\n<\/li>\n<li data-start=\"127\" data-end=\"141\">\n<p data-start=\"129\" data-end=\"141\">X\u1eed l\u00fd n\u01b0\u1edbc<\/p>\n<\/li>\n<li data-start=\"142\" data-end=\"163\">\n<p data-start=\"144\" data-end=\"163\">H\u1ec7 th\u1ed1ng c\u1ea5p n\u01b0\u1edbc<\/p>\n<\/li>\n<\/ul>\n<p data-start=\"165\" data-end=\"187\"><strong data-start=\"165\" data-end=\"185\">D\u1eef li\u1ec7u k\u1ef9 thu\u1eadt<\/strong><\/p>\n<ul data-start=\"188\" data-end=\"363\">\n<li data-start=\"188\" data-end=\"253\">\n<p data-start=\"190\" data-end=\"253\"><strong data-start=\"190\" data-end=\"231\">\u00c1p su\u1ea5t danh ngh\u0129a c\u1ee7a th\u00e2n th\u1ee7y l\u1ef1c:<\/strong> PN 10, PN 16, PN 25<\/p>\n<\/li>\n<li data-start=\"254\" data-end=\"307\">\n<p data-start=\"256\" data-end=\"307\"><strong data-start=\"256\" data-end=\"297\">K\u00edch th\u01b0\u1edbc danh ngh\u0129a l\u1edbn nh\u1ea5t (TSG):<\/strong> DN 2200<\/p>\n<\/li>\n<li data-start=\"308\" data-end=\"363\">\n<p data-start=\"310\" data-end=\"363\"><strong data-start=\"310\" data-end=\"355\">Nhi\u1ec7t \u0111\u1ed9 ch\u1ea5t l\u1ecfng cho ph\u00e9p t\u1ed1i \u0111a (TSG):<\/strong> 80 \u00b0C<\/p>\n<\/li>\n<\/ul>","protected":false},"featured_media":2177,"comment_status":"open","ping_status":"closed","template":"","meta":{"_acf_changed":false,"inline_featured_image":false},"thuong-hieu":[93],"product_brand":[],"product_cat":[16,19],"product_tag":[424],"class_list":{"0":"post-2176","1":"product","2":"type-product","3":"status-publish","4":"has-post-thumbnail","6":"thuong-hieu-ksb","7":"product_cat-van-cong-nghiep","8":"product_cat-van-buom","9":"product_tag-van-buom-aporis-deb02","11":"first","12":"instock","13":"shipping-taxable","14":"product-type-simple"},"acf":[],"_links":{"self":[{"href":"https:\/\/sieuthivan.vn\/en\/wp-json\/wp\/v2\/product\/2176","targetHints":{"allow":["GET"]}}],"collection":[{"href":"https:\/\/sieuthivan.vn\/en\/wp-json\/wp\/v2\/product"}],"about":[{"href":"https:\/\/sieuthivan.vn\/en\/wp-json\/wp\/v2\/types\/product"}],"replies":[{"embeddable":true,"href":"https:\/\/sieuthivan.vn\/en\/wp-json\/wp\/v2\/comments?post=2176"}],"wp:featuredmedia":[{"embeddable":true,"href":"https:\/\/sieuthivan.vn\/en\/wp-json\/wp\/v2\/media\/2177"}],"wp:attachment":[{"href":"https:\/\/sieuthivan.vn\/en\/wp-json\/wp\/v2\/media?parent=2176"}],"wp:term":[{"taxonomy":"thuong-hieu","embeddable":true,"href":"https:\/\/sieuthivan.vn\/en\/wp-json\/wp\/v2\/thuong-hieu?post=2176"},{"taxonomy":"product_brand","embeddable":true,"href":"https:\/\/sieuthivan.vn\/en\/wp-json\/wp\/v2\/product_brand?post=2176"},{"taxonomy":"product_cat","embeddable":true,"href":"https:\/\/sieuthivan.vn\/en\/wp-json\/wp\/v2\/product_cat?post=2176"},{"taxonomy":"product_tag","embeddable":true,"href":"https:\/\/sieuthivan.vn\/en\/wp-json\/wp\/v2\/product_tag?post=2176"}],"curies":[{"name":"wp","href":"https:\/\/api.w.org\/{rel}","templated":true}]}}