{"id":2174,"date":"2025-05-22T09:05:06","date_gmt":"2025-05-22T02:05:06","guid":{"rendered":"https:\/\/sieuthivan.vn\/?post_type=product&#038;p=2174"},"modified":"2025-05-29T14:19:21","modified_gmt":"2025-05-29T07:19:21","slug":"van-cau-boa-compact-ekb","status":"publish","type":"product","link":"https:\/\/sieuthivan.vn\/en\/product\/van-cau-boa-compact-ekb\/","title":{"rendered":"Van c\u1ea7u BOA-Compact EKB"},"content":{"rendered":"<p>Van c\u1ea7u theo ti\u00eau chu\u1ea9n DIN\/EN v\u1edbi \u0111\u1ea7u b\u00edch, chi\u1ec1u d\u00e0i m\u1eb7t \u0111\u1ed1i m\u1eb7t nh\u1ecf g\u1ecdn d\u00e0nh cho h\u1ec7 th\u1ed1ng cung c\u1ea5p n\u01b0\u1edbc u\u1ed1ng, c\u00f3 l\u1edbp ph\u1ee7 nh\u1ef1a t\u0129nh \u0111i\u1ec7n b\u00ean trong v\u00e0 b\u00ean ngo\u00e0i, thi\u1ebft k\u1ebf \u0111\u1ebf nghi\u00eang v\u1edbi n\u1eafp ch\u1ee5p th\u1eb3ng \u0111\u1ee9ng, n\u00fat ti\u1ebft l\u01b0u b\u1ecdc EPDM, th\u00e2n li\u1ec1n kh\u1ed1i, ch\u1ec9 b\u00e1o v\u1ecb tr\u00ed, thi\u1ebft b\u1ecb kh\u00f3a, ch\u1eb7n h\u00e0nh tr\u00ecnh, \u0111\u1ebf ch\u00ednh v\u00e0 \u0111\u1ebf sau m\u1ec1m; kh\u00f4ng c\u1ea7n b\u1ea3o d\u01b0\u1ee1ng (\u0111\u01b0\u1ee3c DVGW ph\u00ea duy\u1ec7t PN 10).<\/p>\n<p data-start=\"76\" data-end=\"98\"><strong data-start=\"76\" data-end=\"96\">D\u1eef li\u1ec7u k\u1ef9 thu\u1eadt<\/strong><\/p>\n<ul data-start=\"99\" data-end=\"617\">\n<li data-start=\"99\" data-end=\"157\">\n<p data-start=\"101\" data-end=\"157\"><strong data-start=\"101\" data-end=\"127\">Ch\u1ee9c n\u0103ng c\u1ee7a b\u1ed9 ph\u1eadn:<\/strong> Ng\u1eaft \/ \u0111i\u1ec1u khi\u1ec3n d\u00f2ng ch\u1ea3y<\/p>\n<\/li>\n<li data-start=\"158\" data-end=\"196\">\n<p data-start=\"160\" data-end=\"196\"><strong data-start=\"160\" data-end=\"185\">Lo\u1ea1i k\u1ebft n\u1ed1i \u0111\u1ea7u v\u00e0o:<\/strong> M\u1eb7t b\u00edch<\/p>\n<\/li>\n<li data-start=\"197\" data-end=\"290\">\n<p data-start=\"199\" data-end=\"243\"><strong data-start=\"199\" data-end=\"241\">Nguy\u00ean l\u00fd thi\u1ebft k\u1ebf c\u01a1 c\u1ea5u truy\u1ec1n \u0111\u1ed9ng:<\/strong><\/p>\n<ul data-start=\"246\" data-end=\"290\">\n<li data-start=\"246\" data-end=\"272\">\n<p data-start=\"248\" data-end=\"272\">C\u00f3 b\u1ed9 truy\u1ec1n \u0111\u1ed9ng \u0111i\u1ec7n<\/p>\n<\/li>\n<li data-start=\"275\" data-end=\"290\">\n<p data-start=\"277\" data-end=\"290\">C\u00f3 tay quay<\/p>\n<\/li>\n<\/ul>\n<\/li>\n<li data-start=\"291\" data-end=\"337\">\n<p data-start=\"293\" data-end=\"337\"><strong data-start=\"293\" data-end=\"320\">V\u1eadt li\u1ec7u th\u00e2n th\u1ee7y l\u1ef1c:<\/strong> EN-GJL-250-EKB<\/p>\n<\/li>\n<li data-start=\"338\" data-end=\"396\">\n<p data-start=\"340\" data-end=\"396\"><strong data-start=\"340\" data-end=\"381\">\u00c1p su\u1ea5t danh ngh\u0129a c\u1ee7a th\u00e2n th\u1ee7y l\u1ef1c:<\/strong> PN 10, PN 16<\/p>\n<\/li>\n<li data-start=\"397\" data-end=\"449\">\n<p data-start=\"399\" data-end=\"449\"><strong data-start=\"399\" data-end=\"440\">K\u00edch th\u01b0\u1edbc danh ngh\u0129a l\u1edbn nh\u1ea5t (TSG):<\/strong> DN 200<\/p>\n<\/li>\n<li data-start=\"450\" data-end=\"501\">\n<p data-start=\"452\" data-end=\"501\"><strong data-start=\"452\" data-end=\"493\">K\u00edch th\u01b0\u1edbc danh ngh\u0129a nh\u1ecf nh\u1ea5t (TSG):<\/strong> DN 15<\/p>\n<\/li>\n<li data-start=\"502\" data-end=\"557\">\n<p data-start=\"504\" data-end=\"557\"><strong data-start=\"504\" data-end=\"549\">Nhi\u1ec7t \u0111\u1ed9 ch\u1ea5t l\u1ecfng cho ph\u00e9p t\u1ed1i \u0111a (TSG):<\/strong> 80 \u00b0C<\/p>\n<\/li>\n<li data-start=\"558\" data-end=\"617\">\n<p data-start=\"560\" data-end=\"617\"><strong data-start=\"560\" data-end=\"608\">Nhi\u1ec7t \u0111\u1ed9 ch\u1ea5t l\u1ecfng cho ph\u00e9p t\u1ed1i thi\u1ec3u (TSG):<\/strong> -10 \u00b0C<\/p>\n<\/li>\n<\/ul>","protected":false},"excerpt":{"rendered":"<p data-start=\"60\" data-end=\"80\"><strong data-start=\"60\" data-end=\"78\">\u1ee8ng d\u1ee5ng ch\u00ednh<\/strong><\/p>\n<ul data-start=\"81\" data-end=\"174\">\n<li data-start=\"81\" data-end=\"103\">\n<p data-start=\"83\" data-end=\"103\">C\u1ea5p n\u01b0\u1edbc sinh ho\u1ea1t<\/p>\n<\/li>\n<li data-start=\"104\" data-end=\"125\">\n<p data-start=\"106\" data-end=\"125\">H\u1ec7 th\u1ed1ng c\u1ea5p n\u01b0\u1edbc<\/p>\n<\/li>\n<li data-start=\"126\" data-end=\"157\">\n<p data-start=\"128\" data-end=\"157\">H\u1ec7 th\u1ed1ng \u0111i\u1ec1u h\u00f2a kh\u00f4ng kh\u00ed<\/p>\n<\/li>\n<li data-start=\"158\" data-end=\"174\">\n<p data-start=\"160\" data-end=\"174\">M\u1ea1ch l\u00e0m m\u00e1t<\/p>\n<\/li>\n<\/ul>\n<p data-start=\"176\" data-end=\"198\"><strong data-start=\"176\" data-end=\"196\">D\u1eef li\u1ec7u k\u1ef9 thu\u1eadt<\/strong><\/p>\n<ul data-start=\"199\" data-end=\"366\">\n<li data-start=\"199\" data-end=\"257\">\n<p data-start=\"201\" data-end=\"257\"><strong data-start=\"201\" data-end=\"242\">\u00c1p su\u1ea5t danh ngh\u0129a c\u1ee7a th\u00e2n th\u1ee7y l\u1ef1c:<\/strong> PN 10, PN 16<\/p>\n<\/li>\n<li data-start=\"258\" data-end=\"310\">\n<p data-start=\"260\" data-end=\"310\"><strong data-start=\"260\" data-end=\"301\">K\u00edch th\u01b0\u1edbc danh ngh\u0129a l\u1edbn nh\u1ea5t (TSG):<\/strong> DN 200<\/p>\n<\/li>\n<li data-start=\"311\" data-end=\"366\">\n<p data-start=\"313\" data-end=\"366\"><strong data-start=\"313\" data-end=\"358\">Nhi\u1ec7t \u0111\u1ed9 ch\u1ea5t l\u1ecfng cho ph\u00e9p t\u1ed1i \u0111a (TSG):<\/strong> 80 \u00b0C<\/p>\n<\/li>\n<\/ul>","protected":false},"featured_media":2175,"comment_status":"open","ping_status":"closed","template":"","meta":{"_acf_changed":false,"inline_featured_image":false},"thuong-hieu":[93],"product_brand":[],"product_cat":[16,18],"product_tag":[423],"class_list":{"0":"post-2174","1":"product","2":"type-product","3":"status-publish","4":"has-post-thumbnail","6":"thuong-hieu-ksb","7":"product_cat-van-cong-nghiep","8":"product_cat-van-cau","9":"product_tag-van-cau-boa-compact-ekb","11":"first","12":"instock","13":"shipping-taxable","14":"product-type-simple"},"acf":[],"_links":{"self":[{"href":"https:\/\/sieuthivan.vn\/en\/wp-json\/wp\/v2\/product\/2174","targetHints":{"allow":["GET"]}}],"collection":[{"href":"https:\/\/sieuthivan.vn\/en\/wp-json\/wp\/v2\/product"}],"about":[{"href":"https:\/\/sieuthivan.vn\/en\/wp-json\/wp\/v2\/types\/product"}],"replies":[{"embeddable":true,"href":"https:\/\/sieuthivan.vn\/en\/wp-json\/wp\/v2\/comments?post=2174"}],"wp:featuredmedia":[{"embeddable":true,"href":"https:\/\/sieuthivan.vn\/en\/wp-json\/wp\/v2\/media\/2175"}],"wp:attachment":[{"href":"https:\/\/sieuthivan.vn\/en\/wp-json\/wp\/v2\/media?parent=2174"}],"wp:term":[{"taxonomy":"thuong-hieu","embeddable":true,"href":"https:\/\/sieuthivan.vn\/en\/wp-json\/wp\/v2\/thuong-hieu?post=2174"},{"taxonomy":"product_brand","embeddable":true,"href":"https:\/\/sieuthivan.vn\/en\/wp-json\/wp\/v2\/product_brand?post=2174"},{"taxonomy":"product_cat","embeddable":true,"href":"https:\/\/sieuthivan.vn\/en\/wp-json\/wp\/v2\/product_cat?post=2174"},{"taxonomy":"product_tag","embeddable":true,"href":"https:\/\/sieuthivan.vn\/en\/wp-json\/wp\/v2\/product_tag?post=2174"}],"curies":[{"name":"wp","href":"https:\/\/api.w.org\/{rel}","templated":true}]}}