{"id":2170,"date":"2025-05-22T08:44:59","date_gmt":"2025-05-22T01:44:59","guid":{"rendered":"https:\/\/sieuthivan.vn\/?post_type=product&#038;p=2170"},"modified":"2025-05-29T14:16:31","modified_gmt":"2025-05-29T07:16:31","slug":"van-cau-boa-compact","status":"publish","type":"product","link":"https:\/\/sieuthivan.vn\/en\/product\/van-cau-boa-compact\/","title":{"rendered":"Van c\u1ea7u BOA-Compact"},"content":{"rendered":"<div>Van c\u1ea7u theo ti\u00eau chu\u1ea9n DIN\/EN v\u1edbi \u0111\u1ea7u b\u00edch, chi\u1ec1u d\u00e0i m\u1eb7t \u0111\u1ed1i m\u1eb7t ng\u1eafn theo ti\u00eau chu\u1ea9n EN 558\/14, thi\u1ebft k\u1ebf gh\u1ebf nghi\u00eang v\u1edbi n\u1eafp ch\u1ee5p th\u1eb3ng \u0111\u1ee9ng, th\u00e2n m\u1ed9t m\u1ea3nh, n\u00fat ti\u1ebft l\u01b0u \u0111\u01b0\u1ee3c b\u1ecdc EPDM, gh\u1ebf ch\u00ednh v\u00e0 gh\u1ebf sau m\u1ec1m, ch\u1ec9 b\u00e1o v\u1ecb tr\u00ed, thi\u1ebft b\u1ecb kh\u00f3a, ch\u1eb7n h\u00e0nh tr\u00ecnh, n\u1eafp c\u00e1ch \u0111i\u1ec7n c\u00f3 t\u00ednh n\u0103ng ch\u1ed1ng ng\u01b0ng t\u1ee5; kh\u00f4ng c\u1ea7n b\u1ea3o d\u01b0\u1ee1ng, c\u00f3 th\u1ec3 c\u00e1ch \u0111i\u1ec7n ho\u00e0n to\u00e0n.<\/div>\n<div>\n<p data-start=\"73\" data-end=\"95\"><strong data-start=\"73\" data-end=\"93\">D\u1eef li\u1ec7u k\u1ef9 thu\u1eadt<\/strong><\/p>\n<ul data-start=\"96\" data-end=\"610\">\n<li data-start=\"96\" data-end=\"154\">\n<p data-start=\"98\" data-end=\"154\"><strong data-start=\"98\" data-end=\"124\">Ch\u1ee9c n\u0103ng c\u1ee7a b\u1ed9 ph\u1eadn:<\/strong> Ng\u1eaft \/ \u0111i\u1ec1u khi\u1ec3n d\u00f2ng ch\u1ea3y<\/p>\n<\/li>\n<li data-start=\"155\" data-end=\"193\">\n<p data-start=\"157\" data-end=\"193\"><strong data-start=\"157\" data-end=\"182\">Lo\u1ea1i k\u1ebft n\u1ed1i \u0111\u1ea7u v\u00e0o:<\/strong> M\u1eb7t b\u00edch<\/p>\n<\/li>\n<li data-start=\"194\" data-end=\"287\">\n<p data-start=\"196\" data-end=\"240\"><strong data-start=\"196\" data-end=\"238\">Nguy\u00ean l\u00fd thi\u1ebft k\u1ebf c\u01a1 c\u1ea5u truy\u1ec1n \u0111\u1ed9ng:<\/strong><\/p>\n<ul data-start=\"243\" data-end=\"287\">\n<li data-start=\"243\" data-end=\"269\">\n<p data-start=\"245\" data-end=\"269\">C\u00f3 b\u1ed9 truy\u1ec1n \u0111\u1ed9ng \u0111i\u1ec7n<\/p>\n<\/li>\n<li data-start=\"272\" data-end=\"287\">\n<p data-start=\"274\" data-end=\"287\">C\u00f3 tay quay<\/p>\n<\/li>\n<\/ul>\n<\/li>\n<li data-start=\"288\" data-end=\"330\">\n<p data-start=\"290\" data-end=\"330\"><strong data-start=\"290\" data-end=\"317\">V\u1eadt li\u1ec7u th\u00e2n th\u1ee7y l\u1ef1c:<\/strong> EN-GJL-250<\/p>\n<\/li>\n<li data-start=\"331\" data-end=\"388\">\n<p data-start=\"333\" data-end=\"388\"><strong data-start=\"333\" data-end=\"374\">\u00c1p su\u1ea5t danh ngh\u0129a c\u1ee7a th\u00e2n th\u1ee7y l\u1ef1c:<\/strong> PN 6, PN 16<\/p>\n<\/li>\n<li data-start=\"389\" data-end=\"441\">\n<p data-start=\"391\" data-end=\"441\"><strong data-start=\"391\" data-end=\"432\">K\u00edch th\u01b0\u1edbc danh ngh\u0129a l\u1edbn nh\u1ea5t (TSG):<\/strong> DN 200<\/p>\n<\/li>\n<li data-start=\"442\" data-end=\"493\">\n<p data-start=\"444\" data-end=\"493\"><strong data-start=\"444\" data-end=\"485\">K\u00edch th\u01b0\u1edbc danh ngh\u0129a nh\u1ecf nh\u1ea5t (TSG):<\/strong> DN 15<\/p>\n<\/li>\n<li data-start=\"494\" data-end=\"550\">\n<p data-start=\"496\" data-end=\"550\"><strong data-start=\"496\" data-end=\"541\">Nhi\u1ec7t \u0111\u1ed9 ch\u1ea5t l\u1ecfng cho ph\u00e9p t\u1ed1i \u0111a (TSG):<\/strong> 120 \u00b0C<\/p>\n<\/li>\n<li data-start=\"551\" data-end=\"610\">\n<p data-start=\"553\" data-end=\"610\"><strong data-start=\"553\" data-end=\"601\">Nhi\u1ec7t \u0111\u1ed9 ch\u1ea5t l\u1ecfng cho ph\u00e9p t\u1ed1i thi\u1ec3u (TSG):<\/strong> -10 \u00b0C<\/p>\n<\/li>\n<\/ul>\n<\/div>","protected":false},"excerpt":{"rendered":"<p>\u1ee8ng d\u1ee5ng ch\u00ednh<br \/>\nH\u1ec7 th\u1ed1ng s\u01b0\u1edfi \u1ea5m n\u01b0\u1edbc n\u00f3ng<br \/>\nH\u1ec7 th\u1ed1ng \u0111i\u1ec1u h\u00f2a kh\u00f4ng kh\u00ed<br \/>\nH\u1ec7 th\u1ed1ng thu h\u1ed3i nhi\u1ec7t<br \/>\nD\u1eef li\u1ec7u k\u1ef9 thu\u1eadt<br \/>\n\u00c1p su\u1ea5t danh ngh\u0129a V\u1ecf th\u1ee7y l\u1ef1c<br \/>\nPN 6, PN 16<br \/>\nK\u00edch th\u01b0\u1edbc danh ngh\u0129a t\u1ed1i \u0111a TSG<br \/>\nDN 200<br \/>\nNhi\u1ec7t \u0111\u1ed9 ch\u1ea5t l\u1ecfng t\u1ed1i \u0111a cho ph\u00e9p TSG<br \/>\n120 \u00b0C<\/p>","protected":false},"featured_media":2171,"comment_status":"open","ping_status":"closed","template":"","meta":{"_acf_changed":false,"inline_featured_image":false},"thuong-hieu":[93],"product_brand":[],"product_cat":[16,18],"product_tag":[422],"class_list":{"0":"post-2170","1":"product","2":"type-product","3":"status-publish","4":"has-post-thumbnail","6":"thuong-hieu-ksb","7":"product_cat-van-cong-nghiep","8":"product_cat-van-cau","9":"product_tag-van-cau-boa-compact","11":"first","12":"instock","13":"shipping-taxable","14":"product-type-simple"},"acf":[],"_links":{"self":[{"href":"https:\/\/sieuthivan.vn\/en\/wp-json\/wp\/v2\/product\/2170","targetHints":{"allow":["GET"]}}],"collection":[{"href":"https:\/\/sieuthivan.vn\/en\/wp-json\/wp\/v2\/product"}],"about":[{"href":"https:\/\/sieuthivan.vn\/en\/wp-json\/wp\/v2\/types\/product"}],"replies":[{"embeddable":true,"href":"https:\/\/sieuthivan.vn\/en\/wp-json\/wp\/v2\/comments?post=2170"}],"wp:featuredmedia":[{"embeddable":true,"href":"https:\/\/sieuthivan.vn\/en\/wp-json\/wp\/v2\/media\/2171"}],"wp:attachment":[{"href":"https:\/\/sieuthivan.vn\/en\/wp-json\/wp\/v2\/media?parent=2170"}],"wp:term":[{"taxonomy":"thuong-hieu","embeddable":true,"href":"https:\/\/sieuthivan.vn\/en\/wp-json\/wp\/v2\/thuong-hieu?post=2170"},{"taxonomy":"product_brand","embeddable":true,"href":"https:\/\/sieuthivan.vn\/en\/wp-json\/wp\/v2\/product_brand?post=2170"},{"taxonomy":"product_cat","embeddable":true,"href":"https:\/\/sieuthivan.vn\/en\/wp-json\/wp\/v2\/product_cat?post=2170"},{"taxonomy":"product_tag","embeddable":true,"href":"https:\/\/sieuthivan.vn\/en\/wp-json\/wp\/v2\/product_tag?post=2170"}],"curies":[{"name":"wp","href":"https:\/\/api.w.org\/{rel}","templated":true}]}}