{"id":1889,"date":"2025-03-24T09:26:37","date_gmt":"2025-03-24T02:26:37","guid":{"rendered":"https:\/\/sieuthivan.vn\/?post_type=product&#038;p=1889"},"modified":"2025-03-24T09:26:54","modified_gmt":"2025-03-24T02:26:54","slug":"may-phat-muc-vegaflex-86-fx86-axhtn1hxadax","status":"publish","type":"product","link":"https:\/\/sieuthivan.vn\/en\/product\/may-phat-muc-vegaflex-86-fx86-axhtn1hxadax\/","title":{"rendered":"M\u00e1y ph\u00e1t m\u1ee9c VEGAFLEX 86 FX86.AXHTN1HXADAX"},"content":{"rendered":"<p>Thi\u1ebft l\u1eadp \u0111\u01a1n gi\u1ea3n, ti\u1ebft ki\u1ec7m th\u1eddi gian<br \/>\nChu\u1ea9n h\u00f3a \u0111\u01a1n gi\u1ea3n v\u00e0 t\u00ednh linh ho\u1ea1t cao nh\u1ea5t trong qu\u00e1 tr\u00ecnh l\u1eadp k\u1ebf ho\u1ea1ch<br \/>\nKh\u1ea3 n\u0103ng ch\u1ea9n \u0111o\u00e1n to\u00e0n di\u1ec7n \u0111\u1ea3m b\u1ea3o ho\u1ea1t \u0111\u1ed9ng kh\u00f4ng c\u1ea7n b\u1ea3o tr\u00ec<\/p>\n<p>&nbsp;<\/p>\n<p><script src=\"chrome-extension:\/\/fpelahbljekknahkcaegamhcndkfpfnc\/iFrame.js\" type=\"text\/javascript\"><\/script><\/p>","protected":false},"excerpt":{"rendered":"<p>&nbsp;<\/p>\n<p><script src=\"chrome-extension:\/\/fpelahbljekknahkcaegamhcndkfpfnc\/iFrame.js\" type=\"text\/javascript\"><\/script><\/p>\n<p><script src=\"chrome-extension:\/\/fpelahbljekknahkcaegamhcndkfpfnc\/iFrame.js\" type=\"text\/javascript\"><\/script><\/p>","protected":false},"featured_media":1890,"comment_status":"open","ping_status":"closed","template":"","meta":{"_acf_changed":false,"inline_featured_image":false},"thuong-hieu":[399],"product_brand":[],"product_cat":[41],"product_tag":[414],"class_list":{"0":"post-1889","1":"product","2":"type-product","3":"status-publish","4":"has-post-thumbnail","6":"thuong-hieu-dso","7":"product_cat-thiet-bi-dac-biet","8":"product_tag-may-phat-muc-vegaflex-86-fx86-axhtn1hxadax","10":"first","11":"instock","12":"shipping-taxable","13":"product-type-simple"},"acf":[],"_links":{"self":[{"href":"https:\/\/sieuthivan.vn\/en\/wp-json\/wp\/v2\/product\/1889","targetHints":{"allow":["GET"]}}],"collection":[{"href":"https:\/\/sieuthivan.vn\/en\/wp-json\/wp\/v2\/product"}],"about":[{"href":"https:\/\/sieuthivan.vn\/en\/wp-json\/wp\/v2\/types\/product"}],"replies":[{"embeddable":true,"href":"https:\/\/sieuthivan.vn\/en\/wp-json\/wp\/v2\/comments?post=1889"}],"wp:featuredmedia":[{"embeddable":true,"href":"https:\/\/sieuthivan.vn\/en\/wp-json\/wp\/v2\/media\/1890"}],"wp:attachment":[{"href":"https:\/\/sieuthivan.vn\/en\/wp-json\/wp\/v2\/media?parent=1889"}],"wp:term":[{"taxonomy":"thuong-hieu","embeddable":true,"href":"https:\/\/sieuthivan.vn\/en\/wp-json\/wp\/v2\/thuong-hieu?post=1889"},{"taxonomy":"product_brand","embeddable":true,"href":"https:\/\/sieuthivan.vn\/en\/wp-json\/wp\/v2\/product_brand?post=1889"},{"taxonomy":"product_cat","embeddable":true,"href":"https:\/\/sieuthivan.vn\/en\/wp-json\/wp\/v2\/product_cat?post=1889"},{"taxonomy":"product_tag","embeddable":true,"href":"https:\/\/sieuthivan.vn\/en\/wp-json\/wp\/v2\/product_tag?post=1889"}],"curies":[{"name":"wp","href":"https:\/\/api.w.org\/{rel}","templated":true}]}}