{"id":1872,"date":"2025-03-22T11:31:43","date_gmt":"2025-03-22T04:31:43","guid":{"rendered":"https:\/\/sieuthivan.vn\/?post_type=product&#038;p=1872"},"modified":"2025-06-05T14:28:39","modified_gmt":"2025-06-05T07:28:39","slug":"rosemount-may-do-ap-suat-tuyet-doi-va-2088-gage","status":"publish","type":"product","link":"https:\/\/sieuthivan.vn\/en\/product\/rosemount-may-do-ap-suat-tuyet-doi-va-2088-gage\/","title":{"rendered":"Rosemount \u2013 M\u00e1y \u0111o \u00e1p su\u1ea5t tuy\u1ec7t \u0111\u1ed1i v\u00e0 2088 Gage"},"content":{"rendered":"<p>T\u1ea7m b\u1eafn xa<br \/>\nL\u00ean \u0111\u1ebfn 50:1<br \/>\nGiao th\u1ee9c truy\u1ec1n th\u00f4ng<br \/>\n4-20 mA HART\u00ae, 1-5 V C\u00f4ng su\u1ea5t th\u1ea5p HART\u00ae<br \/>\nPh\u1ea1m vi \u0111o l\u01b0\u1eddng<br \/>\nL\u00ean \u0111\u1ebfn 4.000 psig (275,8 bar) Gage, L\u00ean \u0111\u1ebfn 4.000 psia (275,8 bar) Tuy\u1ec7t \u0111\u1ed1i<br \/>\nQu\u00e1 tr\u00ecnh v\u1eadt li\u1ec7u \u01b0\u1edbt<br \/>\n316L SST, H\u1ee3p kim C-276<br \/>\nCh\u1ea9n \u0111o\u00e1n<br \/>\nCh\u1ea9n \u0111o\u00e1n c\u01a1 b\u1ea3n<br \/>\nCh\u1ee9ng nh\u1eadn\/Ph\u00ea duy\u1ec7t<br \/>\nNSF, NACE\u00ae<\/p>\n<p><script src=\"chrome-extension:\/\/fpelahbljekknahkcaegamhcndkfpfnc\/iFrame.js\" type=\"text\/javascript\"><\/script><\/p>\n<p><script src=\"chrome-extension:\/\/fpelahbljekknahkcaegamhcndkfpfnc\/iFrame.js\" type=\"text\/javascript\"><\/script><\/p>\n<p><script src=\"chrome-extension:\/\/fpelahbljekknahkcaegamhcndkfpfnc\/iFrame.js\" type=\"text\/javascript\"><\/script><\/p>","protected":false},"excerpt":{"rendered":"<p>T\u1ea7m b\u1eafn xa<br \/>\nL\u00ean \u0111\u1ebfn 50:1<br \/>\nGiao th\u1ee9c truy\u1ec1n th\u00f4ng<br \/>\n4-20 mA HART\u00ae, 1-5 V C\u00f4ng su\u1ea5t th\u1ea5p HART\u00ae<br \/>\nPh\u1ea1m vi \u0111o l\u01b0\u1eddng<br \/>\nL\u00ean \u0111\u1ebfn 4.000 psig (275,8 bar) Gage, L\u00ean \u0111\u1ebfn 4.000 psia (275,8 bar) Tuy\u1ec7t \u0111\u1ed1i<br \/>\nQu\u00e1 tr\u00ecnh v\u1eadt li\u1ec7u \u01b0\u1edbt<br \/>\n316L SST, H\u1ee3p kim C-276<br \/>\nCh\u1ea9n \u0111o\u00e1n<br \/>\nCh\u1ea9n \u0111o\u00e1n c\u01a1 b\u1ea3n<br \/>\nCh\u1ee9ng nh\u1eadn\/Ph\u00ea duy\u1ec7t<br \/>\nNSF, NACE\u00ae<\/p>\n<p><script src=\"chrome-extension:\/\/fpelahbljekknahkcaegamhcndkfpfnc\/iFrame.js\" type=\"text\/javascript\"><\/script><\/p>\n<p><script src=\"chrome-extension:\/\/fpelahbljekknahkcaegamhcndkfpfnc\/iFrame.js\" type=\"text\/javascript\"><\/script><\/p>\n<p><script src=\"chrome-extension:\/\/fpelahbljekknahkcaegamhcndkfpfnc\/iFrame.js\" type=\"text\/javascript\"><\/script><\/p>\n<p><script src=\"chrome-extension:\/\/fpelahbljekknahkcaegamhcndkfpfnc\/iFrame.js\" type=\"text\/javascript\"><\/script><\/p>","protected":false},"featured_media":1873,"comment_status":"open","ping_status":"closed","template":"","meta":{"_acf_changed":false,"inline_featured_image":false},"thuong-hieu":[399],"product_brand":[],"product_cat":[52,411],"product_tag":[406],"class_list":{"0":"post-1872","1":"product","2":"type-product","3":"status-publish","4":"has-post-thumbnail","6":"thuong-hieu-dso","7":"product_cat-do-ap-suat-va-nhiet-do","8":"product_cat-cam-bien-do-ap-suat","9":"product_tag-rosemount-may-do-ap-suat-tuyet-doi-va-2088-gage","11":"first","12":"instock","13":"shipping-taxable","14":"product-type-simple"},"acf":[],"_links":{"self":[{"href":"https:\/\/sieuthivan.vn\/en\/wp-json\/wp\/v2\/product\/1872","targetHints":{"allow":["GET"]}}],"collection":[{"href":"https:\/\/sieuthivan.vn\/en\/wp-json\/wp\/v2\/product"}],"about":[{"href":"https:\/\/sieuthivan.vn\/en\/wp-json\/wp\/v2\/types\/product"}],"replies":[{"embeddable":true,"href":"https:\/\/sieuthivan.vn\/en\/wp-json\/wp\/v2\/comments?post=1872"}],"wp:featuredmedia":[{"embeddable":true,"href":"https:\/\/sieuthivan.vn\/en\/wp-json\/wp\/v2\/media\/1873"}],"wp:attachment":[{"href":"https:\/\/sieuthivan.vn\/en\/wp-json\/wp\/v2\/media?parent=1872"}],"wp:term":[{"taxonomy":"thuong-hieu","embeddable":true,"href":"https:\/\/sieuthivan.vn\/en\/wp-json\/wp\/v2\/thuong-hieu?post=1872"},{"taxonomy":"product_brand","embeddable":true,"href":"https:\/\/sieuthivan.vn\/en\/wp-json\/wp\/v2\/product_brand?post=1872"},{"taxonomy":"product_cat","embeddable":true,"href":"https:\/\/sieuthivan.vn\/en\/wp-json\/wp\/v2\/product_cat?post=1872"},{"taxonomy":"product_tag","embeddable":true,"href":"https:\/\/sieuthivan.vn\/en\/wp-json\/wp\/v2\/product_tag?post=1872"}],"curies":[{"name":"wp","href":"https:\/\/api.w.org\/{rel}","templated":true}]}}