{"id":1859,"date":"2025-03-22T10:38:13","date_gmt":"2025-03-22T03:38:13","guid":{"rendered":"https:\/\/sieuthivan.vn\/?post_type=product&#038;p=1859"},"modified":"2025-06-05T11:21:05","modified_gmt":"2025-06-05T04:21:05","slug":"do-radar-eh-thoi-gian-bay-micropilot-fmr52-fmr52-baaebabpcskaipb","status":"publish","type":"product","link":"https:\/\/sieuthivan.vn\/en\/product\/do-radar-eh-thoi-gian-bay-micropilot-fmr52-fmr52-baaebabpcskaipb\/","title":{"rendered":"\u0110o radar E+H Th\u1eddi gian bay Micropilot FMR52 FMR52-BAAEBABPCSK+AIPB"},"content":{"rendered":"<div>\n<article class=\"text-token-text-primary w-full\" dir=\"auto\" data-testid=\"conversation-turn-6\" data-scroll-anchor=\"true\">\n<div class=\"text-base my-auto mx-auto py-5 [--thread-content-margin:--spacing(4)] @[37rem]:[--thread-content-margin:--spacing(6)] @[72rem]:[--thread-content-margin:--spacing(16)] px-(--thread-content-margin)\">\n<div class=\"[--thread-content-max-width:32rem] @[34rem]:[--thread-content-max-width:40rem] @[64rem]:[--thread-content-max-width:48rem] mx-auto flex max-w-(--thread-content-max-width) flex-1 text-base gap-4 md:gap-5 lg:gap-6 group\/turn-messages focus-visible:outline-hidden\" tabindex=\"-1\">\n<div class=\"group\/conversation-turn relative flex w-full min-w-0 flex-col agent-turn\">\n<div class=\"relative flex-col gap-1 md:gap-3\">\n<div class=\"flex max-w-full flex-col grow\">\n<div class=\"min-h-8 text-message relative flex w-full flex-col items-end gap-2 text-start break-words whitespace-normal [.text-message+&amp;]:mt-5\" dir=\"auto\" data-message-author-role=\"assistant\" data-message-id=\"726ff8ce-5f77-4ea9-95ba-da0906b624b6\" data-message-model-slug=\"gpt-4o\">\n<div class=\"flex w-full flex-col gap-1 empty:hidden first:pt-[3px]\">\n<div class=\"markdown prose dark:prose-invert w-full break-words light\">\n<p data-start=\"0\" data-end=\"1388\" data-is-last-node=\"\" data-is-only-node=\"\"><strong data-start=\"0\" data-end=\"70\" data-is-only-node=\"\">M\u00f4 t\u1ea3 ng\u1eafn g\u1ecdn xu\u1ed1ng h\u00e0ng v\u1ec1 thi\u1ebft b\u1ecb \u0111o m\u1ee9c radar \u2013 Model FMR5xx:<\/strong><br data-start=\"70\" data-end=\"73\" \/><strong>Nguy\u00ean l\u00fd \u0111o:<\/strong> Radar \u0111o m\u1ee9c li\u00ean t\u1ee5c, kh\u00f4ng ti\u1ebfp x\u00fac<br data-start=\"126\" data-end=\"129\" \/><strong>\u1ee8ng d\u1ee5ng:<\/strong><br data-start=\"140\" data-end=\"143\" \/>\u2003\u2022 \u0110o m\u1ee9c ch\u1ea5t l\u1ecfng trong m\u00f4i tr\u01b0\u1eddng \u0103n m\u00f2n m\u1ea1nh<br data-start=\"191\" data-end=\"194\" \/>\u2003\u2022 Ph\u00f9 h\u1ee3p ti\u00eau chu\u1ea9n v\u1ec7 sinh cao (ASME BPE, USP Class VI)<br data-start=\"252\" data-end=\"255\" \/><strong>\u0110\u1eb7c \u0111i\u1ec3m n\u1ed5i b\u1eadt:<\/strong><br data-start=\"274\" data-end=\"277\" \/>\u2003\u2022 Anten s\u1eebng ph\u1eb3ng, ph\u1ee7 \u0111\u1ea7y PTFE<br data-start=\"310\" data-end=\"313\" \/>\u2003\u2022 C\u00f4ng ngh\u1ec7 Heartbeat, theo d\u00f5i \u0111a xung (Multi-Echo Tracking)<br data-start=\"375\" data-end=\"378\" \/>\u2003\u2022 Chu\u1ea9n an to\u00e0n SIL2 (IEC 61508)<br data-start=\"411\" data-end=\"414\" \/>\u2003\u2022 C\u1ea5u h\u00ecnh b\u1eb1ng Bluetooth\u00ae qua \u1ee9ng d\u1ee5ng SmartBlue<br data-start=\"464\" data-end=\"467\" \/>\u2003\u2022 B\u1ed9 nh\u1edb HistoROM, g\u1eafn th\u1ebb RFID d\u1ec5 nh\u1eadn d\u1ea1ng<br data-start=\"512\" data-end=\"515\" \/><strong>Giao ti\u1ebfp:<\/strong><br data-start=\"527\" data-end=\"530\" \/>\u2003\u2022 2-wire: HART \/ PROFIBUS PA \/ FOUNDATION Fieldbus<br data-start=\"581\" data-end=\"584\" \/>\u2003\u2022 4-wire: HART<br data-start=\"599\" data-end=\"602\" \/>\u2003\u2022 Bluetooth\u00ae (t\u00f9y ch\u1ecdn)<br data-start=\"626\" data-end=\"629\" \/><strong>T\u1ea7n s\u1ed1:<\/strong> K-band (~26 GHz)<br data-start=\"655\" data-end=\"658\" \/><strong>\u0110\u1ed9 ch\u00ednh x\u00e1c:<\/strong> \u00b12 mm<br data-start=\"679\" data-end=\"682\" \/><strong>Nhi\u1ec7t \u0111\u1ed9 m\u00f4i tr\u01b0\u1eddng<\/strong>: -50 \u0111\u1ebfn +80 \u00b0C<br data-start=\"719\" data-end=\"722\" \/><strong>Nhi\u1ec7t \u0111\u1ed9 qu\u00e1 tr\u00ecnh:<\/strong> -196 \u0111\u1ebfn +200 \u00b0C<br data-start=\"760\" data-end=\"763\" \/><strong>\u00c1p su\u1ea5t qu\u00e1 tr\u00ecnh:<\/strong> T\u1eeb ch\u00e2n kh\u00f4ng \u0111\u1ebfn 25 bar<br data-start=\"808\" data-end=\"811\" \/><strong>V\u1eadt li\u1ec7u ti\u1ebfp x\u00fac:<\/strong> PTFE<br data-start=\"836\" data-end=\"839\" \/><strong>K\u1ebft n\u1ed1i quy tr\u00ecnh:<\/strong><br data-start=\"859\" data-end=\"862\" \/>\u2003\u2022 M\u1eb7t b\u00edch: DN50&#8230;DN150, ASME 2&#8243;\u20136&#8243;, JIS 10K<br data-start=\"908\" data-end=\"911\" \/>\u2003\u2022 V\u1ec7 sinh: Tri-Clamp ISO2852, DIN11851<br data-start=\"950\" data-end=\"953\" \/><strong>T\u1ea7m \u0111o t\u1ed1i \u0111a:<\/strong><br data-start=\"969\" data-end=\"972\" \/>\u2003\u2022 Chu\u1ea9n: 40 m<br data-start=\"986\" data-end=\"989\" \/>\u2003\u2022 M\u1edf r\u1ed9ng: 60 m<br data-start=\"1005\" data-end=\"1008\" \/><strong>Ch\u1ee9ng nh\u1eadn:<\/strong><br data-start=\"1021\" data-end=\"1024\" \/>\u2003\u2022 ATEX, FM, IECEx, SIL, 3A, EHEDG, GL, DNV&#8230;<br data-start=\"1070\" data-end=\"1073\" \/><strong>T\u00f9y ch\u1ecdn:<\/strong><br data-start=\"1084\" data-end=\"1087\" \/>\u2003\u2022 M\u00e0n h\u00ecnh hi\u1ec3n th\u1ecb, c\u00e0i \u0111\u1eb7t th\u00f4ng s\u1ed1 ri\u00eang, k\u1ebft n\u1ed1i Bluetooth\u00ae<br data-start=\"1151\" data-end=\"1154\" \/>\u2003\u2022 Kh\u1ea3 n\u0103ng ch\u1ecbu kh\u00ed, kh\u00f4ng ch\u1ee9a ch\u1ea5t PWIS<br data-start=\"1196\" data-end=\"1199\" \/><strong>Gi\u1edbi h\u1ea1n \u1ee9ng d\u1ee5ng:<\/strong><br data-start=\"1219\" data-end=\"1222\" \/>\u2003\u2022 Kh\u00ed amoniac: khuy\u1ebfn ngh\u1ecb d\u00f9ng FMR54 c\u00f3 \u1ed1ng d\u1eabn t\u0129nh<br data-start=\"1276\" data-end=\"1279\" \/>\u2003\u2022 B\u00e1m d\u00ednh m\u1ea1nh: k\u1ebft h\u1ee3p FMR54 v\u1edbi h\u1ec7 th\u1ed1ng th\u1ed5i kh\u00ed<br data-start=\"1332\" data-end=\"1335\" \/>\u2003\u2022 \u0110o ki\u1ec3m \u0111\u1ecbnh ch\u00ednh x\u00e1c cao: ch\u1ecdn model d\u00f2ng FMR5xx<\/p>\n<\/div>\n<\/div>\n<\/div>\n<\/div>\n<div class=\"flex min-h-[46px] justify-start\">\n<div class=\"touch:-me-2 touch:-ms-3.5 -ms-2.5 -me-1 flex items-center p-1 select-none -mt-1 w-full duration-[1.5s] focus-within:transition-none hover:transition-none pointer-events-none [mask-image:linear-gradient(to_right,black_33%,transparent_66%)] [mask-size:300%_100%] [mask-position:100%_0%] motion-safe:transition-[mask-position] group-hover\/turn-messages:pointer-events-auto group-hover\/turn-messages:[mask-position:0_0] group-focus-within\/turn-messages:pointer-events-auto group-focus-within\/turn-messages:[mask-position:0_0] has-data-[state=open]:pointer-events-auto has-data-[state=open]:[mask-position:0_0]\">\n<div class=\"flex items-center\"><\/div>\n<\/div>\n<\/div>\n<div class=\"mt-3 w-full empty:hidden\">\n<div class=\"text-center\"><\/div>\n<\/div>\n<\/div>\n<div class=\"absolute\">\n<div class=\"flex items-center justify-center\"><\/div>\n<\/div>\n<\/div>\n<\/div>\n<\/div>\n<\/article>\n<div class=\"pointer-events-none h-px w-px\" aria-hidden=\"true\" data-edge=\"true\"><\/div>\n<\/div>","protected":false},"excerpt":{"rendered":"<p><strong>\u1ee8ng d\u1ee5ng:<\/strong><br data-start=\"140\" data-end=\"143\" \/>\u2003\u2022 \u0110o m\u1ee9c ch\u1ea5t l\u1ecfng trong m\u00f4i tr\u01b0\u1eddng \u0103n m\u00f2n m\u1ea1nh<br data-start=\"191\" data-end=\"194\" \/>\u2003\u2022 Ph\u00f9 h\u1ee3p ti\u00eau chu\u1ea9n v\u1ec7 sinh cao (ASME BPE, USP Class VI)<br data-start=\"252\" data-end=\"255\" \/><strong>\u0110\u1eb7c \u0111i\u1ec3m n\u1ed5i b\u1eadt:<\/strong><br data-start=\"274\" data-end=\"277\" \/>\u2003\u2022 Anten s\u1eebng ph\u1eb3ng, ph\u1ee7 \u0111\u1ea7y PTFE<br data-start=\"310\" data-end=\"313\" \/>\u2003\u2022 C\u00f4ng ngh\u1ec7 Heartbeat, theo d\u00f5i \u0111a xung (Multi-Echo Tracking)<br data-start=\"375\" data-end=\"378\" \/>\u2003\u2022 Chu\u1ea9n an to\u00e0n SIL2 (IEC 61508)<br data-start=\"411\" data-end=\"414\" \/>\u2003\u2022 C\u1ea5u h\u00ecnh b\u1eb1ng Bluetooth\u00ae qua \u1ee9ng d\u1ee5ng SmartBlue<br data-start=\"464\" data-end=\"467\" \/>\u2003\u2022 B\u1ed9 nh\u1edb HistoROM, g\u1eafn th\u1ebb RFID d\u1ec5 nh\u1eadn d\u1ea1ng<\/p>","protected":false},"featured_media":1860,"comment_status":"open","ping_status":"closed","template":"","meta":{"_acf_changed":false,"inline_featured_image":false},"thuong-hieu":[399],"product_brand":[],"product_cat":[52,411],"product_tag":[401],"class_list":{"0":"post-1859","1":"product","2":"type-product","3":"status-publish","4":"has-post-thumbnail","6":"thuong-hieu-dso","7":"product_cat-do-ap-suat-va-nhiet-do","8":"product_cat-cam-bien-do-ap-suat","9":"product_tag-do-radar-eh-thoi-gian-bay-micropilot-fmr52-fmr52-baaebabpcskaipb","11":"first","12":"instock","13":"shipping-taxable","14":"product-type-simple"},"acf":[],"_links":{"self":[{"href":"https:\/\/sieuthivan.vn\/en\/wp-json\/wp\/v2\/product\/1859","targetHints":{"allow":["GET"]}}],"collection":[{"href":"https:\/\/sieuthivan.vn\/en\/wp-json\/wp\/v2\/product"}],"about":[{"href":"https:\/\/sieuthivan.vn\/en\/wp-json\/wp\/v2\/types\/product"}],"replies":[{"embeddable":true,"href":"https:\/\/sieuthivan.vn\/en\/wp-json\/wp\/v2\/comments?post=1859"}],"wp:featuredmedia":[{"embeddable":true,"href":"https:\/\/sieuthivan.vn\/en\/wp-json\/wp\/v2\/media\/1860"}],"wp:attachment":[{"href":"https:\/\/sieuthivan.vn\/en\/wp-json\/wp\/v2\/media?parent=1859"}],"wp:term":[{"taxonomy":"thuong-hieu","embeddable":true,"href":"https:\/\/sieuthivan.vn\/en\/wp-json\/wp\/v2\/thuong-hieu?post=1859"},{"taxonomy":"product_brand","embeddable":true,"href":"https:\/\/sieuthivan.vn\/en\/wp-json\/wp\/v2\/product_brand?post=1859"},{"taxonomy":"product_cat","embeddable":true,"href":"https:\/\/sieuthivan.vn\/en\/wp-json\/wp\/v2\/product_cat?post=1859"},{"taxonomy":"product_tag","embeddable":true,"href":"https:\/\/sieuthivan.vn\/en\/wp-json\/wp\/v2\/product_tag?post=1859"}],"curies":[{"name":"wp","href":"https:\/\/api.w.org\/{rel}","templated":true}]}}