{"id":1845,"date":"2025-03-22T09:06:00","date_gmt":"2025-03-22T02:06:00","guid":{"rendered":"https:\/\/sieuthivan.vn\/?post_type=product&#038;p=1845"},"modified":"2025-06-06T10:08:13","modified_gmt":"2025-06-06T03:08:13","slug":"do-muc-dang-dien-cuc-tuyen-tinh-capacitive","status":"publish","type":"product","link":"https:\/\/sieuthivan.vn\/en\/product\/do-muc-dang-dien-cuc-tuyen-tinh-capacitive\/","title":{"rendered":"\u0110o m\u1ee9c d\u1ea1ng \u0111i\u1ec7n c\u1ef1c tuy\u1ec3n t\u00ednh (Capacitive)"},"content":{"rendered":"<div>Model: KP01-F<\/div>\n<div>Th\u00e2n: Stainless steel\/\u00a0 C\u1ecdc d\u00f2: Stainless steel<\/div>\n<div>K\u1ebft n\u1ed1i: B\u00edch PN40 (DN32-DN50)<\/div>\n<div>\u00c1p l\u00e0m vi\u1ec7c max.: 32bar<\/div>\n<div>Nhi\u1ec7t \u0111\u1ed9 l\u00e0m vi\u1ec7c max.: 238oC<\/div>\n<div>Ngu\u1ed3n c\u1ea5p ch\u00ednh: 220V (110V, 24V option)<\/div>\n<div>Output: 4-20mA or 0-10V<\/div>\n<div>Output: 2 relays<\/div>\n<div>Hi\u1ec3n th\u1ecb % ho\u1eb7c mA tr\u00ean m\u00e0n hinh LED<\/div>\n<div>4 \u0111\u00e8n LED \u0111\u1ec3 xem &#8220;on&#8221;, &#8220;off&#8221; v\u1ecb tr\u00ed relays<\/div>\n<div>C\u1ea5p b\u1ea3o v\u1ec7: IP65<\/div>\n<div>Nh\u00e0 SX\/ Xu\u1ea5t x\u1ee9: Ayvaz, Turkey<\/div>\n<div><\/div>\n<p><script src=\"chrome-extension:\/\/fpelahbljekknahkcaegamhcndkfpfnc\/iFrame.js\" type=\"text\/javascript\"><\/script><\/p>","protected":false},"excerpt":{"rendered":"<div>Model: KP01-F<\/div>\n<div>Th\u00e2n: Stainless steel\/\u00a0 C\u1ecdc d\u00f2: Stainless steel<\/div>\n<div>K\u1ebft n\u1ed1i: B\u00edch PN40 (DN32-DN50)<\/div>\n<div>\u00c1p l\u00e0m vi\u1ec7c max.: 32bar<\/div>\n<div>Nhi\u1ec7t \u0111\u1ed9 l\u00e0m vi\u1ec7c max.: 238oC<\/div>\n<div>Ngu\u1ed3n c\u1ea5p ch\u00ednh: 220V (110V, 24V option)<\/div>\n<div>Output: 4-20mA or 0-10V<\/div>\n<div>Output: 2 relays<\/div>\n<div>Hi\u1ec3n th\u1ecb % ho\u1eb7c mA tr\u00ean m\u00e0n hinh LED<\/div>\n<div>4 \u0111\u00e8n LED \u0111\u1ec3 xem &#8220;on&#8221;, &#8220;off&#8221; v\u1ecb tr\u00ed relays<\/div>\n<div>C\u1ea5p b\u1ea3o v\u1ec7: IP65<\/div>\n<div>Nh\u00e0 SX\/ Xu\u1ea5t x\u1ee9: Ayvaz, Turkey<\/div>\n<div><\/div>","protected":false},"featured_media":1347,"comment_status":"open","ping_status":"closed","template":"","meta":{"_acf_changed":false,"inline_featured_image":false},"thuong-hieu":[81],"product_brand":[],"product_cat":[47,48],"product_tag":[392],"class_list":{"0":"post-1845","1":"product","2":"type-product","3":"status-publish","4":"has-post-thumbnail","6":"thuong-hieu-ayvaz","7":"product_cat-do-muc","8":"product_cat-do-muc-dien-cuc","9":"product_tag-do-muc-dang-dien-cuc-tuyen-tinh-capacitive","11":"first","12":"instock","13":"shipping-taxable","14":"product-type-simple"},"acf":[],"_links":{"self":[{"href":"https:\/\/sieuthivan.vn\/en\/wp-json\/wp\/v2\/product\/1845","targetHints":{"allow":["GET"]}}],"collection":[{"href":"https:\/\/sieuthivan.vn\/en\/wp-json\/wp\/v2\/product"}],"about":[{"href":"https:\/\/sieuthivan.vn\/en\/wp-json\/wp\/v2\/types\/product"}],"replies":[{"embeddable":true,"href":"https:\/\/sieuthivan.vn\/en\/wp-json\/wp\/v2\/comments?post=1845"}],"wp:featuredmedia":[{"embeddable":true,"href":"https:\/\/sieuthivan.vn\/en\/wp-json\/wp\/v2\/media\/1347"}],"wp:attachment":[{"href":"https:\/\/sieuthivan.vn\/en\/wp-json\/wp\/v2\/media?parent=1845"}],"wp:term":[{"taxonomy":"thuong-hieu","embeddable":true,"href":"https:\/\/sieuthivan.vn\/en\/wp-json\/wp\/v2\/thuong-hieu?post=1845"},{"taxonomy":"product_brand","embeddable":true,"href":"https:\/\/sieuthivan.vn\/en\/wp-json\/wp\/v2\/product_brand?post=1845"},{"taxonomy":"product_cat","embeddable":true,"href":"https:\/\/sieuthivan.vn\/en\/wp-json\/wp\/v2\/product_cat?post=1845"},{"taxonomy":"product_tag","embeddable":true,"href":"https:\/\/sieuthivan.vn\/en\/wp-json\/wp\/v2\/product_tag?post=1845"}],"curies":[{"name":"wp","href":"https:\/\/api.w.org\/{rel}","templated":true}]}}