{"id":1834,"date":"2025-03-21T16:47:43","date_gmt":"2025-03-21T09:47:43","guid":{"rendered":"https:\/\/sieuthivan.vn\/?post_type=product&#038;p=1834"},"modified":"2025-03-21T16:47:45","modified_gmt":"2025-03-21T09:47:45","slug":"coc-do-tuyen-tinh-dung-cho-mg-33","status":"publish","type":"product","link":"https:\/\/sieuthivan.vn\/en\/product\/coc-do-tuyen-tinh-dung-cho-mg-33\/","title":{"rendered":"C\u1ecdc D\u00f2 Tuy\u1ebfn T\u00ednh (D\u00f9ng cho MG-33)"},"content":{"rendered":"<p>T\u00edn hi\u1ec7u ng\u00f5 ra: 4-20mA<br \/>\n\u0110\u1ea7u xanh ch\u1ed1ng ch\u00e1y n\u1ed5<\/p>\n<p>&nbsp;<\/p>\n<p><script src=\"chrome-extension:\/\/fpelahbljekknahkcaegamhcndkfpfnc\/iFrame.js\" type=\"text\/javascript\"><\/script><\/p>","protected":false},"excerpt":{"rendered":"<p>T\u00edn hi\u1ec7u ng\u00f5 ra: 4-20mA<br \/>\n\u0110\u1ea7u xanh ch\u1ed1ng ch\u00e1y n\u1ed5<\/p>\n<p>&nbsp;<\/p>\n<p><script src=\"chrome-extension:\/\/fpelahbljekknahkcaegamhcndkfpfnc\/iFrame.js\" type=\"text\/javascript\"><\/script><\/p>","protected":false},"featured_media":0,"comment_status":"open","ping_status":"closed","template":"","meta":{"_acf_changed":false,"inline_featured_image":false},"thuong-hieu":[81],"product_brand":[],"product_cat":[41],"product_tag":[386],"class_list":{"0":"post-1834","1":"product","2":"type-product","3":"status-publish","5":"thuong-hieu-ayvaz","6":"product_cat-thiet-bi-dac-biet","7":"product_tag-coc-do-tuyen-tinh-dung-cho-mg-33","9":"first","10":"instock","11":"shipping-taxable","12":"product-type-simple"},"acf":[],"_links":{"self":[{"href":"https:\/\/sieuthivan.vn\/en\/wp-json\/wp\/v2\/product\/1834","targetHints":{"allow":["GET"]}}],"collection":[{"href":"https:\/\/sieuthivan.vn\/en\/wp-json\/wp\/v2\/product"}],"about":[{"href":"https:\/\/sieuthivan.vn\/en\/wp-json\/wp\/v2\/types\/product"}],"replies":[{"embeddable":true,"href":"https:\/\/sieuthivan.vn\/en\/wp-json\/wp\/v2\/comments?post=1834"}],"wp:attachment":[{"href":"https:\/\/sieuthivan.vn\/en\/wp-json\/wp\/v2\/media?parent=1834"}],"wp:term":[{"taxonomy":"thuong-hieu","embeddable":true,"href":"https:\/\/sieuthivan.vn\/en\/wp-json\/wp\/v2\/thuong-hieu?post=1834"},{"taxonomy":"product_brand","embeddable":true,"href":"https:\/\/sieuthivan.vn\/en\/wp-json\/wp\/v2\/product_brand?post=1834"},{"taxonomy":"product_cat","embeddable":true,"href":"https:\/\/sieuthivan.vn\/en\/wp-json\/wp\/v2\/product_cat?post=1834"},{"taxonomy":"product_tag","embeddable":true,"href":"https:\/\/sieuthivan.vn\/en\/wp-json\/wp\/v2\/product_tag?post=1834"}],"curies":[{"name":"wp","href":"https:\/\/api.w.org\/{rel}","templated":true}]}}