{"id":1643,"date":"2025-03-17T15:26:28","date_gmt":"2025-03-17T08:26:28","guid":{"rendered":"https:\/\/sieuthivan.vn\/?post_type=product&#038;p=1643"},"modified":"2025-06-20T10:55:40","modified_gmt":"2025-06-20T03:55:40","slug":"van-buom-co-cong-tac-giam-sat-abv-g300","status":"publish","type":"product","link":"https:\/\/sieuthivan.vn\/en\/product\/van-buom-co-cong-tac-giam-sat-abv-g300\/","title":{"rendered":"Van B\u01b0\u1edbm C\u00f3 C\u00f4ng T\u1eafc Gi\u00e1m S\u00e1t ABV-G300"},"content":{"rendered":"<p>Model: ABV-G300<br \/>\nUL \u0111\u01b0\u1ee3c li\u1ec7t k\u00ea &amp; FM \u0111\u01b0\u1ee3c ph\u00ea duy\u1ec7t<br \/>\nTh\u00e2n: Gang d\u1ebbo<br \/>\n\u0110\u0129a: gang d\u1ebbo<br \/>\nH\u1ed9p t\u00edn hi\u1ec7u: Gang d\u1ebbo<br \/>\nL\u1edbp \u0111\u1ec7m: Th\u00e9p kh\u00f4ng g\u1ec9 + Teflon<br \/>\nTh\u00e2n: Th\u00e9p kh\u00f4ng g\u1ec9<br \/>\nO-Ring: NBR<br \/>\nH\u1ed9p s\u1ed1 b\u00e1nh r\u0103ng: Gang d\u1ebbo<br \/>\nK\u1ebft n\u1ed1i: Grooved ISO 6182<br \/>\n\u00c1p su\u1ea5t: 300psi ( 20.7Bar)<br \/>\nNhi\u1ec7t \u0111\u1ed9: 0-80oC<br \/>\nK\u1ebft n\u1ed1i: Grooved End<br \/>\nNh\u00e0 SX\/ Xu\u1ea5t X\u1ee9: Ayvaz\/Turkey<\/p>\n<p><script src=\"chrome-extension:\/\/fpelahbljekknahkcaegamhcndkfpfnc\/iFrame.js\" type=\"text\/javascript\"><\/script><\/p>\n<p><script src=\"chrome-extension:\/\/fpelahbljekknahkcaegamhcndkfpfnc\/iFrame.js\" type=\"text\/javascript\"><\/script><\/p>","protected":false},"excerpt":{"rendered":"<p>Model: ABV-G300<br \/>\nUL \u0111\u01b0\u1ee3c li\u1ec7t k\u00ea &amp; FM \u0111\u01b0\u1ee3c ph\u00ea duy\u1ec7t<br \/>\nTh\u00e2n: Gang d\u1ebbo<br \/>\n\u0110\u0129a: gang d\u1ebbo<br \/>\nH\u1ed9p t\u00edn hi\u1ec7u: Gang d\u1ebbo<br \/>\nL\u1edbp \u0111\u1ec7m: Th\u00e9p kh\u00f4ng g\u1ec9 + Teflon<br \/>\nTh\u00e2n: Th\u00e9p kh\u00f4ng g\u1ec9<br \/>\nO-Ring: NBR<br \/>\nH\u1ed9p s\u1ed1 b\u00e1nh r\u0103ng: Gang d\u1ebbo<br \/>\nK\u1ebft n\u1ed1i: Grooved ISO 6182<br \/>\n\u00c1p su\u1ea5t: 300psi ( 20.7Bar)<br \/>\nNhi\u1ec7t \u0111\u1ed9: 0-80oC<br \/>\nK\u1ebft n\u1ed1i: Grooved End<br \/>\nNh\u00e0 SX\/ Xu\u1ea5t X\u1ee9: Ayvaz\/Turkey<\/p>","protected":false},"featured_media":1645,"comment_status":"open","ping_status":"closed","template":"","meta":{"_acf_changed":false,"inline_featured_image":false},"thuong-hieu":[81],"product_brand":[],"product_cat":[35],"product_tag":[368],"class_list":{"0":"post-1643","1":"product","2":"type-product","3":"status-publish","4":"has-post-thumbnail","6":"thuong-hieu-ayvaz","7":"product_cat-van-pccc","8":"product_tag-van-buom-co-cong-tac-giam-sat-abv-g300","10":"first","11":"instock","12":"shipping-taxable","13":"product-type-simple"},"acf":[],"_links":{"self":[{"href":"https:\/\/sieuthivan.vn\/en\/wp-json\/wp\/v2\/product\/1643","targetHints":{"allow":["GET"]}}],"collection":[{"href":"https:\/\/sieuthivan.vn\/en\/wp-json\/wp\/v2\/product"}],"about":[{"href":"https:\/\/sieuthivan.vn\/en\/wp-json\/wp\/v2\/types\/product"}],"replies":[{"embeddable":true,"href":"https:\/\/sieuthivan.vn\/en\/wp-json\/wp\/v2\/comments?post=1643"}],"wp:featuredmedia":[{"embeddable":true,"href":"https:\/\/sieuthivan.vn\/en\/wp-json\/wp\/v2\/media\/1645"}],"wp:attachment":[{"href":"https:\/\/sieuthivan.vn\/en\/wp-json\/wp\/v2\/media?parent=1643"}],"wp:term":[{"taxonomy":"thuong-hieu","embeddable":true,"href":"https:\/\/sieuthivan.vn\/en\/wp-json\/wp\/v2\/thuong-hieu?post=1643"},{"taxonomy":"product_brand","embeddable":true,"href":"https:\/\/sieuthivan.vn\/en\/wp-json\/wp\/v2\/product_brand?post=1643"},{"taxonomy":"product_cat","embeddable":true,"href":"https:\/\/sieuthivan.vn\/en\/wp-json\/wp\/v2\/product_cat?post=1643"},{"taxonomy":"product_tag","embeddable":true,"href":"https:\/\/sieuthivan.vn\/en\/wp-json\/wp\/v2\/product_tag?post=1643"}],"curies":[{"name":"wp","href":"https:\/\/api.w.org\/{rel}","templated":true}]}}