{"id":1641,"date":"2025-03-17T15:24:21","date_gmt":"2025-03-17T08:24:21","guid":{"rendered":"https:\/\/sieuthivan.vn\/?post_type=product&#038;p=1641"},"modified":"2025-06-20T09:53:49","modified_gmt":"2025-06-20T02:53:49","slug":"dong-ho-do-luu-luong-pccc","status":"publish","type":"product","link":"https:\/\/sieuthivan.vn\/en\/product\/dong-ho-do-luu-luong-pccc\/","title":{"rendered":"\u0110\u1ed3ng H\u1ed3 \u0110o L\u01b0u L\u01b0\u1ee3ng PCCC"},"content":{"rendered":"<p>\u0110\u1ed3ng h\u1ed3 \u0111o l\u01b0u l\u01b0\u1ee3ng d\u00f9ng \u0111\u1ec3 ki\u1ec3m tra l\u01b0u l\u01b0\u1ee3ng b\u01a1m PCCC. \u01afu \u0111i\u1ec3m c\u1ee7a s\u1ea3n ph\u1ea9m n\u00e0y l\u00e0 ng\u01b0\u1eddi s\u1eed d\u1ee5ng c\u00f3 th\u1ec3 ki\u1ec3m tra \u0111\u01b0\u1ee3c gi\u00e1 tr\u1ecb b\u01a1m \u0111\u00e3 \u0111\u01b0\u1ee3c ghi tr\u00ean nh\u00e3n s\u1ea3n ph\u1ea9m.<br \/>\nLo\u1ea1i k\u1ebft n\u1ed1i: N\u1ed1i h\u00e0n ho\u1eb7c n\u1ed1i r\u00e3nh (Grooved)<br \/>\n\u00c1p su\u1ea5t ho\u1ea1t \u0111\u1ed9ng: 500psi<br \/>\nK\u00edch c\u1ee1: 2 \u00bd\u201d \u2013 12\u201d<br \/>\n<strong>\u1ee8ng d\u1ee5ng<\/strong>: Cho t\u1ea5t c\u1ea3 b\u01a1m PCCC.<br \/>\n<strong>Ch\u1ee9ng nh\u1eadn<\/strong>: FM Approved<\/p>\n<p><script src=\"chrome-extension:\/\/fpelahbljekknahkcaegamhcndkfpfnc\/iFrame.js\" type=\"text\/javascript\"><\/script><\/p>\n<p><script src=\"chrome-extension:\/\/fpelahbljekknahkcaegamhcndkfpfnc\/iFrame.js\" type=\"text\/javascript\"><\/script><\/p>","protected":false},"excerpt":{"rendered":"<p>Lo\u1ea1i k\u1ebft n\u1ed1i: N\u1ed1i h\u00e0n ho\u1eb7c n\u1ed1i r\u00e3nh (Grooved)<br \/>\n\u00c1p su\u1ea5t ho\u1ea1t \u0111\u1ed9ng: 500psi<br \/>\nK\u00edch c\u1ee1: 2 \u00bd\u201d \u2013 12\u201d<br \/>\n<strong>\u1ee8ng d\u1ee5ng<\/strong>: Cho t\u1ea5t c\u1ea3 b\u01a1m PCCC.<br \/>\n<strong>Ch\u1ee9ng nh\u1eadn<\/strong>: FM Approved<\/p>\n<p><script src=\"chrome-extension:\/\/fpelahbljekknahkcaegamhcndkfpfnc\/iFrame.js\" type=\"text\/javascript\"><\/script><\/p>","protected":false},"featured_media":1642,"comment_status":"open","ping_status":"closed","template":"","meta":{"_acf_changed":false,"inline_featured_image":false},"thuong-hieu":[],"product_brand":[],"product_cat":[35],"product_tag":[367],"class_list":{"0":"post-1641","1":"product","2":"type-product","3":"status-publish","4":"has-post-thumbnail","6":"product_cat-van-pccc","7":"product_tag-dong-ho-do-luu-luong-pccc","9":"first","10":"instock","11":"shipping-taxable","12":"product-type-simple"},"acf":[],"_links":{"self":[{"href":"https:\/\/sieuthivan.vn\/en\/wp-json\/wp\/v2\/product\/1641","targetHints":{"allow":["GET"]}}],"collection":[{"href":"https:\/\/sieuthivan.vn\/en\/wp-json\/wp\/v2\/product"}],"about":[{"href":"https:\/\/sieuthivan.vn\/en\/wp-json\/wp\/v2\/types\/product"}],"replies":[{"embeddable":true,"href":"https:\/\/sieuthivan.vn\/en\/wp-json\/wp\/v2\/comments?post=1641"}],"wp:featuredmedia":[{"embeddable":true,"href":"https:\/\/sieuthivan.vn\/en\/wp-json\/wp\/v2\/media\/1642"}],"wp:attachment":[{"href":"https:\/\/sieuthivan.vn\/en\/wp-json\/wp\/v2\/media?parent=1641"}],"wp:term":[{"taxonomy":"thuong-hieu","embeddable":true,"href":"https:\/\/sieuthivan.vn\/en\/wp-json\/wp\/v2\/thuong-hieu?post=1641"},{"taxonomy":"product_brand","embeddable":true,"href":"https:\/\/sieuthivan.vn\/en\/wp-json\/wp\/v2\/product_brand?post=1641"},{"taxonomy":"product_cat","embeddable":true,"href":"https:\/\/sieuthivan.vn\/en\/wp-json\/wp\/v2\/product_cat?post=1641"},{"taxonomy":"product_tag","embeddable":true,"href":"https:\/\/sieuthivan.vn\/en\/wp-json\/wp\/v2\/product_tag?post=1641"}],"curies":[{"name":"wp","href":"https:\/\/api.w.org\/{rel}","templated":true}]}}