{"id":1639,"date":"2025-03-17T15:22:42","date_gmt":"2025-03-17T08:22:42","guid":{"rendered":"https:\/\/sieuthivan.vn\/?post_type=product&#038;p=1639"},"modified":"2025-06-20T11:09:02","modified_gmt":"2025-06-20T04:09:02","slug":"van-cong-osy-300gg","status":"publish","type":"product","link":"https:\/\/sieuthivan.vn\/en\/product\/van-cong-osy-300gg\/","title":{"rendered":"Van C\u1ed5ng OS&#038;Y-300GG"},"content":{"rendered":"<p>Model: OS&amp;Y-300GG<br \/>\nUL Listed &amp; FM Approved<br \/>\nTh\u00e2n: Gang d\u1ebbo<br \/>\n\u0110\u0129a: gang d\u1ebbo<br \/>\nTh\u00e2n: Th\u00e9p kh\u00f4ng g\u1ec9<br \/>\nL\u1edbp \u0111\u1ec7m n\u1eafp: EPDM<br \/>\nTay quay: Gang d\u1ebbo<br \/>\nK\u1ebft n\u1ed1i: Resilient_Wedge_OS_Y_Gate_Valve<br \/>\n\u00c1p su\u1ea5t: 300psi ( 20.7Bar)<br \/>\nNhi\u1ec7t \u0111\u1ed9: 0-80oC<br \/>\nK\u1ebft n\u1ed1i: Grooved End<br \/>\nNh\u00e0 SX\/ Xu\u1ea5t X\u1ee9: Ayvaz\/Turkey<\/p>\n<p><script src=\"chrome-extension:\/\/fpelahbljekknahkcaegamhcndkfpfnc\/iFrame.js\" type=\"text\/javascript\"><\/script><\/p>\n<p><script src=\"chrome-extension:\/\/fpelahbljekknahkcaegamhcndkfpfnc\/iFrame.js\" type=\"text\/javascript\"><\/script><\/p>\n<p><script src=\"chrome-extension:\/\/fpelahbljekknahkcaegamhcndkfpfnc\/iFrame.js\" type=\"text\/javascript\"><\/script><\/p>\n<p><script src=\"chrome-extension:\/\/fpelahbljekknahkcaegamhcndkfpfnc\/iFrame.js\" type=\"text\/javascript\"><\/script><\/p>\n<p><script src=\"chrome-extension:\/\/fpelahbljekknahkcaegamhcndkfpfnc\/iFrame.js\" type=\"text\/javascript\"><\/script><\/p>","protected":false},"excerpt":{"rendered":"<p>Model: OS&amp;Y-300GG<br \/>\nUL Listed &amp; FM Approved<br \/>\nTh\u00e2n: Gang d\u1ebbo<br \/>\n\u0110\u0129a: gang d\u1ebbo<br \/>\nTh\u00e2n: Th\u00e9p kh\u00f4ng g\u1ec9<br \/>\nL\u1edbp \u0111\u1ec7m n\u1eafp: EPDM<br \/>\nTay quay: Gang d\u1ebbo<br \/>\nK\u1ebft n\u1ed1i: Resilient_Wedge_OS_Y_Gate_Valve<br \/>\n\u00c1p su\u1ea5t: 300psi ( 20.7Bar)<br \/>\nNhi\u1ec7t \u0111\u1ed9: 0-80oC<br \/>\nK\u1ebft n\u1ed1i: Grooved End<br \/>\nNh\u00e0 SX\/ Xu\u1ea5t X\u1ee9: Ayvaz\/Turkey<\/p>\n<p><script src=\"chrome-extension:\/\/fpelahbljekknahkcaegamhcndkfpfnc\/iFrame.js\" type=\"text\/javascript\"><\/script><\/p>","protected":false},"featured_media":1640,"comment_status":"open","ping_status":"closed","template":"","meta":{"_acf_changed":false,"inline_featured_image":false},"thuong-hieu":[81],"product_brand":[],"product_cat":[35],"product_tag":[366],"class_list":{"0":"post-1639","1":"product","2":"type-product","3":"status-publish","4":"has-post-thumbnail","6":"thuong-hieu-ayvaz","7":"product_cat-van-pccc","8":"product_tag-osy-300gg","10":"first","11":"instock","12":"shipping-taxable","13":"product-type-simple"},"acf":[],"_links":{"self":[{"href":"https:\/\/sieuthivan.vn\/en\/wp-json\/wp\/v2\/product\/1639","targetHints":{"allow":["GET"]}}],"collection":[{"href":"https:\/\/sieuthivan.vn\/en\/wp-json\/wp\/v2\/product"}],"about":[{"href":"https:\/\/sieuthivan.vn\/en\/wp-json\/wp\/v2\/types\/product"}],"replies":[{"embeddable":true,"href":"https:\/\/sieuthivan.vn\/en\/wp-json\/wp\/v2\/comments?post=1639"}],"wp:featuredmedia":[{"embeddable":true,"href":"https:\/\/sieuthivan.vn\/en\/wp-json\/wp\/v2\/media\/1640"}],"wp:attachment":[{"href":"https:\/\/sieuthivan.vn\/en\/wp-json\/wp\/v2\/media?parent=1639"}],"wp:term":[{"taxonomy":"thuong-hieu","embeddable":true,"href":"https:\/\/sieuthivan.vn\/en\/wp-json\/wp\/v2\/thuong-hieu?post=1639"},{"taxonomy":"product_brand","embeddable":true,"href":"https:\/\/sieuthivan.vn\/en\/wp-json\/wp\/v2\/product_brand?post=1639"},{"taxonomy":"product_cat","embeddable":true,"href":"https:\/\/sieuthivan.vn\/en\/wp-json\/wp\/v2\/product_cat?post=1639"},{"taxonomy":"product_tag","embeddable":true,"href":"https:\/\/sieuthivan.vn\/en\/wp-json\/wp\/v2\/product_tag?post=1639"}],"curies":[{"name":"wp","href":"https:\/\/api.w.org\/{rel}","templated":true}]}}